{"id":2565,"date":"2024-02-19T01:57:57","date_gmt":"2024-02-19T01:57:57","guid":{"rendered":"https:\/\/sso2.com\/?page_id=2565"},"modified":"2025-10-10T18:12:24","modified_gmt":"2025-10-10T18:12:24","slug":"medical-replacement-guide-for-fuel-cell-oxygen-sensors","status":"publish","type":"page","link":"https:\/\/sso2.com\/it\/medical-replacement-guide-for-fuel-cell-oxygen-sensors\/","title":{"rendered":"Guida alle sostituzioni mediche per i sensori di ossigeno a celle a combustibile"},"content":{"rendered":"<div data-elementor-type=\"wp-page\" data-elementor-id=\"2565\" class=\"elementor elementor-2565\" data-elementor-post-type=\"page\">\n\t\t\t\t\t\t<section class=\"elementor-section elementor-top-section elementor-element elementor-element-4fd8978e elementor-section-items-stretch elementor-section-height-min-height elementor-section-boxed elementor-section-height-default\" data-id=\"4fd8978e\" data-element_type=\"section\" data-e-type=\"section\" data-settings=\"{&quot;background_background&quot;:&quot;classic&quot;}\">\n\t\t\t\t\t\t<div class=\"elementor-container elementor-column-gap-no\">\n\t\t\t\t\t<div class=\"elementor-column elementor-col-50 elementor-top-column elementor-element elementor-element-53a8da97\" data-id=\"53a8da97\" data-element_type=\"column\" data-e-type=\"column\">\n\t\t\t<div class=\"elementor-widget-wrap elementor-element-populated\">\n\t\t\t\t\t\t<section class=\"elementor-section elementor-inner-section elementor-element elementor-element-1c9e7696 elementor-section-boxed elementor-section-height-default elementor-section-height-default\" data-id=\"1c9e7696\" data-element_type=\"section\" data-e-type=\"section\">\n\t\t\t\t\t\t<div class=\"elementor-container elementor-column-gap-no\">\n\t\t\t\t\t<div class=\"elementor-column elementor-col-100 elementor-inner-column elementor-element elementor-element-5bb54ea6\" data-id=\"5bb54ea6\" data-element_type=\"column\" data-e-type=\"column\">\n\t\t\t<div class=\"elementor-widget-wrap elementor-element-populated\">\n\t\t\t\t\t\t<div class=\"elementor-element elementor-element-21858fca elementor-widget__width-auto elementor-widget elementor-widget-heading\" data-id=\"21858fca\" data-element_type=\"widget\" data-e-type=\"widget\" data-widget_type=\"heading.default\">\n\t\t\t\t<div class=\"elementor-widget-container\">\n\t\t\t\t\t<div class=\"elementor-heading-title elementor-size-default\"><a href=\"https:\/\/sso2.com\/it\/\">Casa<\/a><\/div>\t\t\t\t<\/div>\n\t\t\t\t<\/div>\n\t\t\t\t<div class=\"elementor-element elementor-element-627cb3b8 elementor-widget__width-initial elementor-view-default elementor-widget elementor-widget-icon\" data-id=\"627cb3b8\" data-element_type=\"widget\" data-e-type=\"widget\" data-widget_type=\"icon.default\">\n\t\t\t\t<div class=\"elementor-widget-container\">\n\t\t\t\t\t\t\t<div class=\"elementor-icon-wrapper\">\n\t\t\t<div class=\"elementor-icon\">\n\t\t\t<svg aria-hidden=\"true\" class=\"e-font-icon-svg e-fas-slash\" viewbox=\"0 0 640 512\" xmlns=\"http:\/\/www.w3.org\/2000\/svg\"><path d=\"M594.53 508.63L6.18 53.9c-6.97-5.42-8.23-15.47-2.81-22.45L23.01 6.18C28.43-.8 38.49-2.06 45.47 3.37L633.82 458.1c6.97 5.42 8.23 15.47 2.81 22.45l-19.64 25.27c-5.42 6.98-15.48 8.23-22.46 2.81z\"><\/path><\/svg>\t\t\t<\/div>\n\t\t<\/div>\n\t\t\t\t\t\t<\/div>\n\t\t\t\t<\/div>\n\t\t\t\t<div class=\"elementor-element elementor-element-4eb281cf elementor-widget__width-auto elementor-widget elementor-widget-heading\" data-id=\"4eb281cf\" data-element_type=\"widget\" data-e-type=\"widget\" data-widget_type=\"heading.default\">\n\t\t\t\t<div class=\"elementor-widget-container\">\n\t\t\t\t\t<div class=\"elementor-heading-title elementor-size-default\"><a href=\"#\">Guida alle sostituzioni mediche per i sensori di ossigeno a celle a combustibile<\/a><\/div>\t\t\t\t<\/div>\n\t\t\t\t<\/div>\n\t\t\t\t\t<\/div>\n\t\t<\/div>\n\t\t\t\t\t<\/div>\n\t\t<\/section>\n\t\t\t\t<section class=\"elementor-section elementor-inner-section elementor-element elementor-element-59b64d22 elementor-reverse-tablet elementor-reverse-mobile elementor-section-boxed elementor-section-height-default elementor-section-height-default\" data-id=\"59b64d22\" data-element_type=\"section\" data-e-type=\"section\">\n\t\t\t\t\t\t<div class=\"elementor-container elementor-column-gap-no\">\n\t\t\t\t\t<div class=\"elementor-column elementor-col-100 elementor-inner-column elementor-element elementor-element-79fb1efc\" data-id=\"79fb1efc\" data-element_type=\"column\" data-e-type=\"column\">\n\t\t\t<div class=\"elementor-widget-wrap elementor-element-populated\">\n\t\t\t\t\t\t<div class=\"elementor-element elementor-element-512b37c4 elementor-widget elementor-widget-heading\" data-id=\"512b37c4\" data-element_type=\"widget\" data-e-type=\"widget\" data-widget_type=\"heading.default\">\n\t\t\t\t<div class=\"elementor-widget-container\">\n\t\t\t\t\t<h1 class=\"elementor-heading-title elementor-size-default\">Guida alle sostituzioni mediche per i sensori di ossigeno a celle a combustibile<\/h1>\t\t\t\t<\/div>\n\t\t\t\t<\/div>\n\t\t\t\t\t<\/div>\n\t\t<\/div>\n\t\t\t\t\t<\/div>\n\t\t<\/section>\n\t\t\t\t\t<\/div>\n\t\t<\/div>\n\t\t\t\t<div class=\"elementor-column elementor-col-50 elementor-top-column elementor-element elementor-element-3614d95e\" data-id=\"3614d95e\" data-element_type=\"column\" data-e-type=\"column\">\n\t\t\t<div class=\"elementor-widget-wrap elementor-element-populated\">\n\t\t\t\t\t\t<div class=\"elementor-element elementor-element-5afd4a23 animated-fast elementor-invisible elementor-widget elementor-widget-image\" data-id=\"5afd4a23\" data-element_type=\"widget\" data-e-type=\"widget\" data-settings=\"{&quot;_animation&quot;:&quot;fadeInLeft&quot;,&quot;_animation_mobile&quot;:&quot;none&quot;}\" data-widget_type=\"image.default\">\n\t\t\t\t<div class=\"elementor-widget-container\">\n\t\t\t\t\t\t\t\t\t\t\t\t\t\t\t<img decoding=\"async\" width=\"2560\" height=\"1707\" src=\"https:\/\/i0.wp.com\/sso2.com\/wp-content\/uploads\/2024\/02\/shutterstock_593596097-scaled.jpg?fit=2560%2C1707&amp;ssl=1\" class=\"attachment-full size-full wp-image-2577\" alt=\"\" srcset=\"https:\/\/i0.wp.com\/sso2.com\/wp-content\/uploads\/2024\/02\/shutterstock_593596097-scaled.jpg?w=2560&amp;ssl=1 2560w, https:\/\/i0.wp.com\/sso2.com\/wp-content\/uploads\/2024\/02\/shutterstock_593596097-scaled.jpg?resize=300%2C200&amp;ssl=1 300w, https:\/\/i0.wp.com\/sso2.com\/wp-content\/uploads\/2024\/02\/shutterstock_593596097-scaled.jpg?resize=1024%2C683&amp;ssl=1 1024w, https:\/\/i0.wp.com\/sso2.com\/wp-content\/uploads\/2024\/02\/shutterstock_593596097-scaled.jpg?resize=768%2C512&amp;ssl=1 768w, https:\/\/i0.wp.com\/sso2.com\/wp-content\/uploads\/2024\/02\/shutterstock_593596097-scaled.jpg?resize=1536%2C1024&amp;ssl=1 1536w, https:\/\/i0.wp.com\/sso2.com\/wp-content\/uploads\/2024\/02\/shutterstock_593596097-scaled.jpg?resize=2048%2C1365&amp;ssl=1 2048w, https:\/\/i0.wp.com\/sso2.com\/wp-content\/uploads\/2024\/02\/shutterstock_593596097-scaled.jpg?resize=600%2C400&amp;ssl=1 600w, https:\/\/i0.wp.com\/sso2.com\/wp-content\/uploads\/2024\/02\/shutterstock_593596097-scaled.jpg?w=1600&amp;ssl=1 1600w, https:\/\/i0.wp.com\/sso2.com\/wp-content\/uploads\/2024\/02\/shutterstock_593596097-scaled.jpg?w=2400&amp;ssl=1 2400w\" sizes=\"(max-width: 800px) 100vw, 800px\" \/>\t\t\t\t\t\t\t\t\t\t\t\t\t\t\t<\/div>\n\t\t\t\t<\/div>\n\t\t\t\t\t<\/div>\n\t\t<\/div>\n\t\t\t\t\t<\/div>\n\t\t<\/section>\n\t\t\t\t<section class=\"elementor-section elementor-top-section elementor-element elementor-element-7562128b elementor-section-boxed elementor-section-height-default elementor-section-height-default\" data-id=\"7562128b\" data-element_type=\"section\" data-e-type=\"section\">\n\t\t\t\t\t\t<div class=\"elementor-container elementor-column-gap-no\">\n\t\t\t\t\t<div class=\"elementor-column elementor-col-100 elementor-top-column elementor-element elementor-element-ee7747f\" data-id=\"ee7747f\" data-element_type=\"column\" data-e-type=\"column\">\n\t\t\t<div class=\"elementor-widget-wrap elementor-element-populated\">\n\t\t\t\t\t\t<section class=\"elementor-section elementor-inner-section elementor-element elementor-element-1e713ca8 elementor-section-full_width elementor-section-height-default elementor-section-height-default\" data-id=\"1e713ca8\" data-element_type=\"section\" data-e-type=\"section\">\n\t\t\t\t\t\t<div class=\"elementor-container elementor-column-gap-no\">\n\t\t\t\t\t<div class=\"elementor-column elementor-col-100 elementor-inner-column elementor-element elementor-element-3377587b animated-fast elementor-invisible\" data-id=\"3377587b\" data-element_type=\"column\" data-e-type=\"column\" data-settings=\"{&quot;animation&quot;:&quot;fadeInUp&quot;,&quot;animation_delay&quot;:700}\">\n\t\t\t<div class=\"elementor-widget-wrap elementor-element-populated\">\n\t\t\t\t\t\t<div class=\"elementor-element elementor-element-39611cf1 elementor-widget__width-inherit elementor-widget elementor-widget-heading\" data-id=\"39611cf1\" data-element_type=\"widget\" data-e-type=\"widget\" data-widget_type=\"heading.default\">\n\t\t\t\t<div class=\"elementor-widget-container\">\n\t\t\t\t\t<h2 class=\"elementor-heading-title elementor-size-default\">Equivalenti sostitutivi medicali Direct-Fit di Southland Sensing Ltd per sensori competitivi<\/h2>\t\t\t\t<\/div>\n\t\t\t\t<\/div>\n\t\t\t\t<div class=\"elementor-element elementor-element-1d04bee3 elementor-widget elementor-widget-text-editor\" data-id=\"1d04bee3\" data-element_type=\"widget\" data-e-type=\"widget\" data-widget_type=\"text-editor.default\">\n\t\t\t\t<div class=\"elementor-widget-container\">\n\t\t\t\t\t\t\t\t\t<p>Noi di Southland Sensing Ltd comprendiamo l'importanza di trovare soluzioni compatibili o alternative quando si tratta di sensori di ossigeno per uso medico. Forse non siete soddisfatti delle prestazioni del vostro attuale sensore, state cercando qualcosa con una durata maggiore o un'alternativa facilmente reperibile. Il nostro impegno a fornire alta qualit\u00e0, prestazioni eccezionali e un valore ineguagliabile garantisce che troverete la soluzione perfetta per le vostre esigenze e possiamo spedire la maggior parte dei sensori entro uno o tre giorni.<\/p>\n<p>Il nostro team di esperti seleziona e testa attentamente ogni prodotto per soddisfare i nostri rigorosi standard di qualit\u00e0 (siamo certificati IS09001 e ISO13485). Siamo consapevoli che la qualit\u00e0 \u00e8 fondamentale per i nostri clienti e ci assicuriamo che ogni prodotto elencato nella nostra pagina di riferimento incrociato soddisfi o superi il suo sensore equivalente.<\/p>\n<p>Cercate il produttore che avete attualmente, se non vedete un riferimento incrociato per il vostro sensore, inviateci una nota e potremo verificare la compatibilit\u00e0.<\/p>\t\t\t\t\t\t\t\t<\/div>\n\t\t\t\t<\/div>\n\t\t\t\t\t<\/div>\n\t\t<\/div>\n\t\t\t\t\t<\/div>\n\t\t<\/section>\n\t\t\t\t\t<\/div>\n\t\t<\/div>\n\t\t\t\t\t<\/div>\n\t\t<\/section>\n\t\t<div class=\"elementor-element elementor-element-54a400e4 e-flex e-con-boxed e-con e-parent\" data-id=\"54a400e4\" data-element_type=\"container\" data-e-type=\"container\">\n\t\t\t\t\t<div class=\"e-con-inner\">\n\t\t\t\t<div class=\"elementor-element elementor-element-72519553 elementor-widget elementor-widget-shortcode\" data-id=\"72519553\" data-element_type=\"widget\" data-e-type=\"widget\" data-widget_type=\"shortcode.default\">\n\t\t\t\t<div class=\"elementor-widget-container\">\n\t\t\t\t\t\t\t<div class=\"elementor-shortcode\"><div id=\"tablesome__container\" data-table-id=\"2562\" class=\"tablesome__container tablesome__container--2562  tablesome__container--read-only tablesome__customstyle fit-to-container scroll-mode min-column-width max-column-width serialNumberColumn stickyFirstColumn disable_filter sm-disable_filter\" data-exclude-column-ids=\"\" data-page-limit=\"100\"><div class=\"tablesome-border tablesome-border-solid tablesome-border-slate-200 tablesome-rounded-sm tablesome-p-4  tablesome-w-full tablesome-mx-auto tablesome-my-6\">\n                <div class=\"tablesome-animate-pulse tablesome-space-y-4\">\n                    <div class=\"tablesome-flex tablesome-gap-4 tablesome-justify-end\" >\n                        <div class=\"tablesome-h-7 tablesome-w-40 tablesome-bg-slate-200 tablesome-rounded tablesome-col-span-1\"><\/div>\n                        <div class=\"tablesome-h-7 tablesome-w-20 tablesome-bg-slate-200 tablesome-rounded tablesome-col-span-2\"><\/div>\n                    <\/div>\n                    <div class=\"tablesome-h-7 tablesome-bg-slate-200 tablesome-rounded tablesome-col-span-1\"><\/div>\n\n                    <div class=\"tablesome-grid tablesome-grid-cols-4 tablesome-gap-4\">\n                    <div class=\"tablesome-h-6 tablesome-bg-slate-200 tablesome-rounded tablesome-col-span-1\"><\/div>\n                    <div class=\"tablesome-h-6 tablesome-bg-slate-200 tablesome-rounded tablesome-col-span-1\"><\/div>\n                    <div class=\"tablesome-h-6 tablesome-bg-slate-200 tablesome-rounded tablesome-col-span-1\"><\/div>\n                    <div class=\"tablesome-h-6 tablesome-bg-slate-200 tablesome-rounded tablesome-col-span-1\"><\/div>\n                    <\/div>\n\n                    <div class=\"tablesome-grid tablesome-grid-cols-4 tablesome-gap-4\">\n                    <div class=\"tablesome-h-6 tablesome-bg-slate-200 tablesome-rounded tablesome-col-span-1\"><\/div>\n                    <div class=\"tablesome-h-6 tablesome-bg-slate-200 tablesome-rounded tablesome-col-span-1\"><\/div>\n                    <div class=\"tablesome-h-6 tablesome-bg-slate-200 tablesome-rounded tablesome-col-span-1\"><\/div>\n                    <div class=\"tablesome-h-6 tablesome-bg-slate-200 tablesome-rounded tablesome-col-span-1\"><\/div>\n                    <\/div>\n\n                    <div class=\"tablesome-grid tablesome-grid-cols-4 tablesome-gap-4\">\n                    <div class=\"tablesome-h-6 tablesome-bg-slate-200 tablesome-rounded tablesome-col-span-1\"><\/div>\n                    <div class=\"tablesome-h-6 tablesome-bg-slate-200 tablesome-rounded tablesome-col-span-1\"><\/div>\n                    <div class=\"tablesome-h-6 tablesome-bg-slate-200 tablesome-rounded tablesome-col-span-1\"><\/div>\n                    <div class=\"tablesome-h-6 tablesome-bg-slate-200 tablesome-rounded tablesome-col-span-1\"><\/div>\n                    <\/div>\n\n                    <div class=\"tablesome-flex tablesome-gap-4 tablesome-max-w-sm tablesome-mx-auto tablesome-justify-center\">\n                    <div class=\"tablesome-h-5 tablesome-w-5 tablesome-bg-slate-200 tablesome-rounded tablesome-col-span-1\"><\/div>\n                    <div class=\"tablesome-h-5 tablesome-w-5 tablesome-bg-slate-200 tablesome-rounded tablesome-col-span-1\"><\/div>\n                    <div class=\"tablesome-h-5 tablesome-w-5 tablesome-bg-slate-200 tablesome-rounded tablesome-col-span-1\"><\/div>\n                    <div class=\"tablesome-h-5 tablesome-w-5 tablesome-bg-slate-200 tablesome-rounded tablesome-col-span-1\"><\/div>\n                    <div class=\"tablesome-h-5 tablesome-w-5 tablesome-bg-slate-200 tablesome-rounded tablesome-col-span-1\"><\/div>\n                    <div class=\"tablesome-h-5 tablesome-w-5 tablesome-bg-slate-200 tablesome-rounded tablesome-col-span-1\"><\/div>\n                    <\/div>\n                <\/div>\n            <\/div><\/div><\/div>\n\t\t\t\t\t\t<\/div>\n\t\t\t\t<\/div>\n\t\t\t\t\t<\/div>\n\t\t\t\t<\/div>\n\t\t\t\t<\/div>","protected":false},"excerpt":{"rendered":"<p>Home Southland Sensing Ltd&#8217;s Medical Direct-Fit Drop in Replacement Equivalents for Competitive Sensors At Southland Sensing Ltd, we understand the importance of finding compatible and or alternative solutions when it comes to medical oxygen sensors. Perhaps you are not happy with the performance of your current sensor, are looking for something with a longer life [&hellip;]<\/p>\n","protected":false},"author":6,"featured_media":0,"parent":0,"menu_order":0,"comment_status":"closed","ping_status":"closed","template":"elementor_header_footer","meta":{"footnotes":""},"class_list":["post-2565","page","type-page","status-publish","hentry"],"yoast_head":"<!-- This site is optimized with the Yoast SEO Premium plugin v27.2 (Yoast SEO v27.2) - https:\/\/yoast.com\/product\/yoast-seo-premium-wordpress\/ -->\n<title>Medical Replacement Guide | Oxygen Sensor Compatibility Chart<\/title>\n<meta name=\"description\" content=\"Identify compatible oxygen sensors for medical devices with SSO2\u2019s easyto-use replacement guide and compatibility chart.\" \/>\n<meta name=\"robots\" content=\"index, follow, max-snippet:-1, max-image-preview:large, max-video-preview:-1\" \/>\n<link rel=\"canonical\" href=\"https:\/\/sso2.com\/it\/medical-replacement-guide-for-fuel-cell-oxygen-sensors\/\" \/>\n<meta property=\"og:locale\" content=\"it_IT\" \/>\n<meta property=\"og:type\" content=\"article\" \/>\n<meta property=\"og:title\" content=\"Medical Replacement Guide for Fuel Cell Oxygen Sensors\" \/>\n<meta property=\"og:description\" content=\"Identify compatible oxygen sensors for medical devices with SSO2\u2019s easyto-use replacement guide and compatibility chart.\" \/>\n<meta property=\"og:url\" content=\"https:\/\/sso2.com\/it\/medical-replacement-guide-for-fuel-cell-oxygen-sensors\/\" \/>\n<meta property=\"og:site_name\" content=\"Southland Sensing Ltd.\" \/>\n<meta property=\"article:modified_time\" content=\"2025-10-10T18:12:24+00:00\" \/>\n<meta property=\"og:image\" content=\"https:\/\/sso2.com\/wp-content\/uploads\/2024\/02\/shutterstock_593596097-scaled.jpg\" \/>\n<meta name=\"twitter:card\" content=\"summary_large_image\" \/>\n<meta name=\"twitter:label1\" content=\"Tempo di lettura stimato\" \/>\n\t<meta name=\"twitter:data1\" content=\"1 minuto\" \/>\n<script type=\"application\/ld+json\" class=\"yoast-schema-graph\">{\"@context\":\"https:\/\/schema.org\",\"@graph\":[{\"@type\":\"WebPage\",\"@id\":\"https:\/\/sso2.com\/medical-replacement-guide-for-fuel-cell-oxygen-sensors\/\",\"url\":\"https:\/\/sso2.com\/medical-replacement-guide-for-fuel-cell-oxygen-sensors\/\",\"name\":\"Medical Replacement Guide | Oxygen Sensor Compatibility Chart\",\"isPartOf\":{\"@id\":\"https:\/\/sso2.com\/#website\"},\"primaryImageOfPage\":{\"@id\":\"https:\/\/sso2.com\/medical-replacement-guide-for-fuel-cell-oxygen-sensors\/#primaryimage\"},\"image\":{\"@id\":\"https:\/\/sso2.com\/medical-replacement-guide-for-fuel-cell-oxygen-sensors\/#primaryimage\"},\"thumbnailUrl\":\"https:\/\/sso2.com\/wp-content\/uploads\/2024\/02\/shutterstock_593596097-scaled.jpg\",\"datePublished\":\"2024-02-19T01:57:57+00:00\",\"dateModified\":\"2025-10-10T18:12:24+00:00\",\"description\":\"Identify compatible oxygen sensors for medical devices with SSO2\u2019s easyto-use replacement guide and compatibility chart.\",\"breadcrumb\":{\"@id\":\"https:\/\/sso2.com\/medical-replacement-guide-for-fuel-cell-oxygen-sensors\/#breadcrumb\"},\"inLanguage\":\"it-IT\",\"potentialAction\":[{\"@type\":\"ReadAction\",\"target\":[\"https:\/\/sso2.com\/medical-replacement-guide-for-fuel-cell-oxygen-sensors\/\"]}]},{\"@type\":\"ImageObject\",\"inLanguage\":\"it-IT\",\"@id\":\"https:\/\/sso2.com\/medical-replacement-guide-for-fuel-cell-oxygen-sensors\/#primaryimage\",\"url\":\"https:\/\/sso2.com\/wp-content\/uploads\/2024\/02\/shutterstock_593596097-scaled.jpg\",\"contentUrl\":\"https:\/\/sso2.com\/wp-content\/uploads\/2024\/02\/shutterstock_593596097-scaled.jpg\"},{\"@type\":\"BreadcrumbList\",\"@id\":\"https:\/\/sso2.com\/medical-replacement-guide-for-fuel-cell-oxygen-sensors\/#breadcrumb\",\"itemListElement\":[{\"@type\":\"ListItem\",\"position\":1,\"name\":\"Home\",\"item\":\"https:\/\/sso2.com\/en\/\"},{\"@type\":\"ListItem\",\"position\":2,\"name\":\"Medical Replacement Guide for Fuel Cell Oxygen Sensors\"}]},{\"@type\":\"WebSite\",\"@id\":\"https:\/\/sso2.com\/#website\",\"url\":\"https:\/\/sso2.com\/\",\"name\":\"Southland Sensing Ltd.\",\"description\":\"Industrial &amp; Medical Gas Analyzers Oxygen CO\u2082, &amp; H\u2082 Monitors\",\"publisher\":{\"@id\":\"https:\/\/sso2.com\/#organization\"},\"alternateName\":\"SSO2\",\"potentialAction\":[{\"@type\":\"SearchAction\",\"target\":{\"@type\":\"EntryPoint\",\"urlTemplate\":\"https:\/\/sso2.com\/?s={search_term_string}\"},\"query-input\":{\"@type\":\"PropertyValueSpecification\",\"valueRequired\":true,\"valueName\":\"search_term_string\"}}],\"inLanguage\":\"it-IT\"},{\"@type\":\"Organization\",\"@id\":\"https:\/\/sso2.com\/#organization\",\"name\":\"Southland Sensing Ltd.\",\"alternateName\":\"SSO2\",\"url\":\"https:\/\/sso2.com\/\",\"logo\":{\"@type\":\"ImageObject\",\"inLanguage\":\"it-IT\",\"@id\":\"https:\/\/sso2.com\/#\/schema\/logo\/image\/\",\"url\":\"https:\/\/sso2.com\/wp-content\/uploads\/2025\/10\/sso2_300pixel.webp\",\"contentUrl\":\"https:\/\/sso2.com\/wp-content\/uploads\/2025\/10\/sso2_300pixel.webp\",\"width\":300,\"height\":50,\"caption\":\"Southland Sensing Ltd.\"},\"image\":{\"@id\":\"https:\/\/sso2.com\/#\/schema\/logo\/image\/\"},\"sameAs\":[\"https:\/\/www.linkedin.com\/company\/southland-sensing-ltd\/\"],\"description\":\"Southland Sensing Ltd. brings together superior performance, an improved user experience, and unmatched application expertise to deliver an accurate and reliable measurement solution. That\u2019s why multinationals, small companies and universities alike turn to us again and again.\",\"email\":\"sales@sso2.com\",\"telephone\":\"1-949-398-2879\",\"legalName\":\"Southland Sensing Ltd.\",\"foundingDate\":\"2013-01-01\",\"numberOfEmployees\":{\"@type\":\"QuantitativeValue\",\"minValue\":\"11\",\"maxValue\":\"50\"},\"publishingPrinciples\":\"https:\/\/sso2.com\/contact-us\/\",\"ownershipFundingInfo\":\"https:\/\/sso2.com\/about-us\/\",\"actionableFeedbackPolicy\":\"https:\/\/sso2.com\/contact-us\/\"}]}<\/script>\n<!-- \/ Yoast SEO Premium plugin. -->","yoast_head_json":{"title":"Guida alla sostituzione medica | Tabella di compatibilit\u00e0 del sensore di ossigeno","description":"Identifica i sensori di ossigeno compatibili per i dispositivi medici con la guida alla sostituzione e la tabella di compatibilit\u00e0 di SSO2, facili da usare.","robots":{"index":"index","follow":"follow","max-snippet":"max-snippet:-1","max-image-preview":"max-image-preview:large","max-video-preview":"max-video-preview:-1"},"canonical":"https:\/\/sso2.com\/it\/medical-replacement-guide-for-fuel-cell-oxygen-sensors\/","og_locale":"it_IT","og_type":"article","og_title":"Medical Replacement Guide for Fuel Cell Oxygen Sensors","og_description":"Identify compatible oxygen sensors for medical devices with SSO2\u2019s easyto-use replacement guide and compatibility chart.","og_url":"https:\/\/sso2.com\/it\/medical-replacement-guide-for-fuel-cell-oxygen-sensors\/","og_site_name":"Southland Sensing Ltd.","article_modified_time":"2025-10-10T18:12:24+00:00","og_image":[{"url":"https:\/\/sso2.com\/wp-content\/uploads\/2024\/02\/shutterstock_593596097-scaled.jpg","type":"","width":"","height":""}],"twitter_card":"summary_large_image","twitter_misc":{"Tempo di lettura stimato":"1 minuto"},"schema":{"@context":"https:\/\/schema.org","@graph":[{"@type":"WebPage","@id":"https:\/\/sso2.com\/medical-replacement-guide-for-fuel-cell-oxygen-sensors\/","url":"https:\/\/sso2.com\/medical-replacement-guide-for-fuel-cell-oxygen-sensors\/","name":"Guida alla sostituzione medica | Tabella di compatibilit\u00e0 del sensore di ossigeno","isPartOf":{"@id":"https:\/\/sso2.com\/#website"},"primaryImageOfPage":{"@id":"https:\/\/sso2.com\/medical-replacement-guide-for-fuel-cell-oxygen-sensors\/#primaryimage"},"image":{"@id":"https:\/\/sso2.com\/medical-replacement-guide-for-fuel-cell-oxygen-sensors\/#primaryimage"},"thumbnailUrl":"https:\/\/sso2.com\/wp-content\/uploads\/2024\/02\/shutterstock_593596097-scaled.jpg","datePublished":"2024-02-19T01:57:57+00:00","dateModified":"2025-10-10T18:12:24+00:00","description":"Identifica i sensori di ossigeno compatibili per i dispositivi medici con la guida alla sostituzione e la tabella di compatibilit\u00e0 di SSO2, facili da usare.","breadcrumb":{"@id":"https:\/\/sso2.com\/medical-replacement-guide-for-fuel-cell-oxygen-sensors\/#breadcrumb"},"inLanguage":"it-IT","potentialAction":[{"@type":"ReadAction","target":["https:\/\/sso2.com\/medical-replacement-guide-for-fuel-cell-oxygen-sensors\/"]}]},{"@type":"ImageObject","inLanguage":"it-IT","@id":"https:\/\/sso2.com\/medical-replacement-guide-for-fuel-cell-oxygen-sensors\/#primaryimage","url":"https:\/\/sso2.com\/wp-content\/uploads\/2024\/02\/shutterstock_593596097-scaled.jpg","contentUrl":"https:\/\/sso2.com\/wp-content\/uploads\/2024\/02\/shutterstock_593596097-scaled.jpg"},{"@type":"BreadcrumbList","@id":"https:\/\/sso2.com\/medical-replacement-guide-for-fuel-cell-oxygen-sensors\/#breadcrumb","itemListElement":[{"@type":"ListItem","position":1,"name":"Home","item":"https:\/\/sso2.com\/en\/"},{"@type":"ListItem","position":2,"name":"Medical Replacement Guide for Fuel Cell Oxygen Sensors"}]},{"@type":"WebSite","@id":"https:\/\/sso2.com\/#website","url":"https:\/\/sso2.com\/","name":"Southland Sensing Ltd.","description":"Industrial &amp; Medical Gas Analyzers Oxygen CO\u2082, &amp; H\u2082 Monitors","publisher":{"@id":"https:\/\/sso2.com\/#organization"},"alternateName":"SSO2","potentialAction":[{"@type":"SearchAction","target":{"@type":"EntryPoint","urlTemplate":"https:\/\/sso2.com\/?s={search_term_string}"},"query-input":{"@type":"PropertyValueSpecification","valueRequired":true,"valueName":"search_term_string"}}],"inLanguage":"it-IT"},{"@type":"Organization","@id":"https:\/\/sso2.com\/#organization","name":"Southland Sensing Ltd.","alternateName":"SSO2","url":"https:\/\/sso2.com\/","logo":{"@type":"ImageObject","inLanguage":"it-IT","@id":"https:\/\/sso2.com\/#\/schema\/logo\/image\/","url":"https:\/\/sso2.com\/wp-content\/uploads\/2025\/10\/sso2_300pixel.webp","contentUrl":"https:\/\/sso2.com\/wp-content\/uploads\/2025\/10\/sso2_300pixel.webp","width":300,"height":50,"caption":"Southland Sensing Ltd."},"image":{"@id":"https:\/\/sso2.com\/#\/schema\/logo\/image\/"},"sameAs":["https:\/\/www.linkedin.com\/company\/southland-sensing-ltd\/"],"description":"Southland Sensing Ltd. brings together superior performance, an improved user experience, and unmatched application expertise to deliver an accurate and reliable measurement solution. That\u2019s why multinationals, small companies and universities alike turn to us again and again.","email":"sales@sso2.com","telephone":"1-949-398-2879","legalName":"Southland Sensing Ltd.","foundingDate":"2013-01-01","numberOfEmployees":{"@type":"QuantitativeValue","minValue":"11","maxValue":"50"},"publishingPrinciples":"https:\/\/sso2.com\/contact-us\/","ownershipFundingInfo":"https:\/\/sso2.com\/about-us\/","actionableFeedbackPolicy":"https:\/\/sso2.com\/contact-us\/"}]}},"jetpack_sharing_enabled":true,"jetpack_shortlink":"https:\/\/wp.me\/PaSzwI-Fn","_links":{"self":[{"href":"https:\/\/sso2.com\/it\/wp-json\/wp\/v2\/pages\/2565","targetHints":{"allow":["GET"]}}],"collection":[{"href":"https:\/\/sso2.com\/it\/wp-json\/wp\/v2\/pages"}],"about":[{"href":"https:\/\/sso2.com\/it\/wp-json\/wp\/v2\/types\/page"}],"author":[{"embeddable":true,"href":"https:\/\/sso2.com\/it\/wp-json\/wp\/v2\/users\/6"}],"replies":[{"embeddable":true,"href":"https:\/\/sso2.com\/it\/wp-json\/wp\/v2\/comments?post=2565"}],"version-history":[{"count":0,"href":"https:\/\/sso2.com\/it\/wp-json\/wp\/v2\/pages\/2565\/revisions"}],"wp:attachment":[{"href":"https:\/\/sso2.com\/it\/wp-json\/wp\/v2\/media?parent=2565"}],"curies":[{"name":"wp","href":"https:\/\/api.w.org\/{rel}","templated":true}]}}