{"id":1430,"date":"2021-05-05T22:48:57","date_gmt":"2021-05-05T22:48:57","guid":{"rendered":"https:\/\/sso2.com\/?page_id=1430"},"modified":"2025-11-29T13:45:44","modified_gmt":"2025-11-29T13:45:44","slug":"inert-gas-generators","status":"publish","type":"page","link":"https:\/\/sso2.com\/it\/application-notes\/inert-gas-generators\/","title":{"rendered":"Generatori di gas inerte"},"content":{"rendered":"<div data-elementor-type=\"wp-page\" data-elementor-id=\"1430\" class=\"elementor elementor-1430\" data-elementor-post-type=\"page\">\n\t\t\t\t<div class=\"elementor-element elementor-element-573db532 e-flex e-con-boxed e-con e-parent\" data-id=\"573db532\" data-element_type=\"container\" data-e-type=\"container\">\n\t\t\t\t\t<div class=\"e-con-inner\">\n\t\t\t\t<div class=\"elementor-element elementor-element-6bb5c262 elementor-widget elementor-widget-text-editor\" data-id=\"6bb5c262\" data-element_type=\"widget\" data-e-type=\"widget\" data-widget_type=\"text-editor.default\">\n\t\t\t\t<div class=\"elementor-widget-container\">\n\t\t\t\t\t\t\t\t\t<p>Molte applicazioni industriali richiedono gas inerte, che spesso pu\u00f2 essere generato in loco per comodit\u00e0 e per risparmiare denaro. Il blanketing di gas inerte \u00e8 un esempio di un processo molto diffuso, in cui un letto di gas, come l'azoto, viene fatto fluire su un processo per prevenire l'ossidazione o per garantire la sicurezza in settori che vanno dal farmaceutico agli alimenti e alle bevande, fino alla saldatura a rifusione di PCB per l'elettronica. L'azoto e l'argon possono essere separati e concentrati dall'aria ambiente utilizzando un generatore ad adsorbimento a oscillazione di pressione (PSA) o a membrana, in confezioni sufficientemente piccole da poter essere inserite in un carrello elevatore, fino a impianti molto pi\u00f9 grandi in cui l'unico scopo \u00e8 quello di creare gas purificato. L'anidride carbonica \u00e8 un altro gas inerte comunemente utilizzato e pu\u00f2 essere separato dai gas di scarico di altri processi industriali.<\/p><p>La possibilit\u00e0 di misurare l'ossigeno nei gas generati \u00e8 importante per garantire che il prodotto sia privo di difetti e che il sistema di generazione sia a tenuta stagna. Offriamo sensori elettrochimici all'avanguardia e affidabili, in grado di misurare fino a parti per milione o a basse percentuali di ossigeno, e i nostri analizzatori vanno dal montaggio a rack <a href=\"https:\/\/sso2.com\/it\/prodotto\/omd-675\/\">OMD-675<\/a>, al portatile <a href=\"https:\/\/sso2.com\/it\/prodotto\/portable-trace-oxygen-analyzer-ce\/\">OMD-640<\/a>, al compatto <a href=\"https:\/\/sso2.com\/it\/prodotto\/compact-in-line-oxygen-transmitter-ce\/\">OMD-507<\/a> per adattarsi a tutte le fasi di generazione del gas.<\/p><p>Il monitoraggio dell'aria ambiente \u00e8 molto importante anche quando sono presenti quantit\u00e0 massicce di gas, poich\u00e9 molti gas inerti sono completamente impercettibili per l'uomo e possono riempire rapidamente un'area e creare un rischio di asfissia. Il <a href=\"https:\/\/sso2.com\/it\/prodotto\/ambient-air-oxygen-analyzer\/\">OMD-351-O2<\/a> \u00e8 dotato di un display della concentrazione di ossigeno in tempo reale, di un allarme acustico, di due contatti di allarme configurabili di forma C non bloccanti, di allarmi visivi a LED e di una batteria di backup integrata per garantire la sicurezza anche in caso di interruzione dell'alimentazione.<\/p>\t\t\t\t\t\t\t\t<\/div>\n\t\t\t\t<\/div>\n\t\t\t\t\t<\/div>\n\t\t\t\t<\/div>\n\t\t\t\t<\/div>","protected":false},"excerpt":{"rendered":"<p>Many industrial applications require inert gas, which can often be generated on-site for convenience and to save money. Inert gas blanketing is an example of a very broadly used process, where a bed of a gas such as nitrogen is flowed over a process to prevent oxidation or for safety in industries varying from pharmaceutical [&hellip;]<\/p>\n","protected":false},"author":6,"featured_media":0,"parent":388,"menu_order":0,"comment_status":"closed","ping_status":"closed","template":"","meta":{"footnotes":""},"class_list":["post-1430","page","type-page","status-publish","hentry"],"yoast_head":"<!-- This site is optimized with the Yoast SEO Premium plugin v27.2 (Yoast SEO v27.2) - https:\/\/yoast.com\/product\/yoast-seo-premium-wordpress\/ -->\n<title>Inert Gas Generators | Oxygen &amp; O\u2082 Monitoring Systems<\/title>\n<meta name=\"description\" content=\"Safe and efficient inert gas generation with oxygen sensors, O\u2082 analyzers, and depletion\/deficiency monitors to ensure industrial gas safety and reliability.\" \/>\n<meta name=\"robots\" content=\"index, follow, max-snippet:-1, max-image-preview:large, max-video-preview:-1\" \/>\n<link rel=\"canonical\" href=\"https:\/\/sso2.com\/it\/application-notes\/inert-gas-generators\/\" \/>\n<meta property=\"og:locale\" content=\"it_IT\" \/>\n<meta property=\"og:type\" content=\"article\" \/>\n<meta property=\"og:title\" content=\"Inert Gas Generators\" \/>\n<meta property=\"og:description\" content=\"Safe and efficient inert gas generation with oxygen sensors, O\u2082 analyzers, and depletion\/deficiency monitors to ensure industrial gas safety and reliability.\" \/>\n<meta property=\"og:url\" content=\"https:\/\/sso2.com\/it\/application-notes\/inert-gas-generators\/\" \/>\n<meta property=\"og:site_name\" content=\"Southland Sensing Ltd.\" \/>\n<meta property=\"article:modified_time\" content=\"2025-11-29T13:45:44+00:00\" \/>\n<meta property=\"og:image\" content=\"https:\/\/i0.wp.com\/sso2.com\/wp-content\/uploads\/2025\/02\/omd-21.png?fit=1290%2C1158&ssl=1\" \/>\n\t<meta property=\"og:image:width\" content=\"1290\" \/>\n\t<meta property=\"og:image:height\" content=\"1158\" \/>\n\t<meta property=\"og:image:type\" content=\"image\/png\" \/>\n<meta name=\"twitter:card\" content=\"summary_large_image\" \/>\n<meta name=\"twitter:label1\" content=\"Tempo di lettura stimato\" \/>\n\t<meta name=\"twitter:data1\" content=\"2 minuti\" \/>\n<script type=\"application\/ld+json\" class=\"yoast-schema-graph\">{\"@context\":\"https:\/\/schema.org\",\"@graph\":[{\"@type\":\"WebPage\",\"@id\":\"https:\/\/sso2.com\/application-notes\/inert-gas-generators\/\",\"url\":\"https:\/\/sso2.com\/application-notes\/inert-gas-generators\/\",\"name\":\"Inert Gas Generators | Oxygen & O\u2082 Monitoring Systems\",\"isPartOf\":{\"@id\":\"https:\/\/sso2.com\/#website\"},\"datePublished\":\"2021-05-05T22:48:57+00:00\",\"dateModified\":\"2025-11-29T13:45:44+00:00\",\"description\":\"Safe and efficient inert gas generation with oxygen sensors, O\u2082 analyzers, and depletion\/deficiency monitors to ensure industrial gas safety and reliability.\",\"breadcrumb\":{\"@id\":\"https:\/\/sso2.com\/application-notes\/inert-gas-generators\/#breadcrumb\"},\"inLanguage\":\"it-IT\",\"potentialAction\":[{\"@type\":\"ReadAction\",\"target\":[\"https:\/\/sso2.com\/application-notes\/inert-gas-generators\/\"]}]},{\"@type\":\"BreadcrumbList\",\"@id\":\"https:\/\/sso2.com\/application-notes\/inert-gas-generators\/#breadcrumb\",\"itemListElement\":[{\"@type\":\"ListItem\",\"position\":1,\"name\":\"Home\",\"item\":\"https:\/\/sso2.com\/en\/\"},{\"@type\":\"ListItem\",\"position\":2,\"name\":\"Application Notes\",\"item\":\"https:\/\/sso2.com\/application-notes\/\"},{\"@type\":\"ListItem\",\"position\":3,\"name\":\"Inert Gas Generators\"}]},{\"@type\":\"WebSite\",\"@id\":\"https:\/\/sso2.com\/#website\",\"url\":\"https:\/\/sso2.com\/\",\"name\":\"Southland Sensing Ltd.\",\"description\":\"Industrial &amp; Medical Gas Analyzers Oxygen CO\u2082, &amp; H\u2082 Monitors\",\"publisher\":{\"@id\":\"https:\/\/sso2.com\/#organization\"},\"alternateName\":\"SSO2\",\"potentialAction\":[{\"@type\":\"SearchAction\",\"target\":{\"@type\":\"EntryPoint\",\"urlTemplate\":\"https:\/\/sso2.com\/?s={search_term_string}\"},\"query-input\":{\"@type\":\"PropertyValueSpecification\",\"valueRequired\":true,\"valueName\":\"search_term_string\"}}],\"inLanguage\":\"it-IT\"},{\"@type\":\"Organization\",\"@id\":\"https:\/\/sso2.com\/#organization\",\"name\":\"Southland Sensing Ltd.\",\"alternateName\":\"SSO2\",\"url\":\"https:\/\/sso2.com\/\",\"logo\":{\"@type\":\"ImageObject\",\"inLanguage\":\"it-IT\",\"@id\":\"https:\/\/sso2.com\/#\/schema\/logo\/image\/\",\"url\":\"https:\/\/sso2.com\/wp-content\/uploads\/2025\/10\/sso2_300pixel.webp\",\"contentUrl\":\"https:\/\/sso2.com\/wp-content\/uploads\/2025\/10\/sso2_300pixel.webp\",\"width\":300,\"height\":50,\"caption\":\"Southland Sensing Ltd.\"},\"image\":{\"@id\":\"https:\/\/sso2.com\/#\/schema\/logo\/image\/\"},\"sameAs\":[\"https:\/\/www.linkedin.com\/company\/southland-sensing-ltd\/\"],\"description\":\"Southland Sensing Ltd. brings together superior performance, an improved user experience, and unmatched application expertise to deliver an accurate and reliable measurement solution. That\u2019s why multinationals, small companies and universities alike turn to us again and again.\",\"email\":\"sales@sso2.com\",\"telephone\":\"1-949-398-2879\",\"legalName\":\"Southland Sensing Ltd.\",\"foundingDate\":\"2013-01-01\",\"numberOfEmployees\":{\"@type\":\"QuantitativeValue\",\"minValue\":\"11\",\"maxValue\":\"50\"},\"publishingPrinciples\":\"https:\/\/sso2.com\/contact-us\/\",\"ownershipFundingInfo\":\"https:\/\/sso2.com\/about-us\/\",\"actionableFeedbackPolicy\":\"https:\/\/sso2.com\/contact-us\/\"}]}<\/script>\n<!-- \/ Yoast SEO Premium plugin. -->","yoast_head_json":{"title":"Inert Gas Generators | Oxygen & O\u2082 Monitoring Systems","description":"Safe and efficient inert gas generation with oxygen sensors, O\u2082 analyzers, and depletion\/deficiency monitors to ensure industrial gas safety and reliability.","robots":{"index":"index","follow":"follow","max-snippet":"max-snippet:-1","max-image-preview":"max-image-preview:large","max-video-preview":"max-video-preview:-1"},"canonical":"https:\/\/sso2.com\/it\/application-notes\/inert-gas-generators\/","og_locale":"it_IT","og_type":"article","og_title":"Inert Gas Generators","og_description":"Safe and efficient inert gas generation with oxygen sensors, O\u2082 analyzers, and depletion\/deficiency monitors to ensure industrial gas safety and reliability.","og_url":"https:\/\/sso2.com\/it\/application-notes\/inert-gas-generators\/","og_site_name":"Southland Sensing Ltd.","article_modified_time":"2025-11-29T13:45:44+00:00","og_image":[{"width":1290,"height":1158,"url":"https:\/\/i0.wp.com\/sso2.com\/wp-content\/uploads\/2025\/02\/omd-21.png?fit=1290%2C1158&ssl=1","type":"image\/png"}],"twitter_card":"summary_large_image","twitter_misc":{"Tempo di lettura stimato":"2 minuti"},"schema":{"@context":"https:\/\/schema.org","@graph":[{"@type":"WebPage","@id":"https:\/\/sso2.com\/application-notes\/inert-gas-generators\/","url":"https:\/\/sso2.com\/application-notes\/inert-gas-generators\/","name":"Inert Gas Generators | Oxygen & O\u2082 Monitoring Systems","isPartOf":{"@id":"https:\/\/sso2.com\/#website"},"datePublished":"2021-05-05T22:48:57+00:00","dateModified":"2025-11-29T13:45:44+00:00","description":"Safe and efficient inert gas generation with oxygen sensors, O\u2082 analyzers, and depletion\/deficiency monitors to ensure industrial gas safety and reliability.","breadcrumb":{"@id":"https:\/\/sso2.com\/application-notes\/inert-gas-generators\/#breadcrumb"},"inLanguage":"it-IT","potentialAction":[{"@type":"ReadAction","target":["https:\/\/sso2.com\/application-notes\/inert-gas-generators\/"]}]},{"@type":"BreadcrumbList","@id":"https:\/\/sso2.com\/application-notes\/inert-gas-generators\/#breadcrumb","itemListElement":[{"@type":"ListItem","position":1,"name":"Home","item":"https:\/\/sso2.com\/en\/"},{"@type":"ListItem","position":2,"name":"Application Notes","item":"https:\/\/sso2.com\/application-notes\/"},{"@type":"ListItem","position":3,"name":"Inert Gas Generators"}]},{"@type":"WebSite","@id":"https:\/\/sso2.com\/#website","url":"https:\/\/sso2.com\/","name":"Southland Sensing Ltd.","description":"Industrial &amp; Medical Gas Analyzers Oxygen CO\u2082, &amp; H\u2082 Monitors","publisher":{"@id":"https:\/\/sso2.com\/#organization"},"alternateName":"SSO2","potentialAction":[{"@type":"SearchAction","target":{"@type":"EntryPoint","urlTemplate":"https:\/\/sso2.com\/?s={search_term_string}"},"query-input":{"@type":"PropertyValueSpecification","valueRequired":true,"valueName":"search_term_string"}}],"inLanguage":"it-IT"},{"@type":"Organization","@id":"https:\/\/sso2.com\/#organization","name":"Southland Sensing Ltd.","alternateName":"SSO2","url":"https:\/\/sso2.com\/","logo":{"@type":"ImageObject","inLanguage":"it-IT","@id":"https:\/\/sso2.com\/#\/schema\/logo\/image\/","url":"https:\/\/sso2.com\/wp-content\/uploads\/2025\/10\/sso2_300pixel.webp","contentUrl":"https:\/\/sso2.com\/wp-content\/uploads\/2025\/10\/sso2_300pixel.webp","width":300,"height":50,"caption":"Southland Sensing Ltd."},"image":{"@id":"https:\/\/sso2.com\/#\/schema\/logo\/image\/"},"sameAs":["https:\/\/www.linkedin.com\/company\/southland-sensing-ltd\/"],"description":"Southland Sensing Ltd. brings together superior performance, an improved user experience, and unmatched application expertise to deliver an accurate and reliable measurement solution. That\u2019s why multinationals, small companies and universities alike turn to us again and again.","email":"sales@sso2.com","telephone":"1-949-398-2879","legalName":"Southland Sensing Ltd.","foundingDate":"2013-01-01","numberOfEmployees":{"@type":"QuantitativeValue","minValue":"11","maxValue":"50"},"publishingPrinciples":"https:\/\/sso2.com\/contact-us\/","ownershipFundingInfo":"https:\/\/sso2.com\/about-us\/","actionableFeedbackPolicy":"https:\/\/sso2.com\/contact-us\/"}]}},"jetpack_sharing_enabled":true,"jetpack_shortlink":"https:\/\/wp.me\/PaSzwI-n4","_links":{"self":[{"href":"https:\/\/sso2.com\/it\/wp-json\/wp\/v2\/pages\/1430","targetHints":{"allow":["GET"]}}],"collection":[{"href":"https:\/\/sso2.com\/it\/wp-json\/wp\/v2\/pages"}],"about":[{"href":"https:\/\/sso2.com\/it\/wp-json\/wp\/v2\/types\/page"}],"author":[{"embeddable":true,"href":"https:\/\/sso2.com\/it\/wp-json\/wp\/v2\/users\/6"}],"replies":[{"embeddable":true,"href":"https:\/\/sso2.com\/it\/wp-json\/wp\/v2\/comments?post=1430"}],"version-history":[{"count":0,"href":"https:\/\/sso2.com\/it\/wp-json\/wp\/v2\/pages\/1430\/revisions"}],"up":[{"embeddable":true,"href":"https:\/\/sso2.com\/it\/wp-json\/wp\/v2\/pages\/388"}],"wp:attachment":[{"href":"https:\/\/sso2.com\/it\/wp-json\/wp\/v2\/media?parent=1430"}],"curies":[{"name":"wp","href":"https:\/\/api.w.org\/{rel}","templated":true}]}}