{"id":1178,"date":"2020-12-14T23:17:13","date_gmt":"2020-12-14T23:17:13","guid":{"rendered":"https:\/\/sso2.com\/?page_id=1178"},"modified":"2025-10-10T18:39:36","modified_gmt":"2025-10-10T18:39:36","slug":"quality-policy","status":"publish","type":"page","link":"https:\/\/sso2.com\/it\/quality-policy\/","title":{"rendered":"Qualit\u00e0"},"content":{"rendered":"<div data-elementor-type=\"wp-page\" data-elementor-id=\"1178\" class=\"elementor elementor-1178\" data-elementor-post-type=\"page\">\n\t\t\t\t\t\t<section class=\"elementor-section elementor-top-section elementor-element elementor-element-33ad2269 elementor-section-items-stretch elementor-section-height-min-height elementor-section-boxed elementor-section-height-default\" data-id=\"33ad2269\" data-element_type=\"section\" data-e-type=\"section\" data-settings=\"{&quot;background_background&quot;:&quot;classic&quot;}\">\n\t\t\t\t\t\t<div class=\"elementor-container elementor-column-gap-no\">\n\t\t\t\t\t<div class=\"elementor-column elementor-col-50 elementor-top-column elementor-element elementor-element-c23776d\" data-id=\"c23776d\" data-element_type=\"column\" data-e-type=\"column\">\n\t\t\t<div class=\"elementor-widget-wrap elementor-element-populated\">\n\t\t\t\t\t\t<section class=\"elementor-section elementor-inner-section elementor-element elementor-element-87fede elementor-section-boxed elementor-section-height-default elementor-section-height-default\" data-id=\"87fede\" data-element_type=\"section\" data-e-type=\"section\">\n\t\t\t\t\t\t<div class=\"elementor-container elementor-column-gap-no\">\n\t\t\t\t\t<div class=\"elementor-column elementor-col-100 elementor-inner-column elementor-element elementor-element-36705ccd\" data-id=\"36705ccd\" data-element_type=\"column\" data-e-type=\"column\">\n\t\t\t<div class=\"elementor-widget-wrap elementor-element-populated\">\n\t\t\t\t\t\t<div class=\"elementor-element elementor-element-6694f6 elementor-widget__width-auto elementor-widget elementor-widget-heading\" data-id=\"6694f6\" data-element_type=\"widget\" data-e-type=\"widget\" data-widget_type=\"heading.default\">\n\t\t\t\t<div class=\"elementor-widget-container\">\n\t\t\t\t\t<div class=\"elementor-heading-title elementor-size-default\"><a href=\"https:\/\/sso2.com\/it\/\">Casa<\/a><\/div>\t\t\t\t<\/div>\n\t\t\t\t<\/div>\n\t\t\t\t<div class=\"elementor-element elementor-element-1e377571 elementor-widget__width-initial elementor-view-default elementor-widget elementor-widget-icon\" data-id=\"1e377571\" data-element_type=\"widget\" data-e-type=\"widget\" data-widget_type=\"icon.default\">\n\t\t\t\t<div class=\"elementor-widget-container\">\n\t\t\t\t\t\t\t<div class=\"elementor-icon-wrapper\">\n\t\t\t<div class=\"elementor-icon\">\n\t\t\t<svg aria-hidden=\"true\" class=\"e-font-icon-svg e-fas-slash\" viewbox=\"0 0 640 512\" xmlns=\"http:\/\/www.w3.org\/2000\/svg\"><path d=\"M594.53 508.63L6.18 53.9c-6.97-5.42-8.23-15.47-2.81-22.45L23.01 6.18C28.43-.8 38.49-2.06 45.47 3.37L633.82 458.1c6.97 5.42 8.23 15.47 2.81 22.45l-19.64 25.27c-5.42 6.98-15.48 8.23-22.46 2.81z\"><\/path><\/svg>\t\t\t<\/div>\n\t\t<\/div>\n\t\t\t\t\t\t<\/div>\n\t\t\t\t<\/div>\n\t\t\t\t<div class=\"elementor-element elementor-element-1291e1f elementor-widget__width-auto elementor-widget elementor-widget-heading\" data-id=\"1291e1f\" data-element_type=\"widget\" data-e-type=\"widget\" data-widget_type=\"heading.default\">\n\t\t\t\t<div class=\"elementor-widget-container\">\n\t\t\t\t\t<div class=\"elementor-heading-title elementor-size-default\"><a href=\"#\">Qualit\u00e0<\/a><\/div>\t\t\t\t<\/div>\n\t\t\t\t<\/div>\n\t\t\t\t\t<\/div>\n\t\t<\/div>\n\t\t\t\t\t<\/div>\n\t\t<\/section>\n\t\t\t\t<section class=\"elementor-section elementor-inner-section elementor-element elementor-element-6a64404f elementor-reverse-tablet elementor-reverse-mobile elementor-section-boxed elementor-section-height-default elementor-section-height-default\" data-id=\"6a64404f\" data-element_type=\"section\" data-e-type=\"section\">\n\t\t\t\t\t\t<div class=\"elementor-container elementor-column-gap-no\">\n\t\t\t\t\t<div class=\"elementor-column elementor-col-100 elementor-inner-column elementor-element elementor-element-458c4d8\" data-id=\"458c4d8\" data-element_type=\"column\" data-e-type=\"column\">\n\t\t\t<div class=\"elementor-widget-wrap elementor-element-populated\">\n\t\t\t\t\t\t<div class=\"elementor-element elementor-element-7f92a0c7 elementor-widget elementor-widget-heading\" data-id=\"7f92a0c7\" data-element_type=\"widget\" data-e-type=\"widget\" data-widget_type=\"heading.default\">\n\t\t\t\t<div class=\"elementor-widget-container\">\n\t\t\t\t\t<h1 class=\"elementor-heading-title elementor-size-default\">Qualit\u00e0<\/h1>\t\t\t\t<\/div>\n\t\t\t\t<\/div>\n\t\t\t\t\t<\/div>\n\t\t<\/div>\n\t\t\t\t\t<\/div>\n\t\t<\/section>\n\t\t\t\t\t<\/div>\n\t\t<\/div>\n\t\t\t\t<div class=\"elementor-column elementor-col-50 elementor-top-column elementor-element elementor-element-638167e3\" data-id=\"638167e3\" data-element_type=\"column\" data-e-type=\"column\">\n\t\t\t<div class=\"elementor-widget-wrap elementor-element-populated\">\n\t\t\t\t\t\t<div class=\"elementor-element elementor-element-46040208 animated-fast elementor-invisible elementor-widget elementor-widget-image\" data-id=\"46040208\" data-element_type=\"widget\" data-e-type=\"widget\" data-settings=\"{&quot;_animation&quot;:&quot;fadeInLeft&quot;,&quot;_animation_mobile&quot;:&quot;none&quot;}\" data-widget_type=\"image.default\">\n\t\t\t\t<div class=\"elementor-widget-container\">\n\t\t\t\t\t\t\t\t\t\t\t\t\t\t\t<img decoding=\"async\" width=\"2560\" height=\"1706\" src=\"https:\/\/i0.wp.com\/sso2.com\/wp-content\/uploads\/2021\/04\/shutterstock_535330705-scaled.jpg?fit=2560%2C1706&amp;ssl=1\" class=\"attachment-full size-full wp-image-1608\" alt=\"\" srcset=\"https:\/\/i0.wp.com\/sso2.com\/wp-content\/uploads\/2021\/04\/shutterstock_535330705-scaled.jpg?w=2560&amp;ssl=1 2560w, https:\/\/i0.wp.com\/sso2.com\/wp-content\/uploads\/2021\/04\/shutterstock_535330705-scaled.jpg?resize=300%2C200&amp;ssl=1 300w, https:\/\/i0.wp.com\/sso2.com\/wp-content\/uploads\/2021\/04\/shutterstock_535330705-scaled.jpg?resize=1024%2C682&amp;ssl=1 1024w, https:\/\/i0.wp.com\/sso2.com\/wp-content\/uploads\/2021\/04\/shutterstock_535330705-scaled.jpg?resize=768%2C512&amp;ssl=1 768w, https:\/\/i0.wp.com\/sso2.com\/wp-content\/uploads\/2021\/04\/shutterstock_535330705-scaled.jpg?resize=1536%2C1024&amp;ssl=1 1536w, https:\/\/i0.wp.com\/sso2.com\/wp-content\/uploads\/2021\/04\/shutterstock_535330705-scaled.jpg?resize=2048%2C1365&amp;ssl=1 2048w, https:\/\/i0.wp.com\/sso2.com\/wp-content\/uploads\/2021\/04\/shutterstock_535330705-scaled.jpg?resize=600%2C400&amp;ssl=1 600w, https:\/\/i0.wp.com\/sso2.com\/wp-content\/uploads\/2021\/04\/shutterstock_535330705-scaled.jpg?w=1600&amp;ssl=1 1600w, https:\/\/i0.wp.com\/sso2.com\/wp-content\/uploads\/2021\/04\/shutterstock_535330705-scaled.jpg?w=2400&amp;ssl=1 2400w\" sizes=\"(max-width: 800px) 100vw, 800px\" \/>\t\t\t\t\t\t\t\t\t\t\t\t\t\t\t<\/div>\n\t\t\t\t<\/div>\n\t\t\t\t\t<\/div>\n\t\t<\/div>\n\t\t\t\t\t<\/div>\n\t\t<\/section>\n\t\t<div class=\"elementor-element elementor-element-6c584108 e-flex e-con-boxed e-con e-parent\" data-id=\"6c584108\" data-element_type=\"container\" data-e-type=\"container\">\n\t\t\t\t\t<div class=\"e-con-inner\">\n\t\t\t\t<div class=\"elementor-element elementor-element-e8b0d22 elementor-widget elementor-widget-text-editor\" data-id=\"e8b0d22\" data-element_type=\"widget\" data-e-type=\"widget\" data-widget_type=\"text-editor.default\">\n\t\t\t\t<div class=\"elementor-widget-container\">\n\t\t\t\t\t\t\t\t\t<p><strong>Politica della qualit\u00e0:<\/strong><\/p><p>Southland Sensing Ltd. si impegna a fornire prodotti di qualit\u00e0 nei tempi previsti, conformi e superiori alle aspettative dei clienti e delle leggi vigenti.  Southland Sensing Ltd. si impegna a mantenere l'efficacia del SGQ e a migliorarlo continuamente.<\/p><p><strong>Missione:<\/strong><\/p><p>In generale, il cuore di questa missione \u00e8 la fornitura di prodotti utilizzati per monitorare un processo di produzione e la sicurezza personale.<\/p><p><strong>Visione e valori:<\/strong><\/p><p>Molti dei nostri utenti finali sono organizzazioni che pongono l'accento sulla qualit\u00e0 e sull'affidabilit\u00e0 per diversi motivi, tra cui la sicurezza dei dipendenti, gli standard internazionali, i requisiti legislativi, l'aumento dei profitti e le questioni di responsabilit\u00e0 legale.<\/p><p><strong>Documentazione di qualit\u00e0:<\/strong><\/p><ul><li><a href=\"https:\/\/sso2.com\/wp-content\/uploads\/2024\/04\/iso9001_2015_certification_sso2_2024.pdf\">Certificato ISO 9001:2015<\/a><\/li><li><a href=\"https:\/\/sso2.com\/wp-content\/uploads\/2025\/03\/iso13485_2016_2028.pdf\">Certificato ISO 13485:2016<\/a><\/li><li><a href=\"https:\/\/sso2.com\/wp-content\/uploads\/2025\/03\/rohs_reach-compliance.pdf\">Certificato di conformit\u00e0 RoHS e REACH<\/a><\/li><\/ul><p><strong>Certificazioni del prodotto:<\/strong><\/p><ul><li><a href=\"https:\/\/sso2.com\/it\/iecex_exv_23.0038\/\">Analizzatore online serie IECEx 625<\/a><\/li><li><a href=\"https:\/\/sso2.com\/it\/exveritas-23atex1653x-issue-0\/\">Analizzatore online ATEX serie 625<\/a><\/li><li><a href=\"https:\/\/sso2.com\/wp-content\/uploads\/2024\/09\/peso-certificate-southland-625-series-.pdf\" target=\"_blank\" rel=\"noopener\">Analizzatore online PESO (India) serie 625<\/a><\/li><\/ul><p><strong>Dichiarazione di conformit\u00e0:<\/strong><\/p><ul><li><a href=\"https:\/\/sso2.com\/wp-content\/uploads\/2025\/04\/declaration-of-conformity_medical.pdf\">Dichiarazione di conformit\u00e0 - Prodotti medici<\/a><\/li><li><a href=\"https:\/\/sso2.com\/wp-content\/uploads\/2025\/04\/625_series_declaration_of_conformity_ex.pdf\">Dichiarazione di conformit\u00e0 (UE) - Analizzatore serie 625<\/a><\/li><\/ul><p><strong>Schede di sicurezza dei materiali (SDS):<\/strong><\/p><ul><li><a href=\"https:\/\/sso2.com\/wp-content\/uploads\/2021\/04\/msds_electrochemical_sensors.pdf\">Sensori elettrochimici industriali di ossigeno<\/a><\/li><li><a href=\"https:\/\/sso2.com\/wp-content\/uploads\/2025\/03\/sds_oxygen-sensor_oks.pdf\">Sensori elettrochimici di ossigeno per uso medico<\/a><\/li><\/ul>\t\t\t\t\t\t\t\t<\/div>\n\t\t\t\t<\/div>\n\t\t\t\t\t<\/div>\n\t\t\t\t<\/div>\n\t\t\t\t<\/div>","protected":false},"excerpt":{"rendered":"<p>Home Quality Policy: Southland Sensing Ltd. is committed to provide quality products on time that comply and exceed customer and applicable legal expectations.\u00a0 Southland Sensing Ltd. is committed to maintain the effectiveness of and continually improve the QMS. Mission: In general, and at the heart of this mission is to provide products that are used [&hellip;]<\/p>\n","protected":false},"author":6,"featured_media":0,"parent":0,"menu_order":0,"comment_status":"closed","ping_status":"closed","template":"elementor_header_footer","meta":{"footnotes":""},"class_list":["post-1178","page","type-page","status-publish","hentry"],"yoast_head":"<!-- This site is optimized with the Yoast SEO Premium plugin v27.2 (Yoast SEO v27.2) - https:\/\/yoast.com\/product\/yoast-seo-premium-wordpress\/ -->\n<title>Quality Policy | SSO2\u2019s Commitment to Accuracy &amp; Reliability<\/title>\n<meta name=\"description\" content=\"SSO2 ensures the highest quality standards in gas analysis and oxygen sensor manufacturing through strict quality control and testing.\" \/>\n<meta name=\"robots\" content=\"index, follow, max-snippet:-1, max-image-preview:large, max-video-preview:-1\" \/>\n<link rel=\"canonical\" href=\"https:\/\/sso2.com\/it\/quality-policy\/\" \/>\n<meta property=\"og:locale\" content=\"it_IT\" \/>\n<meta property=\"og:type\" content=\"article\" \/>\n<meta property=\"og:title\" content=\"Quality\" \/>\n<meta property=\"og:description\" content=\"SSO2 ensures the highest quality standards in gas analysis and oxygen sensor manufacturing through strict quality control and testing.\" \/>\n<meta property=\"og:url\" content=\"https:\/\/sso2.com\/it\/quality-policy\/\" \/>\n<meta property=\"og:site_name\" content=\"Southland Sensing Ltd.\" \/>\n<meta property=\"article:modified_time\" content=\"2025-10-10T18:39:36+00:00\" \/>\n<meta property=\"og:image\" content=\"https:\/\/sso2.com\/wp-content\/uploads\/2021\/04\/shutterstock_535330705-scaled.jpg\" \/>\n<meta name=\"twitter:card\" content=\"summary_large_image\" \/>\n<meta name=\"twitter:label1\" content=\"Tempo di lettura stimato\" \/>\n\t<meta name=\"twitter:data1\" content=\"1 minuto\" \/>\n<script type=\"application\/ld+json\" class=\"yoast-schema-graph\">{\"@context\":\"https:\/\/schema.org\",\"@graph\":[{\"@type\":\"WebPage\",\"@id\":\"https:\/\/sso2.com\/quality-policy\/\",\"url\":\"https:\/\/sso2.com\/quality-policy\/\",\"name\":\"Quality Policy | SSO2\u2019s Commitment to Accuracy & Reliability\",\"isPartOf\":{\"@id\":\"https:\/\/sso2.com\/#website\"},\"primaryImageOfPage\":{\"@id\":\"https:\/\/sso2.com\/quality-policy\/#primaryimage\"},\"image\":{\"@id\":\"https:\/\/sso2.com\/quality-policy\/#primaryimage\"},\"thumbnailUrl\":\"https:\/\/sso2.com\/wp-content\/uploads\/2021\/04\/shutterstock_535330705-scaled.jpg\",\"datePublished\":\"2020-12-14T23:17:13+00:00\",\"dateModified\":\"2025-10-10T18:39:36+00:00\",\"description\":\"SSO2 ensures the highest quality standards in gas analysis and oxygen sensor manufacturing through strict quality control and testing.\",\"breadcrumb\":{\"@id\":\"https:\/\/sso2.com\/quality-policy\/#breadcrumb\"},\"inLanguage\":\"it-IT\",\"potentialAction\":[{\"@type\":\"ReadAction\",\"target\":[\"https:\/\/sso2.com\/quality-policy\/\"]}]},{\"@type\":\"ImageObject\",\"inLanguage\":\"it-IT\",\"@id\":\"https:\/\/sso2.com\/quality-policy\/#primaryimage\",\"url\":\"https:\/\/sso2.com\/wp-content\/uploads\/2021\/04\/shutterstock_535330705-scaled.jpg\",\"contentUrl\":\"https:\/\/sso2.com\/wp-content\/uploads\/2021\/04\/shutterstock_535330705-scaled.jpg\"},{\"@type\":\"BreadcrumbList\",\"@id\":\"https:\/\/sso2.com\/quality-policy\/#breadcrumb\",\"itemListElement\":[{\"@type\":\"ListItem\",\"position\":1,\"name\":\"Home\",\"item\":\"https:\/\/sso2.com\/en\/\"},{\"@type\":\"ListItem\",\"position\":2,\"name\":\"Quality\"}]},{\"@type\":\"WebSite\",\"@id\":\"https:\/\/sso2.com\/#website\",\"url\":\"https:\/\/sso2.com\/\",\"name\":\"Southland Sensing Ltd.\",\"description\":\"Industrial &amp; Medical Gas Analyzers Oxygen CO\u2082, &amp; H\u2082 Monitors\",\"publisher\":{\"@id\":\"https:\/\/sso2.com\/#organization\"},\"alternateName\":\"SSO2\",\"potentialAction\":[{\"@type\":\"SearchAction\",\"target\":{\"@type\":\"EntryPoint\",\"urlTemplate\":\"https:\/\/sso2.com\/?s={search_term_string}\"},\"query-input\":{\"@type\":\"PropertyValueSpecification\",\"valueRequired\":true,\"valueName\":\"search_term_string\"}}],\"inLanguage\":\"it-IT\"},{\"@type\":\"Organization\",\"@id\":\"https:\/\/sso2.com\/#organization\",\"name\":\"Southland Sensing Ltd.\",\"alternateName\":\"SSO2\",\"url\":\"https:\/\/sso2.com\/\",\"logo\":{\"@type\":\"ImageObject\",\"inLanguage\":\"it-IT\",\"@id\":\"https:\/\/sso2.com\/#\/schema\/logo\/image\/\",\"url\":\"https:\/\/sso2.com\/wp-content\/uploads\/2025\/10\/sso2_300pixel.webp\",\"contentUrl\":\"https:\/\/sso2.com\/wp-content\/uploads\/2025\/10\/sso2_300pixel.webp\",\"width\":300,\"height\":50,\"caption\":\"Southland Sensing Ltd.\"},\"image\":{\"@id\":\"https:\/\/sso2.com\/#\/schema\/logo\/image\/\"},\"sameAs\":[\"https:\/\/www.linkedin.com\/company\/southland-sensing-ltd\/\"],\"description\":\"Southland Sensing Ltd. brings together superior performance, an improved user experience, and unmatched application expertise to deliver an accurate and reliable measurement solution. That\u2019s why multinationals, small companies and universities alike turn to us again and again.\",\"email\":\"sales@sso2.com\",\"telephone\":\"1-949-398-2879\",\"legalName\":\"Southland Sensing Ltd.\",\"foundingDate\":\"2013-01-01\",\"numberOfEmployees\":{\"@type\":\"QuantitativeValue\",\"minValue\":\"11\",\"maxValue\":\"50\"},\"publishingPrinciples\":\"https:\/\/sso2.com\/contact-us\/\",\"ownershipFundingInfo\":\"https:\/\/sso2.com\/about-us\/\",\"actionableFeedbackPolicy\":\"https:\/\/sso2.com\/contact-us\/\"}]}<\/script>\n<!-- \/ Yoast SEO Premium plugin. -->","yoast_head_json":{"title":"Politica della qualit\u00e0 | L'impegno di SSO2 per l'accuratezza e l'affidabilit\u00e0","description":"SSO2 garantisce i pi\u00f9 elevati standard qualitativi nell'analisi dei gas e nella produzione di sensori di ossigeno attraverso rigorosi controlli di qualit\u00e0 e test.","robots":{"index":"index","follow":"follow","max-snippet":"max-snippet:-1","max-image-preview":"max-image-preview:large","max-video-preview":"max-video-preview:-1"},"canonical":"https:\/\/sso2.com\/it\/quality-policy\/","og_locale":"it_IT","og_type":"article","og_title":"Quality","og_description":"SSO2 ensures the highest quality standards in gas analysis and oxygen sensor manufacturing through strict quality control and testing.","og_url":"https:\/\/sso2.com\/it\/quality-policy\/","og_site_name":"Southland Sensing Ltd.","article_modified_time":"2025-10-10T18:39:36+00:00","og_image":[{"url":"https:\/\/sso2.com\/wp-content\/uploads\/2021\/04\/shutterstock_535330705-scaled.jpg","type":"","width":"","height":""}],"twitter_card":"summary_large_image","twitter_misc":{"Tempo di lettura stimato":"1 minuto"},"schema":{"@context":"https:\/\/schema.org","@graph":[{"@type":"WebPage","@id":"https:\/\/sso2.com\/quality-policy\/","url":"https:\/\/sso2.com\/quality-policy\/","name":"Politica della qualit\u00e0 | L'impegno di SSO2 per l'accuratezza e l'affidabilit\u00e0","isPartOf":{"@id":"https:\/\/sso2.com\/#website"},"primaryImageOfPage":{"@id":"https:\/\/sso2.com\/quality-policy\/#primaryimage"},"image":{"@id":"https:\/\/sso2.com\/quality-policy\/#primaryimage"},"thumbnailUrl":"https:\/\/sso2.com\/wp-content\/uploads\/2021\/04\/shutterstock_535330705-scaled.jpg","datePublished":"2020-12-14T23:17:13+00:00","dateModified":"2025-10-10T18:39:36+00:00","description":"SSO2 garantisce i pi\u00f9 elevati standard qualitativi nell'analisi dei gas e nella produzione di sensori di ossigeno attraverso rigorosi controlli di qualit\u00e0 e test.","breadcrumb":{"@id":"https:\/\/sso2.com\/quality-policy\/#breadcrumb"},"inLanguage":"it-IT","potentialAction":[{"@type":"ReadAction","target":["https:\/\/sso2.com\/quality-policy\/"]}]},{"@type":"ImageObject","inLanguage":"it-IT","@id":"https:\/\/sso2.com\/quality-policy\/#primaryimage","url":"https:\/\/sso2.com\/wp-content\/uploads\/2021\/04\/shutterstock_535330705-scaled.jpg","contentUrl":"https:\/\/sso2.com\/wp-content\/uploads\/2021\/04\/shutterstock_535330705-scaled.jpg"},{"@type":"BreadcrumbList","@id":"https:\/\/sso2.com\/quality-policy\/#breadcrumb","itemListElement":[{"@type":"ListItem","position":1,"name":"Home","item":"https:\/\/sso2.com\/en\/"},{"@type":"ListItem","position":2,"name":"Quality"}]},{"@type":"WebSite","@id":"https:\/\/sso2.com\/#website","url":"https:\/\/sso2.com\/","name":"Southland Sensing Ltd.","description":"Industrial &amp; Medical Gas Analyzers Oxygen CO\u2082, &amp; H\u2082 Monitors","publisher":{"@id":"https:\/\/sso2.com\/#organization"},"alternateName":"SSO2","potentialAction":[{"@type":"SearchAction","target":{"@type":"EntryPoint","urlTemplate":"https:\/\/sso2.com\/?s={search_term_string}"},"query-input":{"@type":"PropertyValueSpecification","valueRequired":true,"valueName":"search_term_string"}}],"inLanguage":"it-IT"},{"@type":"Organization","@id":"https:\/\/sso2.com\/#organization","name":"Southland Sensing Ltd.","alternateName":"SSO2","url":"https:\/\/sso2.com\/","logo":{"@type":"ImageObject","inLanguage":"it-IT","@id":"https:\/\/sso2.com\/#\/schema\/logo\/image\/","url":"https:\/\/sso2.com\/wp-content\/uploads\/2025\/10\/sso2_300pixel.webp","contentUrl":"https:\/\/sso2.com\/wp-content\/uploads\/2025\/10\/sso2_300pixel.webp","width":300,"height":50,"caption":"Southland Sensing Ltd."},"image":{"@id":"https:\/\/sso2.com\/#\/schema\/logo\/image\/"},"sameAs":["https:\/\/www.linkedin.com\/company\/southland-sensing-ltd\/"],"description":"Southland Sensing Ltd. brings together superior performance, an improved user experience, and unmatched application expertise to deliver an accurate and reliable measurement solution. That\u2019s why multinationals, small companies and universities alike turn to us again and again.","email":"sales@sso2.com","telephone":"1-949-398-2879","legalName":"Southland Sensing Ltd.","foundingDate":"2013-01-01","numberOfEmployees":{"@type":"QuantitativeValue","minValue":"11","maxValue":"50"},"publishingPrinciples":"https:\/\/sso2.com\/contact-us\/","ownershipFundingInfo":"https:\/\/sso2.com\/about-us\/","actionableFeedbackPolicy":"https:\/\/sso2.com\/contact-us\/"}]}},"jetpack_sharing_enabled":true,"jetpack_shortlink":"https:\/\/wp.me\/PaSzwI-j0","_links":{"self":[{"href":"https:\/\/sso2.com\/it\/wp-json\/wp\/v2\/pages\/1178","targetHints":{"allow":["GET"]}}],"collection":[{"href":"https:\/\/sso2.com\/it\/wp-json\/wp\/v2\/pages"}],"about":[{"href":"https:\/\/sso2.com\/it\/wp-json\/wp\/v2\/types\/page"}],"author":[{"embeddable":true,"href":"https:\/\/sso2.com\/it\/wp-json\/wp\/v2\/users\/6"}],"replies":[{"embeddable":true,"href":"https:\/\/sso2.com\/it\/wp-json\/wp\/v2\/comments?post=1178"}],"version-history":[{"count":0,"href":"https:\/\/sso2.com\/it\/wp-json\/wp\/v2\/pages\/1178\/revisions"}],"wp:attachment":[{"href":"https:\/\/sso2.com\/it\/wp-json\/wp\/v2\/media?parent=1178"}],"curies":[{"name":"wp","href":"https:\/\/api.w.org\/{rel}","templated":true}]}}