{"id":963,"date":"2019-09-17T04:47:26","date_gmt":"2019-09-17T04:47:26","guid":{"rendered":"https:\/\/demo.activebizsolutions.com\/?post_type=product&#038;p=963"},"modified":"2025-11-19T12:17:25","modified_gmt":"2025-11-19T12:17:25","slug":"ambient-air-oxygen-analyzer-carbon-dioxide-analyzer","status":"publish","type":"product","link":"https:\/\/sso2.com\/fr\/product\/ambient-air-oxygen-analyzer-carbon-dioxide-analyzer\/","title":{"rendered":"OMD-351-O2-CO2 Dual O2 \/ CO2 Monitor"},"content":{"rendered":"<p>The OMD-351-O2-CO2 online dual gas ambient air monitor is designed to safely measure breathing air oxygen and carbon dioxide in confined spaces.\u00a0 The unit combines an advanced set of electronic features including a smart MENU interface with our industry leading precision electrochemical oxygen sensor technology. The result is a highly reliable and cost effective design with easy-to-use user interface.<\/p>\n<ul>\n<li>Type de bo\u00eetier : Montage mural ; IP66 \/ NEMA 4X<\/li>\n<li>Mat\u00e9riau du bo\u00eetier : Aluminium anodis\u00e9 robuste<\/li>\n<li>Range: 0 \u2013 30% Oxygen<\/li>\n<li>Range: 0 &#8211; 10000 PPM Carbon Dioxide<\/li>\n<li>Resolution: 0.1 % Oxygen, 1 PPM Carbon Dioxide<\/li>\n<li>Input Power: 100 \u2013 240 VAC or 24 VDC<\/li>\n<li>Sortie analogique : 4 - 20mA<\/li>\n<li>Audible Alarm: Integrated Hooter \/ Buzzer<\/li>\n<li>Alarmes : 2 contacts de relais de forme C enti\u00e8rement r\u00e9glables<\/li>\n<li>Power Fail Alarm: 1 Form C relay contact<\/li>\n<li>Power Backup: Integral Rechargeable Battery<\/li>\n<\/ul>\n<p>L'interface MENU intelligente int\u00e9gr\u00e9e permet \u00e0 l'utilisateur de configurer enti\u00e8rement l'analyseur par le biais du syst\u00e8me MENU embarqu\u00e9.  Pas besoin d'un ordinateur portable compliqu\u00e9 ou d'un autre dispositif de contr\u00f4le pour configurer l'analyseur sur le terrain.<\/p>\n<p>The oxygen sensor is based on the galvanic electrochemical fuel cell principal and is manufactured in house under a strict quality procedure; The CO2 sensor is based on a precision infrared measurement principal.\u00a0 The sensors are long life, self contained and minimal maintenance is required \u2013 no need to clean electrodes or add electrolyte.\u00a0 The precision sensors offer excellent performance, accuracy and stability while maximizing the expected life.<\/p>\n<p>The OMD-351-O2-CO2 Dual Gas Ambient Air Oxygen \/ Carbon Dioxide Analyzer is a great choice to monitor both oxygen deficiency &amp; excess carbon dioxide of breathing air in confined spaces.\u00a0 The analyzer meets or exceeds most domestic and international safety standards including OSHA requirements.<\/p>","protected":false},"excerpt":{"rendered":"<p>The OMD-351-O2-CO2 online dual gas ambient air monitor is designed to safely measure breathing air oxygen and carbon dioxide in confined spaces.\u00a0 The unit combines an advanced set of electronic features including a smart MENU interface with our industry leading precision electrochemical oxygen sensor technology. The result is a highly reliable and cost effective design [&hellip;]<\/p>\n","protected":false},"featured_media":2236,"comment_status":"open","ping_status":"closed","template":"","meta":[],"product_brand":[],"product_cat":[30],"product_tag":[],"class_list":{"0":"post-963","1":"product","2":"type-product","3":"status-publish","4":"has-post-thumbnail","6":"product_cat-ambient-air-monitors","8":"first","9":"instock","10":"shipping-taxable","11":"product-type-external"},"yoast_head":"<!-- This site is optimized with the Yoast SEO Premium plugin v27.2 (Yoast SEO v27.2) - https:\/\/yoast.com\/product\/yoast-seo-premium-wordpress\/ -->\n<title>OMD-351 Dual O2\/CO2 Monitor | Oxygen &amp; CO2 Analyzer<\/title>\n<meta name=\"description\" content=\"The OMD-351 is a dual O2\/CO2 monitor and analyzer. Get simultaneous monitoring of oxygen deficiency and carbon dioxide (CO2) levels.\" \/>\n<meta name=\"robots\" content=\"index, follow, max-snippet:-1, max-image-preview:large, max-video-preview:-1\" \/>\n<link rel=\"canonical\" href=\"https:\/\/sso2.com\/fr\/produit\/ambient-air-oxygen-analyzer-carbon-dioxide-analyzer\/\" \/>\n<meta property=\"og:locale\" content=\"fr_FR\" \/>\n<meta property=\"og:type\" content=\"article\" \/>\n<meta property=\"og:title\" content=\"OMD-351-O2-CO2 Dual O2 \/ CO2 Monitor\" \/>\n<meta property=\"og:description\" content=\"The OMD-351 is a dual O2\/CO2 monitor and analyzer. Get simultaneous monitoring of oxygen deficiency and carbon dioxide (CO2) levels.\" \/>\n<meta property=\"og:url\" content=\"https:\/\/sso2.com\/fr\/produit\/ambient-air-oxygen-analyzer-carbon-dioxide-analyzer\/\" \/>\n<meta property=\"og:site_name\" content=\"Southland Sensing Ltd.\" \/>\n<meta property=\"article:modified_time\" content=\"2025-11-19T12:17:25+00:00\" \/>\n<meta property=\"og:image\" content=\"https:\/\/sso2.com\/wp-content\/uploads\/2024\/01\/omd-351-o2-co2.png\" \/>\n\t<meta property=\"og:image:width\" content=\"1591\" \/>\n\t<meta property=\"og:image:height\" content=\"2560\" \/>\n\t<meta property=\"og:image:type\" content=\"image\/png\" \/>\n<meta name=\"twitter:card\" content=\"summary_large_image\" \/>\n<meta name=\"twitter:label1\" content=\"Prix\" \/>\n\t<meta name=\"twitter:data1\" content=\"\" \/>\n\t<meta name=\"twitter:label2\" content=\"Disponibilit\u00e9\" \/>\n\t<meta name=\"twitter:data2\" content=\"En stock\" \/>\n<script type=\"application\/ld+json\" class=\"yoast-schema-graph\">{\"@context\":\"https:\/\/schema.org\",\"@graph\":[{\"@type\":\"WebPage\",\"@id\":\"https:\/\/sso2.com\/product\/ambient-air-oxygen-analyzer-carbon-dioxide-analyzer\/\",\"url\":\"https:\/\/sso2.com\/product\/ambient-air-oxygen-analyzer-carbon-dioxide-analyzer\/\",\"name\":\"OMD-351 Dual O2\/CO2 Monitor | Oxygen & CO2 Analyzer\",\"isPartOf\":{\"@id\":\"https:\/\/sso2.com\/#website\"},\"primaryImageOfPage\":{\"@id\":\"https:\/\/sso2.com\/product\/ambient-air-oxygen-analyzer-carbon-dioxide-analyzer\/#primaryimage\"},\"image\":{\"@id\":\"https:\/\/sso2.com\/product\/ambient-air-oxygen-analyzer-carbon-dioxide-analyzer\/#primaryimage\"},\"thumbnailUrl\":\"https:\/\/i0.wp.com\/sso2.com\/wp-content\/uploads\/2024\/01\/omd-351-o2-co2.png?fit=1591%2C2560&ssl=1\",\"datePublished\":\"2019-09-17T04:47:26+00:00\",\"dateModified\":\"2025-11-19T12:17:25+00:00\",\"description\":\"The OMD-351 is a dual O2\/CO2 monitor and analyzer. Get simultaneous monitoring of oxygen deficiency and carbon dioxide (CO2) levels.\",\"breadcrumb\":{\"@id\":\"https:\/\/sso2.com\/product\/ambient-air-oxygen-analyzer-carbon-dioxide-analyzer\/#breadcrumb\"},\"inLanguage\":\"fr-FR\",\"potentialAction\":[{\"@type\":\"ReadAction\",\"target\":[\"https:\/\/sso2.com\/product\/ambient-air-oxygen-analyzer-carbon-dioxide-analyzer\/\"]}]},{\"@type\":\"ImageObject\",\"inLanguage\":\"fr-FR\",\"@id\":\"https:\/\/sso2.com\/product\/ambient-air-oxygen-analyzer-carbon-dioxide-analyzer\/#primaryimage\",\"url\":\"https:\/\/i0.wp.com\/sso2.com\/wp-content\/uploads\/2024\/01\/omd-351-o2-co2.png?fit=1591%2C2560&ssl=1\",\"contentUrl\":\"https:\/\/i0.wp.com\/sso2.com\/wp-content\/uploads\/2024\/01\/omd-351-o2-co2.png?fit=1591%2C2560&ssl=1\",\"width\":1591,\"height\":2560},{\"@type\":\"BreadcrumbList\",\"@id\":\"https:\/\/sso2.com\/product\/ambient-air-oxygen-analyzer-carbon-dioxide-analyzer\/#breadcrumb\",\"itemListElement\":[{\"@type\":\"ListItem\",\"position\":1,\"name\":\"Home\",\"item\":\"https:\/\/sso2.com\/en\/\"},{\"@type\":\"ListItem\",\"position\":2,\"name\":\"Shop\",\"item\":\"https:\/\/sso2.com\/shop\/\"},{\"@type\":\"ListItem\",\"position\":3,\"name\":\"OMD-351-O2-CO2 Dual O2 \/ CO2 Monitor\"}]},{\"@type\":\"WebSite\",\"@id\":\"https:\/\/sso2.com\/#website\",\"url\":\"https:\/\/sso2.com\/\",\"name\":\"Southland Sensing Ltd.\",\"description\":\"Industrial &amp; Medical Gas Analyzers Oxygen CO\u2082, &amp; H\u2082 Monitors\",\"publisher\":{\"@id\":\"https:\/\/sso2.com\/#organization\"},\"alternateName\":\"SSO2\",\"potentialAction\":[{\"@type\":\"SearchAction\",\"target\":{\"@type\":\"EntryPoint\",\"urlTemplate\":\"https:\/\/sso2.com\/?s={search_term_string}\"},\"query-input\":{\"@type\":\"PropertyValueSpecification\",\"valueRequired\":true,\"valueName\":\"search_term_string\"}}],\"inLanguage\":\"fr-FR\"},{\"@type\":\"Organization\",\"@id\":\"https:\/\/sso2.com\/#organization\",\"name\":\"Southland Sensing Ltd.\",\"alternateName\":\"SSO2\",\"url\":\"https:\/\/sso2.com\/\",\"logo\":{\"@type\":\"ImageObject\",\"inLanguage\":\"fr-FR\",\"@id\":\"https:\/\/sso2.com\/#\/schema\/logo\/image\/\",\"url\":\"https:\/\/sso2.com\/wp-content\/uploads\/2025\/10\/sso2_300pixel.webp\",\"contentUrl\":\"https:\/\/sso2.com\/wp-content\/uploads\/2025\/10\/sso2_300pixel.webp\",\"width\":300,\"height\":50,\"caption\":\"Southland Sensing Ltd.\"},\"image\":{\"@id\":\"https:\/\/sso2.com\/#\/schema\/logo\/image\/\"},\"sameAs\":[\"https:\/\/www.linkedin.com\/company\/southland-sensing-ltd\/\"],\"description\":\"Southland Sensing Ltd. brings together superior performance, an improved user experience, and unmatched application expertise to deliver an accurate and reliable measurement solution. That\u2019s why multinationals, small companies and universities alike turn to us again and again.\",\"email\":\"sales@sso2.com\",\"telephone\":\"1-949-398-2879\",\"legalName\":\"Southland Sensing Ltd.\",\"foundingDate\":\"2013-01-01\",\"numberOfEmployees\":{\"@type\":\"QuantitativeValue\",\"minValue\":\"11\",\"maxValue\":\"50\"},\"publishingPrinciples\":\"https:\/\/sso2.com\/contact-us\/\",\"ownershipFundingInfo\":\"https:\/\/sso2.com\/about-us\/\",\"actionableFeedbackPolicy\":\"https:\/\/sso2.com\/contact-us\/\"}]}<\/script>\n<meta property=\"product:price:currency\" content=\"USD\" \/>\n<meta property=\"og:availability\" content=\"instock\" \/>\n<meta property=\"product:availability\" content=\"instock\" \/>\n<meta property=\"product:condition\" content=\"new\" \/>\n<!-- \/ Yoast SEO Premium plugin. -->","yoast_head_json":{"title":"Moniteur double O2\/CO2 OMD-351 | Analyseur d'oxyg\u00e8ne et de CO2","description":"L'OMD-351 est un moniteur et analyseur double O2\/CO2. Il permet une surveillance simultan\u00e9e des niveaux d'oxyg\u00e8ne et de dioxyde de carbone (CO2).","robots":{"index":"index","follow":"follow","max-snippet":"max-snippet:-1","max-image-preview":"max-image-preview:large","max-video-preview":"max-video-preview:-1"},"canonical":"https:\/\/sso2.com\/fr\/produit\/ambient-air-oxygen-analyzer-carbon-dioxide-analyzer\/","og_locale":"fr_FR","og_type":"article","og_title":"OMD-351-O2-CO2 Dual O2 \/ CO2 Monitor","og_description":"The OMD-351 is a dual O2\/CO2 monitor and analyzer. Get simultaneous monitoring of oxygen deficiency and carbon dioxide (CO2) levels.","og_url":"https:\/\/sso2.com\/fr\/produit\/ambient-air-oxygen-analyzer-carbon-dioxide-analyzer\/","og_site_name":"Southland Sensing Ltd.","article_modified_time":"2025-11-19T12:17:25+00:00","og_image":[{"width":1591,"height":2560,"url":"https:\/\/sso2.com\/wp-content\/uploads\/2024\/01\/omd-351-o2-co2.png","type":"image\/png"}],"twitter_card":"summary_large_image","twitter_misc":{"Prix":"","Disponibilit\u00e9":"En stock"},"schema":{"@context":"https:\/\/schema.org","@graph":[{"@type":"WebPage","@id":"https:\/\/sso2.com\/product\/ambient-air-oxygen-analyzer-carbon-dioxide-analyzer\/","url":"https:\/\/sso2.com\/product\/ambient-air-oxygen-analyzer-carbon-dioxide-analyzer\/","name":"Moniteur double O2\/CO2 OMD-351 | Analyseur d'oxyg\u00e8ne et de CO2","isPartOf":{"@id":"https:\/\/sso2.com\/#website"},"primaryImageOfPage":{"@id":"https:\/\/sso2.com\/product\/ambient-air-oxygen-analyzer-carbon-dioxide-analyzer\/#primaryimage"},"image":{"@id":"https:\/\/sso2.com\/product\/ambient-air-oxygen-analyzer-carbon-dioxide-analyzer\/#primaryimage"},"thumbnailUrl":"https:\/\/i0.wp.com\/sso2.com\/wp-content\/uploads\/2024\/01\/omd-351-o2-co2.png?fit=1591%2C2560&ssl=1","datePublished":"2019-09-17T04:47:26+00:00","dateModified":"2025-11-19T12:17:25+00:00","description":"L'OMD-351 est un moniteur et analyseur double O2\/CO2. Il permet une surveillance simultan\u00e9e des niveaux d'oxyg\u00e8ne et de dioxyde de carbone (CO2).","breadcrumb":{"@id":"https:\/\/sso2.com\/product\/ambient-air-oxygen-analyzer-carbon-dioxide-analyzer\/#breadcrumb"},"inLanguage":"fr-FR","potentialAction":[{"@type":"ReadAction","target":["https:\/\/sso2.com\/product\/ambient-air-oxygen-analyzer-carbon-dioxide-analyzer\/"]}]},{"@type":"ImageObject","inLanguage":"fr-FR","@id":"https:\/\/sso2.com\/product\/ambient-air-oxygen-analyzer-carbon-dioxide-analyzer\/#primaryimage","url":"https:\/\/i0.wp.com\/sso2.com\/wp-content\/uploads\/2024\/01\/omd-351-o2-co2.png?fit=1591%2C2560&ssl=1","contentUrl":"https:\/\/i0.wp.com\/sso2.com\/wp-content\/uploads\/2024\/01\/omd-351-o2-co2.png?fit=1591%2C2560&ssl=1","width":1591,"height":2560},{"@type":"BreadcrumbList","@id":"https:\/\/sso2.com\/product\/ambient-air-oxygen-analyzer-carbon-dioxide-analyzer\/#breadcrumb","itemListElement":[{"@type":"ListItem","position":1,"name":"Home","item":"https:\/\/sso2.com\/en\/"},{"@type":"ListItem","position":2,"name":"Shop","item":"https:\/\/sso2.com\/shop\/"},{"@type":"ListItem","position":3,"name":"OMD-351-O2-CO2 Dual O2 \/ CO2 Monitor"}]},{"@type":"WebSite","@id":"https:\/\/sso2.com\/#website","url":"https:\/\/sso2.com\/","name":"Southland Sensing Ltd.","description":"Industrial &amp; Medical Gas Analyzers Oxygen CO\u2082, &amp; H\u2082 Monitors","publisher":{"@id":"https:\/\/sso2.com\/#organization"},"alternateName":"SSO2","potentialAction":[{"@type":"SearchAction","target":{"@type":"EntryPoint","urlTemplate":"https:\/\/sso2.com\/?s={search_term_string}"},"query-input":{"@type":"PropertyValueSpecification","valueRequired":true,"valueName":"search_term_string"}}],"inLanguage":"fr-FR"},{"@type":"Organization","@id":"https:\/\/sso2.com\/#organization","name":"Southland Sensing Ltd.","alternateName":"SSO2","url":"https:\/\/sso2.com\/","logo":{"@type":"ImageObject","inLanguage":"fr-FR","@id":"https:\/\/sso2.com\/#\/schema\/logo\/image\/","url":"https:\/\/sso2.com\/wp-content\/uploads\/2025\/10\/sso2_300pixel.webp","contentUrl":"https:\/\/sso2.com\/wp-content\/uploads\/2025\/10\/sso2_300pixel.webp","width":300,"height":50,"caption":"Southland Sensing Ltd."},"image":{"@id":"https:\/\/sso2.com\/#\/schema\/logo\/image\/"},"sameAs":["https:\/\/www.linkedin.com\/company\/southland-sensing-ltd\/"],"description":"Southland Sensing Ltd. brings together superior performance, an improved user experience, and unmatched application expertise to deliver an accurate and reliable measurement solution. That\u2019s why multinationals, small companies and universities alike turn to us again and again.","email":"sales@sso2.com","telephone":"1-949-398-2879","legalName":"Southland Sensing Ltd.","foundingDate":"2013-01-01","numberOfEmployees":{"@type":"QuantitativeValue","minValue":"11","maxValue":"50"},"publishingPrinciples":"https:\/\/sso2.com\/contact-us\/","ownershipFundingInfo":"https:\/\/sso2.com\/about-us\/","actionableFeedbackPolicy":"https:\/\/sso2.com\/contact-us\/"}]},"product_price_currency":"USD","og_availability":"instock","product_availability":"instock","product_condition":"new"},"jetpack_sharing_enabled":true,"_links":{"self":[{"href":"https:\/\/sso2.com\/fr\/wp-json\/wp\/v2\/product\/963","targetHints":{"allow":["GET"]}}],"collection":[{"href":"https:\/\/sso2.com\/fr\/wp-json\/wp\/v2\/product"}],"about":[{"href":"https:\/\/sso2.com\/fr\/wp-json\/wp\/v2\/types\/product"}],"replies":[{"embeddable":true,"href":"https:\/\/sso2.com\/fr\/wp-json\/wp\/v2\/comments?post=963"}],"wp:featuredmedia":[{"embeddable":true,"href":"https:\/\/sso2.com\/fr\/wp-json\/wp\/v2\/media\/2236"}],"wp:attachment":[{"href":"https:\/\/sso2.com\/fr\/wp-json\/wp\/v2\/media?parent=963"}],"wp:term":[{"taxonomy":"product_brand","embeddable":true,"href":"https:\/\/sso2.com\/fr\/wp-json\/wp\/v2\/product_brand?post=963"},{"taxonomy":"product_cat","embeddable":true,"href":"https:\/\/sso2.com\/fr\/wp-json\/wp\/v2\/product_cat?post=963"},{"taxonomy":"product_tag","embeddable":true,"href":"https:\/\/sso2.com\/fr\/wp-json\/wp\/v2\/product_tag?post=963"}],"curies":[{"name":"wp","href":"https:\/\/api.w.org\/{rel}","templated":true}]}}