{"id":893,"date":"2019-06-06T16:24:37","date_gmt":"2019-06-06T16:24:37","guid":{"rendered":"https:\/\/demo.activebizsolutions.com\/?post_type=product&#038;p=893"},"modified":"2025-11-19T12:25:30","modified_gmt":"2025-11-19T12:25:30","slug":"hazardous-area-online-process-hydrogen-sulfide-analyzer","status":"publish","type":"product","link":"https:\/\/sso2.com\/fr\/product\/hazardous-area-online-process-hydrogen-sulfide-analyzer\/","title":{"rendered":"H2S-625 Hazardous Area H2S Analyzer"},"content":{"rendered":"<p>The H2S-625 Hazardous Area Online Hydrogen Sulfide Analyzer is designed to continuously with very little maintenance requirement.\u00a0 The analyzer comes with ATEX and IECEx certification for use in Ex db ib IIB+H2 T4 Gb areas. The unit combines an advanced set of electronic features including a smart MENU interface with our industry leading precision electrochemical sensor technology. The result is a highly reliable and cost effective design with easy-to-use user interface.<\/p>\n<ul>\n<li>Enclosure Type: Wall Mount; Pole Mount<\/li>\n<li>Plages standard : 0 - 10\/50\/100\/200 PPM<\/li>\n<li>Plages optionnelles : 0 - 100\/500\/1000\/2000 PPM<\/li>\n<li>Optional Ranges: 0 &#8211; 1000\/2000\/5000\/10000 PPM<\/li>\n<li>Mode de port\u00e9e : Port\u00e9e automatique ou manuelle<\/li>\n<li>R\u00e9solution : 0,01 PPM, 0,1 PPM ou 1 PPM<\/li>\n<li>Input Power: 100 \u2013 240 VAC or 12 \u2013 24 VDC<\/li>\n<li>Analog Output: 4 \u2013 20mA or 1 \u2013 5V DC<\/li>\n<li>Communication: Bi-Directional\u00a0MODBUS RS485 RTU<\/li>\n<li>Alarmes : 2 contacts de relais de forme C enti\u00e8rement r\u00e9glables<\/li>\n<\/ul>\n<p>The built in smart MENU interface allow the user to fully configure the analyzer through the onboard MENU system, no need for a complicated laptop or other control device to setup the analyzer in the field.<\/p>\n<p>The analyzer is designed as an extractive type unit to draw the sample through its integrated sample system which includes a 3-way sample \/ span valve, and a visual rotameter \/ flowmeter with flow control valve.\u00a0 The analyzer has a unique design that oxygen does not need to be present in the sample gas to get a good accurate H2S reading.<\/p>\n<p>The H2S sensor is based on the galvanic electrochemical fuel cell principal.\u00a0 The sensors are self contained and minimal maintenance is required &#8211; no need to clean electrodes or add electrolyte.\u00a0 The precision sensors offer excellent performance, accuracy and stability while maximizing the expected life.\u00a0 The analyzer comes with 3 optional sensors, The H2S-1x has four ranges 0 &#8211; 10 ppm, 0 &#8211; 50 ppm, 0 &#8211; 100 ppm, 0 &#8211; 200 ppm.\u00a0 The H2S-2x has 0 &#8211; 100 ppm, 0 &#8211; 500 ppm, 0 &#8211; 1000 ppm and 0 &#8211; 2000 ppm. The H2S-3x has 0 &#8211; 1000 ppm, 0 &#8211; 2000 ppm, 0 &#8211; 5000 ppm, and 0 &#8211; 10000 ppm.<\/p>\n<p>The sensors are self-contained and minimal maintenance is required \u2013 no need to clean electrodes or add electrolyte.<\/p>\n<p>Primary applications for this analyzer include natural gas, landfill and biogas applications.<\/p>","protected":false},"excerpt":{"rendered":"<p>The H2S-625 Hazardous Area Online Hydrogen Sulfide Analyzer is designed to continuously with very little maintenance requirement.\u00a0 The analyzer comes with ATEX and IECEx certification for use in Ex db ib IIB+H2 T4 Gb areas. The unit combines an advanced set of electronic features including a smart MENU interface with our industry leading precision electrochemical [&hellip;]<\/p>\n","protected":false},"featured_media":1914,"comment_status":"open","ping_status":"closed","template":"","meta":[],"product_brand":[],"product_cat":[29],"product_tag":[],"class_list":{"0":"post-893","1":"product","2":"type-product","3":"status-publish","4":"has-post-thumbnail","6":"product_cat-industrial-h2s-analyzers","8":"first","9":"instock","10":"shipping-taxable","11":"product-type-external"},"yoast_head":"<!-- This site is optimized with the Yoast SEO Premium plugin v27.4 (Yoast SEO v27.4) - https:\/\/yoast.com\/product\/yoast-seo-premium-wordpress\/ -->\n<title>H2S-625 Hazardous Area H2S Analyzer | Gas Detector<\/title>\n<meta name=\"description\" content=\"The H2S-625 is a hazardous area H2S analyzer. Ensure safety with reliable gas detection in potentially oxygen deficient atmosphere environments.\" \/>\n<meta name=\"robots\" content=\"index, follow, max-snippet:-1, max-image-preview:large, max-video-preview:-1\" \/>\n<link rel=\"canonical\" href=\"https:\/\/sso2.com\/fr\/produit\/hazardous-area-online-process-hydrogen-sulfide-analyzer\/\" \/>\n<meta property=\"og:locale\" content=\"fr_FR\" \/>\n<meta property=\"og:type\" content=\"article\" \/>\n<meta property=\"og:title\" content=\"H2S-625 Hazardous Area H2S Analyzer\" \/>\n<meta property=\"og:description\" content=\"The H2S-625 is a hazardous area H2S analyzer. Ensure safety with reliable gas detection in potentially oxygen deficient atmosphere environments.\" \/>\n<meta property=\"og:url\" content=\"https:\/\/sso2.com\/fr\/produit\/hazardous-area-online-process-hydrogen-sulfide-analyzer\/\" \/>\n<meta property=\"og:site_name\" content=\"Southland Sensing Ltd.\" \/>\n<meta property=\"article:modified_time\" content=\"2025-11-19T12:25:30+00:00\" \/>\n<meta property=\"og:image\" content=\"https:\/\/sso2.com\/wp-content\/uploads\/2022\/06\/h2s-625.png\" \/>\n\t<meta property=\"og:image:width\" content=\"966\" \/>\n\t<meta property=\"og:image:height\" content=\"940\" \/>\n\t<meta property=\"og:image:type\" content=\"image\/png\" \/>\n<meta name=\"twitter:card\" content=\"summary_large_image\" \/>\n<meta name=\"twitter:label1\" content=\"Prix\" \/>\n\t<meta name=\"twitter:data1\" content=\"\" \/>\n\t<meta name=\"twitter:label2\" content=\"Disponibilit\u00e9\" \/>\n\t<meta name=\"twitter:data2\" content=\"En stock\" \/>\n<script type=\"application\/ld+json\" class=\"yoast-schema-graph\">{\"@context\":\"https:\\\/\\\/schema.org\",\"@graph\":[{\"@type\":\"WebPage\",\"@id\":\"https:\\\/\\\/sso2.com\\\/product\\\/hazardous-area-online-process-hydrogen-sulfide-analyzer\\\/\",\"url\":\"https:\\\/\\\/sso2.com\\\/product\\\/hazardous-area-online-process-hydrogen-sulfide-analyzer\\\/\",\"name\":\"H2S-625 Hazardous Area H2S Analyzer | Gas Detector\",\"isPartOf\":{\"@id\":\"https:\\\/\\\/sso2.com\\\/#website\"},\"primaryImageOfPage\":{\"@id\":\"https:\\\/\\\/sso2.com\\\/product\\\/hazardous-area-online-process-hydrogen-sulfide-analyzer\\\/#primaryimage\"},\"image\":{\"@id\":\"https:\\\/\\\/sso2.com\\\/product\\\/hazardous-area-online-process-hydrogen-sulfide-analyzer\\\/#primaryimage\"},\"thumbnailUrl\":\"https:\\\/\\\/i0.wp.com\\\/sso2.com\\\/wp-content\\\/uploads\\\/2022\\\/06\\\/h2s-625.png?fit=966%2C940&ssl=1\",\"datePublished\":\"2019-06-06T16:24:37+00:00\",\"dateModified\":\"2025-11-19T12:25:30+00:00\",\"description\":\"The H2S-625 is a hazardous area H2S analyzer. Ensure safety with reliable gas detection in potentially oxygen deficient atmosphere environments.\",\"breadcrumb\":{\"@id\":\"https:\\\/\\\/sso2.com\\\/product\\\/hazardous-area-online-process-hydrogen-sulfide-analyzer\\\/#breadcrumb\"},\"inLanguage\":\"fr-FR\",\"potentialAction\":[{\"@type\":\"ReadAction\",\"target\":[\"https:\\\/\\\/sso2.com\\\/product\\\/hazardous-area-online-process-hydrogen-sulfide-analyzer\\\/\"]}]},{\"@type\":\"ImageObject\",\"inLanguage\":\"fr-FR\",\"@id\":\"https:\\\/\\\/sso2.com\\\/product\\\/hazardous-area-online-process-hydrogen-sulfide-analyzer\\\/#primaryimage\",\"url\":\"https:\\\/\\\/i0.wp.com\\\/sso2.com\\\/wp-content\\\/uploads\\\/2022\\\/06\\\/h2s-625.png?fit=966%2C940&ssl=1\",\"contentUrl\":\"https:\\\/\\\/i0.wp.com\\\/sso2.com\\\/wp-content\\\/uploads\\\/2022\\\/06\\\/h2s-625.png?fit=966%2C940&ssl=1\",\"width\":966,\"height\":940},{\"@type\":\"BreadcrumbList\",\"@id\":\"https:\\\/\\\/sso2.com\\\/product\\\/hazardous-area-online-process-hydrogen-sulfide-analyzer\\\/#breadcrumb\",\"itemListElement\":[{\"@type\":\"ListItem\",\"position\":1,\"name\":\"Home\",\"item\":\"https:\\\/\\\/sso2.com\\\/en\\\/\"},{\"@type\":\"ListItem\",\"position\":2,\"name\":\"Shop\",\"item\":\"https:\\\/\\\/sso2.com\\\/shop\\\/\"},{\"@type\":\"ListItem\",\"position\":3,\"name\":\"H2S-625 Hazardous Area H2S Analyzer\"}]},{\"@type\":\"WebSite\",\"@id\":\"https:\\\/\\\/sso2.com\\\/#website\",\"url\":\"https:\\\/\\\/sso2.com\\\/\",\"name\":\"Southland Sensing Ltd.\",\"description\":\"Industrial &amp; Medical Gas Analyzers Oxygen CO\u2082, &amp; H\u2082 Monitors\",\"publisher\":{\"@id\":\"https:\\\/\\\/sso2.com\\\/#organization\"},\"alternateName\":\"SSO2\",\"potentialAction\":[{\"@type\":\"SearchAction\",\"target\":{\"@type\":\"EntryPoint\",\"urlTemplate\":\"https:\\\/\\\/sso2.com\\\/?s={search_term_string}\"},\"query-input\":{\"@type\":\"PropertyValueSpecification\",\"valueRequired\":true,\"valueName\":\"search_term_string\"}}],\"inLanguage\":\"fr-FR\"},{\"@type\":\"Organization\",\"@id\":\"https:\\\/\\\/sso2.com\\\/#organization\",\"name\":\"Southland Sensing Ltd.\",\"alternateName\":\"SSO2\",\"url\":\"https:\\\/\\\/sso2.com\\\/\",\"logo\":{\"@type\":\"ImageObject\",\"inLanguage\":\"fr-FR\",\"@id\":\"https:\\\/\\\/sso2.com\\\/#\\\/schema\\\/logo\\\/image\\\/\",\"url\":\"https:\\\/\\\/sso2.com\\\/wp-content\\\/uploads\\\/2025\\\/10\\\/sso2_300pixel.webp\",\"contentUrl\":\"https:\\\/\\\/sso2.com\\\/wp-content\\\/uploads\\\/2025\\\/10\\\/sso2_300pixel.webp\",\"width\":300,\"height\":50,\"caption\":\"Southland Sensing Ltd.\"},\"image\":{\"@id\":\"https:\\\/\\\/sso2.com\\\/#\\\/schema\\\/logo\\\/image\\\/\"},\"sameAs\":[\"https:\\\/\\\/www.linkedin.com\\\/company\\\/southland-sensing-ltd\\\/\"],\"description\":\"Southland Sensing Ltd. brings together superior performance, an improved user experience, and unmatched application expertise to deliver an accurate and reliable measurement solution. That\u2019s why multinationals, small companies and universities alike turn to us again and again.\",\"email\":\"sales@sso2.com\",\"telephone\":\"1-949-398-2879\",\"legalName\":\"Southland Sensing Ltd.\",\"foundingDate\":\"2013-01-01\",\"numberOfEmployees\":{\"@type\":\"QuantitativeValue\",\"minValue\":\"11\",\"maxValue\":\"50\"},\"publishingPrinciples\":\"https:\\\/\\\/sso2.com\\\/contact-us\\\/\",\"ownershipFundingInfo\":\"https:\\\/\\\/sso2.com\\\/about-us\\\/\",\"actionableFeedbackPolicy\":\"https:\\\/\\\/sso2.com\\\/contact-us\\\/\"}]}<\/script>\n<meta property=\"product:price:currency\" content=\"USD\" \/>\n<meta property=\"og:availability\" content=\"instock\" \/>\n<meta property=\"product:availability\" content=\"instock\" \/>\n<meta property=\"product:condition\" content=\"new\" \/>\n<!-- \/ Yoast SEO Premium plugin. -->","yoast_head_json":{"title":"Analyseur de H2S-625 pour zones dangereuses | D\u00e9tecteur de gaz","description":"L'analyseur H2S-625 est con\u00e7u pour les zones dangereuses. Il garantit la s\u00e9curit\u00e9 gr\u00e2ce \u00e0 une d\u00e9tection fiable des gaz, m\u00eame dans les environnements potentiellement pauvres en oxyg\u00e8ne.","robots":{"index":"index","follow":"follow","max-snippet":"max-snippet:-1","max-image-preview":"max-image-preview:large","max-video-preview":"max-video-preview:-1"},"canonical":"https:\/\/sso2.com\/fr\/produit\/hazardous-area-online-process-hydrogen-sulfide-analyzer\/","og_locale":"fr_FR","og_type":"article","og_title":"H2S-625 Hazardous Area H2S Analyzer","og_description":"The H2S-625 is a hazardous area H2S analyzer. Ensure safety with reliable gas detection in potentially oxygen deficient atmosphere environments.","og_url":"https:\/\/sso2.com\/fr\/produit\/hazardous-area-online-process-hydrogen-sulfide-analyzer\/","og_site_name":"Southland Sensing Ltd.","article_modified_time":"2025-11-19T12:25:30+00:00","og_image":[{"width":966,"height":940,"url":"https:\/\/sso2.com\/wp-content\/uploads\/2022\/06\/h2s-625.png","type":"image\/png"}],"twitter_card":"summary_large_image","twitter_misc":{"Prix":"","Disponibilit\u00e9":"En stock"},"schema":{"@context":"https:\/\/schema.org","@graph":[{"@type":"WebPage","@id":"https:\/\/sso2.com\/product\/hazardous-area-online-process-hydrogen-sulfide-analyzer\/","url":"https:\/\/sso2.com\/product\/hazardous-area-online-process-hydrogen-sulfide-analyzer\/","name":"Analyseur de H2S-625 pour zones dangereuses | D\u00e9tecteur de gaz","isPartOf":{"@id":"https:\/\/sso2.com\/#website"},"primaryImageOfPage":{"@id":"https:\/\/sso2.com\/product\/hazardous-area-online-process-hydrogen-sulfide-analyzer\/#primaryimage"},"image":{"@id":"https:\/\/sso2.com\/product\/hazardous-area-online-process-hydrogen-sulfide-analyzer\/#primaryimage"},"thumbnailUrl":"https:\/\/i0.wp.com\/sso2.com\/wp-content\/uploads\/2022\/06\/h2s-625.png?fit=966%2C940&ssl=1","datePublished":"2019-06-06T16:24:37+00:00","dateModified":"2025-11-19T12:25:30+00:00","description":"L'analyseur H2S-625 est con\u00e7u pour les zones dangereuses. Il garantit la s\u00e9curit\u00e9 gr\u00e2ce \u00e0 une d\u00e9tection fiable des gaz, m\u00eame dans les environnements potentiellement pauvres en oxyg\u00e8ne.","breadcrumb":{"@id":"https:\/\/sso2.com\/product\/hazardous-area-online-process-hydrogen-sulfide-analyzer\/#breadcrumb"},"inLanguage":"fr-FR","potentialAction":[{"@type":"ReadAction","target":["https:\/\/sso2.com\/product\/hazardous-area-online-process-hydrogen-sulfide-analyzer\/"]}]},{"@type":"ImageObject","inLanguage":"fr-FR","@id":"https:\/\/sso2.com\/product\/hazardous-area-online-process-hydrogen-sulfide-analyzer\/#primaryimage","url":"https:\/\/i0.wp.com\/sso2.com\/wp-content\/uploads\/2022\/06\/h2s-625.png?fit=966%2C940&ssl=1","contentUrl":"https:\/\/i0.wp.com\/sso2.com\/wp-content\/uploads\/2022\/06\/h2s-625.png?fit=966%2C940&ssl=1","width":966,"height":940},{"@type":"BreadcrumbList","@id":"https:\/\/sso2.com\/product\/hazardous-area-online-process-hydrogen-sulfide-analyzer\/#breadcrumb","itemListElement":[{"@type":"ListItem","position":1,"name":"Home","item":"https:\/\/sso2.com\/en\/"},{"@type":"ListItem","position":2,"name":"Shop","item":"https:\/\/sso2.com\/shop\/"},{"@type":"ListItem","position":3,"name":"H2S-625 Hazardous Area H2S Analyzer"}]},{"@type":"WebSite","@id":"https:\/\/sso2.com\/#website","url":"https:\/\/sso2.com\/","name":"Southland Sensing Ltd.","description":"Industrial &amp; Medical Gas Analyzers Oxygen CO\u2082, &amp; H\u2082 Monitors","publisher":{"@id":"https:\/\/sso2.com\/#organization"},"alternateName":"SSO2","potentialAction":[{"@type":"SearchAction","target":{"@type":"EntryPoint","urlTemplate":"https:\/\/sso2.com\/?s={search_term_string}"},"query-input":{"@type":"PropertyValueSpecification","valueRequired":true,"valueName":"search_term_string"}}],"inLanguage":"fr-FR"},{"@type":"Organization","@id":"https:\/\/sso2.com\/#organization","name":"Southland Sensing Ltd.","alternateName":"SSO2","url":"https:\/\/sso2.com\/","logo":{"@type":"ImageObject","inLanguage":"fr-FR","@id":"https:\/\/sso2.com\/#\/schema\/logo\/image\/","url":"https:\/\/sso2.com\/wp-content\/uploads\/2025\/10\/sso2_300pixel.webp","contentUrl":"https:\/\/sso2.com\/wp-content\/uploads\/2025\/10\/sso2_300pixel.webp","width":300,"height":50,"caption":"Southland Sensing Ltd."},"image":{"@id":"https:\/\/sso2.com\/#\/schema\/logo\/image\/"},"sameAs":["https:\/\/www.linkedin.com\/company\/southland-sensing-ltd\/"],"description":"Southland Sensing Ltd. brings together superior performance, an improved user experience, and unmatched application expertise to deliver an accurate and reliable measurement solution. That\u2019s why multinationals, small companies and universities alike turn to us again and again.","email":"sales@sso2.com","telephone":"1-949-398-2879","legalName":"Southland Sensing Ltd.","foundingDate":"2013-01-01","numberOfEmployees":{"@type":"QuantitativeValue","minValue":"11","maxValue":"50"},"publishingPrinciples":"https:\/\/sso2.com\/contact-us\/","ownershipFundingInfo":"https:\/\/sso2.com\/about-us\/","actionableFeedbackPolicy":"https:\/\/sso2.com\/contact-us\/"}]},"product_price_currency":"USD","og_availability":"instock","product_availability":"instock","product_condition":"new"},"jetpack_sharing_enabled":true,"_links":{"self":[{"href":"https:\/\/sso2.com\/fr\/wp-json\/wp\/v2\/product\/893","targetHints":{"allow":["GET"]}}],"collection":[{"href":"https:\/\/sso2.com\/fr\/wp-json\/wp\/v2\/product"}],"about":[{"href":"https:\/\/sso2.com\/fr\/wp-json\/wp\/v2\/types\/product"}],"replies":[{"embeddable":true,"href":"https:\/\/sso2.com\/fr\/wp-json\/wp\/v2\/comments?post=893"}],"wp:featuredmedia":[{"embeddable":true,"href":"https:\/\/sso2.com\/fr\/wp-json\/wp\/v2\/media\/1914"}],"wp:attachment":[{"href":"https:\/\/sso2.com\/fr\/wp-json\/wp\/v2\/media?parent=893"}],"wp:term":[{"taxonomy":"product_brand","embeddable":true,"href":"https:\/\/sso2.com\/fr\/wp-json\/wp\/v2\/product_brand?post=893"},{"taxonomy":"product_cat","embeddable":true,"href":"https:\/\/sso2.com\/fr\/wp-json\/wp\/v2\/product_cat?post=893"},{"taxonomy":"product_tag","embeddable":true,"href":"https:\/\/sso2.com\/fr\/wp-json\/wp\/v2\/product_tag?post=893"}],"curies":[{"name":"wp","href":"https:\/\/api.w.org\/{rel}","templated":true}]}}