{"id":862,"date":"2019-05-07T17:24:48","date_gmt":"2019-05-07T17:24:48","guid":{"rendered":"https:\/\/demo.activebizsolutions.com\/?post_type=product&#038;p=862"},"modified":"2025-11-19T12:27:10","modified_gmt":"2025-11-19T12:27:10","slug":"portable-trace-hydrogen-sulfide-analyzer-ce","status":"publish","type":"product","link":"https:\/\/sso2.com\/fr\/product\/portable-trace-hydrogen-sulfide-analyzer-ce\/","title":{"rendered":"H2S-740 Analyseur portable de traces de sulfure d'hydrog\u00e8ne"},"content":{"rendered":"<p>L'analyseur portable de sulfure d'hydrog\u00e8ne H2S-740 combine un bo\u00eetier robuste en aluminium anodis\u00e9 et un ensemble de fonctions \u00e9lectroniques avanc\u00e9es, y compris une interface MENU intelligente, avec notre technologie de capteur de pr\u00e9cision SSO2.  Le r\u00e9sultat est une conception tr\u00e8s fiable et rentable avec une interface utilisateur facile \u00e0 utiliser.<\/p>\n<ul>\n<li>Bo\u00eetier : Aluminium anodis\u00e9 ; Portable<\/li>\n<li>Plages standard : 0 - 10\/50\/100\/200 PPM<\/li>\n<li>Plages optionnelles : 0 - 100\/500\/1000\/2000 PPM<\/li>\n<li>Plages optionnelles : 0 - 1000\/2000\/5000\/10000 PPM<\/li>\n<li>R\u00e9solution : 0,01 PPM, 0,1 PPM ou 1 PPM<\/li>\n<li>Puissance d'entr\u00e9e : 100 - 240 VAC avec prise internationale<\/li>\n<li>Sortie analogique : 0 - 1V DC<\/li>\n<li>Enregistrement des donn\u00e9es : Cl\u00e9 USB amovible<\/li>\n<li>Pompe d'\u00e9chantillonnage int\u00e9gr\u00e9e en option<\/li>\n<\/ul>\n<p>L'interface MENU intelligente int\u00e9gr\u00e9e permet \u00e0 l'utilisateur de configurer enti\u00e8rement l'analyseur par le biais du syst\u00e8me MENU embarqu\u00e9.  Pas besoin d'un ordinateur portable compliqu\u00e9 ou d'un autre dispositif de contr\u00f4le pour configurer l'analyseur sur le terrain.<\/p>\n<p>Le capteur H2S est bas\u00e9 sur le principe de la pile \u00e0 combustible \u00e9lectrochimique galvanique.  Les capteurs sont autonomes et ne n\u00e9cessitent qu'une maintenance minimale - pas besoin de nettoyer les \u00e9lectrodes ou d'ajouter de l'\u00e9lectrolyte.  Les capteurs de pr\u00e9cision offrent d'excellentes performances, pr\u00e9cision et stabilit\u00e9 tout en maximisant la dur\u00e9e de vie pr\u00e9vue.  L'analyseur est livr\u00e9 avec 3 capteurs optionnels, le H2S-1x a quatre gammes 0 - 10 ppm, 0 - 50 ppm, 0 - 100 ppm, 0 - 200 ppm.  Le H2S-2x a une plage de 0 \u00e0 100 ppm, 0 \u00e0 500 ppm, 0 \u00e0 1000 ppm et 0 \u00e0 2000 ppm. Le H2S-3x a une gamme de 0 \u00e0 1000 ppm, 0 \u00e0 2000 ppm, 0 \u00e0 5000 ppm et 0 \u00e0 10000 ppm.<\/p>\n<p>Une cl\u00e9 USB amovible pour l'enregistrement des donn\u00e9es au format .CSV (Excel). Avec une cl\u00e9 USB de 8 Go, vous pouvez enregistrer des donn\u00e9es \u00e0 intervalles d'une minute pendant environ 50 ans avant de manquer de m\u00e9moire. L'ensemble des fonctions \u00e9lectroniques avanc\u00e9es et la souplesse d'acc\u00e8s aux donn\u00e9es permettent \u00e0 cet analyseur d'\u00eatre in\u00e9gal\u00e9 sur le march\u00e9.<\/p>\n<p>L'\u00e9cran de l'analyseur est con\u00e7u pour \u00eatre utilis\u00e9 en plein soleil. Il n'est pas n\u00e9cessaire de pr\u00e9voir un abat-jour ou une autre m\u00e9thode pour voir l'\u00e9cran.<\/p>\n<p>L'analyseur est livr\u00e9 avec un syst\u00e8me d'\u00e9chantillonnage int\u00e9gr\u00e9 qui comprend un bouton de contr\u00f4le du d\u00e9bit et un indicateur de d\u00e9bit.  L'entr\u00e9e du gaz se fait par un raccord de tube de compression de 1\/8\u2033.<\/p>","protected":false},"excerpt":{"rendered":"<p>The H2S-740 Portable Hydrogen Sulfide analyzer combine a rugged anodized aluminum enclosure and an advanced set of electronic features including a smart MENU interface with our SSO2&#8217;s precision sensor technology.\u00a0 The result is a highly reliable and cost effective design with easy-to-use user interface. Enclosure: Anodized Aluminum; Portable Standard Ranges: 0 \u2013 10\/50\/100\/200 PPM Optional [&hellip;]<\/p>\n","protected":false},"featured_media":3941,"comment_status":"open","ping_status":"closed","template":"","meta":[],"product_brand":[],"product_cat":[26],"product_tag":[],"class_list":{"0":"post-862","1":"product","2":"type-product","3":"status-publish","4":"has-post-thumbnail","6":"product_cat-industrial-oxygen-analyzers","8":"first","9":"instock","10":"shipping-taxable","11":"product-type-external"},"yoast_head":"<!-- This site is optimized with the Yoast SEO Premium plugin v27.4 (Yoast SEO v27.4) - https:\/\/yoast.com\/product\/yoast-seo-premium-wordpress\/ -->\n<title>H2S-740 Portable Trace H2S Analyzer | Gas Detector<\/title>\n<meta name=\"description\" content=\"The H2S-740 is a portable analyzer for trace hydrogen sulfide (H2S). Reliable gas detection for ambient air and deficient atmosphere monitoring.\" \/>\n<meta name=\"robots\" content=\"index, follow, max-snippet:-1, max-image-preview:large, max-video-preview:-1\" \/>\n<link rel=\"canonical\" href=\"https:\/\/sso2.com\/fr\/produit\/portable-trace-hydrogen-sulfide-analyzer-ce\/\" \/>\n<meta property=\"og:locale\" content=\"fr_FR\" \/>\n<meta property=\"og:type\" content=\"article\" \/>\n<meta property=\"og:title\" content=\"H2S-740 Portable Trace Hydrogen Sulfide Analyzer\" \/>\n<meta property=\"og:description\" content=\"The H2S-740 is a portable analyzer for trace hydrogen sulfide (H2S). Reliable gas detection for ambient air and deficient atmosphere monitoring.\" \/>\n<meta property=\"og:url\" content=\"https:\/\/sso2.com\/fr\/produit\/portable-trace-hydrogen-sulfide-analyzer-ce\/\" \/>\n<meta property=\"og:site_name\" content=\"Southland Sensing Ltd.\" \/>\n<meta property=\"article:modified_time\" content=\"2025-11-19T12:27:10+00:00\" \/>\n<meta property=\"og:image\" content=\"https:\/\/sso2.com\/wp-content\/uploads\/2025\/07\/h2s-740.png\" \/>\n\t<meta property=\"og:image:width\" content=\"334\" \/>\n\t<meta property=\"og:image:height\" content=\"412\" \/>\n\t<meta property=\"og:image:type\" content=\"image\/png\" \/>\n<meta name=\"twitter:card\" content=\"summary_large_image\" \/>\n<meta name=\"twitter:label1\" content=\"Prix\" \/>\n\t<meta name=\"twitter:data1\" content=\"\" \/>\n\t<meta name=\"twitter:label2\" content=\"Disponibilit\u00e9\" \/>\n\t<meta name=\"twitter:data2\" content=\"En stock\" \/>\n<script type=\"application\/ld+json\" class=\"yoast-schema-graph\">{\"@context\":\"https:\\\/\\\/schema.org\",\"@graph\":[{\"@type\":\"WebPage\",\"@id\":\"https:\\\/\\\/sso2.com\\\/product\\\/portable-trace-hydrogen-sulfide-analyzer-ce\\\/\",\"url\":\"https:\\\/\\\/sso2.com\\\/product\\\/portable-trace-hydrogen-sulfide-analyzer-ce\\\/\",\"name\":\"H2S-740 Portable Trace H2S Analyzer | Gas Detector\",\"isPartOf\":{\"@id\":\"https:\\\/\\\/sso2.com\\\/#website\"},\"primaryImageOfPage\":{\"@id\":\"https:\\\/\\\/sso2.com\\\/product\\\/portable-trace-hydrogen-sulfide-analyzer-ce\\\/#primaryimage\"},\"image\":{\"@id\":\"https:\\\/\\\/sso2.com\\\/product\\\/portable-trace-hydrogen-sulfide-analyzer-ce\\\/#primaryimage\"},\"thumbnailUrl\":\"https:\\\/\\\/i0.wp.com\\\/sso2.com\\\/wp-content\\\/uploads\\\/2025\\\/07\\\/h2s-740.png?fit=334%2C412&ssl=1\",\"datePublished\":\"2019-05-07T17:24:48+00:00\",\"dateModified\":\"2025-11-19T12:27:10+00:00\",\"description\":\"The H2S-740 is a portable analyzer for trace hydrogen sulfide (H2S). Reliable gas detection for ambient air and deficient atmosphere monitoring.\",\"breadcrumb\":{\"@id\":\"https:\\\/\\\/sso2.com\\\/product\\\/portable-trace-hydrogen-sulfide-analyzer-ce\\\/#breadcrumb\"},\"inLanguage\":\"fr-FR\",\"potentialAction\":[{\"@type\":\"ReadAction\",\"target\":[\"https:\\\/\\\/sso2.com\\\/product\\\/portable-trace-hydrogen-sulfide-analyzer-ce\\\/\"]}]},{\"@type\":\"ImageObject\",\"inLanguage\":\"fr-FR\",\"@id\":\"https:\\\/\\\/sso2.com\\\/product\\\/portable-trace-hydrogen-sulfide-analyzer-ce\\\/#primaryimage\",\"url\":\"https:\\\/\\\/i0.wp.com\\\/sso2.com\\\/wp-content\\\/uploads\\\/2025\\\/07\\\/h2s-740.png?fit=334%2C412&ssl=1\",\"contentUrl\":\"https:\\\/\\\/i0.wp.com\\\/sso2.com\\\/wp-content\\\/uploads\\\/2025\\\/07\\\/h2s-740.png?fit=334%2C412&ssl=1\",\"width\":334,\"height\":412},{\"@type\":\"BreadcrumbList\",\"@id\":\"https:\\\/\\\/sso2.com\\\/product\\\/portable-trace-hydrogen-sulfide-analyzer-ce\\\/#breadcrumb\",\"itemListElement\":[{\"@type\":\"ListItem\",\"position\":1,\"name\":\"Home\",\"item\":\"https:\\\/\\\/sso2.com\\\/en\\\/\"},{\"@type\":\"ListItem\",\"position\":2,\"name\":\"Shop\",\"item\":\"https:\\\/\\\/sso2.com\\\/shop\\\/\"},{\"@type\":\"ListItem\",\"position\":3,\"name\":\"H2S-740 Portable Trace Hydrogen Sulfide Analyzer\"}]},{\"@type\":\"WebSite\",\"@id\":\"https:\\\/\\\/sso2.com\\\/#website\",\"url\":\"https:\\\/\\\/sso2.com\\\/\",\"name\":\"Southland Sensing Ltd.\",\"description\":\"Industrial &amp; Medical Gas Analyzers Oxygen CO\u2082, &amp; H\u2082 Monitors\",\"publisher\":{\"@id\":\"https:\\\/\\\/sso2.com\\\/#organization\"},\"alternateName\":\"SSO2\",\"potentialAction\":[{\"@type\":\"SearchAction\",\"target\":{\"@type\":\"EntryPoint\",\"urlTemplate\":\"https:\\\/\\\/sso2.com\\\/?s={search_term_string}\"},\"query-input\":{\"@type\":\"PropertyValueSpecification\",\"valueRequired\":true,\"valueName\":\"search_term_string\"}}],\"inLanguage\":\"fr-FR\"},{\"@type\":\"Organization\",\"@id\":\"https:\\\/\\\/sso2.com\\\/#organization\",\"name\":\"Southland Sensing Ltd.\",\"alternateName\":\"SSO2\",\"url\":\"https:\\\/\\\/sso2.com\\\/\",\"logo\":{\"@type\":\"ImageObject\",\"inLanguage\":\"fr-FR\",\"@id\":\"https:\\\/\\\/sso2.com\\\/#\\\/schema\\\/logo\\\/image\\\/\",\"url\":\"https:\\\/\\\/sso2.com\\\/wp-content\\\/uploads\\\/2025\\\/10\\\/sso2_300pixel.webp\",\"contentUrl\":\"https:\\\/\\\/sso2.com\\\/wp-content\\\/uploads\\\/2025\\\/10\\\/sso2_300pixel.webp\",\"width\":300,\"height\":50,\"caption\":\"Southland Sensing Ltd.\"},\"image\":{\"@id\":\"https:\\\/\\\/sso2.com\\\/#\\\/schema\\\/logo\\\/image\\\/\"},\"sameAs\":[\"https:\\\/\\\/www.linkedin.com\\\/company\\\/southland-sensing-ltd\\\/\"],\"description\":\"Southland Sensing Ltd. brings together superior performance, an improved user experience, and unmatched application expertise to deliver an accurate and reliable measurement solution. That\u2019s why multinationals, small companies and universities alike turn to us again and again.\",\"email\":\"sales@sso2.com\",\"telephone\":\"1-949-398-2879\",\"legalName\":\"Southland Sensing Ltd.\",\"foundingDate\":\"2013-01-01\",\"numberOfEmployees\":{\"@type\":\"QuantitativeValue\",\"minValue\":\"11\",\"maxValue\":\"50\"},\"publishingPrinciples\":\"https:\\\/\\\/sso2.com\\\/contact-us\\\/\",\"ownershipFundingInfo\":\"https:\\\/\\\/sso2.com\\\/about-us\\\/\",\"actionableFeedbackPolicy\":\"https:\\\/\\\/sso2.com\\\/contact-us\\\/\"}]}<\/script>\n<meta property=\"product:price:currency\" content=\"USD\" \/>\n<meta property=\"og:availability\" content=\"instock\" \/>\n<meta property=\"product:availability\" content=\"instock\" \/>\n<meta property=\"product:condition\" content=\"new\" \/>\n<!-- \/ Yoast SEO Premium plugin. -->","yoast_head_json":{"title":"Analyseur de traces de H2S-740 portable | D\u00e9tecteur de gaz","description":"L'H2S-740 est un analyseur portable pour la d\u00e9tection de traces de sulfure d'hydrog\u00e8ne (H2S). Il assure une d\u00e9tection fiable des gaz dans l'air ambiant et la surveillance des atmosph\u00e8res appauvries.","robots":{"index":"index","follow":"follow","max-snippet":"max-snippet:-1","max-image-preview":"max-image-preview:large","max-video-preview":"max-video-preview:-1"},"canonical":"https:\/\/sso2.com\/fr\/produit\/portable-trace-hydrogen-sulfide-analyzer-ce\/","og_locale":"fr_FR","og_type":"article","og_title":"H2S-740 Portable Trace Hydrogen Sulfide Analyzer","og_description":"The H2S-740 is a portable analyzer for trace hydrogen sulfide (H2S). Reliable gas detection for ambient air and deficient atmosphere monitoring.","og_url":"https:\/\/sso2.com\/fr\/produit\/portable-trace-hydrogen-sulfide-analyzer-ce\/","og_site_name":"Southland Sensing Ltd.","article_modified_time":"2025-11-19T12:27:10+00:00","og_image":[{"width":334,"height":412,"url":"https:\/\/sso2.com\/wp-content\/uploads\/2025\/07\/h2s-740.png","type":"image\/png"}],"twitter_card":"summary_large_image","twitter_misc":{"Prix":"","Disponibilit\u00e9":"En stock"},"schema":{"@context":"https:\/\/schema.org","@graph":[{"@type":"WebPage","@id":"https:\/\/sso2.com\/product\/portable-trace-hydrogen-sulfide-analyzer-ce\/","url":"https:\/\/sso2.com\/product\/portable-trace-hydrogen-sulfide-analyzer-ce\/","name":"Analyseur de traces de H2S-740 portable | D\u00e9tecteur de gaz","isPartOf":{"@id":"https:\/\/sso2.com\/#website"},"primaryImageOfPage":{"@id":"https:\/\/sso2.com\/product\/portable-trace-hydrogen-sulfide-analyzer-ce\/#primaryimage"},"image":{"@id":"https:\/\/sso2.com\/product\/portable-trace-hydrogen-sulfide-analyzer-ce\/#primaryimage"},"thumbnailUrl":"https:\/\/i0.wp.com\/sso2.com\/wp-content\/uploads\/2025\/07\/h2s-740.png?fit=334%2C412&ssl=1","datePublished":"2019-05-07T17:24:48+00:00","dateModified":"2025-11-19T12:27:10+00:00","description":"L'H2S-740 est un analyseur portable pour la d\u00e9tection de traces de sulfure d'hydrog\u00e8ne (H2S). Il assure une d\u00e9tection fiable des gaz dans l'air ambiant et la surveillance des atmosph\u00e8res appauvries.","breadcrumb":{"@id":"https:\/\/sso2.com\/product\/portable-trace-hydrogen-sulfide-analyzer-ce\/#breadcrumb"},"inLanguage":"fr-FR","potentialAction":[{"@type":"ReadAction","target":["https:\/\/sso2.com\/product\/portable-trace-hydrogen-sulfide-analyzer-ce\/"]}]},{"@type":"ImageObject","inLanguage":"fr-FR","@id":"https:\/\/sso2.com\/product\/portable-trace-hydrogen-sulfide-analyzer-ce\/#primaryimage","url":"https:\/\/i0.wp.com\/sso2.com\/wp-content\/uploads\/2025\/07\/h2s-740.png?fit=334%2C412&ssl=1","contentUrl":"https:\/\/i0.wp.com\/sso2.com\/wp-content\/uploads\/2025\/07\/h2s-740.png?fit=334%2C412&ssl=1","width":334,"height":412},{"@type":"BreadcrumbList","@id":"https:\/\/sso2.com\/product\/portable-trace-hydrogen-sulfide-analyzer-ce\/#breadcrumb","itemListElement":[{"@type":"ListItem","position":1,"name":"Home","item":"https:\/\/sso2.com\/en\/"},{"@type":"ListItem","position":2,"name":"Shop","item":"https:\/\/sso2.com\/shop\/"},{"@type":"ListItem","position":3,"name":"H2S-740 Portable Trace Hydrogen Sulfide Analyzer"}]},{"@type":"WebSite","@id":"https:\/\/sso2.com\/#website","url":"https:\/\/sso2.com\/","name":"Southland Sensing Ltd.","description":"Industrial &amp; Medical Gas Analyzers Oxygen CO\u2082, &amp; H\u2082 Monitors","publisher":{"@id":"https:\/\/sso2.com\/#organization"},"alternateName":"SSO2","potentialAction":[{"@type":"SearchAction","target":{"@type":"EntryPoint","urlTemplate":"https:\/\/sso2.com\/?s={search_term_string}"},"query-input":{"@type":"PropertyValueSpecification","valueRequired":true,"valueName":"search_term_string"}}],"inLanguage":"fr-FR"},{"@type":"Organization","@id":"https:\/\/sso2.com\/#organization","name":"Southland Sensing Ltd.","alternateName":"SSO2","url":"https:\/\/sso2.com\/","logo":{"@type":"ImageObject","inLanguage":"fr-FR","@id":"https:\/\/sso2.com\/#\/schema\/logo\/image\/","url":"https:\/\/sso2.com\/wp-content\/uploads\/2025\/10\/sso2_300pixel.webp","contentUrl":"https:\/\/sso2.com\/wp-content\/uploads\/2025\/10\/sso2_300pixel.webp","width":300,"height":50,"caption":"Southland Sensing Ltd."},"image":{"@id":"https:\/\/sso2.com\/#\/schema\/logo\/image\/"},"sameAs":["https:\/\/www.linkedin.com\/company\/southland-sensing-ltd\/"],"description":"Southland Sensing Ltd. brings together superior performance, an improved user experience, and unmatched application expertise to deliver an accurate and reliable measurement solution. That\u2019s why multinationals, small companies and universities alike turn to us again and again.","email":"sales@sso2.com","telephone":"1-949-398-2879","legalName":"Southland Sensing Ltd.","foundingDate":"2013-01-01","numberOfEmployees":{"@type":"QuantitativeValue","minValue":"11","maxValue":"50"},"publishingPrinciples":"https:\/\/sso2.com\/contact-us\/","ownershipFundingInfo":"https:\/\/sso2.com\/about-us\/","actionableFeedbackPolicy":"https:\/\/sso2.com\/contact-us\/"}]},"product_price_currency":"USD","og_availability":"instock","product_availability":"instock","product_condition":"new"},"jetpack_sharing_enabled":true,"_links":{"self":[{"href":"https:\/\/sso2.com\/fr\/wp-json\/wp\/v2\/product\/862","targetHints":{"allow":["GET"]}}],"collection":[{"href":"https:\/\/sso2.com\/fr\/wp-json\/wp\/v2\/product"}],"about":[{"href":"https:\/\/sso2.com\/fr\/wp-json\/wp\/v2\/types\/product"}],"replies":[{"embeddable":true,"href":"https:\/\/sso2.com\/fr\/wp-json\/wp\/v2\/comments?post=862"}],"wp:featuredmedia":[{"embeddable":true,"href":"https:\/\/sso2.com\/fr\/wp-json\/wp\/v2\/media\/3941"}],"wp:attachment":[{"href":"https:\/\/sso2.com\/fr\/wp-json\/wp\/v2\/media?parent=862"}],"wp:term":[{"taxonomy":"product_brand","embeddable":true,"href":"https:\/\/sso2.com\/fr\/wp-json\/wp\/v2\/product_brand?post=862"},{"taxonomy":"product_cat","embeddable":true,"href":"https:\/\/sso2.com\/fr\/wp-json\/wp\/v2\/product_cat?post=862"},{"taxonomy":"product_tag","embeddable":true,"href":"https:\/\/sso2.com\/fr\/wp-json\/wp\/v2\/product_tag?post=862"}],"curies":[{"name":"wp","href":"https:\/\/api.w.org\/{rel}","templated":true}]}}