{"id":728,"date":"2019-04-18T08:32:55","date_gmt":"2019-04-18T08:32:55","guid":{"rendered":"http:\/\/sso2.com\/?post_type=product&#038;p=728"},"modified":"2025-11-19T12:28:45","modified_gmt":"2025-11-19T12:28:45","slug":"oem-oxygen-transmitter-kit-circuit-board-sensor-sensor-housing","status":"publish","type":"product","link":"https:\/\/sso2.com\/fr\/product\/oem-oxygen-transmitter-kit-circuit-board-sensor-sensor-housing\/","title":{"rendered":"Kit transmetteur d'oxyg\u00e8ne de la s\u00e9rie EMD"},"content":{"rendered":"<p>Le transmetteur d'oxyg\u00e8ne EMD-485D\/485M\/482D est con\u00e7u principalement pour les utilisateurs OEM qui cherchent \u00e0 int\u00e9grer cette unit\u00e9 dans un syst\u00e8me plus important tel qu'un syst\u00e8me de bo\u00eete \u00e0 gants inerte ou un g\u00e9n\u00e9rateur d'azote\/oxyg\u00e8ne.  Le kit d'analyseur d'oxyg\u00e8ne peut \u00eatre configur\u00e9 pour des applications de trace ou de pourcentage et est livr\u00e9 avec une carte de circuit imprim\u00e9, un capteur et un bo\u00eetier de capteur \u00e0 distance avec un c\u00e2ble de 72\u2033.<\/p>\n<p>L'analyseur est s\u00e9lectionn\u00e9 en usine sur l'une des plages suivantes : 0 - 10 ppm, 0 - 100 ppm, 0 - 1000 ppm, 0 - 1 %, 0 - 5%, 0 - 10%, 0 - 25%, 0 - 100%.  Une deuxi\u00e8me gamme est charg\u00e9e par l'interm\u00e9diaire d'un interrupteur \u00e0 bascule pour permettre l'\u00e9talonnage de l'air ambiant.  L'affichage local indique toujours la valeur r\u00e9elle de l'oxyg\u00e8ne, la plage unique sert \u00e0 verrouiller la sortie analogique.<\/p>\n<p>L'EMD-482D est configur\u00e9 comme une boucle d'alimentation \u00e0 2 fils avec une sortie non isol\u00e9e de 4 \u00e0 20 mA.  L'EMD-485D est configur\u00e9 comme une alimentation \u00e0 6 fils 12 - 24VDC avec sortie non isol\u00e9e 4 - 20mA, 0 - 10VDC et 0 - 1VDC.  L'EMD-485M est configur\u00e9 en 6 fils 12 - 24VDC avec sortie non isol\u00e9e 4 - 20mA, 0 - 10VDC, 0 - 1VDC et MODBUS RS485 ASCII bi-directionnel.<\/p>\n<p>Le capteur d'oxyg\u00e8ne est bas\u00e9 sur le principe de la pile \u00e0 combustible \u00e9lectrochimique galvanique et est fabriqu\u00e9 en interne selon une proc\u00e9dure de qualit\u00e9 stricte.  Les capteurs sont autonomes et ne n\u00e9cessitent qu'un entretien minimal - il n'est pas n\u00e9cessaire de nettoyer les \u00e9lectrodes ou d'ajouter de l'\u00e9lectrolyte.  Les capteurs de pr\u00e9cision offrent d'excellentes performances, pr\u00e9cision et stabilit\u00e9 tout en maximisant la dur\u00e9e de vie pr\u00e9vue.<\/p>\n<p>Les options de configuration du bo\u00eetier du capteur comprennent un c\u00e2ble de 72 pouces et peuvent \u00eatre configur\u00e9es comme un bo\u00eetier de capteur KF-40 (bo\u00eete \u00e0 gants inerte, NW40F) \u00e0 montage direct ou \u00e0 passage direct avec des raccords de tube \u00e0 compression de 6 mm, 1\/8\u2033 ou 1\/4\u2033.<\/p>","protected":false},"excerpt":{"rendered":"<p>The EMD-485D\/485M\/482D oxygen transmitter is designed primarily for OEM users who are looking to integrate this unit into a larger system such as an Inert Glovebox System or Nitrogen \/ Oxygen generator.\u00a0 The oxygen analyzer kit is configurable for Trace or Percent applications and comes with a circuit board, sensor and remote sensor housing with [&hellip;]<\/p>\n","protected":false},"featured_media":717,"comment_status":"open","ping_status":"closed","template":"","meta":[],"product_brand":[],"product_cat":[26],"product_tag":[],"class_list":{"0":"post-728","1":"product","2":"type-product","3":"status-publish","4":"has-post-thumbnail","6":"product_cat-industrial-oxygen-analyzers","8":"first","9":"instock","10":"shipping-taxable","11":"product-type-external"},"yoast_head":"<!-- This site is optimized with the Yoast SEO Premium plugin v27.4 (Yoast SEO v27.4) - https:\/\/yoast.com\/product\/yoast-seo-premium-wordpress\/ -->\n<title>EMD Series Oxygen Transmitter Kit | O2 Sensor &amp; Probe<\/title>\n<meta name=\"description\" content=\"EMD Series Oxygen Transmitter Kit. Includes a high-performance oxygen sensor and probe for accurate, continuous O2 monitoring.\" \/>\n<meta name=\"robots\" content=\"index, follow, max-snippet:-1, max-image-preview:large, max-video-preview:-1\" \/>\n<link rel=\"canonical\" href=\"https:\/\/sso2.com\/fr\/produit\/oem-oxygen-transmitter-kit-circuit-board-sensor-sensor-housing\/\" \/>\n<meta property=\"og:locale\" content=\"fr_FR\" \/>\n<meta property=\"og:type\" content=\"article\" \/>\n<meta property=\"og:title\" content=\"EMD Series Oxygen Transmitter Kit\" \/>\n<meta property=\"og:description\" content=\"EMD Series Oxygen Transmitter Kit. Includes a high-performance oxygen sensor and probe for accurate, continuous O2 monitoring.\" \/>\n<meta property=\"og:url\" content=\"https:\/\/sso2.com\/fr\/produit\/oem-oxygen-transmitter-kit-circuit-board-sensor-sensor-housing\/\" \/>\n<meta property=\"og:site_name\" content=\"Southland Sensing Ltd.\" \/>\n<meta property=\"article:modified_time\" content=\"2025-11-19T12:28:45+00:00\" \/>\n<meta property=\"og:image\" content=\"https:\/\/sso2.com\/wp-content\/uploads\/2019\/04\/oem-oxygen-transmitter-kit-circuit-board-sensor-sensor-housing-min.jpg\" \/>\n\t<meta property=\"og:image:width\" content=\"703\" \/>\n\t<meta property=\"og:image:height\" content=\"527\" \/>\n\t<meta property=\"og:image:type\" content=\"image\/jpeg\" \/>\n<meta name=\"twitter:card\" content=\"summary_large_image\" \/>\n<meta name=\"twitter:label1\" content=\"Prix\" \/>\n\t<meta name=\"twitter:data1\" content=\"\" \/>\n\t<meta name=\"twitter:label2\" content=\"Disponibilit\u00e9\" \/>\n\t<meta name=\"twitter:data2\" content=\"En stock\" \/>\n<script type=\"application\/ld+json\" class=\"yoast-schema-graph\">{\"@context\":\"https:\\\/\\\/schema.org\",\"@graph\":[{\"@type\":\"WebPage\",\"@id\":\"https:\\\/\\\/sso2.com\\\/product\\\/oem-oxygen-transmitter-kit-circuit-board-sensor-sensor-housing\\\/\",\"url\":\"https:\\\/\\\/sso2.com\\\/product\\\/oem-oxygen-transmitter-kit-circuit-board-sensor-sensor-housing\\\/\",\"name\":\"EMD Series Oxygen Transmitter Kit | O2 Sensor & Probe\",\"isPartOf\":{\"@id\":\"https:\\\/\\\/sso2.com\\\/#website\"},\"primaryImageOfPage\":{\"@id\":\"https:\\\/\\\/sso2.com\\\/product\\\/oem-oxygen-transmitter-kit-circuit-board-sensor-sensor-housing\\\/#primaryimage\"},\"image\":{\"@id\":\"https:\\\/\\\/sso2.com\\\/product\\\/oem-oxygen-transmitter-kit-circuit-board-sensor-sensor-housing\\\/#primaryimage\"},\"thumbnailUrl\":\"https:\\\/\\\/i0.wp.com\\\/sso2.com\\\/wp-content\\\/uploads\\\/2019\\\/04\\\/oem-oxygen-transmitter-kit-circuit-board-sensor-sensor-housing-min.jpg?fit=703%2C527&ssl=1\",\"datePublished\":\"2019-04-18T08:32:55+00:00\",\"dateModified\":\"2025-11-19T12:28:45+00:00\",\"description\":\"EMD Series Oxygen Transmitter Kit. Includes a high-performance oxygen sensor and probe for accurate, continuous O2 monitoring.\",\"breadcrumb\":{\"@id\":\"https:\\\/\\\/sso2.com\\\/product\\\/oem-oxygen-transmitter-kit-circuit-board-sensor-sensor-housing\\\/#breadcrumb\"},\"inLanguage\":\"fr-FR\",\"potentialAction\":[{\"@type\":\"ReadAction\",\"target\":[\"https:\\\/\\\/sso2.com\\\/product\\\/oem-oxygen-transmitter-kit-circuit-board-sensor-sensor-housing\\\/\"]}]},{\"@type\":\"ImageObject\",\"inLanguage\":\"fr-FR\",\"@id\":\"https:\\\/\\\/sso2.com\\\/product\\\/oem-oxygen-transmitter-kit-circuit-board-sensor-sensor-housing\\\/#primaryimage\",\"url\":\"https:\\\/\\\/i0.wp.com\\\/sso2.com\\\/wp-content\\\/uploads\\\/2019\\\/04\\\/oem-oxygen-transmitter-kit-circuit-board-sensor-sensor-housing-min.jpg?fit=703%2C527&ssl=1\",\"contentUrl\":\"https:\\\/\\\/i0.wp.com\\\/sso2.com\\\/wp-content\\\/uploads\\\/2019\\\/04\\\/oem-oxygen-transmitter-kit-circuit-board-sensor-sensor-housing-min.jpg?fit=703%2C527&ssl=1\",\"width\":703,\"height\":527},{\"@type\":\"BreadcrumbList\",\"@id\":\"https:\\\/\\\/sso2.com\\\/product\\\/oem-oxygen-transmitter-kit-circuit-board-sensor-sensor-housing\\\/#breadcrumb\",\"itemListElement\":[{\"@type\":\"ListItem\",\"position\":1,\"name\":\"Home\",\"item\":\"https:\\\/\\\/sso2.com\\\/en\\\/\"},{\"@type\":\"ListItem\",\"position\":2,\"name\":\"Shop\",\"item\":\"https:\\\/\\\/sso2.com\\\/shop\\\/\"},{\"@type\":\"ListItem\",\"position\":3,\"name\":\"EMD Series Oxygen Transmitter Kit\"}]},{\"@type\":\"WebSite\",\"@id\":\"https:\\\/\\\/sso2.com\\\/#website\",\"url\":\"https:\\\/\\\/sso2.com\\\/\",\"name\":\"Southland Sensing Ltd.\",\"description\":\"Industrial &amp; Medical Gas Analyzers Oxygen CO\u2082, &amp; H\u2082 Monitors\",\"publisher\":{\"@id\":\"https:\\\/\\\/sso2.com\\\/#organization\"},\"alternateName\":\"SSO2\",\"potentialAction\":[{\"@type\":\"SearchAction\",\"target\":{\"@type\":\"EntryPoint\",\"urlTemplate\":\"https:\\\/\\\/sso2.com\\\/?s={search_term_string}\"},\"query-input\":{\"@type\":\"PropertyValueSpecification\",\"valueRequired\":true,\"valueName\":\"search_term_string\"}}],\"inLanguage\":\"fr-FR\"},{\"@type\":\"Organization\",\"@id\":\"https:\\\/\\\/sso2.com\\\/#organization\",\"name\":\"Southland Sensing Ltd.\",\"alternateName\":\"SSO2\",\"url\":\"https:\\\/\\\/sso2.com\\\/\",\"logo\":{\"@type\":\"ImageObject\",\"inLanguage\":\"fr-FR\",\"@id\":\"https:\\\/\\\/sso2.com\\\/#\\\/schema\\\/logo\\\/image\\\/\",\"url\":\"https:\\\/\\\/sso2.com\\\/wp-content\\\/uploads\\\/2025\\\/10\\\/sso2_300pixel.webp\",\"contentUrl\":\"https:\\\/\\\/sso2.com\\\/wp-content\\\/uploads\\\/2025\\\/10\\\/sso2_300pixel.webp\",\"width\":300,\"height\":50,\"caption\":\"Southland Sensing Ltd.\"},\"image\":{\"@id\":\"https:\\\/\\\/sso2.com\\\/#\\\/schema\\\/logo\\\/image\\\/\"},\"sameAs\":[\"https:\\\/\\\/www.linkedin.com\\\/company\\\/southland-sensing-ltd\\\/\"],\"description\":\"Southland Sensing Ltd. brings together superior performance, an improved user experience, and unmatched application expertise to deliver an accurate and reliable measurement solution. That\u2019s why multinationals, small companies and universities alike turn to us again and again.\",\"email\":\"sales@sso2.com\",\"telephone\":\"1-949-398-2879\",\"legalName\":\"Southland Sensing Ltd.\",\"foundingDate\":\"2013-01-01\",\"numberOfEmployees\":{\"@type\":\"QuantitativeValue\",\"minValue\":\"11\",\"maxValue\":\"50\"},\"publishingPrinciples\":\"https:\\\/\\\/sso2.com\\\/contact-us\\\/\",\"ownershipFundingInfo\":\"https:\\\/\\\/sso2.com\\\/about-us\\\/\",\"actionableFeedbackPolicy\":\"https:\\\/\\\/sso2.com\\\/contact-us\\\/\"}]}<\/script>\n<meta property=\"product:price:currency\" content=\"USD\" \/>\n<meta property=\"og:availability\" content=\"instock\" \/>\n<meta property=\"product:availability\" content=\"instock\" \/>\n<meta property=\"product:condition\" content=\"new\" \/>\n<!-- \/ Yoast SEO Premium plugin. -->","yoast_head_json":{"title":"Kit transmetteur d'oxyg\u00e8ne s\u00e9rie EMD | Capteur et sonde O2","description":"Kit transmetteur d'oxyg\u00e8ne s\u00e9rie EMD. Comprend un capteur et une sonde d'oxyg\u00e8ne haute performance pour une surveillance pr\u00e9cise et continue de l'O2.","robots":{"index":"index","follow":"follow","max-snippet":"max-snippet:-1","max-image-preview":"max-image-preview:large","max-video-preview":"max-video-preview:-1"},"canonical":"https:\/\/sso2.com\/fr\/produit\/oem-oxygen-transmitter-kit-circuit-board-sensor-sensor-housing\/","og_locale":"fr_FR","og_type":"article","og_title":"EMD Series Oxygen Transmitter Kit","og_description":"EMD Series Oxygen Transmitter Kit. Includes a high-performance oxygen sensor and probe for accurate, continuous O2 monitoring.","og_url":"https:\/\/sso2.com\/fr\/produit\/oem-oxygen-transmitter-kit-circuit-board-sensor-sensor-housing\/","og_site_name":"Southland Sensing Ltd.","article_modified_time":"2025-11-19T12:28:45+00:00","og_image":[{"width":703,"height":527,"url":"https:\/\/sso2.com\/wp-content\/uploads\/2019\/04\/oem-oxygen-transmitter-kit-circuit-board-sensor-sensor-housing-min.jpg","type":"image\/jpeg"}],"twitter_card":"summary_large_image","twitter_misc":{"Prix":"","Disponibilit\u00e9":"En stock"},"schema":{"@context":"https:\/\/schema.org","@graph":[{"@type":"WebPage","@id":"https:\/\/sso2.com\/product\/oem-oxygen-transmitter-kit-circuit-board-sensor-sensor-housing\/","url":"https:\/\/sso2.com\/product\/oem-oxygen-transmitter-kit-circuit-board-sensor-sensor-housing\/","name":"Kit transmetteur d'oxyg\u00e8ne s\u00e9rie EMD | Capteur et sonde O2","isPartOf":{"@id":"https:\/\/sso2.com\/#website"},"primaryImageOfPage":{"@id":"https:\/\/sso2.com\/product\/oem-oxygen-transmitter-kit-circuit-board-sensor-sensor-housing\/#primaryimage"},"image":{"@id":"https:\/\/sso2.com\/product\/oem-oxygen-transmitter-kit-circuit-board-sensor-sensor-housing\/#primaryimage"},"thumbnailUrl":"https:\/\/i0.wp.com\/sso2.com\/wp-content\/uploads\/2019\/04\/oem-oxygen-transmitter-kit-circuit-board-sensor-sensor-housing-min.jpg?fit=703%2C527&ssl=1","datePublished":"2019-04-18T08:32:55+00:00","dateModified":"2025-11-19T12:28:45+00:00","description":"Kit transmetteur d'oxyg\u00e8ne s\u00e9rie EMD. Comprend un capteur et une sonde d'oxyg\u00e8ne haute performance pour une surveillance pr\u00e9cise et continue de l'O2.","breadcrumb":{"@id":"https:\/\/sso2.com\/product\/oem-oxygen-transmitter-kit-circuit-board-sensor-sensor-housing\/#breadcrumb"},"inLanguage":"fr-FR","potentialAction":[{"@type":"ReadAction","target":["https:\/\/sso2.com\/product\/oem-oxygen-transmitter-kit-circuit-board-sensor-sensor-housing\/"]}]},{"@type":"ImageObject","inLanguage":"fr-FR","@id":"https:\/\/sso2.com\/product\/oem-oxygen-transmitter-kit-circuit-board-sensor-sensor-housing\/#primaryimage","url":"https:\/\/i0.wp.com\/sso2.com\/wp-content\/uploads\/2019\/04\/oem-oxygen-transmitter-kit-circuit-board-sensor-sensor-housing-min.jpg?fit=703%2C527&ssl=1","contentUrl":"https:\/\/i0.wp.com\/sso2.com\/wp-content\/uploads\/2019\/04\/oem-oxygen-transmitter-kit-circuit-board-sensor-sensor-housing-min.jpg?fit=703%2C527&ssl=1","width":703,"height":527},{"@type":"BreadcrumbList","@id":"https:\/\/sso2.com\/product\/oem-oxygen-transmitter-kit-circuit-board-sensor-sensor-housing\/#breadcrumb","itemListElement":[{"@type":"ListItem","position":1,"name":"Home","item":"https:\/\/sso2.com\/en\/"},{"@type":"ListItem","position":2,"name":"Shop","item":"https:\/\/sso2.com\/shop\/"},{"@type":"ListItem","position":3,"name":"EMD Series Oxygen Transmitter Kit"}]},{"@type":"WebSite","@id":"https:\/\/sso2.com\/#website","url":"https:\/\/sso2.com\/","name":"Southland Sensing Ltd.","description":"Industrial &amp; Medical Gas Analyzers Oxygen CO\u2082, &amp; H\u2082 Monitors","publisher":{"@id":"https:\/\/sso2.com\/#organization"},"alternateName":"SSO2","potentialAction":[{"@type":"SearchAction","target":{"@type":"EntryPoint","urlTemplate":"https:\/\/sso2.com\/?s={search_term_string}"},"query-input":{"@type":"PropertyValueSpecification","valueRequired":true,"valueName":"search_term_string"}}],"inLanguage":"fr-FR"},{"@type":"Organization","@id":"https:\/\/sso2.com\/#organization","name":"Southland Sensing Ltd.","alternateName":"SSO2","url":"https:\/\/sso2.com\/","logo":{"@type":"ImageObject","inLanguage":"fr-FR","@id":"https:\/\/sso2.com\/#\/schema\/logo\/image\/","url":"https:\/\/sso2.com\/wp-content\/uploads\/2025\/10\/sso2_300pixel.webp","contentUrl":"https:\/\/sso2.com\/wp-content\/uploads\/2025\/10\/sso2_300pixel.webp","width":300,"height":50,"caption":"Southland Sensing Ltd."},"image":{"@id":"https:\/\/sso2.com\/#\/schema\/logo\/image\/"},"sameAs":["https:\/\/www.linkedin.com\/company\/southland-sensing-ltd\/"],"description":"Southland Sensing Ltd. brings together superior performance, an improved user experience, and unmatched application expertise to deliver an accurate and reliable measurement solution. That\u2019s why multinationals, small companies and universities alike turn to us again and again.","email":"sales@sso2.com","telephone":"1-949-398-2879","legalName":"Southland Sensing Ltd.","foundingDate":"2013-01-01","numberOfEmployees":{"@type":"QuantitativeValue","minValue":"11","maxValue":"50"},"publishingPrinciples":"https:\/\/sso2.com\/contact-us\/","ownershipFundingInfo":"https:\/\/sso2.com\/about-us\/","actionableFeedbackPolicy":"https:\/\/sso2.com\/contact-us\/"}]},"product_price_currency":"USD","og_availability":"instock","product_availability":"instock","product_condition":"new"},"jetpack_sharing_enabled":true,"_links":{"self":[{"href":"https:\/\/sso2.com\/fr\/wp-json\/wp\/v2\/product\/728","targetHints":{"allow":["GET"]}}],"collection":[{"href":"https:\/\/sso2.com\/fr\/wp-json\/wp\/v2\/product"}],"about":[{"href":"https:\/\/sso2.com\/fr\/wp-json\/wp\/v2\/types\/product"}],"replies":[{"embeddable":true,"href":"https:\/\/sso2.com\/fr\/wp-json\/wp\/v2\/comments?post=728"}],"wp:featuredmedia":[{"embeddable":true,"href":"https:\/\/sso2.com\/fr\/wp-json\/wp\/v2\/media\/717"}],"wp:attachment":[{"href":"https:\/\/sso2.com\/fr\/wp-json\/wp\/v2\/media?parent=728"}],"wp:term":[{"taxonomy":"product_brand","embeddable":true,"href":"https:\/\/sso2.com\/fr\/wp-json\/wp\/v2\/product_brand?post=728"},{"taxonomy":"product_cat","embeddable":true,"href":"https:\/\/sso2.com\/fr\/wp-json\/wp\/v2\/product_cat?post=728"},{"taxonomy":"product_tag","embeddable":true,"href":"https:\/\/sso2.com\/fr\/wp-json\/wp\/v2\/product_tag?post=728"}],"curies":[{"name":"wp","href":"https:\/\/api.w.org\/{rel}","templated":true}]}}