{"id":727,"date":"2019-04-18T08:30:25","date_gmt":"2019-04-18T08:30:25","guid":{"rendered":"http:\/\/sso2.com\/?post_type=product&#038;p=727"},"modified":"2025-11-19T12:30:42","modified_gmt":"2025-11-19T12:30:42","slug":"compact-in-line-oxygen-transmitter-ce","status":"publish","type":"product","link":"https:\/\/sso2.com\/fr\/product\/compact-in-line-oxygen-transmitter-ce\/","title":{"rendered":"OMD-507 Analyseur d'oxyg\u00e8ne compact"},"content":{"rendered":"<p>L'analyseur d'oxyg\u00e8ne en ligne OMD-507 est con\u00e7u pour mesurer l'oxyg\u00e8ne de 0,01 partie par million jusqu'\u00e0 100%.  L'appareil combine un ensemble de fonctions \u00e9lectroniques avanc\u00e9es, y compris une interface MENU intelligente, avec notre technologie de capteur d'oxyg\u00e8ne \u00e9lectrochimique de pr\u00e9cision, \u00e0 la pointe de l'industrie. Le r\u00e9sultat est une conception tr\u00e8s fiable et rentable avec une interface utilisateur facile \u00e0 utiliser.<\/p>\n<ul>\n<li>Type de bo\u00eetier : Usage g\u00e9n\u00e9ral<\/li>\n<li>Mat\u00e9riau du bo\u00eetier : Aluminium anodis\u00e9 robuste<\/li>\n<li>Plages standard : 0 - 10\/100\/1000\/10000 PPM &amp; 25%<\/li>\n<li>Plages optionnelles : 0 - 1\/5\/10\/25 &amp; 100 %<\/li>\n<li>R\u00e9solution : 0,01 PPM ou 0,01 %<\/li>\n<li>Puissance d'entr\u00e9e : boucle 2 fils, 3 fils, 6 fils<\/li>\n<\/ul>\n<p>L'interface MENU intelligente int\u00e9gr\u00e9e permet \u00e0 l'utilisateur de configurer enti\u00e8rement l'analyseur par le biais du syst\u00e8me MENU embarqu\u00e9.  Pas besoin d'un ordinateur portable compliqu\u00e9 ou d'un autre dispositif de contr\u00f4le pour configurer l'analyseur sur le terrain.  Les caract\u00e9ristiques \u00e9lectroniques comprennent une sortie 4 - 20mA (en option isol\u00e9e 4 - 20mA avec configuration 3 fils), (en option sortie analogique 0 - 10VDC, 0 - 10VDC avec configuration 6 fils), (en option Modbus RS485 ASCII bi-directionnel avec configuration 6 fils).<\/p>\n<p>L'OMD-507 offre 3 options d'alimentation distinctes pour r\u00e9pondre \u00e0 la plupart des installations industrielles.  Alimentation en boucle 2 fils avec sortie non isol\u00e9e 4 - 20mA, alimentation 3 fils avec sortie isol\u00e9e 4 - 20mA &amp; 6 fils 12 - 24VDC avec sortie non isol\u00e9e 4 - 20mA, 0 - 10VDC et 0 - 1VDC.<\/p>\n<p>Le capteur d'oxyg\u00e8ne est bas\u00e9 sur le principe de la pile \u00e0 combustible \u00e9lectrochimique galvanique et est fabriqu\u00e9 en interne selon une proc\u00e9dure de qualit\u00e9 stricte.  Les capteurs sont autonomes et ne n\u00e9cessitent qu'un entretien minimal - il n'est pas n\u00e9cessaire de nettoyer les \u00e9lectrodes ou d'ajouter de l'\u00e9lectrolyte.  Les capteurs de pr\u00e9cision offrent d'excellentes performances, pr\u00e9cision et stabilit\u00e9 tout en maximisant la dur\u00e9e de vie pr\u00e9vue.<\/p>\n<p>L'analyseur est livr\u00e9 avec plusieurs gammes allant de 0 - 10 PPM jusqu'\u00e0 0 - 100%. Il peut \u00eatre configur\u00e9 pour l'analyse de traces (PPM), de pourcentage ou de puret\u00e9 de l'oxyg\u00e8ne \u00e0 l'aide du menu embarqu\u00e9 et du capteur appropri\u00e9. Des capteurs con\u00e7us pour les applications de gaz de fond acide\/CO2 sont \u00e9galement disponibles.<\/p>\n<p>Les options de configuration du bo\u00eetier du capteur comprennent le bo\u00eetier KF-40 (bo\u00eete \u00e0 gants inerte, NW40F) \u00e0 montage direct ou \u00e0 passage direct avec des raccords de tube \u00e0 compression de 6 mm, 1\/8\u2033 ou 1\/4\u2033.<\/p>","protected":false},"excerpt":{"rendered":"<p>The OMD-507 online oxygen analyzer is designed to measure oxygen from 0.01 parts-per-million up to 100%.\u00a0 The unit combines an advanced set of electronic features including a smart MENU interface with our industry leading precision electrochemical oxygen sensor technology. The result is a highly reliable and cost effective design with easy-to-use user interface. Enclosure Type: [&hellip;]<\/p>\n","protected":false},"featured_media":3098,"comment_status":"open","ping_status":"closed","template":"","meta":[],"product_brand":[],"product_cat":[22],"product_tag":[],"class_list":{"0":"post-727","1":"product","2":"type-product","3":"status-publish","4":"has-post-thumbnail","6":"product_cat-uncategorized","8":"first","9":"instock","10":"shipping-taxable","11":"product-type-external"},"yoast_head":"<!-- This site is optimized with the Yoast SEO Premium plugin v27.2 (Yoast SEO v27.2) - https:\/\/yoast.com\/product\/yoast-seo-premium-wordpress\/ -->\n<title>OMD-507 Compact Oxygen Analyzer | Portable O2 Meter<\/title>\n<meta name=\"description\" content=\"The OMD-507 is a compact oxygen analyzer. Get portable, reliable O2 sensing and analysis for gas purity or deficient oxygen applications.\" \/>\n<meta name=\"robots\" content=\"index, follow, max-snippet:-1, max-image-preview:large, max-video-preview:-1\" \/>\n<link rel=\"canonical\" href=\"https:\/\/sso2.com\/fr\/produit\/compact-in-line-oxygen-transmitter-ce\/\" \/>\n<meta property=\"og:locale\" content=\"fr_FR\" \/>\n<meta property=\"og:type\" content=\"article\" \/>\n<meta property=\"og:title\" content=\"OMD-507 Compact Oxygen Analyzer\" \/>\n<meta property=\"og:description\" content=\"The OMD-507 is a compact oxygen analyzer. Get portable, reliable O2 sensing and analysis for gas purity or deficient oxygen applications.\" \/>\n<meta property=\"og:url\" content=\"https:\/\/sso2.com\/fr\/produit\/compact-in-line-oxygen-transmitter-ce\/\" \/>\n<meta property=\"og:site_name\" content=\"Southland Sensing Ltd.\" \/>\n<meta property=\"article:modified_time\" content=\"2025-11-19T12:30:42+00:00\" \/>\n<meta property=\"og:image\" content=\"https:\/\/sso2.com\/wp-content\/uploads\/2025\/02\/omd-507-1.png\" \/>\n\t<meta property=\"og:image:width\" content=\"790\" \/>\n\t<meta property=\"og:image:height\" content=\"1050\" \/>\n\t<meta property=\"og:image:type\" content=\"image\/png\" \/>\n<meta name=\"twitter:card\" content=\"summary_large_image\" \/>\n<meta name=\"twitter:label1\" content=\"Prix\" \/>\n\t<meta name=\"twitter:data1\" content=\"\" \/>\n\t<meta name=\"twitter:label2\" content=\"Disponibilit\u00e9\" \/>\n\t<meta name=\"twitter:data2\" content=\"En stock\" \/>\n<script type=\"application\/ld+json\" class=\"yoast-schema-graph\">{\"@context\":\"https:\/\/schema.org\",\"@graph\":[{\"@type\":\"WebPage\",\"@id\":\"https:\/\/sso2.com\/product\/compact-in-line-oxygen-transmitter-ce\/\",\"url\":\"https:\/\/sso2.com\/product\/compact-in-line-oxygen-transmitter-ce\/\",\"name\":\"OMD-507 Compact Oxygen Analyzer | Portable O2 Meter\",\"isPartOf\":{\"@id\":\"https:\/\/sso2.com\/#website\"},\"primaryImageOfPage\":{\"@id\":\"https:\/\/sso2.com\/product\/compact-in-line-oxygen-transmitter-ce\/#primaryimage\"},\"image\":{\"@id\":\"https:\/\/sso2.com\/product\/compact-in-line-oxygen-transmitter-ce\/#primaryimage\"},\"thumbnailUrl\":\"https:\/\/i0.wp.com\/sso2.com\/wp-content\/uploads\/2025\/02\/omd-507-1.png?fit=790%2C1050&ssl=1\",\"datePublished\":\"2019-04-18T08:30:25+00:00\",\"dateModified\":\"2025-11-19T12:30:42+00:00\",\"description\":\"The OMD-507 is a compact oxygen analyzer. Get portable, reliable O2 sensing and analysis for gas purity or deficient oxygen applications.\",\"breadcrumb\":{\"@id\":\"https:\/\/sso2.com\/product\/compact-in-line-oxygen-transmitter-ce\/#breadcrumb\"},\"inLanguage\":\"fr-FR\",\"potentialAction\":[{\"@type\":\"ReadAction\",\"target\":[\"https:\/\/sso2.com\/product\/compact-in-line-oxygen-transmitter-ce\/\"]}]},{\"@type\":\"ImageObject\",\"inLanguage\":\"fr-FR\",\"@id\":\"https:\/\/sso2.com\/product\/compact-in-line-oxygen-transmitter-ce\/#primaryimage\",\"url\":\"https:\/\/i0.wp.com\/sso2.com\/wp-content\/uploads\/2025\/02\/omd-507-1.png?fit=790%2C1050&ssl=1\",\"contentUrl\":\"https:\/\/i0.wp.com\/sso2.com\/wp-content\/uploads\/2025\/02\/omd-507-1.png?fit=790%2C1050&ssl=1\",\"width\":790,\"height\":1050},{\"@type\":\"BreadcrumbList\",\"@id\":\"https:\/\/sso2.com\/product\/compact-in-line-oxygen-transmitter-ce\/#breadcrumb\",\"itemListElement\":[{\"@type\":\"ListItem\",\"position\":1,\"name\":\"Home\",\"item\":\"https:\/\/sso2.com\/en\/\"},{\"@type\":\"ListItem\",\"position\":2,\"name\":\"Shop\",\"item\":\"https:\/\/sso2.com\/shop\/\"},{\"@type\":\"ListItem\",\"position\":3,\"name\":\"OMD-507 Compact Oxygen Analyzer\"}]},{\"@type\":\"WebSite\",\"@id\":\"https:\/\/sso2.com\/#website\",\"url\":\"https:\/\/sso2.com\/\",\"name\":\"Southland Sensing Ltd.\",\"description\":\"Industrial &amp; Medical Gas Analyzers Oxygen CO\u2082, &amp; H\u2082 Monitors\",\"publisher\":{\"@id\":\"https:\/\/sso2.com\/#organization\"},\"alternateName\":\"SSO2\",\"potentialAction\":[{\"@type\":\"SearchAction\",\"target\":{\"@type\":\"EntryPoint\",\"urlTemplate\":\"https:\/\/sso2.com\/?s={search_term_string}\"},\"query-input\":{\"@type\":\"PropertyValueSpecification\",\"valueRequired\":true,\"valueName\":\"search_term_string\"}}],\"inLanguage\":\"fr-FR\"},{\"@type\":\"Organization\",\"@id\":\"https:\/\/sso2.com\/#organization\",\"name\":\"Southland Sensing Ltd.\",\"alternateName\":\"SSO2\",\"url\":\"https:\/\/sso2.com\/\",\"logo\":{\"@type\":\"ImageObject\",\"inLanguage\":\"fr-FR\",\"@id\":\"https:\/\/sso2.com\/#\/schema\/logo\/image\/\",\"url\":\"https:\/\/sso2.com\/wp-content\/uploads\/2025\/10\/sso2_300pixel.webp\",\"contentUrl\":\"https:\/\/sso2.com\/wp-content\/uploads\/2025\/10\/sso2_300pixel.webp\",\"width\":300,\"height\":50,\"caption\":\"Southland Sensing Ltd.\"},\"image\":{\"@id\":\"https:\/\/sso2.com\/#\/schema\/logo\/image\/\"},\"sameAs\":[\"https:\/\/www.linkedin.com\/company\/southland-sensing-ltd\/\"],\"description\":\"Southland Sensing Ltd. brings together superior performance, an improved user experience, and unmatched application expertise to deliver an accurate and reliable measurement solution. That\u2019s why multinationals, small companies and universities alike turn to us again and again.\",\"email\":\"sales@sso2.com\",\"telephone\":\"1-949-398-2879\",\"legalName\":\"Southland Sensing Ltd.\",\"foundingDate\":\"2013-01-01\",\"numberOfEmployees\":{\"@type\":\"QuantitativeValue\",\"minValue\":\"11\",\"maxValue\":\"50\"},\"publishingPrinciples\":\"https:\/\/sso2.com\/contact-us\/\",\"ownershipFundingInfo\":\"https:\/\/sso2.com\/about-us\/\",\"actionableFeedbackPolicy\":\"https:\/\/sso2.com\/contact-us\/\"}]}<\/script>\n<meta property=\"product:price:currency\" content=\"USD\" \/>\n<meta property=\"og:availability\" content=\"instock\" \/>\n<meta property=\"product:availability\" content=\"instock\" \/>\n<meta property=\"product:condition\" content=\"new\" \/>\n<!-- \/ Yoast SEO Premium plugin. -->","yoast_head_json":{"title":"Analyseur d'oxyg\u00e8ne compact OMD-507 | Mesureur d'O2 portable","description":"L'OMD-507 est un analyseur d'oxyg\u00e8ne compact. Il permet une d\u00e9tection et une analyse portables et fiables de l'O2 pour les applications n\u00e9cessitant une puret\u00e9 gazeuse ou en pr\u00e9sence d'un d\u00e9ficit en oxyg\u00e8ne","robots":{"index":"index","follow":"follow","max-snippet":"max-snippet:-1","max-image-preview":"max-image-preview:large","max-video-preview":"max-video-preview:-1"},"canonical":"https:\/\/sso2.com\/fr\/produit\/compact-in-line-oxygen-transmitter-ce\/","og_locale":"fr_FR","og_type":"article","og_title":"OMD-507 Compact Oxygen Analyzer","og_description":"The OMD-507 is a compact oxygen analyzer. Get portable, reliable O2 sensing and analysis for gas purity or deficient oxygen applications.","og_url":"https:\/\/sso2.com\/fr\/produit\/compact-in-line-oxygen-transmitter-ce\/","og_site_name":"Southland Sensing Ltd.","article_modified_time":"2025-11-19T12:30:42+00:00","og_image":[{"width":790,"height":1050,"url":"https:\/\/sso2.com\/wp-content\/uploads\/2025\/02\/omd-507-1.png","type":"image\/png"}],"twitter_card":"summary_large_image","twitter_misc":{"Prix":"","Disponibilit\u00e9":"En stock"},"schema":{"@context":"https:\/\/schema.org","@graph":[{"@type":"WebPage","@id":"https:\/\/sso2.com\/product\/compact-in-line-oxygen-transmitter-ce\/","url":"https:\/\/sso2.com\/product\/compact-in-line-oxygen-transmitter-ce\/","name":"Analyseur d'oxyg\u00e8ne compact OMD-507 | Mesureur d'O2 portable","isPartOf":{"@id":"https:\/\/sso2.com\/#website"},"primaryImageOfPage":{"@id":"https:\/\/sso2.com\/product\/compact-in-line-oxygen-transmitter-ce\/#primaryimage"},"image":{"@id":"https:\/\/sso2.com\/product\/compact-in-line-oxygen-transmitter-ce\/#primaryimage"},"thumbnailUrl":"https:\/\/i0.wp.com\/sso2.com\/wp-content\/uploads\/2025\/02\/omd-507-1.png?fit=790%2C1050&ssl=1","datePublished":"2019-04-18T08:30:25+00:00","dateModified":"2025-11-19T12:30:42+00:00","description":"L'OMD-507 est un analyseur d'oxyg\u00e8ne compact. Il permet une d\u00e9tection et une analyse portables et fiables de l'O2 pour les applications n\u00e9cessitant une puret\u00e9 gazeuse ou en pr\u00e9sence d'un d\u00e9ficit en oxyg\u00e8ne","breadcrumb":{"@id":"https:\/\/sso2.com\/product\/compact-in-line-oxygen-transmitter-ce\/#breadcrumb"},"inLanguage":"fr-FR","potentialAction":[{"@type":"ReadAction","target":["https:\/\/sso2.com\/product\/compact-in-line-oxygen-transmitter-ce\/"]}]},{"@type":"ImageObject","inLanguage":"fr-FR","@id":"https:\/\/sso2.com\/product\/compact-in-line-oxygen-transmitter-ce\/#primaryimage","url":"https:\/\/i0.wp.com\/sso2.com\/wp-content\/uploads\/2025\/02\/omd-507-1.png?fit=790%2C1050&ssl=1","contentUrl":"https:\/\/i0.wp.com\/sso2.com\/wp-content\/uploads\/2025\/02\/omd-507-1.png?fit=790%2C1050&ssl=1","width":790,"height":1050},{"@type":"BreadcrumbList","@id":"https:\/\/sso2.com\/product\/compact-in-line-oxygen-transmitter-ce\/#breadcrumb","itemListElement":[{"@type":"ListItem","position":1,"name":"Home","item":"https:\/\/sso2.com\/en\/"},{"@type":"ListItem","position":2,"name":"Shop","item":"https:\/\/sso2.com\/shop\/"},{"@type":"ListItem","position":3,"name":"OMD-507 Compact Oxygen Analyzer"}]},{"@type":"WebSite","@id":"https:\/\/sso2.com\/#website","url":"https:\/\/sso2.com\/","name":"Southland Sensing Ltd.","description":"Industrial &amp; Medical Gas Analyzers Oxygen CO\u2082, &amp; H\u2082 Monitors","publisher":{"@id":"https:\/\/sso2.com\/#organization"},"alternateName":"SSO2","potentialAction":[{"@type":"SearchAction","target":{"@type":"EntryPoint","urlTemplate":"https:\/\/sso2.com\/?s={search_term_string}"},"query-input":{"@type":"PropertyValueSpecification","valueRequired":true,"valueName":"search_term_string"}}],"inLanguage":"fr-FR"},{"@type":"Organization","@id":"https:\/\/sso2.com\/#organization","name":"Southland Sensing Ltd.","alternateName":"SSO2","url":"https:\/\/sso2.com\/","logo":{"@type":"ImageObject","inLanguage":"fr-FR","@id":"https:\/\/sso2.com\/#\/schema\/logo\/image\/","url":"https:\/\/sso2.com\/wp-content\/uploads\/2025\/10\/sso2_300pixel.webp","contentUrl":"https:\/\/sso2.com\/wp-content\/uploads\/2025\/10\/sso2_300pixel.webp","width":300,"height":50,"caption":"Southland Sensing Ltd."},"image":{"@id":"https:\/\/sso2.com\/#\/schema\/logo\/image\/"},"sameAs":["https:\/\/www.linkedin.com\/company\/southland-sensing-ltd\/"],"description":"Southland Sensing Ltd. brings together superior performance, an improved user experience, and unmatched application expertise to deliver an accurate and reliable measurement solution. That\u2019s why multinationals, small companies and universities alike turn to us again and again.","email":"sales@sso2.com","telephone":"1-949-398-2879","legalName":"Southland Sensing Ltd.","foundingDate":"2013-01-01","numberOfEmployees":{"@type":"QuantitativeValue","minValue":"11","maxValue":"50"},"publishingPrinciples":"https:\/\/sso2.com\/contact-us\/","ownershipFundingInfo":"https:\/\/sso2.com\/about-us\/","actionableFeedbackPolicy":"https:\/\/sso2.com\/contact-us\/"}]},"product_price_currency":"USD","og_availability":"instock","product_availability":"instock","product_condition":"new"},"jetpack_sharing_enabled":true,"_links":{"self":[{"href":"https:\/\/sso2.com\/fr\/wp-json\/wp\/v2\/product\/727","targetHints":{"allow":["GET"]}}],"collection":[{"href":"https:\/\/sso2.com\/fr\/wp-json\/wp\/v2\/product"}],"about":[{"href":"https:\/\/sso2.com\/fr\/wp-json\/wp\/v2\/types\/product"}],"replies":[{"embeddable":true,"href":"https:\/\/sso2.com\/fr\/wp-json\/wp\/v2\/comments?post=727"}],"wp:featuredmedia":[{"embeddable":true,"href":"https:\/\/sso2.com\/fr\/wp-json\/wp\/v2\/media\/3098"}],"wp:attachment":[{"href":"https:\/\/sso2.com\/fr\/wp-json\/wp\/v2\/media?parent=727"}],"wp:term":[{"taxonomy":"product_brand","embeddable":true,"href":"https:\/\/sso2.com\/fr\/wp-json\/wp\/v2\/product_brand?post=727"},{"taxonomy":"product_cat","embeddable":true,"href":"https:\/\/sso2.com\/fr\/wp-json\/wp\/v2\/product_cat?post=727"},{"taxonomy":"product_tag","embeddable":true,"href":"https:\/\/sso2.com\/fr\/wp-json\/wp\/v2\/product_tag?post=727"}],"curies":[{"name":"wp","href":"https:\/\/api.w.org\/{rel}","templated":true}]}}