{"id":2985,"date":"2025-01-29T17:46:37","date_gmt":"2025-01-29T17:46:37","guid":{"rendered":"https:\/\/sso2.com\/?post_type=product&#038;p=2985"},"modified":"2025-11-19T10:54:19","modified_gmt":"2025-11-19T10:54:19","slug":"hazardous-area-online-process-carbon-dioxide-analyzer-ce","status":"publish","type":"product","link":"https:\/\/sso2.com\/fr\/product\/hazardous-area-online-process-carbon-dioxide-analyzer-ce\/","title":{"rendered":"CO2-625 Hazardous Area CO2 Analyzer"},"content":{"rendered":"<p>The CO2-625 Hazardous Area Online Oxygen Analyzer is designed for measuring Carbon Dioxide continuously with very little maintenance up to 100%.\u00a0 The unit combines an advanced set of electronic features including a smart MENU interface with our industry leading precision infrared measurement principal. The result is a highly reliable and cost effective design with easy-to-use user interface.<\/p>\n<ul>\n<li>Enclosure Type: Wall Mount; Pole Mount<\/li>\n<li>Standard Ranges: 0 \u2013 5000PPM, 0 &#8211; 5%, 0 &#8211; 25%, 0 &#8211; 100%<\/li>\n<li>Mode de port\u00e9e : Port\u00e9e automatique ou manuelle<\/li>\n<li>Resolution: 1 PPM or 0.01 %<\/li>\n<li>Input Power: 100 \u2013 240 VAC or 12 \u2013 24 VDC<\/li>\n<li>Analog Output: 4 \u2013 20mA or 1 \u2013 5V DC<\/li>\n<li>Communication: Bi-Directional\u00a0MODBUS RS485 RTU<\/li>\n<li>Alarmes : 2 contacts de relais de forme C enti\u00e8rement r\u00e9glables<\/li>\n<\/ul>\n<p>The built in smart MENU interface allow the user to fully configure the analyzer through the onboard MENU system, no need for a complicated laptop or other control device to setup the analyzer in the field.<\/p>\n<p>The analyzer is designed as an extractive type unit to draw the sample through its integrated sample system which includes a 3-way sample \/ span valve, and a visual rotameter \/ flowmeter with flow control valve.\u00a0 The CO2 sensor is based on the infrared measurement principal.\u00a0 The sensors are self contained and minimal maintenance is required.\u00a0 The precision sensors offer excellent performance, accuracy and stability while maximizing the expected life.<\/p>\n<p>Primary applications for this analyzer include natural gas, landfill, biogas and other industrial applications.<\/p>","protected":false},"excerpt":{"rendered":"<p>The CO2-625 Hazardous Area Online Oxygen Analyzer is designed for measuring Carbon Dioxide continuously with very little maintenance up to 100%.\u00a0 The unit combines an advanced set of electronic features including a smart MENU interface with our industry leading precision infrared measurement principal. The result is a highly reliable and cost effective design with easy-to-use [&hellip;]<\/p>\n","protected":false},"featured_media":2977,"comment_status":"open","ping_status":"closed","template":"","meta":[],"product_brand":[],"product_cat":[22],"product_tag":[],"class_list":{"0":"post-2985","1":"product","2":"type-product","3":"status-publish","4":"has-post-thumbnail","6":"product_cat-uncategorized","8":"first","9":"instock","10":"shipping-taxable","11":"product-type-external"},"yoast_head":"<!-- This site is optimized with the Yoast SEO Premium plugin v27.2 (Yoast SEO v27.2) - https:\/\/yoast.com\/product\/yoast-seo-premium-wordpress\/ -->\n<title>CO2-625 Hazardous Area CO2 Analyzer for Safety Monitoring<\/title>\n<meta name=\"description\" content=\"The CO2-625 Hazardous Area CO2 Analyzer provides precise CO2 monitoring in dangerous environments, ensuring safety, reliability, and accurate gas analysis.\" \/>\n<meta name=\"robots\" content=\"index, follow, max-snippet:-1, max-image-preview:large, max-video-preview:-1\" \/>\n<link rel=\"canonical\" href=\"https:\/\/sso2.com\/fr\/produit\/hazardous-area-online-process-carbon-dioxide-analyzer-ce\/\" \/>\n<meta property=\"og:locale\" content=\"fr_FR\" \/>\n<meta property=\"og:type\" content=\"article\" \/>\n<meta property=\"og:title\" content=\"CO2-625 Hazardous Area CO2 Analyzer\" \/>\n<meta property=\"og:description\" content=\"The CO2-625 Hazardous Area CO2 Analyzer provides precise CO2 monitoring in dangerous environments, ensuring safety, reliability, and accurate gas analysis.\" \/>\n<meta property=\"og:url\" content=\"https:\/\/sso2.com\/fr\/produit\/hazardous-area-online-process-carbon-dioxide-analyzer-ce\/\" \/>\n<meta property=\"og:site_name\" content=\"Southland Sensing Ltd.\" \/>\n<meta property=\"article:modified_time\" content=\"2025-11-19T10:54:19+00:00\" \/>\n<meta property=\"og:image\" content=\"https:\/\/sso2.com\/wp-content\/uploads\/2025\/01\/co2-625-1024x977.png\" \/>\n\t<meta property=\"og:image:width\" content=\"1024\" \/>\n\t<meta property=\"og:image:height\" content=\"977\" \/>\n\t<meta property=\"og:image:type\" content=\"image\/png\" \/>\n<meta name=\"twitter:card\" content=\"summary_large_image\" \/>\n<meta name=\"twitter:label1\" content=\"Prix\" \/>\n\t<meta name=\"twitter:data1\" content=\"\" \/>\n\t<meta name=\"twitter:label2\" content=\"Disponibilit\u00e9\" \/>\n\t<meta name=\"twitter:data2\" content=\"En stock\" \/>\n<script type=\"application\/ld+json\" class=\"yoast-schema-graph\">{\"@context\":\"https:\/\/schema.org\",\"@graph\":[{\"@type\":\"WebPage\",\"@id\":\"https:\/\/sso2.com\/product\/hazardous-area-online-process-carbon-dioxide-analyzer-ce\/\",\"url\":\"https:\/\/sso2.com\/product\/hazardous-area-online-process-carbon-dioxide-analyzer-ce\/\",\"name\":\"CO2-625 Hazardous Area CO2 Analyzer for Safety Monitoring\",\"isPartOf\":{\"@id\":\"https:\/\/sso2.com\/#website\"},\"primaryImageOfPage\":{\"@id\":\"https:\/\/sso2.com\/product\/hazardous-area-online-process-carbon-dioxide-analyzer-ce\/#primaryimage\"},\"image\":{\"@id\":\"https:\/\/sso2.com\/product\/hazardous-area-online-process-carbon-dioxide-analyzer-ce\/#primaryimage\"},\"thumbnailUrl\":\"https:\/\/i0.wp.com\/sso2.com\/wp-content\/uploads\/2025\/01\/co2-625.png?fit=3158%2C3013&ssl=1\",\"datePublished\":\"2025-01-29T17:46:37+00:00\",\"dateModified\":\"2025-11-19T10:54:19+00:00\",\"description\":\"The CO2-625 Hazardous Area CO2 Analyzer provides precise CO2 monitoring in dangerous environments, ensuring safety, reliability, and accurate gas analysis.\",\"breadcrumb\":{\"@id\":\"https:\/\/sso2.com\/product\/hazardous-area-online-process-carbon-dioxide-analyzer-ce\/#breadcrumb\"},\"inLanguage\":\"fr-FR\",\"potentialAction\":[{\"@type\":\"ReadAction\",\"target\":[\"https:\/\/sso2.com\/product\/hazardous-area-online-process-carbon-dioxide-analyzer-ce\/\"]}]},{\"@type\":\"ImageObject\",\"inLanguage\":\"fr-FR\",\"@id\":\"https:\/\/sso2.com\/product\/hazardous-area-online-process-carbon-dioxide-analyzer-ce\/#primaryimage\",\"url\":\"https:\/\/i0.wp.com\/sso2.com\/wp-content\/uploads\/2025\/01\/co2-625.png?fit=3158%2C3013&ssl=1\",\"contentUrl\":\"https:\/\/i0.wp.com\/sso2.com\/wp-content\/uploads\/2025\/01\/co2-625.png?fit=3158%2C3013&ssl=1\",\"width\":3158,\"height\":3013},{\"@type\":\"BreadcrumbList\",\"@id\":\"https:\/\/sso2.com\/product\/hazardous-area-online-process-carbon-dioxide-analyzer-ce\/#breadcrumb\",\"itemListElement\":[{\"@type\":\"ListItem\",\"position\":1,\"name\":\"Home\",\"item\":\"https:\/\/sso2.com\/en\/\"},{\"@type\":\"ListItem\",\"position\":2,\"name\":\"Shop\",\"item\":\"https:\/\/sso2.com\/shop\/\"},{\"@type\":\"ListItem\",\"position\":3,\"name\":\"CO2-625 Hazardous Area CO2 Analyzer\"}]},{\"@type\":\"WebSite\",\"@id\":\"https:\/\/sso2.com\/#website\",\"url\":\"https:\/\/sso2.com\/\",\"name\":\"Southland Sensing Ltd.\",\"description\":\"Industrial &amp; Medical Gas Analyzers Oxygen CO\u2082, &amp; H\u2082 Monitors\",\"publisher\":{\"@id\":\"https:\/\/sso2.com\/#organization\"},\"alternateName\":\"SSO2\",\"potentialAction\":[{\"@type\":\"SearchAction\",\"target\":{\"@type\":\"EntryPoint\",\"urlTemplate\":\"https:\/\/sso2.com\/?s={search_term_string}\"},\"query-input\":{\"@type\":\"PropertyValueSpecification\",\"valueRequired\":true,\"valueName\":\"search_term_string\"}}],\"inLanguage\":\"fr-FR\"},{\"@type\":\"Organization\",\"@id\":\"https:\/\/sso2.com\/#organization\",\"name\":\"Southland Sensing Ltd.\",\"alternateName\":\"SSO2\",\"url\":\"https:\/\/sso2.com\/\",\"logo\":{\"@type\":\"ImageObject\",\"inLanguage\":\"fr-FR\",\"@id\":\"https:\/\/sso2.com\/#\/schema\/logo\/image\/\",\"url\":\"https:\/\/sso2.com\/wp-content\/uploads\/2025\/10\/sso2_300pixel.webp\",\"contentUrl\":\"https:\/\/sso2.com\/wp-content\/uploads\/2025\/10\/sso2_300pixel.webp\",\"width\":300,\"height\":50,\"caption\":\"Southland Sensing Ltd.\"},\"image\":{\"@id\":\"https:\/\/sso2.com\/#\/schema\/logo\/image\/\"},\"sameAs\":[\"https:\/\/www.linkedin.com\/company\/southland-sensing-ltd\/\"],\"description\":\"Southland Sensing Ltd. brings together superior performance, an improved user experience, and unmatched application expertise to deliver an accurate and reliable measurement solution. That\u2019s why multinationals, small companies and universities alike turn to us again and again.\",\"email\":\"sales@sso2.com\",\"telephone\":\"1-949-398-2879\",\"legalName\":\"Southland Sensing Ltd.\",\"foundingDate\":\"2013-01-01\",\"numberOfEmployees\":{\"@type\":\"QuantitativeValue\",\"minValue\":\"11\",\"maxValue\":\"50\"},\"publishingPrinciples\":\"https:\/\/sso2.com\/contact-us\/\",\"ownershipFundingInfo\":\"https:\/\/sso2.com\/about-us\/\",\"actionableFeedbackPolicy\":\"https:\/\/sso2.com\/contact-us\/\"}]}<\/script>\n<meta property=\"product:price:currency\" content=\"USD\" \/>\n<meta property=\"og:availability\" content=\"instock\" \/>\n<meta property=\"product:availability\" content=\"instock\" \/>\n<meta property=\"product:condition\" content=\"new\" \/>\n<!-- \/ Yoast SEO Premium plugin. -->","yoast_head_json":{"title":"Analyseur de CO2 CO2-625 pour zones dangereuses - Surveillance de la s\u00e9curit\u00e9","description":"L'analyseur de CO2 pour zones dangereuses CO2-625 assure une surveillance pr\u00e9cise du CO2 dans les environnements dangereux, garantissant s\u00e9curit\u00e9, fiabilit\u00e9 et analyse pr\u00e9cise des gaz.","robots":{"index":"index","follow":"follow","max-snippet":"max-snippet:-1","max-image-preview":"max-image-preview:large","max-video-preview":"max-video-preview:-1"},"canonical":"https:\/\/sso2.com\/fr\/produit\/hazardous-area-online-process-carbon-dioxide-analyzer-ce\/","og_locale":"fr_FR","og_type":"article","og_title":"CO2-625 Hazardous Area CO2 Analyzer","og_description":"The CO2-625 Hazardous Area CO2 Analyzer provides precise CO2 monitoring in dangerous environments, ensuring safety, reliability, and accurate gas analysis.","og_url":"https:\/\/sso2.com\/fr\/produit\/hazardous-area-online-process-carbon-dioxide-analyzer-ce\/","og_site_name":"Southland Sensing Ltd.","article_modified_time":"2025-11-19T10:54:19+00:00","og_image":[{"width":1024,"height":977,"url":"https:\/\/sso2.com\/wp-content\/uploads\/2025\/01\/co2-625-1024x977.png","type":"image\/png"}],"twitter_card":"summary_large_image","twitter_misc":{"Prix":"","Disponibilit\u00e9":"En stock"},"schema":{"@context":"https:\/\/schema.org","@graph":[{"@type":"WebPage","@id":"https:\/\/sso2.com\/product\/hazardous-area-online-process-carbon-dioxide-analyzer-ce\/","url":"https:\/\/sso2.com\/product\/hazardous-area-online-process-carbon-dioxide-analyzer-ce\/","name":"Analyseur de CO2 CO2-625 pour zones dangereuses - Surveillance de la s\u00e9curit\u00e9","isPartOf":{"@id":"https:\/\/sso2.com\/#website"},"primaryImageOfPage":{"@id":"https:\/\/sso2.com\/product\/hazardous-area-online-process-carbon-dioxide-analyzer-ce\/#primaryimage"},"image":{"@id":"https:\/\/sso2.com\/product\/hazardous-area-online-process-carbon-dioxide-analyzer-ce\/#primaryimage"},"thumbnailUrl":"https:\/\/i0.wp.com\/sso2.com\/wp-content\/uploads\/2025\/01\/co2-625.png?fit=3158%2C3013&ssl=1","datePublished":"2025-01-29T17:46:37+00:00","dateModified":"2025-11-19T10:54:19+00:00","description":"L'analyseur de CO2 pour zones dangereuses CO2-625 assure une surveillance pr\u00e9cise du CO2 dans les environnements dangereux, garantissant s\u00e9curit\u00e9, fiabilit\u00e9 et analyse pr\u00e9cise des gaz.","breadcrumb":{"@id":"https:\/\/sso2.com\/product\/hazardous-area-online-process-carbon-dioxide-analyzer-ce\/#breadcrumb"},"inLanguage":"fr-FR","potentialAction":[{"@type":"ReadAction","target":["https:\/\/sso2.com\/product\/hazardous-area-online-process-carbon-dioxide-analyzer-ce\/"]}]},{"@type":"ImageObject","inLanguage":"fr-FR","@id":"https:\/\/sso2.com\/product\/hazardous-area-online-process-carbon-dioxide-analyzer-ce\/#primaryimage","url":"https:\/\/i0.wp.com\/sso2.com\/wp-content\/uploads\/2025\/01\/co2-625.png?fit=3158%2C3013&ssl=1","contentUrl":"https:\/\/i0.wp.com\/sso2.com\/wp-content\/uploads\/2025\/01\/co2-625.png?fit=3158%2C3013&ssl=1","width":3158,"height":3013},{"@type":"BreadcrumbList","@id":"https:\/\/sso2.com\/product\/hazardous-area-online-process-carbon-dioxide-analyzer-ce\/#breadcrumb","itemListElement":[{"@type":"ListItem","position":1,"name":"Home","item":"https:\/\/sso2.com\/en\/"},{"@type":"ListItem","position":2,"name":"Shop","item":"https:\/\/sso2.com\/shop\/"},{"@type":"ListItem","position":3,"name":"CO2-625 Hazardous Area CO2 Analyzer"}]},{"@type":"WebSite","@id":"https:\/\/sso2.com\/#website","url":"https:\/\/sso2.com\/","name":"Southland Sensing Ltd.","description":"Industrial &amp; Medical Gas Analyzers Oxygen CO\u2082, &amp; H\u2082 Monitors","publisher":{"@id":"https:\/\/sso2.com\/#organization"},"alternateName":"SSO2","potentialAction":[{"@type":"SearchAction","target":{"@type":"EntryPoint","urlTemplate":"https:\/\/sso2.com\/?s={search_term_string}"},"query-input":{"@type":"PropertyValueSpecification","valueRequired":true,"valueName":"search_term_string"}}],"inLanguage":"fr-FR"},{"@type":"Organization","@id":"https:\/\/sso2.com\/#organization","name":"Southland Sensing Ltd.","alternateName":"SSO2","url":"https:\/\/sso2.com\/","logo":{"@type":"ImageObject","inLanguage":"fr-FR","@id":"https:\/\/sso2.com\/#\/schema\/logo\/image\/","url":"https:\/\/sso2.com\/wp-content\/uploads\/2025\/10\/sso2_300pixel.webp","contentUrl":"https:\/\/sso2.com\/wp-content\/uploads\/2025\/10\/sso2_300pixel.webp","width":300,"height":50,"caption":"Southland Sensing Ltd."},"image":{"@id":"https:\/\/sso2.com\/#\/schema\/logo\/image\/"},"sameAs":["https:\/\/www.linkedin.com\/company\/southland-sensing-ltd\/"],"description":"Southland Sensing Ltd. brings together superior performance, an improved user experience, and unmatched application expertise to deliver an accurate and reliable measurement solution. That\u2019s why multinationals, small companies and universities alike turn to us again and again.","email":"sales@sso2.com","telephone":"1-949-398-2879","legalName":"Southland Sensing Ltd.","foundingDate":"2013-01-01","numberOfEmployees":{"@type":"QuantitativeValue","minValue":"11","maxValue":"50"},"publishingPrinciples":"https:\/\/sso2.com\/contact-us\/","ownershipFundingInfo":"https:\/\/sso2.com\/about-us\/","actionableFeedbackPolicy":"https:\/\/sso2.com\/contact-us\/"}]},"product_price_currency":"USD","og_availability":"instock","product_availability":"instock","product_condition":"new"},"jetpack_sharing_enabled":true,"_links":{"self":[{"href":"https:\/\/sso2.com\/fr\/wp-json\/wp\/v2\/product\/2985","targetHints":{"allow":["GET"]}}],"collection":[{"href":"https:\/\/sso2.com\/fr\/wp-json\/wp\/v2\/product"}],"about":[{"href":"https:\/\/sso2.com\/fr\/wp-json\/wp\/v2\/types\/product"}],"replies":[{"embeddable":true,"href":"https:\/\/sso2.com\/fr\/wp-json\/wp\/v2\/comments?post=2985"}],"wp:featuredmedia":[{"embeddable":true,"href":"https:\/\/sso2.com\/fr\/wp-json\/wp\/v2\/media\/2977"}],"wp:attachment":[{"href":"https:\/\/sso2.com\/fr\/wp-json\/wp\/v2\/media?parent=2985"}],"wp:term":[{"taxonomy":"product_brand","embeddable":true,"href":"https:\/\/sso2.com\/fr\/wp-json\/wp\/v2\/product_brand?post=2985"},{"taxonomy":"product_cat","embeddable":true,"href":"https:\/\/sso2.com\/fr\/wp-json\/wp\/v2\/product_cat?post=2985"},{"taxonomy":"product_tag","embeddable":true,"href":"https:\/\/sso2.com\/fr\/wp-json\/wp\/v2\/product_tag?post=2985"}],"curies":[{"name":"wp","href":"https:\/\/api.w.org\/{rel}","templated":true}]}}