{"id":2039,"date":"2023-09-27T16:44:32","date_gmt":"2023-09-27T16:44:32","guid":{"rendered":"https:\/\/sso2.com\/?post_type=product&#038;p=2039"},"modified":"2026-03-21T12:17:28","modified_gmt":"2026-03-21T12:17:28","slug":"omd-21","status":"publish","type":"product","link":"https:\/\/sso2.com\/fr\/product\/omd-21\/","title":{"rendered":"OMD-21 Hand-Held Oxygen Analyzer w\/Alarms"},"content":{"rendered":"<p>The OMD-21 portable hand-held oxygen analyzer combines a rugged ABS enclosure and an advanced set of electronic features including a smart MENU interface with our industry leading precision electrochemical oxygen sensor technology.\u00a0 The result is a highly reliable and cost effective design with easy-to-use user interface.\u00a0 This low-maintenance unit is an ideal solution to spot check oxygen levels in industrial, welding and diving applications..\u00a0 The unit comes with a 0 \u2013 100% oxygen concentration full scale measurement range.<\/p>\n<ul>\n<li>Enclosure: ABS; Portable<\/li>\n<li>Range: 0 \u2013 100%<\/li>\n<li>Resolution: 0.01%<\/li>\n<li>Input Power: 3-AAA Batteries<\/li>\n<li>Alarms: Integral &amp; Adjustable<\/li>\n<\/ul>\n<p>Le capteur d'oxyg\u00e8ne est bas\u00e9 sur le principe de la pile \u00e0 combustible \u00e9lectrochimique galvanique et est fabriqu\u00e9 en interne selon une proc\u00e9dure de qualit\u00e9 stricte.  Les capteurs sont autonomes et ne n\u00e9cessitent qu'un entretien minimal - il n'est pas n\u00e9cessaire de nettoyer les \u00e9lectrodes ou d'ajouter de l'\u00e9lectrolyte.  Les capteurs de pr\u00e9cision offrent d'excellentes performances, pr\u00e9cision et stabilit\u00e9 tout en maximisant la dur\u00e9e de vie pr\u00e9vue.<\/p>\n<p>The unit offers Integral high and low audible alarms which are fully configurable by the end user and can be silenced if desired.\u00a0 The coiled cable stretches 12 ft when fully extended.\u00a0 Inlet pressure is designed for 0.1 &#8211; 50 PSIG with an atmospheric vent.<\/p>","protected":false},"excerpt":{"rendered":"<p>The OMD-21 portable hand-held oxygen analyzer combines a rugged ABS enclosure and an advanced set of electronic features including a smart MENU interface with our industry leading precision electrochemical oxygen sensor technology.\u00a0 The result is a highly reliable and cost effective design with easy-to-use user interface.\u00a0 This low-maintenance unit is an ideal solution to spot [&hellip;]<\/p>\n","protected":false},"featured_media":2046,"comment_status":"open","ping_status":"closed","template":"","meta":[],"product_brand":[],"product_cat":[26],"product_tag":[],"class_list":{"0":"post-2039","1":"product","2":"type-product","3":"status-publish","4":"has-post-thumbnail","6":"product_cat-industrial-oxygen-analyzers","8":"first","9":"instock","10":"shipping-taxable","11":"product-type-external"},"yoast_head":"<!-- This site is optimized with the Yoast SEO Premium plugin v27.2 (Yoast SEO v27.2) - https:\/\/yoast.com\/product\/yoast-seo-premium-wordpress\/ -->\n<title>OMD-21 Hand-Held Oxygen Analyzer with Alarms<\/title>\n<meta name=\"description\" content=\"The OMD-21 Hand-Held Oxygen Analyzer offers fast, reliable oxygen measurement with built-in alarms, ideal for industrial, safety, and field applications.\" \/>\n<meta name=\"robots\" content=\"index, follow, max-snippet:-1, max-image-preview:large, max-video-preview:-1\" \/>\n<link rel=\"canonical\" href=\"https:\/\/sso2.com\/fr\/produit\/omd-21\/\" \/>\n<meta property=\"og:locale\" content=\"fr_FR\" \/>\n<meta property=\"og:type\" content=\"article\" \/>\n<meta property=\"og:title\" content=\"OMD-21 Hand-Held Oxygen Analyzer w\/Alarms\" \/>\n<meta property=\"og:description\" content=\"The OMD-21 Hand-Held Oxygen Analyzer offers fast, reliable oxygen measurement with built-in alarms, ideal for industrial, safety, and field applications.\" \/>\n<meta property=\"og:url\" content=\"https:\/\/sso2.com\/fr\/produit\/omd-21\/\" \/>\n<meta property=\"og:site_name\" content=\"Southland Sensing Ltd.\" \/>\n<meta property=\"article:modified_time\" content=\"2026-03-21T12:17:28+00:00\" \/>\n<meta property=\"og:image\" content=\"https:\/\/sso2.com\/wp-content\/uploads\/2023\/09\/img_0167-1.jpg\" \/>\n\t<meta property=\"og:image:width\" content=\"1038\" \/>\n\t<meta property=\"og:image:height\" content=\"931\" \/>\n\t<meta property=\"og:image:type\" content=\"image\/jpeg\" \/>\n<meta name=\"twitter:card\" content=\"summary_large_image\" \/>\n<meta name=\"twitter:label1\" content=\"Prix\" \/>\n\t<meta name=\"twitter:data1\" content=\"\" \/>\n\t<meta name=\"twitter:label2\" content=\"Disponibilit\u00e9\" \/>\n\t<meta name=\"twitter:data2\" content=\"En stock\" \/>\n<script type=\"application\/ld+json\" class=\"yoast-schema-graph\">{\"@context\":\"https:\/\/schema.org\",\"@graph\":[{\"@type\":\"WebPage\",\"@id\":\"https:\/\/sso2.com\/product\/omd-21\/\",\"url\":\"https:\/\/sso2.com\/product\/omd-21\/\",\"name\":\"OMD-21 Hand-Held Oxygen Analyzer with Alarms\",\"isPartOf\":{\"@id\":\"https:\/\/sso2.com\/#website\"},\"primaryImageOfPage\":{\"@id\":\"https:\/\/sso2.com\/product\/omd-21\/#primaryimage\"},\"image\":{\"@id\":\"https:\/\/sso2.com\/product\/omd-21\/#primaryimage\"},\"thumbnailUrl\":\"https:\/\/i0.wp.com\/sso2.com\/wp-content\/uploads\/2023\/09\/img_0167-1.jpg?fit=1038%2C931&ssl=1\",\"datePublished\":\"2023-09-27T16:44:32+00:00\",\"dateModified\":\"2026-03-21T12:17:28+00:00\",\"description\":\"The OMD-21 Hand-Held Oxygen Analyzer offers fast, reliable oxygen measurement with built-in alarms, ideal for industrial, safety, and field applications.\",\"breadcrumb\":{\"@id\":\"https:\/\/sso2.com\/product\/omd-21\/#breadcrumb\"},\"inLanguage\":\"fr-FR\",\"potentialAction\":[{\"@type\":\"ReadAction\",\"target\":[\"https:\/\/sso2.com\/product\/omd-21\/\"]}]},{\"@type\":\"ImageObject\",\"inLanguage\":\"fr-FR\",\"@id\":\"https:\/\/sso2.com\/product\/omd-21\/#primaryimage\",\"url\":\"https:\/\/i0.wp.com\/sso2.com\/wp-content\/uploads\/2023\/09\/img_0167-1.jpg?fit=1038%2C931&ssl=1\",\"contentUrl\":\"https:\/\/i0.wp.com\/sso2.com\/wp-content\/uploads\/2023\/09\/img_0167-1.jpg?fit=1038%2C931&ssl=1\",\"width\":1038,\"height\":931},{\"@type\":\"BreadcrumbList\",\"@id\":\"https:\/\/sso2.com\/product\/omd-21\/#breadcrumb\",\"itemListElement\":[{\"@type\":\"ListItem\",\"position\":1,\"name\":\"Home\",\"item\":\"https:\/\/sso2.com\/en\/\"},{\"@type\":\"ListItem\",\"position\":2,\"name\":\"Shop\",\"item\":\"https:\/\/sso2.com\/shop\/\"},{\"@type\":\"ListItem\",\"position\":3,\"name\":\"OMD-21 Hand-Held Oxygen Analyzer w\/Alarms\"}]},{\"@type\":\"WebSite\",\"@id\":\"https:\/\/sso2.com\/#website\",\"url\":\"https:\/\/sso2.com\/\",\"name\":\"Southland Sensing Ltd.\",\"description\":\"Industrial &amp; Medical Gas Analyzers Oxygen CO\u2082, &amp; H\u2082 Monitors\",\"publisher\":{\"@id\":\"https:\/\/sso2.com\/#organization\"},\"alternateName\":\"SSO2\",\"potentialAction\":[{\"@type\":\"SearchAction\",\"target\":{\"@type\":\"EntryPoint\",\"urlTemplate\":\"https:\/\/sso2.com\/?s={search_term_string}\"},\"query-input\":{\"@type\":\"PropertyValueSpecification\",\"valueRequired\":true,\"valueName\":\"search_term_string\"}}],\"inLanguage\":\"fr-FR\"},{\"@type\":\"Organization\",\"@id\":\"https:\/\/sso2.com\/#organization\",\"name\":\"Southland Sensing Ltd.\",\"alternateName\":\"SSO2\",\"url\":\"https:\/\/sso2.com\/\",\"logo\":{\"@type\":\"ImageObject\",\"inLanguage\":\"fr-FR\",\"@id\":\"https:\/\/sso2.com\/#\/schema\/logo\/image\/\",\"url\":\"https:\/\/sso2.com\/wp-content\/uploads\/2025\/10\/sso2_300pixel.webp\",\"contentUrl\":\"https:\/\/sso2.com\/wp-content\/uploads\/2025\/10\/sso2_300pixel.webp\",\"width\":300,\"height\":50,\"caption\":\"Southland Sensing Ltd.\"},\"image\":{\"@id\":\"https:\/\/sso2.com\/#\/schema\/logo\/image\/\"},\"sameAs\":[\"https:\/\/www.linkedin.com\/company\/southland-sensing-ltd\/\"],\"description\":\"Southland Sensing Ltd. brings together superior performance, an improved user experience, and unmatched application expertise to deliver an accurate and reliable measurement solution. That\u2019s why multinationals, small companies and universities alike turn to us again and again.\",\"email\":\"sales@sso2.com\",\"telephone\":\"1-949-398-2879\",\"legalName\":\"Southland Sensing Ltd.\",\"foundingDate\":\"2013-01-01\",\"numberOfEmployees\":{\"@type\":\"QuantitativeValue\",\"minValue\":\"11\",\"maxValue\":\"50\"},\"publishingPrinciples\":\"https:\/\/sso2.com\/contact-us\/\",\"ownershipFundingInfo\":\"https:\/\/sso2.com\/about-us\/\",\"actionableFeedbackPolicy\":\"https:\/\/sso2.com\/contact-us\/\"}]}<\/script>\n<meta property=\"product:price:currency\" content=\"USD\" \/>\n<meta property=\"og:availability\" content=\"instock\" \/>\n<meta property=\"product:availability\" content=\"instock\" \/>\n<meta property=\"product:condition\" content=\"new\" \/>\n<!-- \/ Yoast SEO Premium plugin. -->","yoast_head_json":{"title":"Analyseur d'oxyg\u00e8ne portable OMD-21 avec alarmes","description":"L'analyseur d'oxyg\u00e8ne portable OMD-21 offre une mesure d'oxyg\u00e8ne rapide et fiable avec des alarmes int\u00e9gr\u00e9es, id\u00e9al pour les applications industrielles, de s\u00e9curit\u00e9 et sur le terrain.","robots":{"index":"index","follow":"follow","max-snippet":"max-snippet:-1","max-image-preview":"max-image-preview:large","max-video-preview":"max-video-preview:-1"},"canonical":"https:\/\/sso2.com\/fr\/produit\/omd-21\/","og_locale":"fr_FR","og_type":"article","og_title":"OMD-21 Hand-Held Oxygen Analyzer w\/Alarms","og_description":"The OMD-21 Hand-Held Oxygen Analyzer offers fast, reliable oxygen measurement with built-in alarms, ideal for industrial, safety, and field applications.","og_url":"https:\/\/sso2.com\/fr\/produit\/omd-21\/","og_site_name":"Southland Sensing Ltd.","article_modified_time":"2026-03-21T12:17:28+00:00","og_image":[{"width":1038,"height":931,"url":"https:\/\/sso2.com\/wp-content\/uploads\/2023\/09\/img_0167-1.jpg","type":"image\/jpeg"}],"twitter_card":"summary_large_image","twitter_misc":{"Prix":"","Disponibilit\u00e9":"En stock"},"schema":{"@context":"https:\/\/schema.org","@graph":[{"@type":"WebPage","@id":"https:\/\/sso2.com\/product\/omd-21\/","url":"https:\/\/sso2.com\/product\/omd-21\/","name":"Analyseur d'oxyg\u00e8ne portable OMD-21 avec alarmes","isPartOf":{"@id":"https:\/\/sso2.com\/#website"},"primaryImageOfPage":{"@id":"https:\/\/sso2.com\/product\/omd-21\/#primaryimage"},"image":{"@id":"https:\/\/sso2.com\/product\/omd-21\/#primaryimage"},"thumbnailUrl":"https:\/\/i0.wp.com\/sso2.com\/wp-content\/uploads\/2023\/09\/img_0167-1.jpg?fit=1038%2C931&ssl=1","datePublished":"2023-09-27T16:44:32+00:00","dateModified":"2026-03-21T12:17:28+00:00","description":"L'analyseur d'oxyg\u00e8ne portable OMD-21 offre une mesure d'oxyg\u00e8ne rapide et fiable avec des alarmes int\u00e9gr\u00e9es, id\u00e9al pour les applications industrielles, de s\u00e9curit\u00e9 et sur le terrain.","breadcrumb":{"@id":"https:\/\/sso2.com\/product\/omd-21\/#breadcrumb"},"inLanguage":"fr-FR","potentialAction":[{"@type":"ReadAction","target":["https:\/\/sso2.com\/product\/omd-21\/"]}]},{"@type":"ImageObject","inLanguage":"fr-FR","@id":"https:\/\/sso2.com\/product\/omd-21\/#primaryimage","url":"https:\/\/i0.wp.com\/sso2.com\/wp-content\/uploads\/2023\/09\/img_0167-1.jpg?fit=1038%2C931&ssl=1","contentUrl":"https:\/\/i0.wp.com\/sso2.com\/wp-content\/uploads\/2023\/09\/img_0167-1.jpg?fit=1038%2C931&ssl=1","width":1038,"height":931},{"@type":"BreadcrumbList","@id":"https:\/\/sso2.com\/product\/omd-21\/#breadcrumb","itemListElement":[{"@type":"ListItem","position":1,"name":"Home","item":"https:\/\/sso2.com\/en\/"},{"@type":"ListItem","position":2,"name":"Shop","item":"https:\/\/sso2.com\/shop\/"},{"@type":"ListItem","position":3,"name":"OMD-21 Hand-Held Oxygen Analyzer w\/Alarms"}]},{"@type":"WebSite","@id":"https:\/\/sso2.com\/#website","url":"https:\/\/sso2.com\/","name":"Southland Sensing Ltd.","description":"Industrial &amp; Medical Gas Analyzers Oxygen CO\u2082, &amp; H\u2082 Monitors","publisher":{"@id":"https:\/\/sso2.com\/#organization"},"alternateName":"SSO2","potentialAction":[{"@type":"SearchAction","target":{"@type":"EntryPoint","urlTemplate":"https:\/\/sso2.com\/?s={search_term_string}"},"query-input":{"@type":"PropertyValueSpecification","valueRequired":true,"valueName":"search_term_string"}}],"inLanguage":"fr-FR"},{"@type":"Organization","@id":"https:\/\/sso2.com\/#organization","name":"Southland Sensing Ltd.","alternateName":"SSO2","url":"https:\/\/sso2.com\/","logo":{"@type":"ImageObject","inLanguage":"fr-FR","@id":"https:\/\/sso2.com\/#\/schema\/logo\/image\/","url":"https:\/\/sso2.com\/wp-content\/uploads\/2025\/10\/sso2_300pixel.webp","contentUrl":"https:\/\/sso2.com\/wp-content\/uploads\/2025\/10\/sso2_300pixel.webp","width":300,"height":50,"caption":"Southland Sensing Ltd."},"image":{"@id":"https:\/\/sso2.com\/#\/schema\/logo\/image\/"},"sameAs":["https:\/\/www.linkedin.com\/company\/southland-sensing-ltd\/"],"description":"Southland Sensing Ltd. brings together superior performance, an improved user experience, and unmatched application expertise to deliver an accurate and reliable measurement solution. That\u2019s why multinationals, small companies and universities alike turn to us again and again.","email":"sales@sso2.com","telephone":"1-949-398-2879","legalName":"Southland Sensing Ltd.","foundingDate":"2013-01-01","numberOfEmployees":{"@type":"QuantitativeValue","minValue":"11","maxValue":"50"},"publishingPrinciples":"https:\/\/sso2.com\/contact-us\/","ownershipFundingInfo":"https:\/\/sso2.com\/about-us\/","actionableFeedbackPolicy":"https:\/\/sso2.com\/contact-us\/"}]},"product_price_currency":"USD","og_availability":"instock","product_availability":"instock","product_condition":"new"},"jetpack_sharing_enabled":true,"_links":{"self":[{"href":"https:\/\/sso2.com\/fr\/wp-json\/wp\/v2\/product\/2039","targetHints":{"allow":["GET"]}}],"collection":[{"href":"https:\/\/sso2.com\/fr\/wp-json\/wp\/v2\/product"}],"about":[{"href":"https:\/\/sso2.com\/fr\/wp-json\/wp\/v2\/types\/product"}],"replies":[{"embeddable":true,"href":"https:\/\/sso2.com\/fr\/wp-json\/wp\/v2\/comments?post=2039"}],"wp:featuredmedia":[{"embeddable":true,"href":"https:\/\/sso2.com\/fr\/wp-json\/wp\/v2\/media\/2046"}],"wp:attachment":[{"href":"https:\/\/sso2.com\/fr\/wp-json\/wp\/v2\/media?parent=2039"}],"wp:term":[{"taxonomy":"product_brand","embeddable":true,"href":"https:\/\/sso2.com\/fr\/wp-json\/wp\/v2\/product_brand?post=2039"},{"taxonomy":"product_cat","embeddable":true,"href":"https:\/\/sso2.com\/fr\/wp-json\/wp\/v2\/product_cat?post=2039"},{"taxonomy":"product_tag","embeddable":true,"href":"https:\/\/sso2.com\/fr\/wp-json\/wp\/v2\/product_tag?post=2039"}],"curies":[{"name":"wp","href":"https:\/\/api.w.org\/{rel}","templated":true}]}}