{"id":1727,"date":"2021-07-15T22:19:09","date_gmt":"2021-07-15T22:19:09","guid":{"rendered":"https:\/\/sso2.com\/?post_type=product&#038;p=1727"},"modified":"2025-11-19T11:19:04","modified_gmt":"2025-11-19T11:19:04","slug":"is-hazardous-area-oxygen-analyzer-ce","status":"publish","type":"product","link":"https:\/\/sso2.com\/fr\/product\/is-hazardous-area-oxygen-analyzer-ce\/","title":{"rendered":"Analyseur d'oxyg\u00e8ne pour zones dangereuses, CE"},"content":{"rendered":"<p>The OMD-150-IS is a cost-effective online intrinsically safe instrument for measuring oxygen continuously with very little maintenance requirements.\u00a0 The analyzer is designed for use in Class 1, Division 2 groups B, C, D.\u00a0 Primary applications for this analyzer include natural gas, landfill, hydrogen production and other industrial applications.<\/p>\n<p>The electronics are highly reliable and feature packed with a very easy-to-use MENU interface.\u00a0 No need to lug an expensive laptop into the field to configure the unit.\u00a0 Electronic features include 4 \u2013 20mA or 1 \u2013 5 VDC, and a 12 \u2013 24VDC power input (2-wire loop configuration is optional; MODBUS RS485 ASCII is optional).<\/p>\n<p>Le capteur d'oxyg\u00e8ne est bas\u00e9 sur le principe de la pile \u00e0 combustible \u00e9lectrochimique galvanique et est fabriqu\u00e9 en interne selon une proc\u00e9dure de qualit\u00e9 stricte.  Les capteurs sont autonomes et ne n\u00e9cessitent qu'un entretien minimal - il n'est pas n\u00e9cessaire de nettoyer les \u00e9lectrodes ou d'ajouter de l'\u00e9lectrolyte.  Les capteurs de pr\u00e9cision offrent d'excellentes performances, pr\u00e9cision et stabilit\u00e9 tout en maximisant la dur\u00e9e de vie pr\u00e9vue.<\/p>\n<p>The analyzer comes with multiple ranges from 0 &#8211; 10 PPM up to 0 &#8211; 100%.\u00a0 Optional sensors can be configured for PPM or Percent oxygen analysis, sensors designed for Inert, CO2 or H2S background gases applications.<\/p>\n<p>If you need help configuring the analyzer for your application, please contact our technical sales team.<\/p>","protected":false},"excerpt":{"rendered":"<p>The OMD-150-IS is a cost-effective online intrinsically safe instrument for measuring oxygen continuously with very little maintenance requirements.\u00a0 The analyzer is designed for use in Class 1, Division 2 groups B, C, D.\u00a0 Primary applications for this analyzer include natural gas, landfill, hydrogen production and other industrial applications. The electronics are highly reliable and feature [&hellip;]<\/p>\n","protected":false},"featured_media":358,"comment_status":"open","ping_status":"closed","template":"","meta":[],"product_brand":[],"product_cat":[26],"product_tag":[],"class_list":{"0":"post-1727","1":"product","2":"type-product","3":"status-publish","4":"has-post-thumbnail","6":"product_cat-industrial-oxygen-analyzers","8":"first","9":"instock","10":"shipping-taxable","11":"product-type-external"},"yoast_head":"<!-- This site is optimized with the Yoast SEO Premium plugin v27.2 (Yoast SEO v27.2) - https:\/\/yoast.com\/product\/yoast-seo-premium-wordpress\/ -->\n<title>Hazardous Area Oxygen Analyzer, CE<\/title>\n<meta name=\"description\" content=\"Hazardous Area CE Oxygen Analyzer. Safely detect oxygen deficiency and deficient atmosphere levels with a certified O2 detector.\" \/>\n<meta name=\"robots\" content=\"index, follow, max-snippet:-1, max-image-preview:large, max-video-preview:-1\" \/>\n<link rel=\"canonical\" href=\"https:\/\/sso2.com\/fr\/produit\/is-hazardous-area-oxygen-analyzer-ce\/\" \/>\n<meta property=\"og:locale\" content=\"fr_FR\" \/>\n<meta property=\"og:type\" content=\"article\" \/>\n<meta property=\"og:title\" content=\"Hazardous Area Oxygen Analyzer, CE\" \/>\n<meta property=\"og:description\" content=\"Hazardous Area CE Oxygen Analyzer. Safely detect oxygen deficiency and deficient atmosphere levels with a certified O2 detector.\" \/>\n<meta property=\"og:url\" content=\"https:\/\/sso2.com\/fr\/produit\/is-hazardous-area-oxygen-analyzer-ce\/\" \/>\n<meta property=\"og:site_name\" content=\"Southland Sensing Ltd.\" \/>\n<meta property=\"article:modified_time\" content=\"2025-11-19T11:19:04+00:00\" \/>\n<meta property=\"og:image\" content=\"https:\/\/sso2.com\/wp-content\/uploads\/2019\/03\/omd-150-oxygen-transmitter-min.jpg\" \/>\n\t<meta property=\"og:image:width\" content=\"1080\" \/>\n\t<meta property=\"og:image:height\" content=\"1620\" \/>\n\t<meta property=\"og:image:type\" content=\"image\/jpeg\" \/>\n<meta name=\"twitter:card\" content=\"summary_large_image\" \/>\n<meta name=\"twitter:label1\" content=\"Prix\" \/>\n\t<meta name=\"twitter:data1\" content=\"\" \/>\n\t<meta name=\"twitter:label2\" content=\"Disponibilit\u00e9\" \/>\n\t<meta name=\"twitter:data2\" content=\"En stock\" \/>\n<script type=\"application\/ld+json\" class=\"yoast-schema-graph\">{\"@context\":\"https:\/\/schema.org\",\"@graph\":[{\"@type\":\"WebPage\",\"@id\":\"https:\/\/sso2.com\/product\/is-hazardous-area-oxygen-analyzer-ce\/\",\"url\":\"https:\/\/sso2.com\/product\/is-hazardous-area-oxygen-analyzer-ce\/\",\"name\":\"Hazardous Area Oxygen Analyzer, CE\",\"isPartOf\":{\"@id\":\"https:\/\/sso2.com\/#website\"},\"primaryImageOfPage\":{\"@id\":\"https:\/\/sso2.com\/product\/is-hazardous-area-oxygen-analyzer-ce\/#primaryimage\"},\"image\":{\"@id\":\"https:\/\/sso2.com\/product\/is-hazardous-area-oxygen-analyzer-ce\/#primaryimage\"},\"thumbnailUrl\":\"https:\/\/i0.wp.com\/sso2.com\/wp-content\/uploads\/2019\/03\/omd-150-oxygen-transmitter-min.jpg?fit=1080%2C1620&ssl=1\",\"datePublished\":\"2021-07-15T22:19:09+00:00\",\"dateModified\":\"2025-11-19T11:19:04+00:00\",\"description\":\"Hazardous Area CE Oxygen Analyzer. Safely detect oxygen deficiency and deficient atmosphere levels with a certified O2 detector.\",\"breadcrumb\":{\"@id\":\"https:\/\/sso2.com\/product\/is-hazardous-area-oxygen-analyzer-ce\/#breadcrumb\"},\"inLanguage\":\"fr-FR\",\"potentialAction\":[{\"@type\":\"ReadAction\",\"target\":[\"https:\/\/sso2.com\/product\/is-hazardous-area-oxygen-analyzer-ce\/\"]}]},{\"@type\":\"ImageObject\",\"inLanguage\":\"fr-FR\",\"@id\":\"https:\/\/sso2.com\/product\/is-hazardous-area-oxygen-analyzer-ce\/#primaryimage\",\"url\":\"https:\/\/i0.wp.com\/sso2.com\/wp-content\/uploads\/2019\/03\/omd-150-oxygen-transmitter-min.jpg?fit=1080%2C1620&ssl=1\",\"contentUrl\":\"https:\/\/i0.wp.com\/sso2.com\/wp-content\/uploads\/2019\/03\/omd-150-oxygen-transmitter-min.jpg?fit=1080%2C1620&ssl=1\",\"width\":1080,\"height\":1620},{\"@type\":\"BreadcrumbList\",\"@id\":\"https:\/\/sso2.com\/product\/is-hazardous-area-oxygen-analyzer-ce\/#breadcrumb\",\"itemListElement\":[{\"@type\":\"ListItem\",\"position\":1,\"name\":\"Home\",\"item\":\"https:\/\/sso2.com\/en\/\"},{\"@type\":\"ListItem\",\"position\":2,\"name\":\"Shop\",\"item\":\"https:\/\/sso2.com\/shop\/\"},{\"@type\":\"ListItem\",\"position\":3,\"name\":\"Hazardous Area Oxygen Analyzer, CE\"}]},{\"@type\":\"WebSite\",\"@id\":\"https:\/\/sso2.com\/#website\",\"url\":\"https:\/\/sso2.com\/\",\"name\":\"Southland Sensing Ltd.\",\"description\":\"Industrial &amp; Medical Gas Analyzers Oxygen CO\u2082, &amp; H\u2082 Monitors\",\"publisher\":{\"@id\":\"https:\/\/sso2.com\/#organization\"},\"alternateName\":\"SSO2\",\"potentialAction\":[{\"@type\":\"SearchAction\",\"target\":{\"@type\":\"EntryPoint\",\"urlTemplate\":\"https:\/\/sso2.com\/?s={search_term_string}\"},\"query-input\":{\"@type\":\"PropertyValueSpecification\",\"valueRequired\":true,\"valueName\":\"search_term_string\"}}],\"inLanguage\":\"fr-FR\"},{\"@type\":\"Organization\",\"@id\":\"https:\/\/sso2.com\/#organization\",\"name\":\"Southland Sensing Ltd.\",\"alternateName\":\"SSO2\",\"url\":\"https:\/\/sso2.com\/\",\"logo\":{\"@type\":\"ImageObject\",\"inLanguage\":\"fr-FR\",\"@id\":\"https:\/\/sso2.com\/#\/schema\/logo\/image\/\",\"url\":\"https:\/\/sso2.com\/wp-content\/uploads\/2025\/10\/sso2_300pixel.webp\",\"contentUrl\":\"https:\/\/sso2.com\/wp-content\/uploads\/2025\/10\/sso2_300pixel.webp\",\"width\":300,\"height\":50,\"caption\":\"Southland Sensing Ltd.\"},\"image\":{\"@id\":\"https:\/\/sso2.com\/#\/schema\/logo\/image\/\"},\"sameAs\":[\"https:\/\/www.linkedin.com\/company\/southland-sensing-ltd\/\"],\"description\":\"Southland Sensing Ltd. brings together superior performance, an improved user experience, and unmatched application expertise to deliver an accurate and reliable measurement solution. That\u2019s why multinationals, small companies and universities alike turn to us again and again.\",\"email\":\"sales@sso2.com\",\"telephone\":\"1-949-398-2879\",\"legalName\":\"Southland Sensing Ltd.\",\"foundingDate\":\"2013-01-01\",\"numberOfEmployees\":{\"@type\":\"QuantitativeValue\",\"minValue\":\"11\",\"maxValue\":\"50\"},\"publishingPrinciples\":\"https:\/\/sso2.com\/contact-us\/\",\"ownershipFundingInfo\":\"https:\/\/sso2.com\/about-us\/\",\"actionableFeedbackPolicy\":\"https:\/\/sso2.com\/contact-us\/\"}]}<\/script>\n<meta property=\"product:price:currency\" content=\"USD\" \/>\n<meta property=\"og:availability\" content=\"instock\" \/>\n<meta property=\"product:availability\" content=\"instock\" \/>\n<meta property=\"product:condition\" content=\"new\" \/>\n<!-- \/ Yoast SEO Premium plugin. -->","yoast_head_json":{"title":"Analyseur d'oxyg\u00e8ne pour zones dangereuses, CE","description":"Analyseur d'oxyg\u00e8ne CE pour zones dangereuses. D\u00e9tectez en toute s\u00e9curit\u00e9 les carences en oxyg\u00e8ne et les niveaux d'oxyg\u00e8ne atmosph\u00e9rique appauvris gr\u00e2ce \u00e0 un d\u00e9tecteur d'O2 certifi\u00e9.","robots":{"index":"index","follow":"follow","max-snippet":"max-snippet:-1","max-image-preview":"max-image-preview:large","max-video-preview":"max-video-preview:-1"},"canonical":"https:\/\/sso2.com\/fr\/produit\/is-hazardous-area-oxygen-analyzer-ce\/","og_locale":"fr_FR","og_type":"article","og_title":"Hazardous Area Oxygen Analyzer, CE","og_description":"Hazardous Area CE Oxygen Analyzer. Safely detect oxygen deficiency and deficient atmosphere levels with a certified O2 detector.","og_url":"https:\/\/sso2.com\/fr\/produit\/is-hazardous-area-oxygen-analyzer-ce\/","og_site_name":"Southland Sensing Ltd.","article_modified_time":"2025-11-19T11:19:04+00:00","og_image":[{"width":1080,"height":1620,"url":"https:\/\/sso2.com\/wp-content\/uploads\/2019\/03\/omd-150-oxygen-transmitter-min.jpg","type":"image\/jpeg"}],"twitter_card":"summary_large_image","twitter_misc":{"Prix":"","Disponibilit\u00e9":"En stock"},"schema":{"@context":"https:\/\/schema.org","@graph":[{"@type":"WebPage","@id":"https:\/\/sso2.com\/product\/is-hazardous-area-oxygen-analyzer-ce\/","url":"https:\/\/sso2.com\/product\/is-hazardous-area-oxygen-analyzer-ce\/","name":"Analyseur d'oxyg\u00e8ne pour zones dangereuses, CE","isPartOf":{"@id":"https:\/\/sso2.com\/#website"},"primaryImageOfPage":{"@id":"https:\/\/sso2.com\/product\/is-hazardous-area-oxygen-analyzer-ce\/#primaryimage"},"image":{"@id":"https:\/\/sso2.com\/product\/is-hazardous-area-oxygen-analyzer-ce\/#primaryimage"},"thumbnailUrl":"https:\/\/i0.wp.com\/sso2.com\/wp-content\/uploads\/2019\/03\/omd-150-oxygen-transmitter-min.jpg?fit=1080%2C1620&ssl=1","datePublished":"2021-07-15T22:19:09+00:00","dateModified":"2025-11-19T11:19:04+00:00","description":"Analyseur d'oxyg\u00e8ne CE pour zones dangereuses. D\u00e9tectez en toute s\u00e9curit\u00e9 les carences en oxyg\u00e8ne et les niveaux d'oxyg\u00e8ne atmosph\u00e9rique appauvris gr\u00e2ce \u00e0 un d\u00e9tecteur d'O2 certifi\u00e9.","breadcrumb":{"@id":"https:\/\/sso2.com\/product\/is-hazardous-area-oxygen-analyzer-ce\/#breadcrumb"},"inLanguage":"fr-FR","potentialAction":[{"@type":"ReadAction","target":["https:\/\/sso2.com\/product\/is-hazardous-area-oxygen-analyzer-ce\/"]}]},{"@type":"ImageObject","inLanguage":"fr-FR","@id":"https:\/\/sso2.com\/product\/is-hazardous-area-oxygen-analyzer-ce\/#primaryimage","url":"https:\/\/i0.wp.com\/sso2.com\/wp-content\/uploads\/2019\/03\/omd-150-oxygen-transmitter-min.jpg?fit=1080%2C1620&ssl=1","contentUrl":"https:\/\/i0.wp.com\/sso2.com\/wp-content\/uploads\/2019\/03\/omd-150-oxygen-transmitter-min.jpg?fit=1080%2C1620&ssl=1","width":1080,"height":1620},{"@type":"BreadcrumbList","@id":"https:\/\/sso2.com\/product\/is-hazardous-area-oxygen-analyzer-ce\/#breadcrumb","itemListElement":[{"@type":"ListItem","position":1,"name":"Home","item":"https:\/\/sso2.com\/en\/"},{"@type":"ListItem","position":2,"name":"Shop","item":"https:\/\/sso2.com\/shop\/"},{"@type":"ListItem","position":3,"name":"Hazardous Area Oxygen Analyzer, CE"}]},{"@type":"WebSite","@id":"https:\/\/sso2.com\/#website","url":"https:\/\/sso2.com\/","name":"Southland Sensing Ltd.","description":"Industrial &amp; Medical Gas Analyzers Oxygen CO\u2082, &amp; H\u2082 Monitors","publisher":{"@id":"https:\/\/sso2.com\/#organization"},"alternateName":"SSO2","potentialAction":[{"@type":"SearchAction","target":{"@type":"EntryPoint","urlTemplate":"https:\/\/sso2.com\/?s={search_term_string}"},"query-input":{"@type":"PropertyValueSpecification","valueRequired":true,"valueName":"search_term_string"}}],"inLanguage":"fr-FR"},{"@type":"Organization","@id":"https:\/\/sso2.com\/#organization","name":"Southland Sensing Ltd.","alternateName":"SSO2","url":"https:\/\/sso2.com\/","logo":{"@type":"ImageObject","inLanguage":"fr-FR","@id":"https:\/\/sso2.com\/#\/schema\/logo\/image\/","url":"https:\/\/sso2.com\/wp-content\/uploads\/2025\/10\/sso2_300pixel.webp","contentUrl":"https:\/\/sso2.com\/wp-content\/uploads\/2025\/10\/sso2_300pixel.webp","width":300,"height":50,"caption":"Southland Sensing Ltd."},"image":{"@id":"https:\/\/sso2.com\/#\/schema\/logo\/image\/"},"sameAs":["https:\/\/www.linkedin.com\/company\/southland-sensing-ltd\/"],"description":"Southland Sensing Ltd. brings together superior performance, an improved user experience, and unmatched application expertise to deliver an accurate and reliable measurement solution. That\u2019s why multinationals, small companies and universities alike turn to us again and again.","email":"sales@sso2.com","telephone":"1-949-398-2879","legalName":"Southland Sensing Ltd.","foundingDate":"2013-01-01","numberOfEmployees":{"@type":"QuantitativeValue","minValue":"11","maxValue":"50"},"publishingPrinciples":"https:\/\/sso2.com\/contact-us\/","ownershipFundingInfo":"https:\/\/sso2.com\/about-us\/","actionableFeedbackPolicy":"https:\/\/sso2.com\/contact-us\/"}]},"product_price_currency":"USD","og_availability":"instock","product_availability":"instock","product_condition":"new"},"jetpack_sharing_enabled":true,"_links":{"self":[{"href":"https:\/\/sso2.com\/fr\/wp-json\/wp\/v2\/product\/1727","targetHints":{"allow":["GET"]}}],"collection":[{"href":"https:\/\/sso2.com\/fr\/wp-json\/wp\/v2\/product"}],"about":[{"href":"https:\/\/sso2.com\/fr\/wp-json\/wp\/v2\/types\/product"}],"replies":[{"embeddable":true,"href":"https:\/\/sso2.com\/fr\/wp-json\/wp\/v2\/comments?post=1727"}],"wp:featuredmedia":[{"embeddable":true,"href":"https:\/\/sso2.com\/fr\/wp-json\/wp\/v2\/media\/358"}],"wp:attachment":[{"href":"https:\/\/sso2.com\/fr\/wp-json\/wp\/v2\/media?parent=1727"}],"wp:term":[{"taxonomy":"product_brand","embeddable":true,"href":"https:\/\/sso2.com\/fr\/wp-json\/wp\/v2\/product_brand?post=1727"},{"taxonomy":"product_cat","embeddable":true,"href":"https:\/\/sso2.com\/fr\/wp-json\/wp\/v2\/product_cat?post=1727"},{"taxonomy":"product_tag","embeddable":true,"href":"https:\/\/sso2.com\/fr\/wp-json\/wp\/v2\/product_tag?post=1727"}],"curies":[{"name":"wp","href":"https:\/\/api.w.org\/{rel}","templated":true}]}}