{"id":1204,"date":"2021-01-14T18:04:56","date_gmt":"2021-01-14T18:04:56","guid":{"rendered":"https:\/\/sso2.com\/?post_type=product&#038;p=1204"},"modified":"2025-11-19T11:26:40","modified_gmt":"2025-11-19T11:26:40","slug":"portable-trace-oxygen-purity-analyzer-ce","status":"publish","type":"product","link":"https:\/\/sso2.com\/fr\/product\/portable-trace-oxygen-purity-analyzer-ce\/","title":{"rendered":"OMD-740 Portable Oxygen Purity Analyzer, CE"},"content":{"rendered":"<p>The OMD-740 Portable oxygen purity analyzer combine a rugged anodized aluminum enclosure and an advanced set of electronic features including a smart MENU interface with our industry leading precision electrochemical oxygen sensor technology.\u00a0 The result is a highly reliable and cost effective design with easy-to-use user interface.<\/p>\n<ul>\n<li>Bo\u00eetier : Aluminium anodis\u00e9 ; Portable<\/li>\n<li>Ranges: 0 \u2013 100% &amp; 50\/70\/80\/90 &#8211; 100%<\/li>\n<li>Resolution: 0.01 %<\/li>\n<li>Puissance d'entr\u00e9e : 100 - 240 VAC avec prise internationale<\/li>\n<li>Sortie analogique : 0 - 1V DC<\/li>\n<li>Enregistrement des donn\u00e9es : Cl\u00e9 USB amovible<\/li>\n<li>Pompe d'\u00e9chantillonnage int\u00e9gr\u00e9e en option<\/li>\n<\/ul>\n<p>L'interface MENU intelligente int\u00e9gr\u00e9e permet \u00e0 l'utilisateur de configurer enti\u00e8rement l'analyseur par le biais du syst\u00e8me MENU embarqu\u00e9.  Pas besoin d'un ordinateur portable compliqu\u00e9 ou d'un autre dispositif de contr\u00f4le pour configurer l'analyseur sur le terrain.<\/p>\n<p>The analyzer comes standard with a 0 \u2013 100% full scale range with a resolution of 0.01%. The analyzer can also be configured by the end user in the field for suppressed ranges of 50 \u2013 100%, 70 &#8211; 100%, 80 \u2013 100% and 90 \u2013 100%. A removable USB flash drive for data logging via .CSV (Excel) file format. With an 8GB USB Flash Drive, you can data log for 1 minute intervals for about 50 years before running out of storage. The advanced set of electronic features and flexibility to easily access data allows this analyzer to be unmatched in the market.<\/p>\n<p>L'\u00e9cran de l'analyseur est con\u00e7u pour \u00eatre utilis\u00e9 en plein soleil. Il n'est pas n\u00e9cessaire de pr\u00e9voir un abat-jour ou une autre m\u00e9thode pour voir l'\u00e9cran.<\/p>\n<p>The oxygen sensor used in the OMD-740 is based on the galvanic electrochemical fuel cell principal and is compensated for both pressure and temperature giving the user added accuracy. All oxygen sensors are manufactured in house by Southland Sensing Ltd. under a strict quality program.<\/p>\n<p>The sensors are self-contained and minimal maintenance is required &#8211; no need to clean electrodes or add electrolyte.<\/p>","protected":false},"excerpt":{"rendered":"<p>The OMD-740 Portable oxygen purity analyzer combine a rugged anodized aluminum enclosure and an advanced set of electronic features including a smart MENU interface with our industry leading precision electrochemical oxygen sensor technology.\u00a0 The result is a highly reliable and cost effective design with easy-to-use user interface. Enclosure: Anodized Aluminum; Portable Ranges: 0 \u2013 100% [&hellip;]<\/p>\n","protected":false},"featured_media":1203,"comment_status":"open","ping_status":"closed","template":"","meta":[],"product_brand":[],"product_cat":[26],"product_tag":[],"class_list":{"0":"post-1204","1":"product","2":"type-product","3":"status-publish","4":"has-post-thumbnail","6":"product_cat-industrial-oxygen-analyzers","8":"first","9":"instock","10":"shipping-taxable","11":"product-type-external"},"yoast_head":"<!-- This site is optimized with the Yoast SEO Premium plugin v27.2 (Yoast SEO v27.2) - https:\/\/yoast.com\/product\/yoast-seo-premium-wordpress\/ -->\n<title>OMD-740 Portable Oxygen Purity Analyzer | O2 Sensor<\/title>\n<meta name=\"description\" content=\"The OMD-740 is a portable, CE-certified oxygen purity analyzer and O2 sensor. Perfect for checking oxygen concentrator output purity.\" \/>\n<meta name=\"robots\" content=\"index, follow, max-snippet:-1, max-image-preview:large, max-video-preview:-1\" \/>\n<link rel=\"canonical\" href=\"https:\/\/sso2.com\/fr\/produit\/portable-trace-oxygen-purity-analyzer-ce\/\" \/>\n<meta property=\"og:locale\" content=\"fr_FR\" \/>\n<meta property=\"og:type\" content=\"article\" \/>\n<meta property=\"og:title\" content=\"OMD-740 Portable Oxygen Purity Analyzer, CE\" \/>\n<meta property=\"og:description\" content=\"The OMD-740 is a portable, CE-certified oxygen purity analyzer and O2 sensor. Perfect for checking oxygen concentrator output purity.\" \/>\n<meta property=\"og:url\" content=\"https:\/\/sso2.com\/fr\/produit\/portable-trace-oxygen-purity-analyzer-ce\/\" \/>\n<meta property=\"og:site_name\" content=\"Southland Sensing Ltd.\" \/>\n<meta property=\"article:modified_time\" content=\"2025-11-19T11:26:40+00:00\" \/>\n<meta property=\"og:image\" content=\"https:\/\/sso2.com\/wp-content\/uploads\/2021\/01\/omd-740_purity_oxygen_analyzer.png\" \/>\n\t<meta property=\"og:image:width\" content=\"1040\" \/>\n\t<meta property=\"og:image:height\" content=\"1312\" \/>\n\t<meta property=\"og:image:type\" content=\"image\/png\" \/>\n<meta name=\"twitter:card\" content=\"summary_large_image\" \/>\n<meta name=\"twitter:label1\" content=\"Prix\" \/>\n\t<meta name=\"twitter:data1\" content=\"\" \/>\n\t<meta name=\"twitter:label2\" content=\"Disponibilit\u00e9\" \/>\n\t<meta name=\"twitter:data2\" content=\"En stock\" \/>\n<script type=\"application\/ld+json\" class=\"yoast-schema-graph\">{\"@context\":\"https:\/\/schema.org\",\"@graph\":[{\"@type\":\"WebPage\",\"@id\":\"https:\/\/sso2.com\/product\/portable-trace-oxygen-purity-analyzer-ce\/\",\"url\":\"https:\/\/sso2.com\/product\/portable-trace-oxygen-purity-analyzer-ce\/\",\"name\":\"OMD-740 Portable Oxygen Purity Analyzer | O2 Sensor\",\"isPartOf\":{\"@id\":\"https:\/\/sso2.com\/#website\"},\"primaryImageOfPage\":{\"@id\":\"https:\/\/sso2.com\/product\/portable-trace-oxygen-purity-analyzer-ce\/#primaryimage\"},\"image\":{\"@id\":\"https:\/\/sso2.com\/product\/portable-trace-oxygen-purity-analyzer-ce\/#primaryimage\"},\"thumbnailUrl\":\"https:\/\/i0.wp.com\/sso2.com\/wp-content\/uploads\/2021\/01\/omd-740_purity_oxygen_analyzer.png?fit=1040%2C1312&ssl=1\",\"datePublished\":\"2021-01-14T18:04:56+00:00\",\"dateModified\":\"2025-11-19T11:26:40+00:00\",\"description\":\"The OMD-740 is a portable, CE-certified oxygen purity analyzer and O2 sensor. Perfect for checking oxygen concentrator output purity.\",\"breadcrumb\":{\"@id\":\"https:\/\/sso2.com\/product\/portable-trace-oxygen-purity-analyzer-ce\/#breadcrumb\"},\"inLanguage\":\"fr-FR\",\"potentialAction\":[{\"@type\":\"ReadAction\",\"target\":[\"https:\/\/sso2.com\/product\/portable-trace-oxygen-purity-analyzer-ce\/\"]}]},{\"@type\":\"ImageObject\",\"inLanguage\":\"fr-FR\",\"@id\":\"https:\/\/sso2.com\/product\/portable-trace-oxygen-purity-analyzer-ce\/#primaryimage\",\"url\":\"https:\/\/i0.wp.com\/sso2.com\/wp-content\/uploads\/2021\/01\/omd-740_purity_oxygen_analyzer.png?fit=1040%2C1312&ssl=1\",\"contentUrl\":\"https:\/\/i0.wp.com\/sso2.com\/wp-content\/uploads\/2021\/01\/omd-740_purity_oxygen_analyzer.png?fit=1040%2C1312&ssl=1\",\"width\":1040,\"height\":1312,\"caption\":\"OMD-740 oxygen analyzer\"},{\"@type\":\"BreadcrumbList\",\"@id\":\"https:\/\/sso2.com\/product\/portable-trace-oxygen-purity-analyzer-ce\/#breadcrumb\",\"itemListElement\":[{\"@type\":\"ListItem\",\"position\":1,\"name\":\"Home\",\"item\":\"https:\/\/sso2.com\/en\/\"},{\"@type\":\"ListItem\",\"position\":2,\"name\":\"Shop\",\"item\":\"https:\/\/sso2.com\/shop\/\"},{\"@type\":\"ListItem\",\"position\":3,\"name\":\"OMD-740 Portable Oxygen Purity Analyzer, CE\"}]},{\"@type\":\"WebSite\",\"@id\":\"https:\/\/sso2.com\/#website\",\"url\":\"https:\/\/sso2.com\/\",\"name\":\"Southland Sensing Ltd.\",\"description\":\"Industrial &amp; Medical Gas Analyzers Oxygen CO\u2082, &amp; H\u2082 Monitors\",\"publisher\":{\"@id\":\"https:\/\/sso2.com\/#organization\"},\"alternateName\":\"SSO2\",\"potentialAction\":[{\"@type\":\"SearchAction\",\"target\":{\"@type\":\"EntryPoint\",\"urlTemplate\":\"https:\/\/sso2.com\/?s={search_term_string}\"},\"query-input\":{\"@type\":\"PropertyValueSpecification\",\"valueRequired\":true,\"valueName\":\"search_term_string\"}}],\"inLanguage\":\"fr-FR\"},{\"@type\":\"Organization\",\"@id\":\"https:\/\/sso2.com\/#organization\",\"name\":\"Southland Sensing Ltd.\",\"alternateName\":\"SSO2\",\"url\":\"https:\/\/sso2.com\/\",\"logo\":{\"@type\":\"ImageObject\",\"inLanguage\":\"fr-FR\",\"@id\":\"https:\/\/sso2.com\/#\/schema\/logo\/image\/\",\"url\":\"https:\/\/sso2.com\/wp-content\/uploads\/2025\/10\/sso2_300pixel.webp\",\"contentUrl\":\"https:\/\/sso2.com\/wp-content\/uploads\/2025\/10\/sso2_300pixel.webp\",\"width\":300,\"height\":50,\"caption\":\"Southland Sensing Ltd.\"},\"image\":{\"@id\":\"https:\/\/sso2.com\/#\/schema\/logo\/image\/\"},\"sameAs\":[\"https:\/\/www.linkedin.com\/company\/southland-sensing-ltd\/\"],\"description\":\"Southland Sensing Ltd. brings together superior performance, an improved user experience, and unmatched application expertise to deliver an accurate and reliable measurement solution. That\u2019s why multinationals, small companies and universities alike turn to us again and again.\",\"email\":\"sales@sso2.com\",\"telephone\":\"1-949-398-2879\",\"legalName\":\"Southland Sensing Ltd.\",\"foundingDate\":\"2013-01-01\",\"numberOfEmployees\":{\"@type\":\"QuantitativeValue\",\"minValue\":\"11\",\"maxValue\":\"50\"},\"publishingPrinciples\":\"https:\/\/sso2.com\/contact-us\/\",\"ownershipFundingInfo\":\"https:\/\/sso2.com\/about-us\/\",\"actionableFeedbackPolicy\":\"https:\/\/sso2.com\/contact-us\/\"}]}<\/script>\n<meta property=\"product:price:currency\" content=\"USD\" \/>\n<meta property=\"og:availability\" content=\"instock\" \/>\n<meta property=\"product:availability\" content=\"instock\" \/>\n<meta property=\"product:condition\" content=\"new\" \/>\n<!-- \/ Yoast SEO Premium plugin. -->","yoast_head_json":{"title":"Analyseur de puret\u00e9 d'oxyg\u00e8ne portable OMD-740 | Capteur d'O2","description":"L'OMD-740 est un analyseur de puret\u00e9 d'oxyg\u00e8ne portable, certifi\u00e9 CE, et un capteur d'O2. Id\u00e9al pour contr\u00f4ler la puret\u00e9 de l'oxyg\u00e8ne \u00e0 la sortie des concentrateurs d'oxyg\u00e8ne.","robots":{"index":"index","follow":"follow","max-snippet":"max-snippet:-1","max-image-preview":"max-image-preview:large","max-video-preview":"max-video-preview:-1"},"canonical":"https:\/\/sso2.com\/fr\/produit\/portable-trace-oxygen-purity-analyzer-ce\/","og_locale":"fr_FR","og_type":"article","og_title":"OMD-740 Portable Oxygen Purity Analyzer, CE","og_description":"The OMD-740 is a portable, CE-certified oxygen purity analyzer and O2 sensor. Perfect for checking oxygen concentrator output purity.","og_url":"https:\/\/sso2.com\/fr\/produit\/portable-trace-oxygen-purity-analyzer-ce\/","og_site_name":"Southland Sensing Ltd.","article_modified_time":"2025-11-19T11:26:40+00:00","og_image":[{"width":1040,"height":1312,"url":"https:\/\/sso2.com\/wp-content\/uploads\/2021\/01\/omd-740_purity_oxygen_analyzer.png","type":"image\/png"}],"twitter_card":"summary_large_image","twitter_misc":{"Prix":"","Disponibilit\u00e9":"En stock"},"schema":{"@context":"https:\/\/schema.org","@graph":[{"@type":"WebPage","@id":"https:\/\/sso2.com\/product\/portable-trace-oxygen-purity-analyzer-ce\/","url":"https:\/\/sso2.com\/product\/portable-trace-oxygen-purity-analyzer-ce\/","name":"Analyseur de puret\u00e9 d'oxyg\u00e8ne portable OMD-740 | Capteur d'O2","isPartOf":{"@id":"https:\/\/sso2.com\/#website"},"primaryImageOfPage":{"@id":"https:\/\/sso2.com\/product\/portable-trace-oxygen-purity-analyzer-ce\/#primaryimage"},"image":{"@id":"https:\/\/sso2.com\/product\/portable-trace-oxygen-purity-analyzer-ce\/#primaryimage"},"thumbnailUrl":"https:\/\/i0.wp.com\/sso2.com\/wp-content\/uploads\/2021\/01\/omd-740_purity_oxygen_analyzer.png?fit=1040%2C1312&ssl=1","datePublished":"2021-01-14T18:04:56+00:00","dateModified":"2025-11-19T11:26:40+00:00","description":"L'OMD-740 est un analyseur de puret\u00e9 d'oxyg\u00e8ne portable, certifi\u00e9 CE, et un capteur d'O2. Id\u00e9al pour contr\u00f4ler la puret\u00e9 de l'oxyg\u00e8ne \u00e0 la sortie des concentrateurs d'oxyg\u00e8ne.","breadcrumb":{"@id":"https:\/\/sso2.com\/product\/portable-trace-oxygen-purity-analyzer-ce\/#breadcrumb"},"inLanguage":"fr-FR","potentialAction":[{"@type":"ReadAction","target":["https:\/\/sso2.com\/product\/portable-trace-oxygen-purity-analyzer-ce\/"]}]},{"@type":"ImageObject","inLanguage":"fr-FR","@id":"https:\/\/sso2.com\/product\/portable-trace-oxygen-purity-analyzer-ce\/#primaryimage","url":"https:\/\/i0.wp.com\/sso2.com\/wp-content\/uploads\/2021\/01\/omd-740_purity_oxygen_analyzer.png?fit=1040%2C1312&ssl=1","contentUrl":"https:\/\/i0.wp.com\/sso2.com\/wp-content\/uploads\/2021\/01\/omd-740_purity_oxygen_analyzer.png?fit=1040%2C1312&ssl=1","width":1040,"height":1312,"caption":"OMD-740 oxygen analyzer"},{"@type":"BreadcrumbList","@id":"https:\/\/sso2.com\/product\/portable-trace-oxygen-purity-analyzer-ce\/#breadcrumb","itemListElement":[{"@type":"ListItem","position":1,"name":"Home","item":"https:\/\/sso2.com\/en\/"},{"@type":"ListItem","position":2,"name":"Shop","item":"https:\/\/sso2.com\/shop\/"},{"@type":"ListItem","position":3,"name":"OMD-740 Portable Oxygen Purity Analyzer, CE"}]},{"@type":"WebSite","@id":"https:\/\/sso2.com\/#website","url":"https:\/\/sso2.com\/","name":"Southland Sensing Ltd.","description":"Industrial &amp; Medical Gas Analyzers Oxygen CO\u2082, &amp; H\u2082 Monitors","publisher":{"@id":"https:\/\/sso2.com\/#organization"},"alternateName":"SSO2","potentialAction":[{"@type":"SearchAction","target":{"@type":"EntryPoint","urlTemplate":"https:\/\/sso2.com\/?s={search_term_string}"},"query-input":{"@type":"PropertyValueSpecification","valueRequired":true,"valueName":"search_term_string"}}],"inLanguage":"fr-FR"},{"@type":"Organization","@id":"https:\/\/sso2.com\/#organization","name":"Southland Sensing Ltd.","alternateName":"SSO2","url":"https:\/\/sso2.com\/","logo":{"@type":"ImageObject","inLanguage":"fr-FR","@id":"https:\/\/sso2.com\/#\/schema\/logo\/image\/","url":"https:\/\/sso2.com\/wp-content\/uploads\/2025\/10\/sso2_300pixel.webp","contentUrl":"https:\/\/sso2.com\/wp-content\/uploads\/2025\/10\/sso2_300pixel.webp","width":300,"height":50,"caption":"Southland Sensing Ltd."},"image":{"@id":"https:\/\/sso2.com\/#\/schema\/logo\/image\/"},"sameAs":["https:\/\/www.linkedin.com\/company\/southland-sensing-ltd\/"],"description":"Southland Sensing Ltd. brings together superior performance, an improved user experience, and unmatched application expertise to deliver an accurate and reliable measurement solution. That\u2019s why multinationals, small companies and universities alike turn to us again and again.","email":"sales@sso2.com","telephone":"1-949-398-2879","legalName":"Southland Sensing Ltd.","foundingDate":"2013-01-01","numberOfEmployees":{"@type":"QuantitativeValue","minValue":"11","maxValue":"50"},"publishingPrinciples":"https:\/\/sso2.com\/contact-us\/","ownershipFundingInfo":"https:\/\/sso2.com\/about-us\/","actionableFeedbackPolicy":"https:\/\/sso2.com\/contact-us\/"}]},"product_price_currency":"USD","og_availability":"instock","product_availability":"instock","product_condition":"new"},"jetpack_sharing_enabled":true,"_links":{"self":[{"href":"https:\/\/sso2.com\/fr\/wp-json\/wp\/v2\/product\/1204","targetHints":{"allow":["GET"]}}],"collection":[{"href":"https:\/\/sso2.com\/fr\/wp-json\/wp\/v2\/product"}],"about":[{"href":"https:\/\/sso2.com\/fr\/wp-json\/wp\/v2\/types\/product"}],"replies":[{"embeddable":true,"href":"https:\/\/sso2.com\/fr\/wp-json\/wp\/v2\/comments?post=1204"}],"wp:featuredmedia":[{"embeddable":true,"href":"https:\/\/sso2.com\/fr\/wp-json\/wp\/v2\/media\/1203"}],"wp:attachment":[{"href":"https:\/\/sso2.com\/fr\/wp-json\/wp\/v2\/media?parent=1204"}],"wp:term":[{"taxonomy":"product_brand","embeddable":true,"href":"https:\/\/sso2.com\/fr\/wp-json\/wp\/v2\/product_brand?post=1204"},{"taxonomy":"product_cat","embeddable":true,"href":"https:\/\/sso2.com\/fr\/wp-json\/wp\/v2\/product_cat?post=1204"},{"taxonomy":"product_tag","embeddable":true,"href":"https:\/\/sso2.com\/fr\/wp-json\/wp\/v2\/product_tag?post=1204"}],"curies":[{"name":"wp","href":"https:\/\/api.w.org\/{rel}","templated":true}]}}