{"id":1064,"date":"2020-11-17T21:32:29","date_gmt":"2020-11-17T21:32:29","guid":{"rendered":"https:\/\/demo.activebizsolutions.com\/?post_type=product&#038;p=1064"},"modified":"2025-11-19T12:13:13","modified_gmt":"2025-11-19T12:13:13","slug":"omd-775","status":"publish","type":"product","link":"https:\/\/sso2.com\/fr\/product\/omd-775\/","title":{"rendered":"OMD-775 Online Oxygen Purity Analyzer, CE"},"content":{"rendered":"<p>The OMD-775 online oxygen purity analyzer is designed to measure elevated oxygen levels (21% &#8211; 100%) for online applications. The unit combines an advanced set of electronic features including a smart MENU interface with our industry leading precision electrochemical oxygen sensor technology. The result is a highly reliable and cost effective design with easy-to-use user interface.<\/p>\n<ul>\n<li>Enclosure Type: 19\u2033 Rack Mount<\/li>\n<li>Ranges: 0 \u2013 100% &amp; 50\/70\/80\/90 \u2013 100%<\/li>\n<li>Mode de port\u00e9e : Port\u00e9e automatique ou manuelle<\/li>\n<li>Resolution: 0.01%<\/li>\n<li>Input Power: 100 \u2013 240 VAC<\/li>\n<li>Analog Output: 4 \u2013 20mA, 0 \u2013 10V DC, 0 \u2013 1V DC<\/li>\n<li>Communication: Bi-Directional\u00a0MODBUS RS485 RTU<\/li>\n<\/ul>\n<p>L'interface MENU intelligente int\u00e9gr\u00e9e permet \u00e0 l'utilisateur de configurer enti\u00e8rement l'analyseur par le biais du syst\u00e8me MENU embarqu\u00e9.  Pas besoin d'un ordinateur portable compliqu\u00e9 ou d'un autre dispositif de contr\u00f4le pour configurer l'analyseur sur le terrain.<\/p>\n<p>The analyzer comes standard with a 0 &#8211; 100% full scale range with a resolution of 0.01%. The analyzer can also be configured by the end user in the field for suppressed ranges of 50 &#8211; 100%, 70 &#8211; 100%, 80 &#8211; 100% and 90 &#8211; 100%.\u00a0 The analyzer comes with the ability to auto-range through all four ranges, this is accomplished with the choice of a voltage or current analog output.<\/p>\n<p>Alarm functionality is performed by 2 fully adjustable form C non-latching relay contacts. These can be configured as NO or NC and can be set as HIGH or LOW with optional delay mode. A power failure alarm is also standard and comes as a form C non-latching relay contact.<\/p>\n<p>The oxygen sensor used in the OMD-775 is based on the galvanic electrochemical fuel cell principal and is compensated for both pressure and temperature giving the user added accuracy. All oxygen sensors are manufactured in house by Southland Sensing Ltd. under a strict quality program.<\/p>\n<p>The analyzer is a cost-effective, yet similarly performing, alternative to paramagnetic oxygen sensors packaged in a 19\u201d rack mount for easy installation and operation.<\/p>","protected":false},"excerpt":{"rendered":"<p>The OMD-775 online oxygen purity analyzer is designed to measure elevated oxygen levels (21% &#8211; 100%) for online applications. The unit combines an advanced set of electronic features including a smart MENU interface with our industry leading precision electrochemical oxygen sensor technology. The result is a highly reliable and cost effective design with easy-to-use user [&hellip;]<\/p>\n","protected":false},"featured_media":1065,"comment_status":"open","ping_status":"closed","template":"","meta":[],"product_brand":[],"product_cat":[26],"product_tag":[],"class_list":{"0":"post-1064","1":"product","2":"type-product","3":"status-publish","4":"has-post-thumbnail","6":"product_cat-industrial-oxygen-analyzers","8":"first","9":"instock","10":"shipping-taxable","11":"product-type-external"},"yoast_head":"<!-- This site is optimized with the Yoast SEO Premium plugin v27.2 (Yoast SEO v27.2) - https:\/\/yoast.com\/product\/yoast-seo-premium-wordpress\/ -->\n<title>OMD-775 Online Oxygen Purity Analyzer | O2 Detector<\/title>\n<meta name=\"description\" content=\"The OMD-775 is a CE-certified online oxygen purity analyzer for continuous O2 monitoring. Ideal for medical and industrial gas applications.\" \/>\n<meta name=\"robots\" content=\"index, follow, max-snippet:-1, max-image-preview:large, max-video-preview:-1\" \/>\n<link rel=\"canonical\" href=\"https:\/\/sso2.com\/fr\/produit\/omd-775\/\" \/>\n<meta property=\"og:locale\" content=\"fr_FR\" \/>\n<meta property=\"og:type\" content=\"article\" \/>\n<meta property=\"og:title\" content=\"OMD-775 Online Oxygen Purity Analyzer, CE\" \/>\n<meta property=\"og:description\" content=\"The OMD-775 is a CE-certified online oxygen purity analyzer for continuous O2 monitoring. Ideal for medical and industrial gas applications.\" \/>\n<meta property=\"og:url\" content=\"https:\/\/sso2.com\/fr\/produit\/omd-775\/\" \/>\n<meta property=\"og:site_name\" content=\"Southland Sensing Ltd.\" \/>\n<meta property=\"article:modified_time\" content=\"2025-11-19T12:13:13+00:00\" \/>\n<meta property=\"og:image\" content=\"https:\/\/sso2.com\/wp-content\/uploads\/2020\/11\/omd-775.png\" \/>\n\t<meta property=\"og:image:width\" content=\"1570\" \/>\n\t<meta property=\"og:image:height\" content=\"757\" \/>\n\t<meta property=\"og:image:type\" content=\"image\/png\" \/>\n<meta name=\"twitter:card\" content=\"summary_large_image\" \/>\n<meta name=\"twitter:label1\" content=\"Prix\" \/>\n\t<meta name=\"twitter:data1\" content=\"\" \/>\n\t<meta name=\"twitter:label2\" content=\"Disponibilit\u00e9\" \/>\n\t<meta name=\"twitter:data2\" content=\"En stock\" \/>\n<script type=\"application\/ld+json\" class=\"yoast-schema-graph\">{\"@context\":\"https:\/\/schema.org\",\"@graph\":[{\"@type\":\"WebPage\",\"@id\":\"https:\/\/sso2.com\/product\/omd-775\/\",\"url\":\"https:\/\/sso2.com\/product\/omd-775\/\",\"name\":\"OMD-775 Online Oxygen Purity Analyzer | O2 Detector\",\"isPartOf\":{\"@id\":\"https:\/\/sso2.com\/#website\"},\"primaryImageOfPage\":{\"@id\":\"https:\/\/sso2.com\/product\/omd-775\/#primaryimage\"},\"image\":{\"@id\":\"https:\/\/sso2.com\/product\/omd-775\/#primaryimage\"},\"thumbnailUrl\":\"https:\/\/i0.wp.com\/sso2.com\/wp-content\/uploads\/2020\/11\/omd-775.png?fit=1570%2C757&ssl=1\",\"datePublished\":\"2020-11-17T21:32:29+00:00\",\"dateModified\":\"2025-11-19T12:13:13+00:00\",\"description\":\"The OMD-775 is a CE-certified online oxygen purity analyzer for continuous O2 monitoring. Ideal for medical and industrial gas applications.\",\"breadcrumb\":{\"@id\":\"https:\/\/sso2.com\/product\/omd-775\/#breadcrumb\"},\"inLanguage\":\"fr-FR\",\"potentialAction\":[{\"@type\":\"ReadAction\",\"target\":[\"https:\/\/sso2.com\/product\/omd-775\/\"]}]},{\"@type\":\"ImageObject\",\"inLanguage\":\"fr-FR\",\"@id\":\"https:\/\/sso2.com\/product\/omd-775\/#primaryimage\",\"url\":\"https:\/\/i0.wp.com\/sso2.com\/wp-content\/uploads\/2020\/11\/omd-775.png?fit=1570%2C757&ssl=1\",\"contentUrl\":\"https:\/\/i0.wp.com\/sso2.com\/wp-content\/uploads\/2020\/11\/omd-775.png?fit=1570%2C757&ssl=1\",\"width\":1570,\"height\":757},{\"@type\":\"BreadcrumbList\",\"@id\":\"https:\/\/sso2.com\/product\/omd-775\/#breadcrumb\",\"itemListElement\":[{\"@type\":\"ListItem\",\"position\":1,\"name\":\"Home\",\"item\":\"https:\/\/sso2.com\/en\/\"},{\"@type\":\"ListItem\",\"position\":2,\"name\":\"Shop\",\"item\":\"https:\/\/sso2.com\/shop\/\"},{\"@type\":\"ListItem\",\"position\":3,\"name\":\"OMD-775 Online Oxygen Purity Analyzer, CE\"}]},{\"@type\":\"WebSite\",\"@id\":\"https:\/\/sso2.com\/#website\",\"url\":\"https:\/\/sso2.com\/\",\"name\":\"Southland Sensing Ltd.\",\"description\":\"Industrial &amp; Medical Gas Analyzers Oxygen CO\u2082, &amp; H\u2082 Monitors\",\"publisher\":{\"@id\":\"https:\/\/sso2.com\/#organization\"},\"alternateName\":\"SSO2\",\"potentialAction\":[{\"@type\":\"SearchAction\",\"target\":{\"@type\":\"EntryPoint\",\"urlTemplate\":\"https:\/\/sso2.com\/?s={search_term_string}\"},\"query-input\":{\"@type\":\"PropertyValueSpecification\",\"valueRequired\":true,\"valueName\":\"search_term_string\"}}],\"inLanguage\":\"fr-FR\"},{\"@type\":\"Organization\",\"@id\":\"https:\/\/sso2.com\/#organization\",\"name\":\"Southland Sensing Ltd.\",\"alternateName\":\"SSO2\",\"url\":\"https:\/\/sso2.com\/\",\"logo\":{\"@type\":\"ImageObject\",\"inLanguage\":\"fr-FR\",\"@id\":\"https:\/\/sso2.com\/#\/schema\/logo\/image\/\",\"url\":\"https:\/\/sso2.com\/wp-content\/uploads\/2025\/10\/sso2_300pixel.webp\",\"contentUrl\":\"https:\/\/sso2.com\/wp-content\/uploads\/2025\/10\/sso2_300pixel.webp\",\"width\":300,\"height\":50,\"caption\":\"Southland Sensing Ltd.\"},\"image\":{\"@id\":\"https:\/\/sso2.com\/#\/schema\/logo\/image\/\"},\"sameAs\":[\"https:\/\/www.linkedin.com\/company\/southland-sensing-ltd\/\"],\"description\":\"Southland Sensing Ltd. brings together superior performance, an improved user experience, and unmatched application expertise to deliver an accurate and reliable measurement solution. That\u2019s why multinationals, small companies and universities alike turn to us again and again.\",\"email\":\"sales@sso2.com\",\"telephone\":\"1-949-398-2879\",\"legalName\":\"Southland Sensing Ltd.\",\"foundingDate\":\"2013-01-01\",\"numberOfEmployees\":{\"@type\":\"QuantitativeValue\",\"minValue\":\"11\",\"maxValue\":\"50\"},\"publishingPrinciples\":\"https:\/\/sso2.com\/contact-us\/\",\"ownershipFundingInfo\":\"https:\/\/sso2.com\/about-us\/\",\"actionableFeedbackPolicy\":\"https:\/\/sso2.com\/contact-us\/\"}]}<\/script>\n<meta property=\"product:price:currency\" content=\"USD\" \/>\n<meta property=\"og:availability\" content=\"instock\" \/>\n<meta property=\"product:availability\" content=\"instock\" \/>\n<meta property=\"product:condition\" content=\"new\" \/>\n<!-- \/ Yoast SEO Premium plugin. -->","yoast_head_json":{"title":"Analyseur de puret\u00e9 d'oxyg\u00e8ne en ligne OMD-775 | D\u00e9tecteur d'O2","description":"L'OMD-775 est un analyseur de puret\u00e9 d'oxyg\u00e8ne en ligne certifi\u00e9 CE pour la surveillance continue de l'O2. Id\u00e9al pour les applications m\u00e9dicales et industrielles li\u00e9es aux gaz.","robots":{"index":"index","follow":"follow","max-snippet":"max-snippet:-1","max-image-preview":"max-image-preview:large","max-video-preview":"max-video-preview:-1"},"canonical":"https:\/\/sso2.com\/fr\/produit\/omd-775\/","og_locale":"fr_FR","og_type":"article","og_title":"OMD-775 Online Oxygen Purity Analyzer, CE","og_description":"The OMD-775 is a CE-certified online oxygen purity analyzer for continuous O2 monitoring. Ideal for medical and industrial gas applications.","og_url":"https:\/\/sso2.com\/fr\/produit\/omd-775\/","og_site_name":"Southland Sensing Ltd.","article_modified_time":"2025-11-19T12:13:13+00:00","og_image":[{"width":1570,"height":757,"url":"https:\/\/sso2.com\/wp-content\/uploads\/2020\/11\/omd-775.png","type":"image\/png"}],"twitter_card":"summary_large_image","twitter_misc":{"Prix":"","Disponibilit\u00e9":"En stock"},"schema":{"@context":"https:\/\/schema.org","@graph":[{"@type":"WebPage","@id":"https:\/\/sso2.com\/product\/omd-775\/","url":"https:\/\/sso2.com\/product\/omd-775\/","name":"Analyseur de puret\u00e9 d'oxyg\u00e8ne en ligne OMD-775 | D\u00e9tecteur d'O2","isPartOf":{"@id":"https:\/\/sso2.com\/#website"},"primaryImageOfPage":{"@id":"https:\/\/sso2.com\/product\/omd-775\/#primaryimage"},"image":{"@id":"https:\/\/sso2.com\/product\/omd-775\/#primaryimage"},"thumbnailUrl":"https:\/\/i0.wp.com\/sso2.com\/wp-content\/uploads\/2020\/11\/omd-775.png?fit=1570%2C757&ssl=1","datePublished":"2020-11-17T21:32:29+00:00","dateModified":"2025-11-19T12:13:13+00:00","description":"L'OMD-775 est un analyseur de puret\u00e9 d'oxyg\u00e8ne en ligne certifi\u00e9 CE pour la surveillance continue de l'O2. Id\u00e9al pour les applications m\u00e9dicales et industrielles li\u00e9es aux gaz.","breadcrumb":{"@id":"https:\/\/sso2.com\/product\/omd-775\/#breadcrumb"},"inLanguage":"fr-FR","potentialAction":[{"@type":"ReadAction","target":["https:\/\/sso2.com\/product\/omd-775\/"]}]},{"@type":"ImageObject","inLanguage":"fr-FR","@id":"https:\/\/sso2.com\/product\/omd-775\/#primaryimage","url":"https:\/\/i0.wp.com\/sso2.com\/wp-content\/uploads\/2020\/11\/omd-775.png?fit=1570%2C757&ssl=1","contentUrl":"https:\/\/i0.wp.com\/sso2.com\/wp-content\/uploads\/2020\/11\/omd-775.png?fit=1570%2C757&ssl=1","width":1570,"height":757},{"@type":"BreadcrumbList","@id":"https:\/\/sso2.com\/product\/omd-775\/#breadcrumb","itemListElement":[{"@type":"ListItem","position":1,"name":"Home","item":"https:\/\/sso2.com\/en\/"},{"@type":"ListItem","position":2,"name":"Shop","item":"https:\/\/sso2.com\/shop\/"},{"@type":"ListItem","position":3,"name":"OMD-775 Online Oxygen Purity Analyzer, CE"}]},{"@type":"WebSite","@id":"https:\/\/sso2.com\/#website","url":"https:\/\/sso2.com\/","name":"Southland Sensing Ltd.","description":"Industrial &amp; Medical Gas Analyzers Oxygen CO\u2082, &amp; H\u2082 Monitors","publisher":{"@id":"https:\/\/sso2.com\/#organization"},"alternateName":"SSO2","potentialAction":[{"@type":"SearchAction","target":{"@type":"EntryPoint","urlTemplate":"https:\/\/sso2.com\/?s={search_term_string}"},"query-input":{"@type":"PropertyValueSpecification","valueRequired":true,"valueName":"search_term_string"}}],"inLanguage":"fr-FR"},{"@type":"Organization","@id":"https:\/\/sso2.com\/#organization","name":"Southland Sensing Ltd.","alternateName":"SSO2","url":"https:\/\/sso2.com\/","logo":{"@type":"ImageObject","inLanguage":"fr-FR","@id":"https:\/\/sso2.com\/#\/schema\/logo\/image\/","url":"https:\/\/sso2.com\/wp-content\/uploads\/2025\/10\/sso2_300pixel.webp","contentUrl":"https:\/\/sso2.com\/wp-content\/uploads\/2025\/10\/sso2_300pixel.webp","width":300,"height":50,"caption":"Southland Sensing Ltd."},"image":{"@id":"https:\/\/sso2.com\/#\/schema\/logo\/image\/"},"sameAs":["https:\/\/www.linkedin.com\/company\/southland-sensing-ltd\/"],"description":"Southland Sensing Ltd. brings together superior performance, an improved user experience, and unmatched application expertise to deliver an accurate and reliable measurement solution. That\u2019s why multinationals, small companies and universities alike turn to us again and again.","email":"sales@sso2.com","telephone":"1-949-398-2879","legalName":"Southland Sensing Ltd.","foundingDate":"2013-01-01","numberOfEmployees":{"@type":"QuantitativeValue","minValue":"11","maxValue":"50"},"publishingPrinciples":"https:\/\/sso2.com\/contact-us\/","ownershipFundingInfo":"https:\/\/sso2.com\/about-us\/","actionableFeedbackPolicy":"https:\/\/sso2.com\/contact-us\/"}]},"product_price_currency":"USD","og_availability":"instock","product_availability":"instock","product_condition":"new"},"jetpack_sharing_enabled":true,"_links":{"self":[{"href":"https:\/\/sso2.com\/fr\/wp-json\/wp\/v2\/product\/1064","targetHints":{"allow":["GET"]}}],"collection":[{"href":"https:\/\/sso2.com\/fr\/wp-json\/wp\/v2\/product"}],"about":[{"href":"https:\/\/sso2.com\/fr\/wp-json\/wp\/v2\/types\/product"}],"replies":[{"embeddable":true,"href":"https:\/\/sso2.com\/fr\/wp-json\/wp\/v2\/comments?post=1064"}],"wp:featuredmedia":[{"embeddable":true,"href":"https:\/\/sso2.com\/fr\/wp-json\/wp\/v2\/media\/1065"}],"wp:attachment":[{"href":"https:\/\/sso2.com\/fr\/wp-json\/wp\/v2\/media?parent=1064"}],"wp:term":[{"taxonomy":"product_brand","embeddable":true,"href":"https:\/\/sso2.com\/fr\/wp-json\/wp\/v2\/product_brand?post=1064"},{"taxonomy":"product_cat","embeddable":true,"href":"https:\/\/sso2.com\/fr\/wp-json\/wp\/v2\/product_cat?post=1064"},{"taxonomy":"product_tag","embeddable":true,"href":"https:\/\/sso2.com\/fr\/wp-json\/wp\/v2\/product_tag?post=1064"}],"curies":[{"name":"wp","href":"https:\/\/api.w.org\/{rel}","templated":true}]}}