{"id":1688,"date":"2021-06-09T17:40:16","date_gmt":"2021-06-09T17:40:16","guid":{"rendered":"https:\/\/sso2.com\/?page_id=1688"},"modified":"2025-11-29T13:16:16","modified_gmt":"2025-11-29T13:16:16","slug":"chemical-chemical-storage","status":"publish","type":"page","link":"https:\/\/sso2.com\/fr\/application-notes\/chemical-chemical-storage\/","title":{"rendered":"Chemical &#038; Chemical Storage"},"content":{"rendered":"<div data-elementor-type=\"wp-page\" data-elementor-id=\"1688\" class=\"elementor elementor-1688\" data-elementor-post-type=\"page\">\n\t\t\t\t<div class=\"elementor-element elementor-element-72db7136 e-flex e-con-boxed e-con e-parent\" data-id=\"72db7136\" data-element_type=\"container\" data-e-type=\"container\">\n\t\t\t\t\t<div class=\"e-con-inner\">\n\t\t\t\t<div class=\"elementor-element elementor-element-2201948 elementor-widget elementor-widget-text-editor\" data-id=\"2201948\" data-element_type=\"widget\" data-e-type=\"widget\" data-widget_type=\"text-editor.default\">\n\t\t\t\t<div class=\"elementor-widget-container\">\n\t\t\t\t\t\t\t\t\t<p>Production of many chemicals is typically done by mixing components in a reactor, which can range from small, tabletop glass labware all the way to large, industrial sized vessels with mixers. Many components such as organic solvents or final products can be explosive or flammable, and to prevent danger during manufacture or storage the contents will be covered with a blanket of inert nitrogen. This nitrogen ensures that the minimum oxygen concentration \u00a0required for combustion of whatever vapors may be present is not reached for safety reasons.<\/p><p>Il est possible de cr\u00e9er une couverture d'azote en introduisant continuellement de l'azote dans l'espace de t\u00eate des cuves, mais le fait de pouvoir mesurer les niveaux d'O2 pour d\u00e9terminer si la cuve a besoin de plus de gaz permet d'\u00e9conomiser de l'azote, ce qui r\u00e9duit les co\u00fbts. L'utilisation d'un analyseur et d'un syst\u00e8me PLC ou DCS permet de couper le flux de N2 lorsque l'atmosph\u00e8re atteint un niveau d'oxyg\u00e8ne s\u00fbr.<\/p><p>Le <a href=\"https:\/\/sso2.com\/fr\/produit\/wall-mount-oxygen-transmitter-ce\/\">OMD-150<\/a> is suited for constant, inline headspace analysis, and can be configured to measure the percent levels of oxygen required to ensure safety in chemical processes and storage. It is housed in a wall mountable NEMA 4X\/IP66 enclosure, so it can be hosed down while cleaning tanks with no danger to the electronics. The <a href=\"https:\/\/sso2.com\/fr\/produit\/omd-480\/\">OMD-480<\/a> provides the same precision electrochemical sensing technology in a rugged, portable package suitable for spot-checking the headspace of tanks if constant analysis is not necessary.<\/p>\t\t\t\t\t\t\t\t<\/div>\n\t\t\t\t<\/div>\n\t\t\t\t\t<\/div>\n\t\t\t\t<\/div>\n\t\t\t\t<\/div>","protected":false},"excerpt":{"rendered":"<p>Production of many chemicals is typically done by mixing components in a reactor, which can range from small, tabletop glass labware all the way to large, industrial sized vessels with mixers. Many components such as organic solvents or final products can be explosive or flammable, and to prevent danger during manufacture or storage the contents [&hellip;]<\/p>\n","protected":false},"author":6,"featured_media":0,"parent":388,"menu_order":0,"comment_status":"closed","ping_status":"closed","template":"","meta":{"footnotes":""},"class_list":["post-1688","page","type-page","status-publish","hentry"],"yoast_head":"<!-- This site is optimized with the Yoast SEO Premium plugin v27.2 (Yoast SEO v27.2) - https:\/\/yoast.com\/product\/yoast-seo-premium-wordpress\/ -->\n<title>Chemical &amp; Chemical Storage Solutions | Oxygen Sensors &amp; O\u2082 Safety Systems<\/title>\n<meta name=\"description\" content=\"Advanced chemical and chemical storage solutions equipped with oxygen sensors, O\u2082 analyzers, depletion monitors, and safety systems for hazardous environments.\" \/>\n<meta name=\"robots\" content=\"index, follow, max-snippet:-1, max-image-preview:large, max-video-preview:-1\" \/>\n<link rel=\"canonical\" href=\"https:\/\/sso2.com\/fr\/application-notes\/chemical-chemical-storage\/\" \/>\n<meta property=\"og:locale\" content=\"fr_FR\" \/>\n<meta property=\"og:type\" content=\"article\" \/>\n<meta property=\"og:title\" content=\"Chemical &amp; Chemical Storage\" \/>\n<meta property=\"og:description\" content=\"Advanced chemical and chemical storage solutions equipped with oxygen sensors, O\u2082 analyzers, depletion monitors, and safety systems for hazardous environments.\" \/>\n<meta property=\"og:url\" content=\"https:\/\/sso2.com\/fr\/application-notes\/chemical-chemical-storage\/\" \/>\n<meta property=\"og:site_name\" content=\"Southland Sensing Ltd.\" \/>\n<meta property=\"article:modified_time\" content=\"2025-11-29T13:16:16+00:00\" \/>\n<meta property=\"og:image\" content=\"https:\/\/i0.wp.com\/sso2.com\/wp-content\/uploads\/2025\/02\/omd-21.png?fit=1290%2C1158&ssl=1\" \/>\n\t<meta property=\"og:image:width\" content=\"1290\" \/>\n\t<meta property=\"og:image:height\" content=\"1158\" \/>\n\t<meta property=\"og:image:type\" content=\"image\/png\" \/>\n<meta name=\"twitter:card\" content=\"summary_large_image\" \/>\n<meta name=\"twitter:label1\" content=\"Dur\u00e9e de lecture estim\u00e9e\" \/>\n\t<meta name=\"twitter:data1\" content=\"2 minutes\" \/>\n<script type=\"application\/ld+json\" class=\"yoast-schema-graph\">{\"@context\":\"https:\/\/schema.org\",\"@graph\":[{\"@type\":\"WebPage\",\"@id\":\"https:\/\/sso2.com\/application-notes\/chemical-chemical-storage\/\",\"url\":\"https:\/\/sso2.com\/application-notes\/chemical-chemical-storage\/\",\"name\":\"Chemical & Chemical Storage Solutions | Oxygen Sensors & O\u2082 Safety Systems\",\"isPartOf\":{\"@id\":\"https:\/\/sso2.com\/#website\"},\"datePublished\":\"2021-06-09T17:40:16+00:00\",\"dateModified\":\"2025-11-29T13:16:16+00:00\",\"description\":\"Advanced chemical and chemical storage solutions equipped with oxygen sensors, O\u2082 analyzers, depletion monitors, and safety systems for hazardous environments.\",\"breadcrumb\":{\"@id\":\"https:\/\/sso2.com\/application-notes\/chemical-chemical-storage\/#breadcrumb\"},\"inLanguage\":\"fr-FR\",\"potentialAction\":[{\"@type\":\"ReadAction\",\"target\":[\"https:\/\/sso2.com\/application-notes\/chemical-chemical-storage\/\"]}]},{\"@type\":\"BreadcrumbList\",\"@id\":\"https:\/\/sso2.com\/application-notes\/chemical-chemical-storage\/#breadcrumb\",\"itemListElement\":[{\"@type\":\"ListItem\",\"position\":1,\"name\":\"Home\",\"item\":\"https:\/\/sso2.com\/en\/\"},{\"@type\":\"ListItem\",\"position\":2,\"name\":\"Application Notes\",\"item\":\"https:\/\/sso2.com\/application-notes\/\"},{\"@type\":\"ListItem\",\"position\":3,\"name\":\"Chemical &#038; Chemical Storage\"}]},{\"@type\":\"WebSite\",\"@id\":\"https:\/\/sso2.com\/#website\",\"url\":\"https:\/\/sso2.com\/\",\"name\":\"Southland Sensing Ltd.\",\"description\":\"Industrial &amp; Medical Gas Analyzers Oxygen CO\u2082, &amp; H\u2082 Monitors\",\"publisher\":{\"@id\":\"https:\/\/sso2.com\/#organization\"},\"alternateName\":\"SSO2\",\"potentialAction\":[{\"@type\":\"SearchAction\",\"target\":{\"@type\":\"EntryPoint\",\"urlTemplate\":\"https:\/\/sso2.com\/?s={search_term_string}\"},\"query-input\":{\"@type\":\"PropertyValueSpecification\",\"valueRequired\":true,\"valueName\":\"search_term_string\"}}],\"inLanguage\":\"fr-FR\"},{\"@type\":\"Organization\",\"@id\":\"https:\/\/sso2.com\/#organization\",\"name\":\"Southland Sensing Ltd.\",\"alternateName\":\"SSO2\",\"url\":\"https:\/\/sso2.com\/\",\"logo\":{\"@type\":\"ImageObject\",\"inLanguage\":\"fr-FR\",\"@id\":\"https:\/\/sso2.com\/#\/schema\/logo\/image\/\",\"url\":\"https:\/\/sso2.com\/wp-content\/uploads\/2025\/10\/sso2_300pixel.webp\",\"contentUrl\":\"https:\/\/sso2.com\/wp-content\/uploads\/2025\/10\/sso2_300pixel.webp\",\"width\":300,\"height\":50,\"caption\":\"Southland Sensing Ltd.\"},\"image\":{\"@id\":\"https:\/\/sso2.com\/#\/schema\/logo\/image\/\"},\"sameAs\":[\"https:\/\/www.linkedin.com\/company\/southland-sensing-ltd\/\"],\"description\":\"Southland Sensing Ltd. brings together superior performance, an improved user experience, and unmatched application expertise to deliver an accurate and reliable measurement solution. That\u2019s why multinationals, small companies and universities alike turn to us again and again.\",\"email\":\"sales@sso2.com\",\"telephone\":\"1-949-398-2879\",\"legalName\":\"Southland Sensing Ltd.\",\"foundingDate\":\"2013-01-01\",\"numberOfEmployees\":{\"@type\":\"QuantitativeValue\",\"minValue\":\"11\",\"maxValue\":\"50\"},\"publishingPrinciples\":\"https:\/\/sso2.com\/contact-us\/\",\"ownershipFundingInfo\":\"https:\/\/sso2.com\/about-us\/\",\"actionableFeedbackPolicy\":\"https:\/\/sso2.com\/contact-us\/\"}]}<\/script>\n<!-- \/ Yoast SEO Premium plugin. -->","yoast_head_json":{"title":"Chemical & Chemical Storage Solutions | Oxygen Sensors & O\u2082 Safety Systems","description":"Advanced chemical and chemical storage solutions equipped with oxygen sensors, O\u2082 analyzers, depletion monitors, and safety systems for hazardous environments.","robots":{"index":"index","follow":"follow","max-snippet":"max-snippet:-1","max-image-preview":"max-image-preview:large","max-video-preview":"max-video-preview:-1"},"canonical":"https:\/\/sso2.com\/fr\/application-notes\/chemical-chemical-storage\/","og_locale":"fr_FR","og_type":"article","og_title":"Chemical & Chemical Storage","og_description":"Advanced chemical and chemical storage solutions equipped with oxygen sensors, O\u2082 analyzers, depletion monitors, and safety systems for hazardous environments.","og_url":"https:\/\/sso2.com\/fr\/application-notes\/chemical-chemical-storage\/","og_site_name":"Southland Sensing Ltd.","article_modified_time":"2025-11-29T13:16:16+00:00","og_image":[{"width":1290,"height":1158,"url":"https:\/\/i0.wp.com\/sso2.com\/wp-content\/uploads\/2025\/02\/omd-21.png?fit=1290%2C1158&ssl=1","type":"image\/png"}],"twitter_card":"summary_large_image","twitter_misc":{"Dur\u00e9e de lecture estim\u00e9e":"2 minutes"},"schema":{"@context":"https:\/\/schema.org","@graph":[{"@type":"WebPage","@id":"https:\/\/sso2.com\/application-notes\/chemical-chemical-storage\/","url":"https:\/\/sso2.com\/application-notes\/chemical-chemical-storage\/","name":"Chemical & Chemical Storage Solutions | Oxygen Sensors & O\u2082 Safety Systems","isPartOf":{"@id":"https:\/\/sso2.com\/#website"},"datePublished":"2021-06-09T17:40:16+00:00","dateModified":"2025-11-29T13:16:16+00:00","description":"Advanced chemical and chemical storage solutions equipped with oxygen sensors, O\u2082 analyzers, depletion monitors, and safety systems for hazardous environments.","breadcrumb":{"@id":"https:\/\/sso2.com\/application-notes\/chemical-chemical-storage\/#breadcrumb"},"inLanguage":"fr-FR","potentialAction":[{"@type":"ReadAction","target":["https:\/\/sso2.com\/application-notes\/chemical-chemical-storage\/"]}]},{"@type":"BreadcrumbList","@id":"https:\/\/sso2.com\/application-notes\/chemical-chemical-storage\/#breadcrumb","itemListElement":[{"@type":"ListItem","position":1,"name":"Home","item":"https:\/\/sso2.com\/en\/"},{"@type":"ListItem","position":2,"name":"Application Notes","item":"https:\/\/sso2.com\/application-notes\/"},{"@type":"ListItem","position":3,"name":"Chemical &#038; Chemical Storage"}]},{"@type":"WebSite","@id":"https:\/\/sso2.com\/#website","url":"https:\/\/sso2.com\/","name":"Southland Sensing Ltd.","description":"Industrial &amp; Medical Gas Analyzers Oxygen CO\u2082, &amp; H\u2082 Monitors","publisher":{"@id":"https:\/\/sso2.com\/#organization"},"alternateName":"SSO2","potentialAction":[{"@type":"SearchAction","target":{"@type":"EntryPoint","urlTemplate":"https:\/\/sso2.com\/?s={search_term_string}"},"query-input":{"@type":"PropertyValueSpecification","valueRequired":true,"valueName":"search_term_string"}}],"inLanguage":"fr-FR"},{"@type":"Organization","@id":"https:\/\/sso2.com\/#organization","name":"Southland Sensing Ltd.","alternateName":"SSO2","url":"https:\/\/sso2.com\/","logo":{"@type":"ImageObject","inLanguage":"fr-FR","@id":"https:\/\/sso2.com\/#\/schema\/logo\/image\/","url":"https:\/\/sso2.com\/wp-content\/uploads\/2025\/10\/sso2_300pixel.webp","contentUrl":"https:\/\/sso2.com\/wp-content\/uploads\/2025\/10\/sso2_300pixel.webp","width":300,"height":50,"caption":"Southland Sensing Ltd."},"image":{"@id":"https:\/\/sso2.com\/#\/schema\/logo\/image\/"},"sameAs":["https:\/\/www.linkedin.com\/company\/southland-sensing-ltd\/"],"description":"Southland Sensing Ltd. brings together superior performance, an improved user experience, and unmatched application expertise to deliver an accurate and reliable measurement solution. That\u2019s why multinationals, small companies and universities alike turn to us again and again.","email":"sales@sso2.com","telephone":"1-949-398-2879","legalName":"Southland Sensing Ltd.","foundingDate":"2013-01-01","numberOfEmployees":{"@type":"QuantitativeValue","minValue":"11","maxValue":"50"},"publishingPrinciples":"https:\/\/sso2.com\/contact-us\/","ownershipFundingInfo":"https:\/\/sso2.com\/about-us\/","actionableFeedbackPolicy":"https:\/\/sso2.com\/contact-us\/"}]}},"jetpack_sharing_enabled":true,"jetpack_shortlink":"https:\/\/wp.me\/PaSzwI-re","_links":{"self":[{"href":"https:\/\/sso2.com\/fr\/wp-json\/wp\/v2\/pages\/1688","targetHints":{"allow":["GET"]}}],"collection":[{"href":"https:\/\/sso2.com\/fr\/wp-json\/wp\/v2\/pages"}],"about":[{"href":"https:\/\/sso2.com\/fr\/wp-json\/wp\/v2\/types\/page"}],"author":[{"embeddable":true,"href":"https:\/\/sso2.com\/fr\/wp-json\/wp\/v2\/users\/6"}],"replies":[{"embeddable":true,"href":"https:\/\/sso2.com\/fr\/wp-json\/wp\/v2\/comments?post=1688"}],"version-history":[{"count":0,"href":"https:\/\/sso2.com\/fr\/wp-json\/wp\/v2\/pages\/1688\/revisions"}],"up":[{"embeddable":true,"href":"https:\/\/sso2.com\/fr\/wp-json\/wp\/v2\/pages\/388"}],"wp:attachment":[{"href":"https:\/\/sso2.com\/fr\/wp-json\/wp\/v2\/media?parent=1688"}],"curies":[{"name":"wp","href":"https:\/\/api.w.org\/{rel}","templated":true}]}}