{"id":1441,"date":"2021-04-14T20:25:45","date_gmt":"2021-04-14T20:25:45","guid":{"rendered":"https:\/\/sso2.com\/?page_id=1441"},"modified":"2025-11-29T13:54:19","modified_gmt":"2025-11-29T13:54:19","slug":"pharmaceutical","status":"publish","type":"page","link":"https:\/\/sso2.com\/fr\/application-notes\/pharmaceutical\/","title":{"rendered":"Pharmaceutique"},"content":{"rendered":"<div data-elementor-type=\"wp-page\" data-elementor-id=\"1441\" class=\"elementor elementor-1441\" data-elementor-post-type=\"page\">\n\t\t\t\t<div class=\"elementor-element elementor-element-3840dff9 e-flex e-con-boxed e-con e-parent\" data-id=\"3840dff9\" data-element_type=\"container\" data-e-type=\"container\">\n\t\t\t\t\t<div class=\"e-con-inner\">\n\t\t\t\t<div class=\"elementor-element elementor-element-b03973b elementor-widget elementor-widget-text-editor\" data-id=\"b03973b\" data-element_type=\"widget\" data-e-type=\"widget\" data-widget_type=\"text-editor.default\">\n\t\t\t\t<div class=\"elementor-widget-container\">\n\t\t\t\t\t\t\t\t\t<p>La production de produits pharmaceutiques s'effectue g\u00e9n\u00e9ralement en m\u00e9langeant des composants dans un r\u00e9acteur, qui peut aller de la petite verrerie de table aux grandes cuves industrielles \u00e9quip\u00e9es de m\u00e9langeurs. De nombreux composants peuvent \u00eatre explosifs ou inflammables et, pour \u00e9viter tout danger, le contenu est recouvert d'une couverture d'azote inerte. Cet azote garantit que la concentration minimale d'oxyg\u00e8ne des vapeurs de solvant \u00e9ventuellement pr\u00e9sentes n'est pas atteinte.<\/p><p>Il est possible de cr\u00e9er une couverture d'azote en introduisant continuellement de l'azote dans l'espace de t\u00eate des cuves, mais le fait de pouvoir mesurer les niveaux d'O2 pour d\u00e9terminer si la cuve a besoin de plus de gaz permet d'\u00e9conomiser de l'azote, ce qui r\u00e9duit les co\u00fbts. L'utilisation d'un analyseur et d'un syst\u00e8me PLC ou DCS permet de couper le flux de N2 lorsque l'atmosph\u00e8re atteint un niveau d'oxyg\u00e8ne s\u00fbr.<\/p><p>Le <a href=\"https:\/\/sso2.com\/fr\/produit\/wall-mount-oxygen-transmitter-ce\/\">OMD-150<\/a> est adapt\u00e9 \u00e0 l'analyse constante de l'espace de t\u00eate en ligne, car il peut \u00eatre configur\u00e9 pour mesurer les pourcentages d'oxyg\u00e8ne requis pour garantir la s\u00e9curit\u00e9 des processus pharmaceutiques. Il est log\u00e9 dans un bo\u00eetier NEMA 4X\/IP66, ce qui permet de le nettoyer au jet d'eau. L'analyseur de l'espace de t\u00eate <a href=\"https:\/\/sso2.com\/fr\/produit\/omd-480\/\">OMD-480<\/a> offre la m\u00eame technologie de d\u00e9tection \u00e9lectrochimique de pr\u00e9cision dans un bo\u00eetier robuste et portable adapt\u00e9 au contr\u00f4le ponctuel de l'espace de t\u00eate des r\u00e9servoirs.<\/p>\t\t\t\t\t\t\t\t<\/div>\n\t\t\t\t<\/div>\n\t\t\t\t\t<\/div>\n\t\t\t\t<\/div>\n\t\t\t\t<\/div>","protected":false},"excerpt":{"rendered":"<p>Production of pharmaceuticals is typically done by mixing components in a reactor, which can range from small, tabletop glass labware all the way to large, industrial sized vessels with mixers. Many components can be explosive or flammable, and to prevent danger the contents will be covered with a blanket of inert nitrogen. This nitrogen ensures [&hellip;]<\/p>\n","protected":false},"author":6,"featured_media":0,"parent":388,"menu_order":0,"comment_status":"closed","ping_status":"closed","template":"","meta":{"footnotes":""},"class_list":["post-1441","page","type-page","status-publish","hentry"],"yoast_head":"<!-- This site is optimized with the Yoast SEO Premium plugin v27.4 (Yoast SEO v27.4) - https:\/\/yoast.com\/product\/yoast-seo-premium-wordpress\/ -->\n<title>Pharmaceutical Monitoring | Oxygen &amp; O\u2082 Analyzer Solutions<\/title>\n<meta name=\"description\" content=\"Ensure pharmaceutical production safety with advanced oxygen sensors, O\u2082 analyzers, and depletion\/deficiency monitors for controlled environments and labs.\" \/>\n<meta name=\"robots\" content=\"index, follow, max-snippet:-1, max-image-preview:large, max-video-preview:-1\" \/>\n<link rel=\"canonical\" href=\"https:\/\/sso2.com\/fr\/application-notes\/pharmaceutical\/\" \/>\n<meta property=\"og:locale\" content=\"fr_FR\" \/>\n<meta property=\"og:type\" content=\"article\" \/>\n<meta property=\"og:title\" content=\"Pharmaceutical\" \/>\n<meta property=\"og:description\" content=\"Ensure pharmaceutical production safety with advanced oxygen sensors, O\u2082 analyzers, and depletion\/deficiency monitors for controlled environments and labs.\" \/>\n<meta property=\"og:url\" content=\"https:\/\/sso2.com\/fr\/application-notes\/pharmaceutical\/\" \/>\n<meta property=\"og:site_name\" content=\"Southland Sensing Ltd.\" \/>\n<meta property=\"article:modified_time\" content=\"2025-11-29T13:54:19+00:00\" \/>\n<meta property=\"og:image\" content=\"https:\/\/i0.wp.com\/sso2.com\/wp-content\/uploads\/2025\/02\/omd-21.png?fit=1290%2C1158&ssl=1\" \/>\n\t<meta property=\"og:image:width\" content=\"1290\" \/>\n\t<meta property=\"og:image:height\" content=\"1158\" \/>\n\t<meta property=\"og:image:type\" content=\"image\/png\" \/>\n<meta name=\"twitter:card\" content=\"summary_large_image\" \/>\n<meta name=\"twitter:label1\" content=\"Dur\u00e9e de lecture estim\u00e9e\" \/>\n\t<meta name=\"twitter:data1\" content=\"1 minute\" \/>\n<script type=\"application\/ld+json\" class=\"yoast-schema-graph\">{\"@context\":\"https:\\\/\\\/schema.org\",\"@graph\":[{\"@type\":\"WebPage\",\"@id\":\"https:\\\/\\\/sso2.com\\\/application-notes\\\/pharmaceutical\\\/\",\"url\":\"https:\\\/\\\/sso2.com\\\/application-notes\\\/pharmaceutical\\\/\",\"name\":\"Pharmaceutical Monitoring | Oxygen & O\u2082 Analyzer Solutions\",\"isPartOf\":{\"@id\":\"https:\\\/\\\/sso2.com\\\/#website\"},\"datePublished\":\"2021-04-14T20:25:45+00:00\",\"dateModified\":\"2025-11-29T13:54:19+00:00\",\"description\":\"Ensure pharmaceutical production safety with advanced oxygen sensors, O\u2082 analyzers, and depletion\\\/deficiency monitors for controlled environments and labs.\",\"breadcrumb\":{\"@id\":\"https:\\\/\\\/sso2.com\\\/application-notes\\\/pharmaceutical\\\/#breadcrumb\"},\"inLanguage\":\"fr-FR\",\"potentialAction\":[{\"@type\":\"ReadAction\",\"target\":[\"https:\\\/\\\/sso2.com\\\/application-notes\\\/pharmaceutical\\\/\"]}]},{\"@type\":\"BreadcrumbList\",\"@id\":\"https:\\\/\\\/sso2.com\\\/application-notes\\\/pharmaceutical\\\/#breadcrumb\",\"itemListElement\":[{\"@type\":\"ListItem\",\"position\":1,\"name\":\"Home\",\"item\":\"https:\\\/\\\/sso2.com\\\/en\\\/\"},{\"@type\":\"ListItem\",\"position\":2,\"name\":\"Application Notes\",\"item\":\"https:\\\/\\\/sso2.com\\\/application-notes\\\/\"},{\"@type\":\"ListItem\",\"position\":3,\"name\":\"Pharmaceutical\"}]},{\"@type\":\"WebSite\",\"@id\":\"https:\\\/\\\/sso2.com\\\/#website\",\"url\":\"https:\\\/\\\/sso2.com\\\/\",\"name\":\"Southland Sensing Ltd.\",\"description\":\"Industrial &amp; Medical Gas Analyzers Oxygen CO\u2082, &amp; H\u2082 Monitors\",\"publisher\":{\"@id\":\"https:\\\/\\\/sso2.com\\\/#organization\"},\"alternateName\":\"SSO2\",\"potentialAction\":[{\"@type\":\"SearchAction\",\"target\":{\"@type\":\"EntryPoint\",\"urlTemplate\":\"https:\\\/\\\/sso2.com\\\/?s={search_term_string}\"},\"query-input\":{\"@type\":\"PropertyValueSpecification\",\"valueRequired\":true,\"valueName\":\"search_term_string\"}}],\"inLanguage\":\"fr-FR\"},{\"@type\":\"Organization\",\"@id\":\"https:\\\/\\\/sso2.com\\\/#organization\",\"name\":\"Southland Sensing Ltd.\",\"alternateName\":\"SSO2\",\"url\":\"https:\\\/\\\/sso2.com\\\/\",\"logo\":{\"@type\":\"ImageObject\",\"inLanguage\":\"fr-FR\",\"@id\":\"https:\\\/\\\/sso2.com\\\/#\\\/schema\\\/logo\\\/image\\\/\",\"url\":\"https:\\\/\\\/sso2.com\\\/wp-content\\\/uploads\\\/2025\\\/10\\\/sso2_300pixel.webp\",\"contentUrl\":\"https:\\\/\\\/sso2.com\\\/wp-content\\\/uploads\\\/2025\\\/10\\\/sso2_300pixel.webp\",\"width\":300,\"height\":50,\"caption\":\"Southland Sensing Ltd.\"},\"image\":{\"@id\":\"https:\\\/\\\/sso2.com\\\/#\\\/schema\\\/logo\\\/image\\\/\"},\"sameAs\":[\"https:\\\/\\\/www.linkedin.com\\\/company\\\/southland-sensing-ltd\\\/\"],\"description\":\"Southland Sensing Ltd. brings together superior performance, an improved user experience, and unmatched application expertise to deliver an accurate and reliable measurement solution. That\u2019s why multinationals, small companies and universities alike turn to us again and again.\",\"email\":\"sales@sso2.com\",\"telephone\":\"1-949-398-2879\",\"legalName\":\"Southland Sensing Ltd.\",\"foundingDate\":\"2013-01-01\",\"numberOfEmployees\":{\"@type\":\"QuantitativeValue\",\"minValue\":\"11\",\"maxValue\":\"50\"},\"publishingPrinciples\":\"https:\\\/\\\/sso2.com\\\/contact-us\\\/\",\"ownershipFundingInfo\":\"https:\\\/\\\/sso2.com\\\/about-us\\\/\",\"actionableFeedbackPolicy\":\"https:\\\/\\\/sso2.com\\\/contact-us\\\/\"}]}<\/script>\n<!-- \/ Yoast SEO Premium plugin. -->","yoast_head_json":{"title":"Pharmaceutical Monitoring | Oxygen & O\u2082 Analyzer Solutions","description":"Ensure pharmaceutical production safety with advanced oxygen sensors, O\u2082 analyzers, and depletion\/deficiency monitors for controlled environments and labs.","robots":{"index":"index","follow":"follow","max-snippet":"max-snippet:-1","max-image-preview":"max-image-preview:large","max-video-preview":"max-video-preview:-1"},"canonical":"https:\/\/sso2.com\/fr\/application-notes\/pharmaceutical\/","og_locale":"fr_FR","og_type":"article","og_title":"Pharmaceutical","og_description":"Ensure pharmaceutical production safety with advanced oxygen sensors, O\u2082 analyzers, and depletion\/deficiency monitors for controlled environments and labs.","og_url":"https:\/\/sso2.com\/fr\/application-notes\/pharmaceutical\/","og_site_name":"Southland Sensing Ltd.","article_modified_time":"2025-11-29T13:54:19+00:00","og_image":[{"width":1290,"height":1158,"url":"https:\/\/i0.wp.com\/sso2.com\/wp-content\/uploads\/2025\/02\/omd-21.png?fit=1290%2C1158&ssl=1","type":"image\/png"}],"twitter_card":"summary_large_image","twitter_misc":{"Dur\u00e9e de lecture estim\u00e9e":"1 minute"},"schema":{"@context":"https:\/\/schema.org","@graph":[{"@type":"WebPage","@id":"https:\/\/sso2.com\/application-notes\/pharmaceutical\/","url":"https:\/\/sso2.com\/application-notes\/pharmaceutical\/","name":"Pharmaceutical Monitoring | Oxygen & O\u2082 Analyzer Solutions","isPartOf":{"@id":"https:\/\/sso2.com\/#website"},"datePublished":"2021-04-14T20:25:45+00:00","dateModified":"2025-11-29T13:54:19+00:00","description":"Ensure pharmaceutical production safety with advanced oxygen sensors, O\u2082 analyzers, and depletion\/deficiency monitors for controlled environments and labs.","breadcrumb":{"@id":"https:\/\/sso2.com\/application-notes\/pharmaceutical\/#breadcrumb"},"inLanguage":"fr-FR","potentialAction":[{"@type":"ReadAction","target":["https:\/\/sso2.com\/application-notes\/pharmaceutical\/"]}]},{"@type":"BreadcrumbList","@id":"https:\/\/sso2.com\/application-notes\/pharmaceutical\/#breadcrumb","itemListElement":[{"@type":"ListItem","position":1,"name":"Home","item":"https:\/\/sso2.com\/en\/"},{"@type":"ListItem","position":2,"name":"Application Notes","item":"https:\/\/sso2.com\/application-notes\/"},{"@type":"ListItem","position":3,"name":"Pharmaceutical"}]},{"@type":"WebSite","@id":"https:\/\/sso2.com\/#website","url":"https:\/\/sso2.com\/","name":"Southland Sensing Ltd.","description":"Industrial &amp; Medical Gas Analyzers Oxygen CO\u2082, &amp; H\u2082 Monitors","publisher":{"@id":"https:\/\/sso2.com\/#organization"},"alternateName":"SSO2","potentialAction":[{"@type":"SearchAction","target":{"@type":"EntryPoint","urlTemplate":"https:\/\/sso2.com\/?s={search_term_string}"},"query-input":{"@type":"PropertyValueSpecification","valueRequired":true,"valueName":"search_term_string"}}],"inLanguage":"fr-FR"},{"@type":"Organization","@id":"https:\/\/sso2.com\/#organization","name":"Southland Sensing Ltd.","alternateName":"SSO2","url":"https:\/\/sso2.com\/","logo":{"@type":"ImageObject","inLanguage":"fr-FR","@id":"https:\/\/sso2.com\/#\/schema\/logo\/image\/","url":"https:\/\/sso2.com\/wp-content\/uploads\/2025\/10\/sso2_300pixel.webp","contentUrl":"https:\/\/sso2.com\/wp-content\/uploads\/2025\/10\/sso2_300pixel.webp","width":300,"height":50,"caption":"Southland Sensing Ltd."},"image":{"@id":"https:\/\/sso2.com\/#\/schema\/logo\/image\/"},"sameAs":["https:\/\/www.linkedin.com\/company\/southland-sensing-ltd\/"],"description":"Southland Sensing Ltd. brings together superior performance, an improved user experience, and unmatched application expertise to deliver an accurate and reliable measurement solution. That\u2019s why multinationals, small companies and universities alike turn to us again and again.","email":"sales@sso2.com","telephone":"1-949-398-2879","legalName":"Southland Sensing Ltd.","foundingDate":"2013-01-01","numberOfEmployees":{"@type":"QuantitativeValue","minValue":"11","maxValue":"50"},"publishingPrinciples":"https:\/\/sso2.com\/contact-us\/","ownershipFundingInfo":"https:\/\/sso2.com\/about-us\/","actionableFeedbackPolicy":"https:\/\/sso2.com\/contact-us\/"}]}},"jetpack_sharing_enabled":true,"jetpack_shortlink":"https:\/\/wp.me\/PaSzwI-nf","_links":{"self":[{"href":"https:\/\/sso2.com\/fr\/wp-json\/wp\/v2\/pages\/1441","targetHints":{"allow":["GET"]}}],"collection":[{"href":"https:\/\/sso2.com\/fr\/wp-json\/wp\/v2\/pages"}],"about":[{"href":"https:\/\/sso2.com\/fr\/wp-json\/wp\/v2\/types\/page"}],"author":[{"embeddable":true,"href":"https:\/\/sso2.com\/fr\/wp-json\/wp\/v2\/users\/6"}],"replies":[{"embeddable":true,"href":"https:\/\/sso2.com\/fr\/wp-json\/wp\/v2\/comments?post=1441"}],"version-history":[{"count":0,"href":"https:\/\/sso2.com\/fr\/wp-json\/wp\/v2\/pages\/1441\/revisions"}],"up":[{"embeddable":true,"href":"https:\/\/sso2.com\/fr\/wp-json\/wp\/v2\/pages\/388"}],"wp:attachment":[{"href":"https:\/\/sso2.com\/fr\/wp-json\/wp\/v2\/media?parent=1441"}],"curies":[{"name":"wp","href":"https:\/\/api.w.org\/{rel}","templated":true}]}}