{"id":1296,"date":"2021-02-09T23:32:38","date_gmt":"2021-02-09T23:32:38","guid":{"rendered":"https:\/\/sso2.com\/?page_id=1296"},"modified":"2025-11-29T13:25:27","modified_gmt":"2025-11-29T13:25:27","slug":"combustion-control","status":"publish","type":"page","link":"https:\/\/sso2.com\/fr\/application-notes\/combustion-control\/","title":{"rendered":"Contr\u00f4le de la combustion"},"content":{"rendered":"<div data-elementor-type=\"wp-page\" data-elementor-id=\"1296\" class=\"elementor elementor-1296\" data-elementor-post-type=\"page\">\n\t\t\t\t<div class=\"elementor-element elementor-element-731a7156 e-flex e-con-boxed e-con e-parent\" data-id=\"731a7156\" data-element_type=\"container\" data-e-type=\"container\">\n\t\t\t\t\t<div class=\"e-con-inner\">\n\t\t\t\t<div class=\"elementor-element elementor-element-7f951797 elementor-widget elementor-widget-text-editor\" data-id=\"7f951797\" data-element_type=\"widget\" data-e-type=\"widget\" data-widget_type=\"text-editor.default\">\n\t\t\t\t<div class=\"elementor-widget-container\">\n\t\t\t\t\t\t\t\t\t<p>La combustion n\u00e9cessite une certaine quantit\u00e9 d'air exc\u00e9dentaire pour une combustion compl\u00e8te, le maintien de la stabilit\u00e9 de la flamme et la limitation des \u00e9missions telles que le monoxyde de carbone et le NOx. Pour un br\u00fbleur classique, cet exc\u00e8s se situe entre 4 et 8%. Un exc\u00e8s d'oxyg\u00e8ne entra\u00eene une diminution de l'efficacit\u00e9 de la combustion, ce qui n\u00e9cessite plus de gaz pour obtenir la m\u00eame quantit\u00e9 de chaleur, et peut r\u00e9duire le potentiel de condensation des gaz de combustion - deux facteurs qui entra\u00eenent une augmentation des co\u00fbts d'exploitation pour r\u00e9pondre \u00e0 la demande de chaleur.<\/p><p>Les chaudi\u00e8res doivent \u00e9galement effectuer des cycles pour r\u00e9pondre aux changements de charge, ce qui gaspille de l'\u00e9nergie et acc\u00e9l\u00e8re l'usure des composants, car l'\u00e9changeur de chaleur se dilate et se contracte et la chaleur pr\u00e9cieuse est retir\u00e9e du r\u00e9servoir sous pression pendant sa purge. Il est possible de r\u00e9duire les cycles en modulant le rapport air\/combustible en fonction des variations de charge, ce qui permet au br\u00fbleur de fonctionner de mani\u00e8re plus ou moins continue.<\/p><p>Pour ces raisons, la d\u00e9tection de l'oxyg\u00e8ne est extr\u00eamement utile pour les processus n\u00e9cessitant une combustion afin de garantir un rapport air\/carburant correct pour maximiser la rentabilit\u00e9 et minimiser l'usure, les \u00e9missions et les d\u00e9chets. Les cellules \u00e9lectrochimiques peuvent \u00eatre utilis\u00e9es pour mesurer l'oxyg\u00e8ne dans ces installations avec un syst\u00e8me d'\u00e9chantillonnage relativement simple pour conditionner le gaz pour la cellule du capteur.<\/p>\t\t\t\t\t\t\t\t<\/div>\n\t\t\t\t<\/div>\n\t\t\t\t\t<\/div>\n\t\t\t\t<\/div>\n\t\t\t\t<\/div>","protected":false},"excerpt":{"rendered":"<p>Combustion requires a certain amount of excess air for complete combustion, maintaining flame stability, and limiting emissions such as carbon monoxide and NOx. For a typical burner, this excess will be in the 4-8% range. Too much excess oxygen will lead to a decrease in combustion efficiency, requiring more gas to get the same amount [&hellip;]<\/p>\n","protected":false},"author":6,"featured_media":0,"parent":388,"menu_order":0,"comment_status":"closed","ping_status":"closed","template":"","meta":{"footnotes":""},"class_list":["post-1296","page","type-page","status-publish","hentry"],"yoast_head":"<!-- This site is optimized with the Yoast SEO Premium plugin v27.2 (Yoast SEO v27.2) - https:\/\/yoast.com\/product\/yoast-seo-premium-wordpress\/ -->\n<title>Combustion Control Systems | Oxygen &amp; O\u2082 Monitoring Solutions<\/title>\n<meta name=\"description\" content=\"Optimize combustion efficiency with advanced oxygen sensors, O\u2082 analyzers, and deficiency monitors. Ensure safe and precise control for industrial applications.\" \/>\n<meta name=\"robots\" content=\"index, follow, max-snippet:-1, max-image-preview:large, max-video-preview:-1\" \/>\n<link rel=\"canonical\" href=\"https:\/\/sso2.com\/fr\/application-notes\/combustion-control\/\" \/>\n<meta property=\"og:locale\" content=\"fr_FR\" \/>\n<meta property=\"og:type\" content=\"article\" \/>\n<meta property=\"og:title\" content=\"Combustion Control\" \/>\n<meta property=\"og:description\" content=\"Optimize combustion efficiency with advanced oxygen sensors, O\u2082 analyzers, and deficiency monitors. Ensure safe and precise control for industrial applications.\" \/>\n<meta property=\"og:url\" content=\"https:\/\/sso2.com\/fr\/application-notes\/combustion-control\/\" \/>\n<meta property=\"og:site_name\" content=\"Southland Sensing Ltd.\" \/>\n<meta property=\"article:modified_time\" content=\"2025-11-29T13:25:27+00:00\" \/>\n<meta property=\"og:image\" content=\"https:\/\/i0.wp.com\/sso2.com\/wp-content\/uploads\/2025\/02\/omd-21.png?fit=1290%2C1158&ssl=1\" \/>\n\t<meta property=\"og:image:width\" content=\"1290\" \/>\n\t<meta property=\"og:image:height\" content=\"1158\" \/>\n\t<meta property=\"og:image:type\" content=\"image\/png\" \/>\n<meta name=\"twitter:card\" content=\"summary_large_image\" \/>\n<meta name=\"twitter:label1\" content=\"Dur\u00e9e de lecture estim\u00e9e\" \/>\n\t<meta name=\"twitter:data1\" content=\"1 minute\" \/>\n<script type=\"application\/ld+json\" class=\"yoast-schema-graph\">{\"@context\":\"https:\/\/schema.org\",\"@graph\":[{\"@type\":\"WebPage\",\"@id\":\"https:\/\/sso2.com\/application-notes\/combustion-control\/\",\"url\":\"https:\/\/sso2.com\/application-notes\/combustion-control\/\",\"name\":\"Combustion Control Systems | Oxygen & O\u2082 Monitoring Solutions\",\"isPartOf\":{\"@id\":\"https:\/\/sso2.com\/#website\"},\"datePublished\":\"2021-02-09T23:32:38+00:00\",\"dateModified\":\"2025-11-29T13:25:27+00:00\",\"description\":\"Optimize combustion efficiency with advanced oxygen sensors, O\u2082 analyzers, and deficiency monitors. Ensure safe and precise control for industrial applications.\",\"breadcrumb\":{\"@id\":\"https:\/\/sso2.com\/application-notes\/combustion-control\/#breadcrumb\"},\"inLanguage\":\"fr-FR\",\"potentialAction\":[{\"@type\":\"ReadAction\",\"target\":[\"https:\/\/sso2.com\/application-notes\/combustion-control\/\"]}]},{\"@type\":\"BreadcrumbList\",\"@id\":\"https:\/\/sso2.com\/application-notes\/combustion-control\/#breadcrumb\",\"itemListElement\":[{\"@type\":\"ListItem\",\"position\":1,\"name\":\"Home\",\"item\":\"https:\/\/sso2.com\/en\/\"},{\"@type\":\"ListItem\",\"position\":2,\"name\":\"Application Notes\",\"item\":\"https:\/\/sso2.com\/application-notes\/\"},{\"@type\":\"ListItem\",\"position\":3,\"name\":\"Combustion Control\"}]},{\"@type\":\"WebSite\",\"@id\":\"https:\/\/sso2.com\/#website\",\"url\":\"https:\/\/sso2.com\/\",\"name\":\"Southland Sensing Ltd.\",\"description\":\"Industrial &amp; Medical Gas Analyzers Oxygen CO\u2082, &amp; H\u2082 Monitors\",\"publisher\":{\"@id\":\"https:\/\/sso2.com\/#organization\"},\"alternateName\":\"SSO2\",\"potentialAction\":[{\"@type\":\"SearchAction\",\"target\":{\"@type\":\"EntryPoint\",\"urlTemplate\":\"https:\/\/sso2.com\/?s={search_term_string}\"},\"query-input\":{\"@type\":\"PropertyValueSpecification\",\"valueRequired\":true,\"valueName\":\"search_term_string\"}}],\"inLanguage\":\"fr-FR\"},{\"@type\":\"Organization\",\"@id\":\"https:\/\/sso2.com\/#organization\",\"name\":\"Southland Sensing Ltd.\",\"alternateName\":\"SSO2\",\"url\":\"https:\/\/sso2.com\/\",\"logo\":{\"@type\":\"ImageObject\",\"inLanguage\":\"fr-FR\",\"@id\":\"https:\/\/sso2.com\/#\/schema\/logo\/image\/\",\"url\":\"https:\/\/sso2.com\/wp-content\/uploads\/2025\/10\/sso2_300pixel.webp\",\"contentUrl\":\"https:\/\/sso2.com\/wp-content\/uploads\/2025\/10\/sso2_300pixel.webp\",\"width\":300,\"height\":50,\"caption\":\"Southland Sensing Ltd.\"},\"image\":{\"@id\":\"https:\/\/sso2.com\/#\/schema\/logo\/image\/\"},\"sameAs\":[\"https:\/\/www.linkedin.com\/company\/southland-sensing-ltd\/\"],\"description\":\"Southland Sensing Ltd. brings together superior performance, an improved user experience, and unmatched application expertise to deliver an accurate and reliable measurement solution. That\u2019s why multinationals, small companies and universities alike turn to us again and again.\",\"email\":\"sales@sso2.com\",\"telephone\":\"1-949-398-2879\",\"legalName\":\"Southland Sensing Ltd.\",\"foundingDate\":\"2013-01-01\",\"numberOfEmployees\":{\"@type\":\"QuantitativeValue\",\"minValue\":\"11\",\"maxValue\":\"50\"},\"publishingPrinciples\":\"https:\/\/sso2.com\/contact-us\/\",\"ownershipFundingInfo\":\"https:\/\/sso2.com\/about-us\/\",\"actionableFeedbackPolicy\":\"https:\/\/sso2.com\/contact-us\/\"}]}<\/script>\n<!-- \/ Yoast SEO Premium plugin. -->","yoast_head_json":{"title":"Combustion Control Systems | Oxygen & O\u2082 Monitoring Solutions","description":"Optimize combustion efficiency with advanced oxygen sensors, O\u2082 analyzers, and deficiency monitors. Ensure safe and precise control for industrial applications.","robots":{"index":"index","follow":"follow","max-snippet":"max-snippet:-1","max-image-preview":"max-image-preview:large","max-video-preview":"max-video-preview:-1"},"canonical":"https:\/\/sso2.com\/fr\/application-notes\/combustion-control\/","og_locale":"fr_FR","og_type":"article","og_title":"Combustion Control","og_description":"Optimize combustion efficiency with advanced oxygen sensors, O\u2082 analyzers, and deficiency monitors. Ensure safe and precise control for industrial applications.","og_url":"https:\/\/sso2.com\/fr\/application-notes\/combustion-control\/","og_site_name":"Southland Sensing Ltd.","article_modified_time":"2025-11-29T13:25:27+00:00","og_image":[{"width":1290,"height":1158,"url":"https:\/\/i0.wp.com\/sso2.com\/wp-content\/uploads\/2025\/02\/omd-21.png?fit=1290%2C1158&ssl=1","type":"image\/png"}],"twitter_card":"summary_large_image","twitter_misc":{"Dur\u00e9e de lecture estim\u00e9e":"1 minute"},"schema":{"@context":"https:\/\/schema.org","@graph":[{"@type":"WebPage","@id":"https:\/\/sso2.com\/application-notes\/combustion-control\/","url":"https:\/\/sso2.com\/application-notes\/combustion-control\/","name":"Combustion Control Systems | Oxygen & O\u2082 Monitoring Solutions","isPartOf":{"@id":"https:\/\/sso2.com\/#website"},"datePublished":"2021-02-09T23:32:38+00:00","dateModified":"2025-11-29T13:25:27+00:00","description":"Optimize combustion efficiency with advanced oxygen sensors, O\u2082 analyzers, and deficiency monitors. Ensure safe and precise control for industrial applications.","breadcrumb":{"@id":"https:\/\/sso2.com\/application-notes\/combustion-control\/#breadcrumb"},"inLanguage":"fr-FR","potentialAction":[{"@type":"ReadAction","target":["https:\/\/sso2.com\/application-notes\/combustion-control\/"]}]},{"@type":"BreadcrumbList","@id":"https:\/\/sso2.com\/application-notes\/combustion-control\/#breadcrumb","itemListElement":[{"@type":"ListItem","position":1,"name":"Home","item":"https:\/\/sso2.com\/en\/"},{"@type":"ListItem","position":2,"name":"Application Notes","item":"https:\/\/sso2.com\/application-notes\/"},{"@type":"ListItem","position":3,"name":"Combustion Control"}]},{"@type":"WebSite","@id":"https:\/\/sso2.com\/#website","url":"https:\/\/sso2.com\/","name":"Southland Sensing Ltd.","description":"Industrial &amp; Medical Gas Analyzers Oxygen CO\u2082, &amp; H\u2082 Monitors","publisher":{"@id":"https:\/\/sso2.com\/#organization"},"alternateName":"SSO2","potentialAction":[{"@type":"SearchAction","target":{"@type":"EntryPoint","urlTemplate":"https:\/\/sso2.com\/?s={search_term_string}"},"query-input":{"@type":"PropertyValueSpecification","valueRequired":true,"valueName":"search_term_string"}}],"inLanguage":"fr-FR"},{"@type":"Organization","@id":"https:\/\/sso2.com\/#organization","name":"Southland Sensing Ltd.","alternateName":"SSO2","url":"https:\/\/sso2.com\/","logo":{"@type":"ImageObject","inLanguage":"fr-FR","@id":"https:\/\/sso2.com\/#\/schema\/logo\/image\/","url":"https:\/\/sso2.com\/wp-content\/uploads\/2025\/10\/sso2_300pixel.webp","contentUrl":"https:\/\/sso2.com\/wp-content\/uploads\/2025\/10\/sso2_300pixel.webp","width":300,"height":50,"caption":"Southland Sensing Ltd."},"image":{"@id":"https:\/\/sso2.com\/#\/schema\/logo\/image\/"},"sameAs":["https:\/\/www.linkedin.com\/company\/southland-sensing-ltd\/"],"description":"Southland Sensing Ltd. brings together superior performance, an improved user experience, and unmatched application expertise to deliver an accurate and reliable measurement solution. That\u2019s why multinationals, small companies and universities alike turn to us again and again.","email":"sales@sso2.com","telephone":"1-949-398-2879","legalName":"Southland Sensing Ltd.","foundingDate":"2013-01-01","numberOfEmployees":{"@type":"QuantitativeValue","minValue":"11","maxValue":"50"},"publishingPrinciples":"https:\/\/sso2.com\/contact-us\/","ownershipFundingInfo":"https:\/\/sso2.com\/about-us\/","actionableFeedbackPolicy":"https:\/\/sso2.com\/contact-us\/"}]}},"jetpack_sharing_enabled":true,"jetpack_shortlink":"https:\/\/wp.me\/PaSzwI-kU","_links":{"self":[{"href":"https:\/\/sso2.com\/fr\/wp-json\/wp\/v2\/pages\/1296","targetHints":{"allow":["GET"]}}],"collection":[{"href":"https:\/\/sso2.com\/fr\/wp-json\/wp\/v2\/pages"}],"about":[{"href":"https:\/\/sso2.com\/fr\/wp-json\/wp\/v2\/types\/page"}],"author":[{"embeddable":true,"href":"https:\/\/sso2.com\/fr\/wp-json\/wp\/v2\/users\/6"}],"replies":[{"embeddable":true,"href":"https:\/\/sso2.com\/fr\/wp-json\/wp\/v2\/comments?post=1296"}],"version-history":[{"count":0,"href":"https:\/\/sso2.com\/fr\/wp-json\/wp\/v2\/pages\/1296\/revisions"}],"up":[{"embeddable":true,"href":"https:\/\/sso2.com\/fr\/wp-json\/wp\/v2\/pages\/388"}],"wp:attachment":[{"href":"https:\/\/sso2.com\/fr\/wp-json\/wp\/v2\/media?parent=1296"}],"curies":[{"name":"wp","href":"https:\/\/api.w.org\/{rel}","templated":true}]}}