{"id":961,"date":"2019-09-17T04:42:28","date_gmt":"2019-09-17T04:42:28","guid":{"rendered":"https:\/\/demo.activebizsolutions.com\/?post_type=product&#038;p=961"},"modified":"2025-11-19T12:19:10","modified_gmt":"2025-11-19T12:19:10","slug":"ambient-air-oxygen-analyzer","status":"publish","type":"product","link":"https:\/\/sso2.com\/es\/product\/ambient-air-oxygen-analyzer\/","title":{"rendered":"OMD-351-O2 Ambient Air Oxygen Monitor"},"content":{"rendered":"<p>The OMD-351-O2 online ambient air oxygen analyzer is designed to safely measure breathing air oxygen in confined spaces.\u00a0 The unit combines an advanced set of electronic features including a smart MENU interface with our industry leading precision electrochemical oxygen sensor technology. The result is a highly reliable and cost effective design with easy-to-use user interface.<\/p>\n<ul>\n<li>Enclosure Type: Wall Mount; IP66 \/ NEMA 4X<\/li>\n<li>Enclosure Material: Rugged Anodized Aluminum<\/li>\n<li>Ranges: 0 \u2013 30%<\/li>\n<li>Resolution: 0.1 %<\/li>\n<li>Input Power: 100 \u2013 240 VAC or 24 VDC<\/li>\n<li>Analog Output: 4 \u2013 20mA<\/li>\n<li>Audible Alarm: Integrated Hooter \/ Buzzer<\/li>\n<li>Alarmas: 2 contactos de rel\u00e9 de forma C totalmente ajustables<\/li>\n<li>Power Fail Alarm: 1 Form C relay contact<\/li>\n<li>Power Backup: Integral Rechargeable Battery<\/li>\n<\/ul>\n<p>The built in smart MENU interface allow the user to fully configure the analyzer through the onboard MENU system.\u00a0 No need for a complicated laptop or other control device to setup the analyzer in the field.<\/p>\n<p>The oxygen sensor is based on the galvanic electrochemical fuel cell principal and is manufactured in house under a strict quality procedure.\u00a0 The sensors are long life, self contained and minimal maintenance is required \u2013 no need to clean electrodes or add electrolyte.\u00a0 The precision sensors offer excellent performance, accuracy and stability while maximizing the expected life.<\/p>\n<p>The OMD-351-O2 Ambient Air Oxygen Analyzer is a great choice to monitor oxygen deficiency of breathing air in confined spaces.\u00a0 The analyzer meets or exceeds most domestic and international safety standards including OSHA requirements.<\/p>","protected":false},"excerpt":{"rendered":"<p>The OMD-351-O2 online ambient air oxygen analyzer is designed to safely measure breathing air oxygen in confined spaces.\u00a0 The unit combines an advanced set of electronic features including a smart MENU interface with our industry leading precision electrochemical oxygen sensor technology. The result is a highly reliable and cost effective design with easy-to-use user interface. [&hellip;]<\/p>\n","protected":false},"featured_media":962,"comment_status":"open","ping_status":"closed","template":"","meta":[],"product_brand":[],"product_cat":[30],"product_tag":[],"class_list":{"0":"post-961","1":"product","2":"type-product","3":"status-publish","4":"has-post-thumbnail","6":"product_cat-ambient-air-monitors","8":"first","9":"instock","10":"shipping-taxable","11":"product-type-external"},"yoast_head":"<!-- This site is optimized with the Yoast SEO Premium plugin v27.2 (Yoast SEO v27.2) - https:\/\/yoast.com\/product\/yoast-seo-premium-wordpress\/ -->\n<title>OMD-351-O2 Ambient Air Oxygen Monitor | O2 Safety<\/title>\n<meta name=\"description\" content=\"The OMD-351-O2 is an ambient air oxygen monitor and sensor. Ideal for room safety, detecting oxygen deficiency and deficient atmosphere.\" \/>\n<meta name=\"robots\" content=\"index, follow, max-snippet:-1, max-image-preview:large, max-video-preview:-1\" \/>\n<link rel=\"canonical\" href=\"https:\/\/sso2.com\/es\/producto\/ambient-air-oxygen-analyzer\/\" \/>\n<meta property=\"og:locale\" content=\"es_ES\" \/>\n<meta property=\"og:type\" content=\"article\" \/>\n<meta property=\"og:title\" content=\"OMD-351-O2 Ambient Air Oxygen Monitor\" \/>\n<meta property=\"og:description\" content=\"The OMD-351-O2 is an ambient air oxygen monitor and sensor. Ideal for room safety, detecting oxygen deficiency and deficient atmosphere.\" \/>\n<meta property=\"og:url\" content=\"https:\/\/sso2.com\/es\/producto\/ambient-air-oxygen-analyzer\/\" \/>\n<meta property=\"og:site_name\" content=\"Southland Sensing Ltd.\" \/>\n<meta property=\"article:modified_time\" content=\"2025-11-19T12:19:10+00:00\" \/>\n<meta property=\"og:image\" content=\"https:\/\/sso2.com\/wp-content\/uploads\/2019\/09\/ambient-air-product_thumbnail-min.jpg\" \/>\n\t<meta property=\"og:image:width\" content=\"597\" \/>\n\t<meta property=\"og:image:height\" content=\"1036\" \/>\n\t<meta property=\"og:image:type\" content=\"image\/jpeg\" \/>\n<meta name=\"twitter:card\" content=\"summary_large_image\" \/>\n<meta name=\"twitter:label1\" content=\"Price\" \/>\n\t<meta name=\"twitter:data1\" content=\"\" \/>\n\t<meta name=\"twitter:label2\" content=\"Availability\" \/>\n\t<meta name=\"twitter:data2\" content=\"In stock\" \/>\n<script type=\"application\/ld+json\" class=\"yoast-schema-graph\">{\"@context\":\"https:\/\/schema.org\",\"@graph\":[{\"@type\":\"WebPage\",\"@id\":\"https:\/\/sso2.com\/product\/ambient-air-oxygen-analyzer\/\",\"url\":\"https:\/\/sso2.com\/product\/ambient-air-oxygen-analyzer\/\",\"name\":\"OMD-351-O2 Ambient Air Oxygen Monitor | O2 Safety\",\"isPartOf\":{\"@id\":\"https:\/\/sso2.com\/#website\"},\"primaryImageOfPage\":{\"@id\":\"https:\/\/sso2.com\/product\/ambient-air-oxygen-analyzer\/#primaryimage\"},\"image\":{\"@id\":\"https:\/\/sso2.com\/product\/ambient-air-oxygen-analyzer\/#primaryimage\"},\"thumbnailUrl\":\"https:\/\/i0.wp.com\/sso2.com\/wp-content\/uploads\/2019\/09\/ambient-air-product_thumbnail-min.jpg?fit=597%2C1036&ssl=1\",\"datePublished\":\"2019-09-17T04:42:28+00:00\",\"dateModified\":\"2025-11-19T12:19:10+00:00\",\"description\":\"The OMD-351-O2 is an ambient air oxygen monitor and sensor. Ideal for room safety, detecting oxygen deficiency and deficient atmosphere.\",\"breadcrumb\":{\"@id\":\"https:\/\/sso2.com\/product\/ambient-air-oxygen-analyzer\/#breadcrumb\"},\"inLanguage\":\"es-AR\",\"potentialAction\":[{\"@type\":\"ReadAction\",\"target\":[\"https:\/\/sso2.com\/product\/ambient-air-oxygen-analyzer\/\"]}]},{\"@type\":\"ImageObject\",\"inLanguage\":\"es-AR\",\"@id\":\"https:\/\/sso2.com\/product\/ambient-air-oxygen-analyzer\/#primaryimage\",\"url\":\"https:\/\/i0.wp.com\/sso2.com\/wp-content\/uploads\/2019\/09\/ambient-air-product_thumbnail-min.jpg?fit=597%2C1036&ssl=1\",\"contentUrl\":\"https:\/\/i0.wp.com\/sso2.com\/wp-content\/uploads\/2019\/09\/ambient-air-product_thumbnail-min.jpg?fit=597%2C1036&ssl=1\",\"width\":597,\"height\":1036},{\"@type\":\"BreadcrumbList\",\"@id\":\"https:\/\/sso2.com\/product\/ambient-air-oxygen-analyzer\/#breadcrumb\",\"itemListElement\":[{\"@type\":\"ListItem\",\"position\":1,\"name\":\"Home\",\"item\":\"https:\/\/sso2.com\/en\/\"},{\"@type\":\"ListItem\",\"position\":2,\"name\":\"Shop\",\"item\":\"https:\/\/sso2.com\/shop\/\"},{\"@type\":\"ListItem\",\"position\":3,\"name\":\"OMD-351-O2 Ambient Air Oxygen Monitor\"}]},{\"@type\":\"WebSite\",\"@id\":\"https:\/\/sso2.com\/#website\",\"url\":\"https:\/\/sso2.com\/\",\"name\":\"Southland Sensing Ltd.\",\"description\":\"Industrial &amp; Medical Gas Analyzers Oxygen CO\u2082, &amp; H\u2082 Monitors\",\"publisher\":{\"@id\":\"https:\/\/sso2.com\/#organization\"},\"alternateName\":\"SSO2\",\"potentialAction\":[{\"@type\":\"SearchAction\",\"target\":{\"@type\":\"EntryPoint\",\"urlTemplate\":\"https:\/\/sso2.com\/?s={search_term_string}\"},\"query-input\":{\"@type\":\"PropertyValueSpecification\",\"valueRequired\":true,\"valueName\":\"search_term_string\"}}],\"inLanguage\":\"es-AR\"},{\"@type\":\"Organization\",\"@id\":\"https:\/\/sso2.com\/#organization\",\"name\":\"Southland Sensing Ltd.\",\"alternateName\":\"SSO2\",\"url\":\"https:\/\/sso2.com\/\",\"logo\":{\"@type\":\"ImageObject\",\"inLanguage\":\"es-AR\",\"@id\":\"https:\/\/sso2.com\/#\/schema\/logo\/image\/\",\"url\":\"https:\/\/sso2.com\/wp-content\/uploads\/2025\/10\/sso2_300pixel.webp\",\"contentUrl\":\"https:\/\/sso2.com\/wp-content\/uploads\/2025\/10\/sso2_300pixel.webp\",\"width\":300,\"height\":50,\"caption\":\"Southland Sensing Ltd.\"},\"image\":{\"@id\":\"https:\/\/sso2.com\/#\/schema\/logo\/image\/\"},\"sameAs\":[\"https:\/\/www.linkedin.com\/company\/southland-sensing-ltd\/\"],\"description\":\"Southland Sensing Ltd. brings together superior performance, an improved user experience, and unmatched application expertise to deliver an accurate and reliable measurement solution. That\u2019s why multinationals, small companies and universities alike turn to us again and again.\",\"email\":\"sales@sso2.com\",\"telephone\":\"1-949-398-2879\",\"legalName\":\"Southland Sensing Ltd.\",\"foundingDate\":\"2013-01-01\",\"numberOfEmployees\":{\"@type\":\"QuantitativeValue\",\"minValue\":\"11\",\"maxValue\":\"50\"},\"publishingPrinciples\":\"https:\/\/sso2.com\/contact-us\/\",\"ownershipFundingInfo\":\"https:\/\/sso2.com\/about-us\/\",\"actionableFeedbackPolicy\":\"https:\/\/sso2.com\/contact-us\/\"}]}<\/script>\n<meta property=\"product:price:currency\" content=\"USD\" \/>\n<meta property=\"og:availability\" content=\"instock\" \/>\n<meta property=\"product:availability\" content=\"instock\" \/>\n<meta property=\"product:condition\" content=\"new\" \/>\n<!-- \/ Yoast SEO Premium plugin. -->","yoast_head_json":{"title":"Monitor de ox\u00edgeno ambiental OMD-351-O2 | Seguridad del O2","description":"El OMD-351-O2 es un monitor y sensor de ox\u00edgeno ambiental. Ideal para la seguridad ambiental, ya que detecta la deficiencia de ox\u00edgeno y una atm\u00f3sfera deficiente.","robots":{"index":"index","follow":"follow","max-snippet":"max-snippet:-1","max-image-preview":"max-image-preview:large","max-video-preview":"max-video-preview:-1"},"canonical":"https:\/\/sso2.com\/es\/producto\/ambient-air-oxygen-analyzer\/","og_locale":"es_ES","og_type":"article","og_title":"OMD-351-O2 Ambient Air Oxygen Monitor","og_description":"The OMD-351-O2 is an ambient air oxygen monitor and sensor. Ideal for room safety, detecting oxygen deficiency and deficient atmosphere.","og_url":"https:\/\/sso2.com\/es\/producto\/ambient-air-oxygen-analyzer\/","og_site_name":"Southland Sensing Ltd.","article_modified_time":"2025-11-19T12:19:10+00:00","og_image":[{"width":597,"height":1036,"url":"https:\/\/sso2.com\/wp-content\/uploads\/2019\/09\/ambient-air-product_thumbnail-min.jpg","type":"image\/jpeg"}],"twitter_card":"summary_large_image","twitter_misc":{"Price":"","Availability":"In stock"},"schema":{"@context":"https:\/\/schema.org","@graph":[{"@type":"WebPage","@id":"https:\/\/sso2.com\/product\/ambient-air-oxygen-analyzer\/","url":"https:\/\/sso2.com\/product\/ambient-air-oxygen-analyzer\/","name":"Monitor de ox\u00edgeno ambiental OMD-351-O2 | Seguridad del O2","isPartOf":{"@id":"https:\/\/sso2.com\/#website"},"primaryImageOfPage":{"@id":"https:\/\/sso2.com\/product\/ambient-air-oxygen-analyzer\/#primaryimage"},"image":{"@id":"https:\/\/sso2.com\/product\/ambient-air-oxygen-analyzer\/#primaryimage"},"thumbnailUrl":"https:\/\/i0.wp.com\/sso2.com\/wp-content\/uploads\/2019\/09\/ambient-air-product_thumbnail-min.jpg?fit=597%2C1036&ssl=1","datePublished":"2019-09-17T04:42:28+00:00","dateModified":"2025-11-19T12:19:10+00:00","description":"El OMD-351-O2 es un monitor y sensor de ox\u00edgeno ambiental. Ideal para la seguridad ambiental, ya que detecta la deficiencia de ox\u00edgeno y una atm\u00f3sfera deficiente.","breadcrumb":{"@id":"https:\/\/sso2.com\/product\/ambient-air-oxygen-analyzer\/#breadcrumb"},"inLanguage":"es-AR","potentialAction":[{"@type":"ReadAction","target":["https:\/\/sso2.com\/product\/ambient-air-oxygen-analyzer\/"]}]},{"@type":"ImageObject","inLanguage":"es-AR","@id":"https:\/\/sso2.com\/product\/ambient-air-oxygen-analyzer\/#primaryimage","url":"https:\/\/i0.wp.com\/sso2.com\/wp-content\/uploads\/2019\/09\/ambient-air-product_thumbnail-min.jpg?fit=597%2C1036&ssl=1","contentUrl":"https:\/\/i0.wp.com\/sso2.com\/wp-content\/uploads\/2019\/09\/ambient-air-product_thumbnail-min.jpg?fit=597%2C1036&ssl=1","width":597,"height":1036},{"@type":"BreadcrumbList","@id":"https:\/\/sso2.com\/product\/ambient-air-oxygen-analyzer\/#breadcrumb","itemListElement":[{"@type":"ListItem","position":1,"name":"Home","item":"https:\/\/sso2.com\/en\/"},{"@type":"ListItem","position":2,"name":"Shop","item":"https:\/\/sso2.com\/shop\/"},{"@type":"ListItem","position":3,"name":"OMD-351-O2 Ambient Air Oxygen Monitor"}]},{"@type":"WebSite","@id":"https:\/\/sso2.com\/#website","url":"https:\/\/sso2.com\/","name":"Southland Sensing Ltd.","description":"Industrial &amp; Medical Gas Analyzers Oxygen CO\u2082, &amp; H\u2082 Monitors","publisher":{"@id":"https:\/\/sso2.com\/#organization"},"alternateName":"SSO2","potentialAction":[{"@type":"SearchAction","target":{"@type":"EntryPoint","urlTemplate":"https:\/\/sso2.com\/?s={search_term_string}"},"query-input":{"@type":"PropertyValueSpecification","valueRequired":true,"valueName":"search_term_string"}}],"inLanguage":"es-AR"},{"@type":"Organization","@id":"https:\/\/sso2.com\/#organization","name":"Southland Sensing Ltd.","alternateName":"SSO2","url":"https:\/\/sso2.com\/","logo":{"@type":"ImageObject","inLanguage":"es-AR","@id":"https:\/\/sso2.com\/#\/schema\/logo\/image\/","url":"https:\/\/sso2.com\/wp-content\/uploads\/2025\/10\/sso2_300pixel.webp","contentUrl":"https:\/\/sso2.com\/wp-content\/uploads\/2025\/10\/sso2_300pixel.webp","width":300,"height":50,"caption":"Southland Sensing Ltd."},"image":{"@id":"https:\/\/sso2.com\/#\/schema\/logo\/image\/"},"sameAs":["https:\/\/www.linkedin.com\/company\/southland-sensing-ltd\/"],"description":"Southland Sensing Ltd. brings together superior performance, an improved user experience, and unmatched application expertise to deliver an accurate and reliable measurement solution. That\u2019s why multinationals, small companies and universities alike turn to us again and again.","email":"sales@sso2.com","telephone":"1-949-398-2879","legalName":"Southland Sensing Ltd.","foundingDate":"2013-01-01","numberOfEmployees":{"@type":"QuantitativeValue","minValue":"11","maxValue":"50"},"publishingPrinciples":"https:\/\/sso2.com\/contact-us\/","ownershipFundingInfo":"https:\/\/sso2.com\/about-us\/","actionableFeedbackPolicy":"https:\/\/sso2.com\/contact-us\/"}]},"product_price_currency":"USD","og_availability":"instock","product_availability":"instock","product_condition":"new"},"jetpack_sharing_enabled":true,"_links":{"self":[{"href":"https:\/\/sso2.com\/es\/wp-json\/wp\/v2\/product\/961","targetHints":{"allow":["GET"]}}],"collection":[{"href":"https:\/\/sso2.com\/es\/wp-json\/wp\/v2\/product"}],"about":[{"href":"https:\/\/sso2.com\/es\/wp-json\/wp\/v2\/types\/product"}],"replies":[{"embeddable":true,"href":"https:\/\/sso2.com\/es\/wp-json\/wp\/v2\/comments?post=961"}],"wp:featuredmedia":[{"embeddable":true,"href":"https:\/\/sso2.com\/es\/wp-json\/wp\/v2\/media\/962"}],"wp:attachment":[{"href":"https:\/\/sso2.com\/es\/wp-json\/wp\/v2\/media?parent=961"}],"wp:term":[{"taxonomy":"product_brand","embeddable":true,"href":"https:\/\/sso2.com\/es\/wp-json\/wp\/v2\/product_brand?post=961"},{"taxonomy":"product_cat","embeddable":true,"href":"https:\/\/sso2.com\/es\/wp-json\/wp\/v2\/product_cat?post=961"},{"taxonomy":"product_tag","embeddable":true,"href":"https:\/\/sso2.com\/es\/wp-json\/wp\/v2\/product_tag?post=961"}],"curies":[{"name":"wp","href":"https:\/\/api.w.org\/{rel}","templated":true}]}}