{"id":929,"date":"2019-09-11T04:24:06","date_gmt":"2019-09-11T04:24:06","guid":{"rendered":"https:\/\/demo.activebizsolutions.com\/?post_type=product&#038;p=929"},"modified":"2025-11-19T12:21:07","modified_gmt":"2025-11-19T12:21:07","slug":"omd-675","status":"publish","type":"product","link":"https:\/\/sso2.com\/es\/product\/omd-675\/","title":{"rendered":"OMD-675 19&#8243; Rack Mount Oxygen Analyzer"},"content":{"rendered":"<p>The OMD-675 online oxygen analyzer is designed to measure trace oxygen in the parts-per-billion range \/ sub 1 ppm region but can also be used to measure oxygen up to 1000 parts-per-million. The unit combines an advanced set of electronic features including a smart MENU interface with our industry leading precision electrochemical oxygen sensor technology. The result is a highly reliable and cost effective design with easy-to-use user interface.<\/p>\n<ul>\n<li>Enclosure Type: 19&#8243; Rack Mount<\/li>\n<li>Rangos disponibles: 0 \u2013 1\/10\/100\/1000 PPM y 0 \u2013 25%<\/li>\n<li>Modo de rango: rango autom\u00e1tico o rango manual<\/li>\n<li>Resoluci\u00f3n: 0,001 PPM<\/li>\n<li>Input Power: 100 &#8211; 240 VAC<\/li>\n<li>Analog Output: 4 &#8211; 20mA, 0 &#8211; 10V DC, 0 &#8211; 1V DC<\/li>\n<li>Comunicaci\u00f3n: MODBUS RS485 RTU bidireccional<\/li>\n<\/ul>\n<p>The built in smart MENU interface allow the user to fully configure the analyzer through the onboard MENU system.\u00a0 No need for a complicated laptop or other control device to setup the analyzer in the field.<\/p>\n<p>Alarm functionality comes in the way of 2 fully adjustable form C non-latching relay contacts. These can be configured as NO or NC and can be set as HIGH or LOW with optional delay mode. A power failure alarm is also standard and comes as a form C non-latching relay contact.<\/p>\n<p>El analizador est\u00e1 dise\u00f1ado como una unidad de tipo extractivo para extraer la muestra a trav\u00e9s de su sistema de muestreo integrado, que incluye una v\u00e1lvula de derivaci\u00f3n\/aislamiento, una v\u00e1lvula de aguja de flujo y un rot\u00e1metro\/caudal\u00edmetro visual.<\/p>\n<p>La c\u00e9lula est\u00e1ndar (TO2-133) no se ve afectada por otros gases de fondo como el hidr\u00f3geno, el helio o los hidrocarburos. La c\u00e9lula \u00e1cida opcional (TO2-233) funciona bien cuando hay gases \u00e1cidos como el CO2 o el gas natural.  Todos los sensores de ox\u00edgeno son fabricados internamente por Southland Sensing Ltd. bajo un estricto sistema de calidad ISO9001:2015 \/ ISO13485:2016.<\/p>\n<p>Los sensores son aut\u00f3nomos y requieren un mantenimiento m\u00ednimo: no es necesario limpiar los electrodos ni a\u00f1adir electrolito.<\/p>","protected":false},"excerpt":{"rendered":"<p>The OMD-675 online oxygen analyzer is designed to measure trace oxygen in the parts-per-billion range \/ sub 1 ppm region but can also be used to measure oxygen up to 1000 parts-per-million. The unit combines an advanced set of electronic features including a smart MENU interface with our industry leading precision electrochemical oxygen sensor technology. [&hellip;]<\/p>\n","protected":false},"featured_media":922,"comment_status":"open","ping_status":"closed","template":"","meta":[],"product_brand":[],"product_cat":[26],"product_tag":[],"class_list":{"0":"post-929","1":"product","2":"type-product","3":"status-publish","4":"has-post-thumbnail","6":"product_cat-industrial-oxygen-analyzers","8":"first","9":"instock","10":"shipping-taxable","11":"product-type-external"},"yoast_head":"<!-- This site is optimized with the Yoast SEO Premium plugin v27.2 (Yoast SEO v27.2) - https:\/\/yoast.com\/product\/yoast-seo-premium-wordpress\/ -->\n<title>OMD-675 19&quot; Rack Mount Oxygen Analyzer | O2 Detector<\/title>\n<meta name=\"description\" content=\"The OMD-675 is a 19&quot; rack mount oxygen analyzer. Get continuous monitoring of O2 levels to prevent oxygen deficiency and depletion.\" \/>\n<meta name=\"robots\" content=\"index, follow, max-snippet:-1, max-image-preview:large, max-video-preview:-1\" \/>\n<link rel=\"canonical\" href=\"https:\/\/sso2.com\/es\/producto\/omd-675\/\" \/>\n<meta property=\"og:locale\" content=\"es_ES\" \/>\n<meta property=\"og:type\" content=\"article\" \/>\n<meta property=\"og:title\" content=\"OMD-675 19&quot; Rack Mount Oxygen Analyzer\" \/>\n<meta property=\"og:description\" content=\"The OMD-675 is a 19&quot; rack mount oxygen analyzer. Get continuous monitoring of O2 levels to prevent oxygen deficiency and depletion.\" \/>\n<meta property=\"og:url\" content=\"https:\/\/sso2.com\/es\/producto\/omd-675\/\" \/>\n<meta property=\"og:site_name\" content=\"Southland Sensing Ltd.\" \/>\n<meta property=\"article:modified_time\" content=\"2025-11-19T12:21:07+00:00\" \/>\n<meta property=\"og:image\" content=\"https:\/\/sso2.com\/wp-content\/uploads\/2019\/09\/omd-675-min.jpg\" \/>\n\t<meta property=\"og:image:width\" content=\"1570\" \/>\n\t<meta property=\"og:image:height\" content=\"757\" \/>\n\t<meta property=\"og:image:type\" content=\"image\/jpeg\" \/>\n<meta name=\"twitter:card\" content=\"summary_large_image\" \/>\n<meta name=\"twitter:label1\" content=\"Price\" \/>\n\t<meta name=\"twitter:data1\" content=\"\" \/>\n\t<meta name=\"twitter:label2\" content=\"Availability\" \/>\n\t<meta name=\"twitter:data2\" content=\"In stock\" \/>\n<script type=\"application\/ld+json\" class=\"yoast-schema-graph\">{\"@context\":\"https:\/\/schema.org\",\"@graph\":[{\"@type\":\"WebPage\",\"@id\":\"https:\/\/sso2.com\/product\/omd-675\/\",\"url\":\"https:\/\/sso2.com\/product\/omd-675\/\",\"name\":\"OMD-675 19\\\" Rack Mount Oxygen Analyzer | O2 Detector\",\"isPartOf\":{\"@id\":\"https:\/\/sso2.com\/#website\"},\"primaryImageOfPage\":{\"@id\":\"https:\/\/sso2.com\/product\/omd-675\/#primaryimage\"},\"image\":{\"@id\":\"https:\/\/sso2.com\/product\/omd-675\/#primaryimage\"},\"thumbnailUrl\":\"https:\/\/i0.wp.com\/sso2.com\/wp-content\/uploads\/2019\/09\/omd-675-min.jpg?fit=1570%2C757&ssl=1\",\"datePublished\":\"2019-09-11T04:24:06+00:00\",\"dateModified\":\"2025-11-19T12:21:07+00:00\",\"description\":\"The OMD-675 is a 19\\\" rack mount oxygen analyzer. Get continuous monitoring of O2 levels to prevent oxygen deficiency and depletion.\",\"breadcrumb\":{\"@id\":\"https:\/\/sso2.com\/product\/omd-675\/#breadcrumb\"},\"inLanguage\":\"es-AR\",\"potentialAction\":[{\"@type\":\"ReadAction\",\"target\":[\"https:\/\/sso2.com\/product\/omd-675\/\"]}]},{\"@type\":\"ImageObject\",\"inLanguage\":\"es-AR\",\"@id\":\"https:\/\/sso2.com\/product\/omd-675\/#primaryimage\",\"url\":\"https:\/\/i0.wp.com\/sso2.com\/wp-content\/uploads\/2019\/09\/omd-675-min.jpg?fit=1570%2C757&ssl=1\",\"contentUrl\":\"https:\/\/i0.wp.com\/sso2.com\/wp-content\/uploads\/2019\/09\/omd-675-min.jpg?fit=1570%2C757&ssl=1\",\"width\":1570,\"height\":757},{\"@type\":\"BreadcrumbList\",\"@id\":\"https:\/\/sso2.com\/product\/omd-675\/#breadcrumb\",\"itemListElement\":[{\"@type\":\"ListItem\",\"position\":1,\"name\":\"Home\",\"item\":\"https:\/\/sso2.com\/en\/\"},{\"@type\":\"ListItem\",\"position\":2,\"name\":\"Shop\",\"item\":\"https:\/\/sso2.com\/shop\/\"},{\"@type\":\"ListItem\",\"position\":3,\"name\":\"OMD-675 19&#8243; Rack Mount Oxygen Analyzer\"}]},{\"@type\":\"WebSite\",\"@id\":\"https:\/\/sso2.com\/#website\",\"url\":\"https:\/\/sso2.com\/\",\"name\":\"Southland Sensing Ltd.\",\"description\":\"Industrial &amp; Medical Gas Analyzers Oxygen CO\u2082, &amp; H\u2082 Monitors\",\"publisher\":{\"@id\":\"https:\/\/sso2.com\/#organization\"},\"alternateName\":\"SSO2\",\"potentialAction\":[{\"@type\":\"SearchAction\",\"target\":{\"@type\":\"EntryPoint\",\"urlTemplate\":\"https:\/\/sso2.com\/?s={search_term_string}\"},\"query-input\":{\"@type\":\"PropertyValueSpecification\",\"valueRequired\":true,\"valueName\":\"search_term_string\"}}],\"inLanguage\":\"es-AR\"},{\"@type\":\"Organization\",\"@id\":\"https:\/\/sso2.com\/#organization\",\"name\":\"Southland Sensing Ltd.\",\"alternateName\":\"SSO2\",\"url\":\"https:\/\/sso2.com\/\",\"logo\":{\"@type\":\"ImageObject\",\"inLanguage\":\"es-AR\",\"@id\":\"https:\/\/sso2.com\/#\/schema\/logo\/image\/\",\"url\":\"https:\/\/sso2.com\/wp-content\/uploads\/2025\/10\/sso2_300pixel.webp\",\"contentUrl\":\"https:\/\/sso2.com\/wp-content\/uploads\/2025\/10\/sso2_300pixel.webp\",\"width\":300,\"height\":50,\"caption\":\"Southland Sensing Ltd.\"},\"image\":{\"@id\":\"https:\/\/sso2.com\/#\/schema\/logo\/image\/\"},\"sameAs\":[\"https:\/\/www.linkedin.com\/company\/southland-sensing-ltd\/\"],\"description\":\"Southland Sensing Ltd. brings together superior performance, an improved user experience, and unmatched application expertise to deliver an accurate and reliable measurement solution. That\u2019s why multinationals, small companies and universities alike turn to us again and again.\",\"email\":\"sales@sso2.com\",\"telephone\":\"1-949-398-2879\",\"legalName\":\"Southland Sensing Ltd.\",\"foundingDate\":\"2013-01-01\",\"numberOfEmployees\":{\"@type\":\"QuantitativeValue\",\"minValue\":\"11\",\"maxValue\":\"50\"},\"publishingPrinciples\":\"https:\/\/sso2.com\/contact-us\/\",\"ownershipFundingInfo\":\"https:\/\/sso2.com\/about-us\/\",\"actionableFeedbackPolicy\":\"https:\/\/sso2.com\/contact-us\/\"}]}<\/script>\n<meta property=\"product:price:currency\" content=\"USD\" \/>\n<meta property=\"og:availability\" content=\"instock\" \/>\n<meta property=\"product:availability\" content=\"instock\" \/>\n<meta property=\"product:condition\" content=\"new\" \/>\n<!-- \/ Yoast SEO Premium plugin. -->","yoast_head_json":{"title":"Analizador de ox\u00edgeno OMD-675 para montaje en rack de 19\" | Detector de O2","description":"El OMD-675 es un analizador de ox\u00edgeno con montaje en rack de 19\". Monitoree continuamente los niveles de O2 para prevenir la deficiencia y el agotamiento de ox\u00edgeno.","robots":{"index":"index","follow":"follow","max-snippet":"max-snippet:-1","max-image-preview":"max-image-preview:large","max-video-preview":"max-video-preview:-1"},"canonical":"https:\/\/sso2.com\/es\/producto\/omd-675\/","og_locale":"es_ES","og_type":"article","og_title":"OMD-675 19\" Rack Mount Oxygen Analyzer","og_description":"The OMD-675 is a 19\" rack mount oxygen analyzer. Get continuous monitoring of O2 levels to prevent oxygen deficiency and depletion.","og_url":"https:\/\/sso2.com\/es\/producto\/omd-675\/","og_site_name":"Southland Sensing Ltd.","article_modified_time":"2025-11-19T12:21:07+00:00","og_image":[{"width":1570,"height":757,"url":"https:\/\/sso2.com\/wp-content\/uploads\/2019\/09\/omd-675-min.jpg","type":"image\/jpeg"}],"twitter_card":"summary_large_image","twitter_misc":{"Price":"","Availability":"In stock"},"schema":{"@context":"https:\/\/schema.org","@graph":[{"@type":"WebPage","@id":"https:\/\/sso2.com\/product\/omd-675\/","url":"https:\/\/sso2.com\/product\/omd-675\/","name":"Analizador de ox\u00edgeno OMD-675 para montaje en rack de 19\" | Detector de O2","isPartOf":{"@id":"https:\/\/sso2.com\/#website"},"primaryImageOfPage":{"@id":"https:\/\/sso2.com\/product\/omd-675\/#primaryimage"},"image":{"@id":"https:\/\/sso2.com\/product\/omd-675\/#primaryimage"},"thumbnailUrl":"https:\/\/i0.wp.com\/sso2.com\/wp-content\/uploads\/2019\/09\/omd-675-min.jpg?fit=1570%2C757&ssl=1","datePublished":"2019-09-11T04:24:06+00:00","dateModified":"2025-11-19T12:21:07+00:00","description":"El OMD-675 es un analizador de ox\u00edgeno con montaje en rack de 19\". Monitoree continuamente los niveles de O2 para prevenir la deficiencia y el agotamiento de ox\u00edgeno.","breadcrumb":{"@id":"https:\/\/sso2.com\/product\/omd-675\/#breadcrumb"},"inLanguage":"es-AR","potentialAction":[{"@type":"ReadAction","target":["https:\/\/sso2.com\/product\/omd-675\/"]}]},{"@type":"ImageObject","inLanguage":"es-AR","@id":"https:\/\/sso2.com\/product\/omd-675\/#primaryimage","url":"https:\/\/i0.wp.com\/sso2.com\/wp-content\/uploads\/2019\/09\/omd-675-min.jpg?fit=1570%2C757&ssl=1","contentUrl":"https:\/\/i0.wp.com\/sso2.com\/wp-content\/uploads\/2019\/09\/omd-675-min.jpg?fit=1570%2C757&ssl=1","width":1570,"height":757},{"@type":"BreadcrumbList","@id":"https:\/\/sso2.com\/product\/omd-675\/#breadcrumb","itemListElement":[{"@type":"ListItem","position":1,"name":"Home","item":"https:\/\/sso2.com\/en\/"},{"@type":"ListItem","position":2,"name":"Shop","item":"https:\/\/sso2.com\/shop\/"},{"@type":"ListItem","position":3,"name":"OMD-675 19&#8243; Rack Mount Oxygen Analyzer"}]},{"@type":"WebSite","@id":"https:\/\/sso2.com\/#website","url":"https:\/\/sso2.com\/","name":"Southland Sensing Ltd.","description":"Industrial &amp; Medical Gas Analyzers Oxygen CO\u2082, &amp; H\u2082 Monitors","publisher":{"@id":"https:\/\/sso2.com\/#organization"},"alternateName":"SSO2","potentialAction":[{"@type":"SearchAction","target":{"@type":"EntryPoint","urlTemplate":"https:\/\/sso2.com\/?s={search_term_string}"},"query-input":{"@type":"PropertyValueSpecification","valueRequired":true,"valueName":"search_term_string"}}],"inLanguage":"es-AR"},{"@type":"Organization","@id":"https:\/\/sso2.com\/#organization","name":"Southland Sensing Ltd.","alternateName":"SSO2","url":"https:\/\/sso2.com\/","logo":{"@type":"ImageObject","inLanguage":"es-AR","@id":"https:\/\/sso2.com\/#\/schema\/logo\/image\/","url":"https:\/\/sso2.com\/wp-content\/uploads\/2025\/10\/sso2_300pixel.webp","contentUrl":"https:\/\/sso2.com\/wp-content\/uploads\/2025\/10\/sso2_300pixel.webp","width":300,"height":50,"caption":"Southland Sensing Ltd."},"image":{"@id":"https:\/\/sso2.com\/#\/schema\/logo\/image\/"},"sameAs":["https:\/\/www.linkedin.com\/company\/southland-sensing-ltd\/"],"description":"Southland Sensing Ltd. brings together superior performance, an improved user experience, and unmatched application expertise to deliver an accurate and reliable measurement solution. That\u2019s why multinationals, small companies and universities alike turn to us again and again.","email":"sales@sso2.com","telephone":"1-949-398-2879","legalName":"Southland Sensing Ltd.","foundingDate":"2013-01-01","numberOfEmployees":{"@type":"QuantitativeValue","minValue":"11","maxValue":"50"},"publishingPrinciples":"https:\/\/sso2.com\/contact-us\/","ownershipFundingInfo":"https:\/\/sso2.com\/about-us\/","actionableFeedbackPolicy":"https:\/\/sso2.com\/contact-us\/"}]},"product_price_currency":"USD","og_availability":"instock","product_availability":"instock","product_condition":"new"},"jetpack_sharing_enabled":true,"_links":{"self":[{"href":"https:\/\/sso2.com\/es\/wp-json\/wp\/v2\/product\/929","targetHints":{"allow":["GET"]}}],"collection":[{"href":"https:\/\/sso2.com\/es\/wp-json\/wp\/v2\/product"}],"about":[{"href":"https:\/\/sso2.com\/es\/wp-json\/wp\/v2\/types\/product"}],"replies":[{"embeddable":true,"href":"https:\/\/sso2.com\/es\/wp-json\/wp\/v2\/comments?post=929"}],"wp:featuredmedia":[{"embeddable":true,"href":"https:\/\/sso2.com\/es\/wp-json\/wp\/v2\/media\/922"}],"wp:attachment":[{"href":"https:\/\/sso2.com\/es\/wp-json\/wp\/v2\/media?parent=929"}],"wp:term":[{"taxonomy":"product_brand","embeddable":true,"href":"https:\/\/sso2.com\/es\/wp-json\/wp\/v2\/product_brand?post=929"},{"taxonomy":"product_cat","embeddable":true,"href":"https:\/\/sso2.com\/es\/wp-json\/wp\/v2\/product_cat?post=929"},{"taxonomy":"product_tag","embeddable":true,"href":"https:\/\/sso2.com\/es\/wp-json\/wp\/v2\/product_tag?post=929"}],"curies":[{"name":"wp","href":"https:\/\/api.w.org\/{rel}","templated":true}]}}