{"id":896,"date":"2019-06-06T16:30:14","date_gmt":"2019-06-06T16:30:14","guid":{"rendered":"https:\/\/demo.activebizsolutions.com\/?post_type=product&#038;p=896"},"modified":"2025-11-19T12:23:04","modified_gmt":"2025-11-19T12:23:04","slug":"h2s-150","status":"publish","type":"product","link":"https:\/\/sso2.com\/es\/product\/h2s-150\/","title":{"rendered":"H2S-150 Wall Mount Outdoor H2S Analyzer"},"content":{"rendered":"<p>The H2S-150 online H2S analyzer is designed to continuously measure hydrogen sulfide with very little maintenance requirement..\u00a0 The unit combines an advanced set of electronic features including a smart MENU interface with our industry leading precision H2S sensor technology. The result is a highly reliable and cost effective design with easy-to-use user interface.<\/p>\n<ul>\n<li>Enclosure Type: Wall Mount; IP66 \/ NEMA 4X<\/li>\n<li>Enclosure Material: Rugged Anodized Aluminum<\/li>\n<li>Rangos est\u00e1ndar: 0 \u2013 10\/50\/100\/200 PPM<\/li>\n<li>Rangos opcionales: 0 \u2013 100\/500\/1000\/2000 PPM<\/li>\n<li>Optional Ranges: 0 \u2013 1000\/2000\/5000\/10000 PPM<\/li>\n<li>Resoluci\u00f3n: 0,01 PPM, 0,1 PPM o 1 PPM<\/li>\n<li>Input Power: 12 &#8211; 24V DC<\/li>\n<\/ul>\n<p>The built in smart MENU interface allow the user to fully configure the analyzer through the onboard MENU system.\u00a0 No need for a complicated laptop or other control device to setup the analyzer in the field.<\/p>\n<p>The H2S-150 comes in a 6-wire configuration with 12 \u2013 24V DC input power and non-isolated 4 \u2013 20mA, 0 \u2013 10VDC and 0 \u2013 1VDC analog output.<\/p>\n<p>The H2S sensor is based on the galvanic electrochemical fuel cell principal.\u00a0 The sensors are self contained and minimal maintenance is required \u2013 no need to clean electrodes or add electrolyte.\u00a0 The precision sensors offer excellent performance, accuracy and stability while maximizing the expected life.\u00a0 The analyzer comes with 3 optional sensors, The H2S-1x has four ranges 0 \u2013 10 ppm, 0 \u2013 50 ppm, 0 \u2013 100 ppm, 0 \u2013 200 ppm.\u00a0 The H2S-2x has 0 \u2013 100 ppm, 0 \u2013 500 ppm, 0 \u2013 1000 ppm and 0 \u2013 2000 ppm. The H2S-3x has 0 \u2013 1000 ppm, 0 \u2013 2000 ppm, 0 \u2013 5000 ppm, and 0 \u2013 10000 ppm.<\/p>\n<p>Los sensores son aut\u00f3nomos y requieren un mantenimiento m\u00ednimo: no es necesario limpiar los electrodos ni a\u00f1adir electrolito.<\/p>\n<p>Las aplicaciones principales de este analizador incluyen aplicaciones de gas natural, vertederos y biog\u00e1s.<\/p>","protected":false},"excerpt":{"rendered":"<p>The H2S-150 online H2S analyzer is designed to continuously measure hydrogen sulfide with very little maintenance requirement..\u00a0 The unit combines an advanced set of electronic features including a smart MENU interface with our industry leading precision H2S sensor technology. The result is a highly reliable and cost effective design with easy-to-use user interface. Enclosure Type: [&hellip;]<\/p>\n","protected":false},"featured_media":3940,"comment_status":"open","ping_status":"closed","template":"","meta":[],"product_brand":[],"product_cat":[26],"product_tag":[],"class_list":{"0":"post-896","1":"product","2":"type-product","3":"status-publish","4":"has-post-thumbnail","6":"product_cat-industrial-oxygen-analyzers","8":"first","9":"instock","10":"shipping-taxable","11":"product-type-external"},"yoast_head":"<!-- This site is optimized with the Yoast SEO Premium plugin v27.2 (Yoast SEO v27.2) - https:\/\/yoast.com\/product\/yoast-seo-premium-wordpress\/ -->\n<title>H2S-150 Wall Mount Outdoor H2S Analyzer | Gas Detector<\/title>\n<meta name=\"description\" content=\"The H2S-150 is a wall mount outdoor H2S analyzer and gas detector. Reliable monitoring for industrial areas and environmental applications.\" \/>\n<meta name=\"robots\" content=\"index, follow, max-snippet:-1, max-image-preview:large, max-video-preview:-1\" \/>\n<link rel=\"canonical\" href=\"https:\/\/sso2.com\/es\/producto\/h2s-150\/\" \/>\n<meta property=\"og:locale\" content=\"es_ES\" \/>\n<meta property=\"og:type\" content=\"article\" \/>\n<meta property=\"og:title\" content=\"H2S-150 Wall Mount Outdoor H2S Analyzer\" \/>\n<meta property=\"og:description\" content=\"The H2S-150 is a wall mount outdoor H2S analyzer and gas detector. Reliable monitoring for industrial areas and environmental applications.\" \/>\n<meta property=\"og:url\" content=\"https:\/\/sso2.com\/es\/producto\/h2s-150\/\" \/>\n<meta property=\"og:site_name\" content=\"Southland Sensing Ltd.\" \/>\n<meta property=\"article:modified_time\" content=\"2025-11-19T12:23:04+00:00\" \/>\n<meta property=\"og:image\" content=\"https:\/\/sso2.com\/wp-content\/uploads\/2025\/07\/h2s-150.png\" \/>\n\t<meta property=\"og:image:width\" content=\"349\" \/>\n\t<meta property=\"og:image:height\" content=\"480\" \/>\n\t<meta property=\"og:image:type\" content=\"image\/png\" \/>\n<meta name=\"twitter:card\" content=\"summary_large_image\" \/>\n<meta name=\"twitter:label1\" content=\"Price\" \/>\n\t<meta name=\"twitter:data1\" content=\"\" \/>\n\t<meta name=\"twitter:label2\" content=\"Availability\" \/>\n\t<meta name=\"twitter:data2\" content=\"In stock\" \/>\n<script type=\"application\/ld+json\" class=\"yoast-schema-graph\">{\"@context\":\"https:\/\/schema.org\",\"@graph\":[{\"@type\":\"WebPage\",\"@id\":\"https:\/\/sso2.com\/product\/h2s-150\/\",\"url\":\"https:\/\/sso2.com\/product\/h2s-150\/\",\"name\":\"H2S-150 Wall Mount Outdoor H2S Analyzer | Gas Detector\",\"isPartOf\":{\"@id\":\"https:\/\/sso2.com\/#website\"},\"primaryImageOfPage\":{\"@id\":\"https:\/\/sso2.com\/product\/h2s-150\/#primaryimage\"},\"image\":{\"@id\":\"https:\/\/sso2.com\/product\/h2s-150\/#primaryimage\"},\"thumbnailUrl\":\"https:\/\/i0.wp.com\/sso2.com\/wp-content\/uploads\/2025\/07\/h2s-150.png?fit=349%2C480&ssl=1\",\"datePublished\":\"2019-06-06T16:30:14+00:00\",\"dateModified\":\"2025-11-19T12:23:04+00:00\",\"description\":\"The H2S-150 is a wall mount outdoor H2S analyzer and gas detector. Reliable monitoring for industrial areas and environmental applications.\",\"breadcrumb\":{\"@id\":\"https:\/\/sso2.com\/product\/h2s-150\/#breadcrumb\"},\"inLanguage\":\"es-AR\",\"potentialAction\":[{\"@type\":\"ReadAction\",\"target\":[\"https:\/\/sso2.com\/product\/h2s-150\/\"]}]},{\"@type\":\"ImageObject\",\"inLanguage\":\"es-AR\",\"@id\":\"https:\/\/sso2.com\/product\/h2s-150\/#primaryimage\",\"url\":\"https:\/\/i0.wp.com\/sso2.com\/wp-content\/uploads\/2025\/07\/h2s-150.png?fit=349%2C480&ssl=1\",\"contentUrl\":\"https:\/\/i0.wp.com\/sso2.com\/wp-content\/uploads\/2025\/07\/h2s-150.png?fit=349%2C480&ssl=1\",\"width\":349,\"height\":480},{\"@type\":\"BreadcrumbList\",\"@id\":\"https:\/\/sso2.com\/product\/h2s-150\/#breadcrumb\",\"itemListElement\":[{\"@type\":\"ListItem\",\"position\":1,\"name\":\"Home\",\"item\":\"https:\/\/sso2.com\/en\/\"},{\"@type\":\"ListItem\",\"position\":2,\"name\":\"Shop\",\"item\":\"https:\/\/sso2.com\/shop\/\"},{\"@type\":\"ListItem\",\"position\":3,\"name\":\"H2S-150 Wall Mount Outdoor H2S Analyzer\"}]},{\"@type\":\"WebSite\",\"@id\":\"https:\/\/sso2.com\/#website\",\"url\":\"https:\/\/sso2.com\/\",\"name\":\"Southland Sensing Ltd.\",\"description\":\"Industrial &amp; Medical Gas Analyzers Oxygen CO\u2082, &amp; H\u2082 Monitors\",\"publisher\":{\"@id\":\"https:\/\/sso2.com\/#organization\"},\"alternateName\":\"SSO2\",\"potentialAction\":[{\"@type\":\"SearchAction\",\"target\":{\"@type\":\"EntryPoint\",\"urlTemplate\":\"https:\/\/sso2.com\/?s={search_term_string}\"},\"query-input\":{\"@type\":\"PropertyValueSpecification\",\"valueRequired\":true,\"valueName\":\"search_term_string\"}}],\"inLanguage\":\"es-AR\"},{\"@type\":\"Organization\",\"@id\":\"https:\/\/sso2.com\/#organization\",\"name\":\"Southland Sensing Ltd.\",\"alternateName\":\"SSO2\",\"url\":\"https:\/\/sso2.com\/\",\"logo\":{\"@type\":\"ImageObject\",\"inLanguage\":\"es-AR\",\"@id\":\"https:\/\/sso2.com\/#\/schema\/logo\/image\/\",\"url\":\"https:\/\/sso2.com\/wp-content\/uploads\/2025\/10\/sso2_300pixel.webp\",\"contentUrl\":\"https:\/\/sso2.com\/wp-content\/uploads\/2025\/10\/sso2_300pixel.webp\",\"width\":300,\"height\":50,\"caption\":\"Southland Sensing Ltd.\"},\"image\":{\"@id\":\"https:\/\/sso2.com\/#\/schema\/logo\/image\/\"},\"sameAs\":[\"https:\/\/www.linkedin.com\/company\/southland-sensing-ltd\/\"],\"description\":\"Southland Sensing Ltd. brings together superior performance, an improved user experience, and unmatched application expertise to deliver an accurate and reliable measurement solution. That\u2019s why multinationals, small companies and universities alike turn to us again and again.\",\"email\":\"sales@sso2.com\",\"telephone\":\"1-949-398-2879\",\"legalName\":\"Southland Sensing Ltd.\",\"foundingDate\":\"2013-01-01\",\"numberOfEmployees\":{\"@type\":\"QuantitativeValue\",\"minValue\":\"11\",\"maxValue\":\"50\"},\"publishingPrinciples\":\"https:\/\/sso2.com\/contact-us\/\",\"ownershipFundingInfo\":\"https:\/\/sso2.com\/about-us\/\",\"actionableFeedbackPolicy\":\"https:\/\/sso2.com\/contact-us\/\"}]}<\/script>\n<meta property=\"product:price:currency\" content=\"USD\" \/>\n<meta property=\"og:availability\" content=\"instock\" \/>\n<meta property=\"product:availability\" content=\"instock\" \/>\n<meta property=\"product:condition\" content=\"new\" \/>\n<!-- \/ Yoast SEO Premium plugin. -->","yoast_head_json":{"title":"Analizador de H\u2082S para exteriores de montaje en pared H\u2082S-150 | Detector de gas","description":"El H\u2082S-150 es un analizador y detector de gas de H\u2082S para exteriores con montaje en pared. Monitoreo confiable para \u00e1reas industriales y aplicaciones ambientales.","robots":{"index":"index","follow":"follow","max-snippet":"max-snippet:-1","max-image-preview":"max-image-preview:large","max-video-preview":"max-video-preview:-1"},"canonical":"https:\/\/sso2.com\/es\/producto\/h2s-150\/","og_locale":"es_ES","og_type":"article","og_title":"H2S-150 Wall Mount Outdoor H2S Analyzer","og_description":"The H2S-150 is a wall mount outdoor H2S analyzer and gas detector. Reliable monitoring for industrial areas and environmental applications.","og_url":"https:\/\/sso2.com\/es\/producto\/h2s-150\/","og_site_name":"Southland Sensing Ltd.","article_modified_time":"2025-11-19T12:23:04+00:00","og_image":[{"width":349,"height":480,"url":"https:\/\/sso2.com\/wp-content\/uploads\/2025\/07\/h2s-150.png","type":"image\/png"}],"twitter_card":"summary_large_image","twitter_misc":{"Price":"","Availability":"In stock"},"schema":{"@context":"https:\/\/schema.org","@graph":[{"@type":"WebPage","@id":"https:\/\/sso2.com\/product\/h2s-150\/","url":"https:\/\/sso2.com\/product\/h2s-150\/","name":"Analizador de H\u2082S para exteriores de montaje en pared H\u2082S-150 | Detector de gas","isPartOf":{"@id":"https:\/\/sso2.com\/#website"},"primaryImageOfPage":{"@id":"https:\/\/sso2.com\/product\/h2s-150\/#primaryimage"},"image":{"@id":"https:\/\/sso2.com\/product\/h2s-150\/#primaryimage"},"thumbnailUrl":"https:\/\/i0.wp.com\/sso2.com\/wp-content\/uploads\/2025\/07\/h2s-150.png?fit=349%2C480&ssl=1","datePublished":"2019-06-06T16:30:14+00:00","dateModified":"2025-11-19T12:23:04+00:00","description":"El H\u2082S-150 es un analizador y detector de gas de H\u2082S para exteriores con montaje en pared. Monitoreo confiable para \u00e1reas industriales y aplicaciones ambientales.","breadcrumb":{"@id":"https:\/\/sso2.com\/product\/h2s-150\/#breadcrumb"},"inLanguage":"es-AR","potentialAction":[{"@type":"ReadAction","target":["https:\/\/sso2.com\/product\/h2s-150\/"]}]},{"@type":"ImageObject","inLanguage":"es-AR","@id":"https:\/\/sso2.com\/product\/h2s-150\/#primaryimage","url":"https:\/\/i0.wp.com\/sso2.com\/wp-content\/uploads\/2025\/07\/h2s-150.png?fit=349%2C480&ssl=1","contentUrl":"https:\/\/i0.wp.com\/sso2.com\/wp-content\/uploads\/2025\/07\/h2s-150.png?fit=349%2C480&ssl=1","width":349,"height":480},{"@type":"BreadcrumbList","@id":"https:\/\/sso2.com\/product\/h2s-150\/#breadcrumb","itemListElement":[{"@type":"ListItem","position":1,"name":"Home","item":"https:\/\/sso2.com\/en\/"},{"@type":"ListItem","position":2,"name":"Shop","item":"https:\/\/sso2.com\/shop\/"},{"@type":"ListItem","position":3,"name":"H2S-150 Wall Mount Outdoor H2S Analyzer"}]},{"@type":"WebSite","@id":"https:\/\/sso2.com\/#website","url":"https:\/\/sso2.com\/","name":"Southland Sensing Ltd.","description":"Industrial &amp; Medical Gas Analyzers Oxygen CO\u2082, &amp; H\u2082 Monitors","publisher":{"@id":"https:\/\/sso2.com\/#organization"},"alternateName":"SSO2","potentialAction":[{"@type":"SearchAction","target":{"@type":"EntryPoint","urlTemplate":"https:\/\/sso2.com\/?s={search_term_string}"},"query-input":{"@type":"PropertyValueSpecification","valueRequired":true,"valueName":"search_term_string"}}],"inLanguage":"es-AR"},{"@type":"Organization","@id":"https:\/\/sso2.com\/#organization","name":"Southland Sensing Ltd.","alternateName":"SSO2","url":"https:\/\/sso2.com\/","logo":{"@type":"ImageObject","inLanguage":"es-AR","@id":"https:\/\/sso2.com\/#\/schema\/logo\/image\/","url":"https:\/\/sso2.com\/wp-content\/uploads\/2025\/10\/sso2_300pixel.webp","contentUrl":"https:\/\/sso2.com\/wp-content\/uploads\/2025\/10\/sso2_300pixel.webp","width":300,"height":50,"caption":"Southland Sensing Ltd."},"image":{"@id":"https:\/\/sso2.com\/#\/schema\/logo\/image\/"},"sameAs":["https:\/\/www.linkedin.com\/company\/southland-sensing-ltd\/"],"description":"Southland Sensing Ltd. brings together superior performance, an improved user experience, and unmatched application expertise to deliver an accurate and reliable measurement solution. That\u2019s why multinationals, small companies and universities alike turn to us again and again.","email":"sales@sso2.com","telephone":"1-949-398-2879","legalName":"Southland Sensing Ltd.","foundingDate":"2013-01-01","numberOfEmployees":{"@type":"QuantitativeValue","minValue":"11","maxValue":"50"},"publishingPrinciples":"https:\/\/sso2.com\/contact-us\/","ownershipFundingInfo":"https:\/\/sso2.com\/about-us\/","actionableFeedbackPolicy":"https:\/\/sso2.com\/contact-us\/"}]},"product_price_currency":"USD","og_availability":"instock","product_availability":"instock","product_condition":"new"},"jetpack_sharing_enabled":true,"_links":{"self":[{"href":"https:\/\/sso2.com\/es\/wp-json\/wp\/v2\/product\/896","targetHints":{"allow":["GET"]}}],"collection":[{"href":"https:\/\/sso2.com\/es\/wp-json\/wp\/v2\/product"}],"about":[{"href":"https:\/\/sso2.com\/es\/wp-json\/wp\/v2\/types\/product"}],"replies":[{"embeddable":true,"href":"https:\/\/sso2.com\/es\/wp-json\/wp\/v2\/comments?post=896"}],"wp:featuredmedia":[{"embeddable":true,"href":"https:\/\/sso2.com\/es\/wp-json\/wp\/v2\/media\/3940"}],"wp:attachment":[{"href":"https:\/\/sso2.com\/es\/wp-json\/wp\/v2\/media?parent=896"}],"wp:term":[{"taxonomy":"product_brand","embeddable":true,"href":"https:\/\/sso2.com\/es\/wp-json\/wp\/v2\/product_brand?post=896"},{"taxonomy":"product_cat","embeddable":true,"href":"https:\/\/sso2.com\/es\/wp-json\/wp\/v2\/product_cat?post=896"},{"taxonomy":"product_tag","embeddable":true,"href":"https:\/\/sso2.com\/es\/wp-json\/wp\/v2\/product_tag?post=896"}],"curies":[{"name":"wp","href":"https:\/\/api.w.org\/{rel}","templated":true}]}}