{"id":893,"date":"2019-06-06T16:24:37","date_gmt":"2019-06-06T16:24:37","guid":{"rendered":"https:\/\/demo.activebizsolutions.com\/?post_type=product&#038;p=893"},"modified":"2025-11-19T12:25:30","modified_gmt":"2025-11-19T12:25:30","slug":"hazardous-area-online-process-hydrogen-sulfide-analyzer","status":"publish","type":"product","link":"https:\/\/sso2.com\/es\/product\/hazardous-area-online-process-hydrogen-sulfide-analyzer\/","title":{"rendered":"Analizador de H2S para \u00e1reas peligrosas H2S-625"},"content":{"rendered":"<p>El analizador de sulfuro de hidr\u00f3geno en l\u00ednea para \u00e1reas peligrosas H2S-625 est\u00e1 dise\u00f1ado para funcionar de manera continua con muy pocos requisitos de mantenimiento. El analizador cuenta con las certificaciones ATEX e IECEx para su uso en \u00e1reas Ex db ib IIB+H2 T4 Gb. La unidad combina un avanzado conjunto de funciones electr\u00f3nicas, incluida una interfaz MENU inteligente, con nuestra tecnolog\u00eda de sensores electroqu\u00edmicos de precisi\u00f3n l\u00edder en el sector. El resultado es un dise\u00f1o altamente confiable y rentable con una interfaz de usuario f\u00e1cil de usar.<\/p>\n<ul>\n<li>Tipo de carcasa: montaje en pared; montaje en poste<\/li>\n<li>Rangos est\u00e1ndar: 0 \u2013 10\/50\/100\/200 PPM<\/li>\n<li>Rangos opcionales: 0 \u2013 100\/500\/1000\/2000 PPM<\/li>\n<li>Rangos opcionales: 0 \u2013 1000\/2000\/5000\/10000 PPM<\/li>\n<li>Modo de rango: rango autom\u00e1tico o rango manual<\/li>\n<li>Resoluci\u00f3n: 0,01 PPM, 0,1 PPM o 1 PPM<\/li>\n<li>Alimentaci\u00f3n de entrada: 100-240 VCA o 12-24 VCC<\/li>\n<li>Salida anal\u00f3gica: 4 \u2013 20 mA o 1 \u2013 5 V CC<\/li>\n<li>Comunicaci\u00f3n: MODBUS RS485 RTU bidireccional<\/li>\n<li>Alarmas: 2 contactos de rel\u00e9 de forma C totalmente ajustables<\/li>\n<\/ul>\n<p>La interfaz MEN\u00da inteligente integrada permite al usuario configurar completamente el analizador a trav\u00e9s del sistema MEN\u00da integrado, sin necesidad de un complicado ordenador port\u00e1til u otro dispositivo de control para configurar el analizador sobre el terreno.<\/p>\n<p>El analizador est\u00e1 dise\u00f1ado como una unidad de tipo extractivo para extraer la muestra a trav\u00e9s de su sistema de muestreo integrado, que incluye una v\u00e1lvula de muestra\/span de 3 v\u00edas y un rot\u00e1metro\/caudal\u00edmetro visual con v\u00e1lvula de control de flujo. El analizador tiene un dise\u00f1o \u00fanico que permite obtener una lectura precisa de H2S sin necesidad de que haya ox\u00edgeno presente en el gas de muestra.<\/p>\n<p>El sensor de H2S se basa en el principio galv\u00e1nico electroqu\u00edmico de la pila de combustible. Los sensores son aut\u00f3nomos y requieren un mantenimiento m\u00ednimo, sin necesidad de limpiar los electrodos ni a\u00f1adir electrolito. Los sensores de precisi\u00f3n ofrecen un excelente rendimiento, precisi\u00f3n y estabilidad, al tiempo que maximizan la vida \u00fatil prevista.  El analizador viene con tres sensores opcionales. El H2S-1x tiene cuatro rangos: 0-10 ppm, 0-50 ppm, 0-100 ppm y 0-200 ppm.  El H2S-2x tiene 0-100 ppm, 0-500 ppm, 0-1000 ppm y 0-2000 ppm. El H2S-3x tiene 0-1000 ppm, 0-2000 ppm, 0-5000 ppm y 0-10000 ppm.<\/p>\n<p>Los sensores son aut\u00f3nomos y requieren un mantenimiento m\u00ednimo: no es necesario limpiar los electrodos ni a\u00f1adir electrolito.<\/p>\n<p>Las aplicaciones principales de este analizador incluyen aplicaciones de gas natural, vertederos y biog\u00e1s.<\/p>","protected":false},"excerpt":{"rendered":"<p>The H2S-625 Hazardous Area Online Hydrogen Sulfide Analyzer is designed to continuously with very little maintenance requirement.\u00a0 The analyzer comes with ATEX and IECEx certification for use in Ex db ib IIB+H2 T4 Gb areas. The unit combines an advanced set of electronic features including a smart MENU interface with our industry leading precision electrochemical [&hellip;]<\/p>\n","protected":false},"featured_media":1914,"comment_status":"open","ping_status":"closed","template":"","meta":[],"product_brand":[],"product_cat":[29],"product_tag":[],"class_list":{"0":"post-893","1":"product","2":"type-product","3":"status-publish","4":"has-post-thumbnail","6":"product_cat-industrial-h2s-analyzers","8":"first","9":"instock","10":"shipping-taxable","11":"product-type-external"},"yoast_head":"<!-- This site is optimized with the Yoast SEO Premium plugin v27.2 (Yoast SEO v27.2) - https:\/\/yoast.com\/product\/yoast-seo-premium-wordpress\/ -->\n<title>H2S-625 Hazardous Area H2S Analyzer | Gas Detector<\/title>\n<meta name=\"description\" content=\"The H2S-625 is a hazardous area H2S analyzer. Ensure safety with reliable gas detection in potentially oxygen deficient atmosphere environments.\" \/>\n<meta name=\"robots\" content=\"index, follow, max-snippet:-1, max-image-preview:large, max-video-preview:-1\" \/>\n<link rel=\"canonical\" href=\"https:\/\/sso2.com\/es\/producto\/hazardous-area-online-process-hydrogen-sulfide-analyzer\/\" \/>\n<meta property=\"og:locale\" content=\"es_ES\" \/>\n<meta property=\"og:type\" content=\"article\" \/>\n<meta property=\"og:title\" content=\"H2S-625 Hazardous Area H2S Analyzer\" \/>\n<meta property=\"og:description\" content=\"The H2S-625 is a hazardous area H2S analyzer. Ensure safety with reliable gas detection in potentially oxygen deficient atmosphere environments.\" \/>\n<meta property=\"og:url\" content=\"https:\/\/sso2.com\/es\/producto\/hazardous-area-online-process-hydrogen-sulfide-analyzer\/\" \/>\n<meta property=\"og:site_name\" content=\"Southland Sensing Ltd.\" \/>\n<meta property=\"article:modified_time\" content=\"2025-11-19T12:25:30+00:00\" \/>\n<meta property=\"og:image\" content=\"https:\/\/sso2.com\/wp-content\/uploads\/2022\/06\/h2s-625.png\" \/>\n\t<meta property=\"og:image:width\" content=\"966\" \/>\n\t<meta property=\"og:image:height\" content=\"940\" \/>\n\t<meta property=\"og:image:type\" content=\"image\/png\" \/>\n<meta name=\"twitter:card\" content=\"summary_large_image\" \/>\n<meta name=\"twitter:label1\" content=\"Price\" \/>\n\t<meta name=\"twitter:data1\" content=\"\" \/>\n\t<meta name=\"twitter:label2\" content=\"Availability\" \/>\n\t<meta name=\"twitter:data2\" content=\"In stock\" \/>\n<script type=\"application\/ld+json\" class=\"yoast-schema-graph\">{\"@context\":\"https:\/\/schema.org\",\"@graph\":[{\"@type\":\"WebPage\",\"@id\":\"https:\/\/sso2.com\/product\/hazardous-area-online-process-hydrogen-sulfide-analyzer\/\",\"url\":\"https:\/\/sso2.com\/product\/hazardous-area-online-process-hydrogen-sulfide-analyzer\/\",\"name\":\"H2S-625 Hazardous Area H2S Analyzer | Gas Detector\",\"isPartOf\":{\"@id\":\"https:\/\/sso2.com\/#website\"},\"primaryImageOfPage\":{\"@id\":\"https:\/\/sso2.com\/product\/hazardous-area-online-process-hydrogen-sulfide-analyzer\/#primaryimage\"},\"image\":{\"@id\":\"https:\/\/sso2.com\/product\/hazardous-area-online-process-hydrogen-sulfide-analyzer\/#primaryimage\"},\"thumbnailUrl\":\"https:\/\/i0.wp.com\/sso2.com\/wp-content\/uploads\/2022\/06\/h2s-625.png?fit=966%2C940&ssl=1\",\"datePublished\":\"2019-06-06T16:24:37+00:00\",\"dateModified\":\"2025-11-19T12:25:30+00:00\",\"description\":\"The H2S-625 is a hazardous area H2S analyzer. Ensure safety with reliable gas detection in potentially oxygen deficient atmosphere environments.\",\"breadcrumb\":{\"@id\":\"https:\/\/sso2.com\/product\/hazardous-area-online-process-hydrogen-sulfide-analyzer\/#breadcrumb\"},\"inLanguage\":\"es-AR\",\"potentialAction\":[{\"@type\":\"ReadAction\",\"target\":[\"https:\/\/sso2.com\/product\/hazardous-area-online-process-hydrogen-sulfide-analyzer\/\"]}]},{\"@type\":\"ImageObject\",\"inLanguage\":\"es-AR\",\"@id\":\"https:\/\/sso2.com\/product\/hazardous-area-online-process-hydrogen-sulfide-analyzer\/#primaryimage\",\"url\":\"https:\/\/i0.wp.com\/sso2.com\/wp-content\/uploads\/2022\/06\/h2s-625.png?fit=966%2C940&ssl=1\",\"contentUrl\":\"https:\/\/i0.wp.com\/sso2.com\/wp-content\/uploads\/2022\/06\/h2s-625.png?fit=966%2C940&ssl=1\",\"width\":966,\"height\":940},{\"@type\":\"BreadcrumbList\",\"@id\":\"https:\/\/sso2.com\/product\/hazardous-area-online-process-hydrogen-sulfide-analyzer\/#breadcrumb\",\"itemListElement\":[{\"@type\":\"ListItem\",\"position\":1,\"name\":\"Home\",\"item\":\"https:\/\/sso2.com\/en\/\"},{\"@type\":\"ListItem\",\"position\":2,\"name\":\"Shop\",\"item\":\"https:\/\/sso2.com\/shop\/\"},{\"@type\":\"ListItem\",\"position\":3,\"name\":\"H2S-625 Hazardous Area H2S Analyzer\"}]},{\"@type\":\"WebSite\",\"@id\":\"https:\/\/sso2.com\/#website\",\"url\":\"https:\/\/sso2.com\/\",\"name\":\"Southland Sensing Ltd.\",\"description\":\"Industrial &amp; Medical Gas Analyzers Oxygen CO\u2082, &amp; H\u2082 Monitors\",\"publisher\":{\"@id\":\"https:\/\/sso2.com\/#organization\"},\"alternateName\":\"SSO2\",\"potentialAction\":[{\"@type\":\"SearchAction\",\"target\":{\"@type\":\"EntryPoint\",\"urlTemplate\":\"https:\/\/sso2.com\/?s={search_term_string}\"},\"query-input\":{\"@type\":\"PropertyValueSpecification\",\"valueRequired\":true,\"valueName\":\"search_term_string\"}}],\"inLanguage\":\"es-AR\"},{\"@type\":\"Organization\",\"@id\":\"https:\/\/sso2.com\/#organization\",\"name\":\"Southland Sensing Ltd.\",\"alternateName\":\"SSO2\",\"url\":\"https:\/\/sso2.com\/\",\"logo\":{\"@type\":\"ImageObject\",\"inLanguage\":\"es-AR\",\"@id\":\"https:\/\/sso2.com\/#\/schema\/logo\/image\/\",\"url\":\"https:\/\/sso2.com\/wp-content\/uploads\/2025\/10\/sso2_300pixel.webp\",\"contentUrl\":\"https:\/\/sso2.com\/wp-content\/uploads\/2025\/10\/sso2_300pixel.webp\",\"width\":300,\"height\":50,\"caption\":\"Southland Sensing Ltd.\"},\"image\":{\"@id\":\"https:\/\/sso2.com\/#\/schema\/logo\/image\/\"},\"sameAs\":[\"https:\/\/www.linkedin.com\/company\/southland-sensing-ltd\/\"],\"description\":\"Southland Sensing Ltd. brings together superior performance, an improved user experience, and unmatched application expertise to deliver an accurate and reliable measurement solution. That\u2019s why multinationals, small companies and universities alike turn to us again and again.\",\"email\":\"sales@sso2.com\",\"telephone\":\"1-949-398-2879\",\"legalName\":\"Southland Sensing Ltd.\",\"foundingDate\":\"2013-01-01\",\"numberOfEmployees\":{\"@type\":\"QuantitativeValue\",\"minValue\":\"11\",\"maxValue\":\"50\"},\"publishingPrinciples\":\"https:\/\/sso2.com\/contact-us\/\",\"ownershipFundingInfo\":\"https:\/\/sso2.com\/about-us\/\",\"actionableFeedbackPolicy\":\"https:\/\/sso2.com\/contact-us\/\"}]}<\/script>\n<meta property=\"product:price:currency\" content=\"USD\" \/>\n<meta property=\"og:availability\" content=\"instock\" \/>\n<meta property=\"product:availability\" content=\"instock\" \/>\n<meta property=\"product:condition\" content=\"new\" \/>\n<!-- \/ Yoast SEO Premium plugin. -->","yoast_head_json":{"title":"Analizador de H\u2082S para \u00e1reas peligrosas H\u2082S-625 | Detector de gas","description":"El H\u2082S-625 es un analizador de H\u2082S para \u00e1reas peligrosas. Garantice la seguridad con una detecci\u00f3n de gases fiable en entornos con atm\u00f3sferas potencialmente deficientes en ox\u00edgeno.","robots":{"index":"index","follow":"follow","max-snippet":"max-snippet:-1","max-image-preview":"max-image-preview:large","max-video-preview":"max-video-preview:-1"},"canonical":"https:\/\/sso2.com\/es\/producto\/hazardous-area-online-process-hydrogen-sulfide-analyzer\/","og_locale":"es_ES","og_type":"article","og_title":"H2S-625 Hazardous Area H2S Analyzer","og_description":"The H2S-625 is a hazardous area H2S analyzer. Ensure safety with reliable gas detection in potentially oxygen deficient atmosphere environments.","og_url":"https:\/\/sso2.com\/es\/producto\/hazardous-area-online-process-hydrogen-sulfide-analyzer\/","og_site_name":"Southland Sensing Ltd.","article_modified_time":"2025-11-19T12:25:30+00:00","og_image":[{"width":966,"height":940,"url":"https:\/\/sso2.com\/wp-content\/uploads\/2022\/06\/h2s-625.png","type":"image\/png"}],"twitter_card":"summary_large_image","twitter_misc":{"Price":"","Availability":"In stock"},"schema":{"@context":"https:\/\/schema.org","@graph":[{"@type":"WebPage","@id":"https:\/\/sso2.com\/product\/hazardous-area-online-process-hydrogen-sulfide-analyzer\/","url":"https:\/\/sso2.com\/product\/hazardous-area-online-process-hydrogen-sulfide-analyzer\/","name":"Analizador de H\u2082S para \u00e1reas peligrosas H\u2082S-625 | Detector de gas","isPartOf":{"@id":"https:\/\/sso2.com\/#website"},"primaryImageOfPage":{"@id":"https:\/\/sso2.com\/product\/hazardous-area-online-process-hydrogen-sulfide-analyzer\/#primaryimage"},"image":{"@id":"https:\/\/sso2.com\/product\/hazardous-area-online-process-hydrogen-sulfide-analyzer\/#primaryimage"},"thumbnailUrl":"https:\/\/i0.wp.com\/sso2.com\/wp-content\/uploads\/2022\/06\/h2s-625.png?fit=966%2C940&ssl=1","datePublished":"2019-06-06T16:24:37+00:00","dateModified":"2025-11-19T12:25:30+00:00","description":"El H\u2082S-625 es un analizador de H\u2082S para \u00e1reas peligrosas. Garantice la seguridad con una detecci\u00f3n de gases fiable en entornos con atm\u00f3sferas potencialmente deficientes en ox\u00edgeno.","breadcrumb":{"@id":"https:\/\/sso2.com\/product\/hazardous-area-online-process-hydrogen-sulfide-analyzer\/#breadcrumb"},"inLanguage":"es-AR","potentialAction":[{"@type":"ReadAction","target":["https:\/\/sso2.com\/product\/hazardous-area-online-process-hydrogen-sulfide-analyzer\/"]}]},{"@type":"ImageObject","inLanguage":"es-AR","@id":"https:\/\/sso2.com\/product\/hazardous-area-online-process-hydrogen-sulfide-analyzer\/#primaryimage","url":"https:\/\/i0.wp.com\/sso2.com\/wp-content\/uploads\/2022\/06\/h2s-625.png?fit=966%2C940&ssl=1","contentUrl":"https:\/\/i0.wp.com\/sso2.com\/wp-content\/uploads\/2022\/06\/h2s-625.png?fit=966%2C940&ssl=1","width":966,"height":940},{"@type":"BreadcrumbList","@id":"https:\/\/sso2.com\/product\/hazardous-area-online-process-hydrogen-sulfide-analyzer\/#breadcrumb","itemListElement":[{"@type":"ListItem","position":1,"name":"Home","item":"https:\/\/sso2.com\/en\/"},{"@type":"ListItem","position":2,"name":"Shop","item":"https:\/\/sso2.com\/shop\/"},{"@type":"ListItem","position":3,"name":"H2S-625 Hazardous Area H2S Analyzer"}]},{"@type":"WebSite","@id":"https:\/\/sso2.com\/#website","url":"https:\/\/sso2.com\/","name":"Southland Sensing Ltd.","description":"Industrial &amp; Medical Gas Analyzers Oxygen CO\u2082, &amp; H\u2082 Monitors","publisher":{"@id":"https:\/\/sso2.com\/#organization"},"alternateName":"SSO2","potentialAction":[{"@type":"SearchAction","target":{"@type":"EntryPoint","urlTemplate":"https:\/\/sso2.com\/?s={search_term_string}"},"query-input":{"@type":"PropertyValueSpecification","valueRequired":true,"valueName":"search_term_string"}}],"inLanguage":"es-AR"},{"@type":"Organization","@id":"https:\/\/sso2.com\/#organization","name":"Southland Sensing Ltd.","alternateName":"SSO2","url":"https:\/\/sso2.com\/","logo":{"@type":"ImageObject","inLanguage":"es-AR","@id":"https:\/\/sso2.com\/#\/schema\/logo\/image\/","url":"https:\/\/sso2.com\/wp-content\/uploads\/2025\/10\/sso2_300pixel.webp","contentUrl":"https:\/\/sso2.com\/wp-content\/uploads\/2025\/10\/sso2_300pixel.webp","width":300,"height":50,"caption":"Southland Sensing Ltd."},"image":{"@id":"https:\/\/sso2.com\/#\/schema\/logo\/image\/"},"sameAs":["https:\/\/www.linkedin.com\/company\/southland-sensing-ltd\/"],"description":"Southland Sensing Ltd. brings together superior performance, an improved user experience, and unmatched application expertise to deliver an accurate and reliable measurement solution. That\u2019s why multinationals, small companies and universities alike turn to us again and again.","email":"sales@sso2.com","telephone":"1-949-398-2879","legalName":"Southland Sensing Ltd.","foundingDate":"2013-01-01","numberOfEmployees":{"@type":"QuantitativeValue","minValue":"11","maxValue":"50"},"publishingPrinciples":"https:\/\/sso2.com\/contact-us\/","ownershipFundingInfo":"https:\/\/sso2.com\/about-us\/","actionableFeedbackPolicy":"https:\/\/sso2.com\/contact-us\/"}]},"product_price_currency":"USD","og_availability":"instock","product_availability":"instock","product_condition":"new"},"jetpack_sharing_enabled":true,"_links":{"self":[{"href":"https:\/\/sso2.com\/es\/wp-json\/wp\/v2\/product\/893","targetHints":{"allow":["GET"]}}],"collection":[{"href":"https:\/\/sso2.com\/es\/wp-json\/wp\/v2\/product"}],"about":[{"href":"https:\/\/sso2.com\/es\/wp-json\/wp\/v2\/types\/product"}],"replies":[{"embeddable":true,"href":"https:\/\/sso2.com\/es\/wp-json\/wp\/v2\/comments?post=893"}],"wp:featuredmedia":[{"embeddable":true,"href":"https:\/\/sso2.com\/es\/wp-json\/wp\/v2\/media\/1914"}],"wp:attachment":[{"href":"https:\/\/sso2.com\/es\/wp-json\/wp\/v2\/media?parent=893"}],"wp:term":[{"taxonomy":"product_brand","embeddable":true,"href":"https:\/\/sso2.com\/es\/wp-json\/wp\/v2\/product_brand?post=893"},{"taxonomy":"product_cat","embeddable":true,"href":"https:\/\/sso2.com\/es\/wp-json\/wp\/v2\/product_cat?post=893"},{"taxonomy":"product_tag","embeddable":true,"href":"https:\/\/sso2.com\/es\/wp-json\/wp\/v2\/product_tag?post=893"}],"curies":[{"name":"wp","href":"https:\/\/api.w.org\/{rel}","templated":true}]}}