{"id":728,"date":"2019-04-18T08:32:55","date_gmt":"2019-04-18T08:32:55","guid":{"rendered":"http:\/\/sso2.com\/?post_type=product&#038;p=728"},"modified":"2025-11-19T12:28:45","modified_gmt":"2025-11-19T12:28:45","slug":"oem-oxygen-transmitter-kit-circuit-board-sensor-sensor-housing","status":"publish","type":"product","link":"https:\/\/sso2.com\/es\/product\/oem-oxygen-transmitter-kit-circuit-board-sensor-sensor-housing\/","title":{"rendered":"Kit transmisor de ox\u00edgeno serie EMD"},"content":{"rendered":"<p>El transmisor de ox\u00edgeno EMD-485D\/485M\/482D est\u00e1 dise\u00f1ado principalmente para usuarios OEM que desean integrar esta unidad en un sistema m\u00e1s grande, como un sistema de caja de guantes inerte o un generador de nitr\u00f3geno\/ox\u00edgeno. El kit del analizador de ox\u00edgeno se puede configurar para aplicaciones de trazas o porcentajes y viene con una placa de circuito, un sensor y una carcasa para el sensor remoto con un cable de 72 pulgadas.<\/p>\n<p>El analizador viene seleccionado de f\u00e1brica para uno de los siguientes rangos: 0 \u2013 10 ppm, 0 \u2013 100 ppm, 0 \u2013 1000 ppm, 0 \u2013 1 %, 0 \u2013 5%, 0 \u2013 10%, 0 \u2013 25%, 0 \u2013 100%. Se carga un segundo rango mediante un interruptor de palanca para permitir la calibraci\u00f3n del aire ambiente. La pantalla local siempre mostrar\u00e1 el valor real de ox\u00edgeno, el rango \u00fanico sirve para bloquear la salida anal\u00f3gica.<\/p>\n<p>El EMD-482D viene configurado como una alimentaci\u00f3n de bucle de 2 hilos con salida no aislada de 4-20 mA. El EMD-485D viene configurado como un 6 hilos de 12-24 VCC con salida no aislada de 4-20 mA, 0-10 VCC y 0-1 VCC.  El EMD-485M viene configurado como un circuito de 6 hilos de 12-24 VCC con salida no aislada de 4-20 mA, 0-10 VCC, 0-1 VCC y MODBUS RS485 ASCII bidireccional.<\/p>\n<p>El sensor de ox\u00edgeno se basa en el principio galv\u00e1nico electroqu\u00edmico de las pilas de combustible y se fabrica internamente siguiendo un estricto procedimiento de calidad. Los sensores son aut\u00f3nomos y requieren un mantenimiento m\u00ednimo, sin necesidad de limpiar los electrodos ni a\u00f1adir electrolito. Estos sensores de precisi\u00f3n ofrecen un rendimiento, una precisi\u00f3n y una estabilidad excelentes, al tiempo que maximizan la vida \u00fatil prevista.<\/p>\n<p>Las opciones de configuraci\u00f3n de la carcasa del sensor incluyen un cable de 72 pulgadas y se pueden configurar como KF-40 (caja de guantes inerte, NW40F) de ajuste directo o carcasa de sensor de flujo continuo con racores de compresi\u00f3n de 6 mm, 1\/8\u2033 o 1\/4\u2033.<\/p>","protected":false},"excerpt":{"rendered":"<p>The EMD-485D\/485M\/482D oxygen transmitter is designed primarily for OEM users who are looking to integrate this unit into a larger system such as an Inert Glovebox System or Nitrogen \/ Oxygen generator.\u00a0 The oxygen analyzer kit is configurable for Trace or Percent applications and comes with a circuit board, sensor and remote sensor housing with [&hellip;]<\/p>\n","protected":false},"featured_media":717,"comment_status":"open","ping_status":"closed","template":"","meta":[],"product_brand":[],"product_cat":[26],"product_tag":[],"class_list":{"0":"post-728","1":"product","2":"type-product","3":"status-publish","4":"has-post-thumbnail","6":"product_cat-industrial-oxygen-analyzers","8":"first","9":"instock","10":"shipping-taxable","11":"product-type-external"},"yoast_head":"<!-- This site is optimized with the Yoast SEO Premium plugin v27.2 (Yoast SEO v27.2) - https:\/\/yoast.com\/product\/yoast-seo-premium-wordpress\/ -->\n<title>EMD Series Oxygen Transmitter Kit | O2 Sensor &amp; Probe<\/title>\n<meta name=\"description\" content=\"EMD Series Oxygen Transmitter Kit. Includes a high-performance oxygen sensor and probe for accurate, continuous O2 monitoring.\" \/>\n<meta name=\"robots\" content=\"index, follow, max-snippet:-1, max-image-preview:large, max-video-preview:-1\" \/>\n<link rel=\"canonical\" href=\"https:\/\/sso2.com\/es\/producto\/oem-oxygen-transmitter-kit-circuit-board-sensor-sensor-housing\/\" \/>\n<meta property=\"og:locale\" content=\"es_ES\" \/>\n<meta property=\"og:type\" content=\"article\" \/>\n<meta property=\"og:title\" content=\"EMD Series Oxygen Transmitter Kit\" \/>\n<meta property=\"og:description\" content=\"EMD Series Oxygen Transmitter Kit. Includes a high-performance oxygen sensor and probe for accurate, continuous O2 monitoring.\" \/>\n<meta property=\"og:url\" content=\"https:\/\/sso2.com\/es\/producto\/oem-oxygen-transmitter-kit-circuit-board-sensor-sensor-housing\/\" \/>\n<meta property=\"og:site_name\" content=\"Southland Sensing Ltd.\" \/>\n<meta property=\"article:modified_time\" content=\"2025-11-19T12:28:45+00:00\" \/>\n<meta property=\"og:image\" content=\"https:\/\/sso2.com\/wp-content\/uploads\/2019\/04\/oem-oxygen-transmitter-kit-circuit-board-sensor-sensor-housing-min.jpg\" \/>\n\t<meta property=\"og:image:width\" content=\"703\" \/>\n\t<meta property=\"og:image:height\" content=\"527\" \/>\n\t<meta property=\"og:image:type\" content=\"image\/jpeg\" \/>\n<meta name=\"twitter:card\" content=\"summary_large_image\" \/>\n<meta name=\"twitter:label1\" content=\"Price\" \/>\n\t<meta name=\"twitter:data1\" content=\"\" \/>\n\t<meta name=\"twitter:label2\" content=\"Availability\" \/>\n\t<meta name=\"twitter:data2\" content=\"In stock\" \/>\n<script type=\"application\/ld+json\" class=\"yoast-schema-graph\">{\"@context\":\"https:\/\/schema.org\",\"@graph\":[{\"@type\":\"WebPage\",\"@id\":\"https:\/\/sso2.com\/product\/oem-oxygen-transmitter-kit-circuit-board-sensor-sensor-housing\/\",\"url\":\"https:\/\/sso2.com\/product\/oem-oxygen-transmitter-kit-circuit-board-sensor-sensor-housing\/\",\"name\":\"EMD Series Oxygen Transmitter Kit | O2 Sensor & Probe\",\"isPartOf\":{\"@id\":\"https:\/\/sso2.com\/#website\"},\"primaryImageOfPage\":{\"@id\":\"https:\/\/sso2.com\/product\/oem-oxygen-transmitter-kit-circuit-board-sensor-sensor-housing\/#primaryimage\"},\"image\":{\"@id\":\"https:\/\/sso2.com\/product\/oem-oxygen-transmitter-kit-circuit-board-sensor-sensor-housing\/#primaryimage\"},\"thumbnailUrl\":\"https:\/\/i0.wp.com\/sso2.com\/wp-content\/uploads\/2019\/04\/oem-oxygen-transmitter-kit-circuit-board-sensor-sensor-housing-min.jpg?fit=703%2C527&ssl=1\",\"datePublished\":\"2019-04-18T08:32:55+00:00\",\"dateModified\":\"2025-11-19T12:28:45+00:00\",\"description\":\"EMD Series Oxygen Transmitter Kit. Includes a high-performance oxygen sensor and probe for accurate, continuous O2 monitoring.\",\"breadcrumb\":{\"@id\":\"https:\/\/sso2.com\/product\/oem-oxygen-transmitter-kit-circuit-board-sensor-sensor-housing\/#breadcrumb\"},\"inLanguage\":\"es-AR\",\"potentialAction\":[{\"@type\":\"ReadAction\",\"target\":[\"https:\/\/sso2.com\/product\/oem-oxygen-transmitter-kit-circuit-board-sensor-sensor-housing\/\"]}]},{\"@type\":\"ImageObject\",\"inLanguage\":\"es-AR\",\"@id\":\"https:\/\/sso2.com\/product\/oem-oxygen-transmitter-kit-circuit-board-sensor-sensor-housing\/#primaryimage\",\"url\":\"https:\/\/i0.wp.com\/sso2.com\/wp-content\/uploads\/2019\/04\/oem-oxygen-transmitter-kit-circuit-board-sensor-sensor-housing-min.jpg?fit=703%2C527&ssl=1\",\"contentUrl\":\"https:\/\/i0.wp.com\/sso2.com\/wp-content\/uploads\/2019\/04\/oem-oxygen-transmitter-kit-circuit-board-sensor-sensor-housing-min.jpg?fit=703%2C527&ssl=1\",\"width\":703,\"height\":527},{\"@type\":\"BreadcrumbList\",\"@id\":\"https:\/\/sso2.com\/product\/oem-oxygen-transmitter-kit-circuit-board-sensor-sensor-housing\/#breadcrumb\",\"itemListElement\":[{\"@type\":\"ListItem\",\"position\":1,\"name\":\"Home\",\"item\":\"https:\/\/sso2.com\/en\/\"},{\"@type\":\"ListItem\",\"position\":2,\"name\":\"Shop\",\"item\":\"https:\/\/sso2.com\/shop\/\"},{\"@type\":\"ListItem\",\"position\":3,\"name\":\"EMD Series Oxygen Transmitter Kit\"}]},{\"@type\":\"WebSite\",\"@id\":\"https:\/\/sso2.com\/#website\",\"url\":\"https:\/\/sso2.com\/\",\"name\":\"Southland Sensing Ltd.\",\"description\":\"Industrial &amp; Medical Gas Analyzers Oxygen CO\u2082, &amp; H\u2082 Monitors\",\"publisher\":{\"@id\":\"https:\/\/sso2.com\/#organization\"},\"alternateName\":\"SSO2\",\"potentialAction\":[{\"@type\":\"SearchAction\",\"target\":{\"@type\":\"EntryPoint\",\"urlTemplate\":\"https:\/\/sso2.com\/?s={search_term_string}\"},\"query-input\":{\"@type\":\"PropertyValueSpecification\",\"valueRequired\":true,\"valueName\":\"search_term_string\"}}],\"inLanguage\":\"es-AR\"},{\"@type\":\"Organization\",\"@id\":\"https:\/\/sso2.com\/#organization\",\"name\":\"Southland Sensing Ltd.\",\"alternateName\":\"SSO2\",\"url\":\"https:\/\/sso2.com\/\",\"logo\":{\"@type\":\"ImageObject\",\"inLanguage\":\"es-AR\",\"@id\":\"https:\/\/sso2.com\/#\/schema\/logo\/image\/\",\"url\":\"https:\/\/sso2.com\/wp-content\/uploads\/2025\/10\/sso2_300pixel.webp\",\"contentUrl\":\"https:\/\/sso2.com\/wp-content\/uploads\/2025\/10\/sso2_300pixel.webp\",\"width\":300,\"height\":50,\"caption\":\"Southland Sensing Ltd.\"},\"image\":{\"@id\":\"https:\/\/sso2.com\/#\/schema\/logo\/image\/\"},\"sameAs\":[\"https:\/\/www.linkedin.com\/company\/southland-sensing-ltd\/\"],\"description\":\"Southland Sensing Ltd. brings together superior performance, an improved user experience, and unmatched application expertise to deliver an accurate and reliable measurement solution. That\u2019s why multinationals, small companies and universities alike turn to us again and again.\",\"email\":\"sales@sso2.com\",\"telephone\":\"1-949-398-2879\",\"legalName\":\"Southland Sensing Ltd.\",\"foundingDate\":\"2013-01-01\",\"numberOfEmployees\":{\"@type\":\"QuantitativeValue\",\"minValue\":\"11\",\"maxValue\":\"50\"},\"publishingPrinciples\":\"https:\/\/sso2.com\/contact-us\/\",\"ownershipFundingInfo\":\"https:\/\/sso2.com\/about-us\/\",\"actionableFeedbackPolicy\":\"https:\/\/sso2.com\/contact-us\/\"}]}<\/script>\n<meta property=\"product:price:currency\" content=\"USD\" \/>\n<meta property=\"og:availability\" content=\"instock\" \/>\n<meta property=\"product:availability\" content=\"instock\" \/>\n<meta property=\"product:condition\" content=\"new\" \/>\n<!-- \/ Yoast SEO Premium plugin. -->","yoast_head_json":{"title":"Kit transmisor de ox\u00edgeno serie EMD | Sensor y sonda de O2","description":"Kit transmisor de ox\u00edgeno serie EMD. Incluye un sensor de ox\u00edgeno de alto rendimiento y una sonda para un monitoreo preciso y continuo de O2.","robots":{"index":"index","follow":"follow","max-snippet":"max-snippet:-1","max-image-preview":"max-image-preview:large","max-video-preview":"max-video-preview:-1"},"canonical":"https:\/\/sso2.com\/es\/producto\/oem-oxygen-transmitter-kit-circuit-board-sensor-sensor-housing\/","og_locale":"es_ES","og_type":"article","og_title":"EMD Series Oxygen Transmitter Kit","og_description":"EMD Series Oxygen Transmitter Kit. Includes a high-performance oxygen sensor and probe for accurate, continuous O2 monitoring.","og_url":"https:\/\/sso2.com\/es\/producto\/oem-oxygen-transmitter-kit-circuit-board-sensor-sensor-housing\/","og_site_name":"Southland Sensing Ltd.","article_modified_time":"2025-11-19T12:28:45+00:00","og_image":[{"width":703,"height":527,"url":"https:\/\/sso2.com\/wp-content\/uploads\/2019\/04\/oem-oxygen-transmitter-kit-circuit-board-sensor-sensor-housing-min.jpg","type":"image\/jpeg"}],"twitter_card":"summary_large_image","twitter_misc":{"Price":"","Availability":"In stock"},"schema":{"@context":"https:\/\/schema.org","@graph":[{"@type":"WebPage","@id":"https:\/\/sso2.com\/product\/oem-oxygen-transmitter-kit-circuit-board-sensor-sensor-housing\/","url":"https:\/\/sso2.com\/product\/oem-oxygen-transmitter-kit-circuit-board-sensor-sensor-housing\/","name":"Kit transmisor de ox\u00edgeno serie EMD | Sensor y sonda de O2","isPartOf":{"@id":"https:\/\/sso2.com\/#website"},"primaryImageOfPage":{"@id":"https:\/\/sso2.com\/product\/oem-oxygen-transmitter-kit-circuit-board-sensor-sensor-housing\/#primaryimage"},"image":{"@id":"https:\/\/sso2.com\/product\/oem-oxygen-transmitter-kit-circuit-board-sensor-sensor-housing\/#primaryimage"},"thumbnailUrl":"https:\/\/i0.wp.com\/sso2.com\/wp-content\/uploads\/2019\/04\/oem-oxygen-transmitter-kit-circuit-board-sensor-sensor-housing-min.jpg?fit=703%2C527&ssl=1","datePublished":"2019-04-18T08:32:55+00:00","dateModified":"2025-11-19T12:28:45+00:00","description":"Kit transmisor de ox\u00edgeno serie EMD. Incluye un sensor de ox\u00edgeno de alto rendimiento y una sonda para un monitoreo preciso y continuo de O2.","breadcrumb":{"@id":"https:\/\/sso2.com\/product\/oem-oxygen-transmitter-kit-circuit-board-sensor-sensor-housing\/#breadcrumb"},"inLanguage":"es-AR","potentialAction":[{"@type":"ReadAction","target":["https:\/\/sso2.com\/product\/oem-oxygen-transmitter-kit-circuit-board-sensor-sensor-housing\/"]}]},{"@type":"ImageObject","inLanguage":"es-AR","@id":"https:\/\/sso2.com\/product\/oem-oxygen-transmitter-kit-circuit-board-sensor-sensor-housing\/#primaryimage","url":"https:\/\/i0.wp.com\/sso2.com\/wp-content\/uploads\/2019\/04\/oem-oxygen-transmitter-kit-circuit-board-sensor-sensor-housing-min.jpg?fit=703%2C527&ssl=1","contentUrl":"https:\/\/i0.wp.com\/sso2.com\/wp-content\/uploads\/2019\/04\/oem-oxygen-transmitter-kit-circuit-board-sensor-sensor-housing-min.jpg?fit=703%2C527&ssl=1","width":703,"height":527},{"@type":"BreadcrumbList","@id":"https:\/\/sso2.com\/product\/oem-oxygen-transmitter-kit-circuit-board-sensor-sensor-housing\/#breadcrumb","itemListElement":[{"@type":"ListItem","position":1,"name":"Home","item":"https:\/\/sso2.com\/en\/"},{"@type":"ListItem","position":2,"name":"Shop","item":"https:\/\/sso2.com\/shop\/"},{"@type":"ListItem","position":3,"name":"EMD Series Oxygen Transmitter Kit"}]},{"@type":"WebSite","@id":"https:\/\/sso2.com\/#website","url":"https:\/\/sso2.com\/","name":"Southland Sensing Ltd.","description":"Industrial &amp; Medical Gas Analyzers Oxygen CO\u2082, &amp; H\u2082 Monitors","publisher":{"@id":"https:\/\/sso2.com\/#organization"},"alternateName":"SSO2","potentialAction":[{"@type":"SearchAction","target":{"@type":"EntryPoint","urlTemplate":"https:\/\/sso2.com\/?s={search_term_string}"},"query-input":{"@type":"PropertyValueSpecification","valueRequired":true,"valueName":"search_term_string"}}],"inLanguage":"es-AR"},{"@type":"Organization","@id":"https:\/\/sso2.com\/#organization","name":"Southland Sensing Ltd.","alternateName":"SSO2","url":"https:\/\/sso2.com\/","logo":{"@type":"ImageObject","inLanguage":"es-AR","@id":"https:\/\/sso2.com\/#\/schema\/logo\/image\/","url":"https:\/\/sso2.com\/wp-content\/uploads\/2025\/10\/sso2_300pixel.webp","contentUrl":"https:\/\/sso2.com\/wp-content\/uploads\/2025\/10\/sso2_300pixel.webp","width":300,"height":50,"caption":"Southland Sensing Ltd."},"image":{"@id":"https:\/\/sso2.com\/#\/schema\/logo\/image\/"},"sameAs":["https:\/\/www.linkedin.com\/company\/southland-sensing-ltd\/"],"description":"Southland Sensing Ltd. brings together superior performance, an improved user experience, and unmatched application expertise to deliver an accurate and reliable measurement solution. That\u2019s why multinationals, small companies and universities alike turn to us again and again.","email":"sales@sso2.com","telephone":"1-949-398-2879","legalName":"Southland Sensing Ltd.","foundingDate":"2013-01-01","numberOfEmployees":{"@type":"QuantitativeValue","minValue":"11","maxValue":"50"},"publishingPrinciples":"https:\/\/sso2.com\/contact-us\/","ownershipFundingInfo":"https:\/\/sso2.com\/about-us\/","actionableFeedbackPolicy":"https:\/\/sso2.com\/contact-us\/"}]},"product_price_currency":"USD","og_availability":"instock","product_availability":"instock","product_condition":"new"},"jetpack_sharing_enabled":true,"_links":{"self":[{"href":"https:\/\/sso2.com\/es\/wp-json\/wp\/v2\/product\/728","targetHints":{"allow":["GET"]}}],"collection":[{"href":"https:\/\/sso2.com\/es\/wp-json\/wp\/v2\/product"}],"about":[{"href":"https:\/\/sso2.com\/es\/wp-json\/wp\/v2\/types\/product"}],"replies":[{"embeddable":true,"href":"https:\/\/sso2.com\/es\/wp-json\/wp\/v2\/comments?post=728"}],"wp:featuredmedia":[{"embeddable":true,"href":"https:\/\/sso2.com\/es\/wp-json\/wp\/v2\/media\/717"}],"wp:attachment":[{"href":"https:\/\/sso2.com\/es\/wp-json\/wp\/v2\/media?parent=728"}],"wp:term":[{"taxonomy":"product_brand","embeddable":true,"href":"https:\/\/sso2.com\/es\/wp-json\/wp\/v2\/product_brand?post=728"},{"taxonomy":"product_cat","embeddable":true,"href":"https:\/\/sso2.com\/es\/wp-json\/wp\/v2\/product_cat?post=728"},{"taxonomy":"product_tag","embeddable":true,"href":"https:\/\/sso2.com\/es\/wp-json\/wp\/v2\/product_tag?post=728"}],"curies":[{"name":"wp","href":"https:\/\/api.w.org\/{rel}","templated":true}]}}