{"id":721,"date":"2019-04-18T08:07:02","date_gmt":"2019-04-18T08:07:02","guid":{"rendered":"http:\/\/sso2.com\/?post_type=product&#038;p=721"},"modified":"2025-11-19T12:38:12","modified_gmt":"2025-11-19T12:38:12","slug":"economical-portable-oxygen-analyzer-ce","status":"publish","type":"product","link":"https:\/\/sso2.com\/es\/product\/economical-portable-oxygen-analyzer-ce\/","title":{"rendered":"OMD-580 \/ OMD-480 Economical Portable Oxygen Analyzer"},"content":{"rendered":"<p>The OMD-580 (PPM) and OMD-480 (Percent) portable oxygen analyzer combine a rugged PolyPro enclosure and an advanced set of electronic features including a smart MENU interface with our industry leading precision electrochemical oxygen sensor technology.\u00a0 The result is a highly reliable and cost effective design with easy-to-use user interface.<\/p>\n<ul>\n<li>Enclosure: Polypro; Portable<\/li>\n<li>OMD-580 Ranges: 0 &#8211; 10\/100\/1000\/10000 PPM &amp; 0 &#8211; 25%<\/li>\n<li>OMD-480 Ranges: 0 &#8211; 1\/5\/10\/25 &amp; 100%<\/li>\n<li>Sample System: None; Quick Disconnect Fittings<\/li>\n<li>Resolution OMD-580: 0.01 PPM<\/li>\n<li>Resolution OMD-480: 0.01 %<\/li>\n<li>Alimentaci\u00f3n de entrada: 100-240 VCA con enchufe internacional<\/li>\n<li>Salida anal\u00f3gica: 0 \u2013 1 V CC<\/li>\n<li>Registro de datos: unidad flash USB extra\u00edble<\/li>\n<\/ul>\n<p>La interfaz MEN\u00da inteligente integrada permite al usuario configurar completamente el analizador a trav\u00e9s del sistema MEN\u00da incorporado. No es necesario utilizar una computadora port\u00e1til u otro dispositivo de control complicado para configurar el analizador en el campo. Otra caracter\u00edstica destacada del avanzado conjunto de componentes electr\u00f3nicos es la salida USB para el registro de datos. El registro de datos se puede realizar mediante una unidad flash USB extra\u00edble y los datos se pueden tomar en intervalos de 1 minuto. Una unidad flash de 8 GB puede almacenar datos durante m\u00e1s de 50 a\u00f1os.<\/p>\n<p>The OMD-580 trace analyzer comes with a built-in isolation quick disconnect fittings.\u00a0 the OMD-480 comes standard with compression tube fittings.<\/p>\n<p>The standard cell (TO2-1x) is unaffected by other background gases such as hydrogen, helium, or hydrocarbons. The optional acidic cell (TO2-2x) works well when acid gases such as CO2 or Natural Gas are present.\u00a0 All oxygen sensors are manufactured in house by Southland Sensing Ltd. under a strict ISO9001:2015 \/ ISO13485:2016 quality system.<\/p>\n<p>Los sensores son aut\u00f3nomos y requieren un mantenimiento m\u00ednimo: no es necesario limpiar los electrodos ni a\u00f1adir electrolito.<\/p>","protected":false},"excerpt":{"rendered":"<p>The OMD-580 (PPM) and OMD-480 (Percent) portable oxygen analyzer combine a rugged PolyPro enclosure and an advanced set of electronic features including a smart MENU interface with our industry leading precision electrochemical oxygen sensor technology.\u00a0 The result is a highly reliable and cost effective design with easy-to-use user interface. Enclosure: Polypro; Portable OMD-580 Ranges: 0 [&hellip;]<\/p>\n","protected":false},"featured_media":784,"comment_status":"open","ping_status":"closed","template":"","meta":[],"product_brand":[],"product_cat":[26],"product_tag":[],"class_list":{"0":"post-721","1":"product","2":"type-product","3":"status-publish","4":"has-post-thumbnail","6":"product_cat-industrial-oxygen-analyzers","8":"first","9":"instock","10":"shipping-taxable","11":"product-type-external"},"yoast_head":"<!-- This site is optimized with the Yoast SEO Premium plugin v27.4 (Yoast SEO v27.4) - https:\/\/yoast.com\/product\/yoast-seo-premium-wordpress\/ -->\n<title>OMD-580 \/ OMD-480 Economical Portable O2 Analyzer<\/title>\n<meta name=\"description\" content=\"Get the OMD-580\/480 Economical Portable Oxygen Analyzer. Reliable portable oxygen meter for quick O2 readings and oxygen deficiency checks.\" \/>\n<meta name=\"robots\" content=\"index, follow, max-snippet:-1, max-image-preview:large, max-video-preview:-1\" \/>\n<link rel=\"canonical\" href=\"https:\/\/sso2.com\/es\/producto\/economical-portable-oxygen-analyzer-ce\/\" \/>\n<meta property=\"og:locale\" content=\"es_ES\" \/>\n<meta property=\"og:type\" content=\"article\" \/>\n<meta property=\"og:title\" content=\"OMD-580 \/ OMD-480 Economical Portable Oxygen Analyzer\" \/>\n<meta property=\"og:description\" content=\"Get the OMD-580\/480 Economical Portable Oxygen Analyzer. Reliable portable oxygen meter for quick O2 readings and oxygen deficiency checks.\" \/>\n<meta property=\"og:url\" content=\"https:\/\/sso2.com\/es\/producto\/economical-portable-oxygen-analyzer-ce\/\" \/>\n<meta property=\"og:site_name\" content=\"Southland Sensing Ltd.\" \/>\n<meta property=\"article:modified_time\" content=\"2025-11-19T12:38:12+00:00\" \/>\n<meta property=\"og:image\" content=\"https:\/\/sso2.com\/wp-content\/uploads\/2019\/04\/omd-580_nobackground.png\" \/>\n\t<meta property=\"og:image:width\" content=\"1185\" \/>\n\t<meta property=\"og:image:height\" content=\"973\" \/>\n\t<meta property=\"og:image:type\" content=\"image\/png\" \/>\n<meta name=\"twitter:card\" content=\"summary_large_image\" \/>\n<meta name=\"twitter:label1\" content=\"Price\" \/>\n\t<meta name=\"twitter:data1\" content=\"\" \/>\n\t<meta name=\"twitter:label2\" content=\"Availability\" \/>\n\t<meta name=\"twitter:data2\" content=\"In stock\" \/>\n<script type=\"application\/ld+json\" class=\"yoast-schema-graph\">{\"@context\":\"https:\\\/\\\/schema.org\",\"@graph\":[{\"@type\":\"WebPage\",\"@id\":\"https:\\\/\\\/sso2.com\\\/product\\\/economical-portable-oxygen-analyzer-ce\\\/\",\"url\":\"https:\\\/\\\/sso2.com\\\/product\\\/economical-portable-oxygen-analyzer-ce\\\/\",\"name\":\"OMD-580 \\\/ OMD-480 Economical Portable O2 Analyzer\",\"isPartOf\":{\"@id\":\"https:\\\/\\\/sso2.com\\\/#website\"},\"primaryImageOfPage\":{\"@id\":\"https:\\\/\\\/sso2.com\\\/product\\\/economical-portable-oxygen-analyzer-ce\\\/#primaryimage\"},\"image\":{\"@id\":\"https:\\\/\\\/sso2.com\\\/product\\\/economical-portable-oxygen-analyzer-ce\\\/#primaryimage\"},\"thumbnailUrl\":\"https:\\\/\\\/i0.wp.com\\\/sso2.com\\\/wp-content\\\/uploads\\\/2019\\\/04\\\/omd-580_nobackground.png?fit=1185%2C973&ssl=1\",\"datePublished\":\"2019-04-18T08:07:02+00:00\",\"dateModified\":\"2025-11-19T12:38:12+00:00\",\"description\":\"Get the OMD-580\\\/480 Economical Portable Oxygen Analyzer. Reliable portable oxygen meter for quick O2 readings and oxygen deficiency checks.\",\"breadcrumb\":{\"@id\":\"https:\\\/\\\/sso2.com\\\/product\\\/economical-portable-oxygen-analyzer-ce\\\/#breadcrumb\"},\"inLanguage\":\"es-AR\",\"potentialAction\":[{\"@type\":\"ReadAction\",\"target\":[\"https:\\\/\\\/sso2.com\\\/product\\\/economical-portable-oxygen-analyzer-ce\\\/\"]}]},{\"@type\":\"ImageObject\",\"inLanguage\":\"es-AR\",\"@id\":\"https:\\\/\\\/sso2.com\\\/product\\\/economical-portable-oxygen-analyzer-ce\\\/#primaryimage\",\"url\":\"https:\\\/\\\/i0.wp.com\\\/sso2.com\\\/wp-content\\\/uploads\\\/2019\\\/04\\\/omd-580_nobackground.png?fit=1185%2C973&ssl=1\",\"contentUrl\":\"https:\\\/\\\/i0.wp.com\\\/sso2.com\\\/wp-content\\\/uploads\\\/2019\\\/04\\\/omd-580_nobackground.png?fit=1185%2C973&ssl=1\",\"width\":1185,\"height\":973},{\"@type\":\"BreadcrumbList\",\"@id\":\"https:\\\/\\\/sso2.com\\\/product\\\/economical-portable-oxygen-analyzer-ce\\\/#breadcrumb\",\"itemListElement\":[{\"@type\":\"ListItem\",\"position\":1,\"name\":\"Home\",\"item\":\"https:\\\/\\\/sso2.com\\\/en\\\/\"},{\"@type\":\"ListItem\",\"position\":2,\"name\":\"Shop\",\"item\":\"https:\\\/\\\/sso2.com\\\/shop\\\/\"},{\"@type\":\"ListItem\",\"position\":3,\"name\":\"OMD-580 \\\/ OMD-480 Economical Portable Oxygen Analyzer\"}]},{\"@type\":\"WebSite\",\"@id\":\"https:\\\/\\\/sso2.com\\\/#website\",\"url\":\"https:\\\/\\\/sso2.com\\\/\",\"name\":\"Southland Sensing Ltd.\",\"description\":\"Industrial &amp; Medical Gas Analyzers Oxygen CO\u2082, &amp; H\u2082 Monitors\",\"publisher\":{\"@id\":\"https:\\\/\\\/sso2.com\\\/#organization\"},\"alternateName\":\"SSO2\",\"potentialAction\":[{\"@type\":\"SearchAction\",\"target\":{\"@type\":\"EntryPoint\",\"urlTemplate\":\"https:\\\/\\\/sso2.com\\\/?s={search_term_string}\"},\"query-input\":{\"@type\":\"PropertyValueSpecification\",\"valueRequired\":true,\"valueName\":\"search_term_string\"}}],\"inLanguage\":\"es-AR\"},{\"@type\":\"Organization\",\"@id\":\"https:\\\/\\\/sso2.com\\\/#organization\",\"name\":\"Southland Sensing Ltd.\",\"alternateName\":\"SSO2\",\"url\":\"https:\\\/\\\/sso2.com\\\/\",\"logo\":{\"@type\":\"ImageObject\",\"inLanguage\":\"es-AR\",\"@id\":\"https:\\\/\\\/sso2.com\\\/#\\\/schema\\\/logo\\\/image\\\/\",\"url\":\"https:\\\/\\\/sso2.com\\\/wp-content\\\/uploads\\\/2025\\\/10\\\/sso2_300pixel.webp\",\"contentUrl\":\"https:\\\/\\\/sso2.com\\\/wp-content\\\/uploads\\\/2025\\\/10\\\/sso2_300pixel.webp\",\"width\":300,\"height\":50,\"caption\":\"Southland Sensing Ltd.\"},\"image\":{\"@id\":\"https:\\\/\\\/sso2.com\\\/#\\\/schema\\\/logo\\\/image\\\/\"},\"sameAs\":[\"https:\\\/\\\/www.linkedin.com\\\/company\\\/southland-sensing-ltd\\\/\"],\"description\":\"Southland Sensing Ltd. brings together superior performance, an improved user experience, and unmatched application expertise to deliver an accurate and reliable measurement solution. That\u2019s why multinationals, small companies and universities alike turn to us again and again.\",\"email\":\"sales@sso2.com\",\"telephone\":\"1-949-398-2879\",\"legalName\":\"Southland Sensing Ltd.\",\"foundingDate\":\"2013-01-01\",\"numberOfEmployees\":{\"@type\":\"QuantitativeValue\",\"minValue\":\"11\",\"maxValue\":\"50\"},\"publishingPrinciples\":\"https:\\\/\\\/sso2.com\\\/contact-us\\\/\",\"ownershipFundingInfo\":\"https:\\\/\\\/sso2.com\\\/about-us\\\/\",\"actionableFeedbackPolicy\":\"https:\\\/\\\/sso2.com\\\/contact-us\\\/\"}]}<\/script>\n<meta property=\"product:price:currency\" content=\"USD\" \/>\n<meta property=\"og:availability\" content=\"instock\" \/>\n<meta property=\"product:availability\" content=\"instock\" \/>\n<meta property=\"product:condition\" content=\"new\" \/>\n<!-- \/ Yoast SEO Premium plugin. -->","yoast_head_json":{"title":"Analizador de O2 port\u00e1til econ\u00f3mico OMD-580 \/ OMD-480","description":"Adquiera el analizador de ox\u00edgeno port\u00e1til econ\u00f3mico OMD-580\/480. Un medidor de ox\u00edgeno port\u00e1til y confiable para lecturas r\u00e1pidas de O2 y detecci\u00f3n de deficiencia de ox\u00edgeno.","robots":{"index":"index","follow":"follow","max-snippet":"max-snippet:-1","max-image-preview":"max-image-preview:large","max-video-preview":"max-video-preview:-1"},"canonical":"https:\/\/sso2.com\/es\/producto\/economical-portable-oxygen-analyzer-ce\/","og_locale":"es_ES","og_type":"article","og_title":"OMD-580 \/ OMD-480 Economical Portable Oxygen Analyzer","og_description":"Get the OMD-580\/480 Economical Portable Oxygen Analyzer. Reliable portable oxygen meter for quick O2 readings and oxygen deficiency checks.","og_url":"https:\/\/sso2.com\/es\/producto\/economical-portable-oxygen-analyzer-ce\/","og_site_name":"Southland Sensing Ltd.","article_modified_time":"2025-11-19T12:38:12+00:00","og_image":[{"width":1185,"height":973,"url":"https:\/\/sso2.com\/wp-content\/uploads\/2019\/04\/omd-580_nobackground.png","type":"image\/png"}],"twitter_card":"summary_large_image","twitter_misc":{"Price":"","Availability":"In stock"},"schema":{"@context":"https:\/\/schema.org","@graph":[{"@type":"WebPage","@id":"https:\/\/sso2.com\/product\/economical-portable-oxygen-analyzer-ce\/","url":"https:\/\/sso2.com\/product\/economical-portable-oxygen-analyzer-ce\/","name":"Analizador de O2 port\u00e1til econ\u00f3mico OMD-580 \/ OMD-480","isPartOf":{"@id":"https:\/\/sso2.com\/#website"},"primaryImageOfPage":{"@id":"https:\/\/sso2.com\/product\/economical-portable-oxygen-analyzer-ce\/#primaryimage"},"image":{"@id":"https:\/\/sso2.com\/product\/economical-portable-oxygen-analyzer-ce\/#primaryimage"},"thumbnailUrl":"https:\/\/i0.wp.com\/sso2.com\/wp-content\/uploads\/2019\/04\/omd-580_nobackground.png?fit=1185%2C973&ssl=1","datePublished":"2019-04-18T08:07:02+00:00","dateModified":"2025-11-19T12:38:12+00:00","description":"Adquiera el analizador de ox\u00edgeno port\u00e1til econ\u00f3mico OMD-580\/480. Un medidor de ox\u00edgeno port\u00e1til y confiable para lecturas r\u00e1pidas de O2 y detecci\u00f3n de deficiencia de ox\u00edgeno.","breadcrumb":{"@id":"https:\/\/sso2.com\/product\/economical-portable-oxygen-analyzer-ce\/#breadcrumb"},"inLanguage":"es-AR","potentialAction":[{"@type":"ReadAction","target":["https:\/\/sso2.com\/product\/economical-portable-oxygen-analyzer-ce\/"]}]},{"@type":"ImageObject","inLanguage":"es-AR","@id":"https:\/\/sso2.com\/product\/economical-portable-oxygen-analyzer-ce\/#primaryimage","url":"https:\/\/i0.wp.com\/sso2.com\/wp-content\/uploads\/2019\/04\/omd-580_nobackground.png?fit=1185%2C973&ssl=1","contentUrl":"https:\/\/i0.wp.com\/sso2.com\/wp-content\/uploads\/2019\/04\/omd-580_nobackground.png?fit=1185%2C973&ssl=1","width":1185,"height":973},{"@type":"BreadcrumbList","@id":"https:\/\/sso2.com\/product\/economical-portable-oxygen-analyzer-ce\/#breadcrumb","itemListElement":[{"@type":"ListItem","position":1,"name":"Home","item":"https:\/\/sso2.com\/en\/"},{"@type":"ListItem","position":2,"name":"Shop","item":"https:\/\/sso2.com\/shop\/"},{"@type":"ListItem","position":3,"name":"OMD-580 \/ OMD-480 Economical Portable Oxygen Analyzer"}]},{"@type":"WebSite","@id":"https:\/\/sso2.com\/#website","url":"https:\/\/sso2.com\/","name":"Southland Sensing Ltd.","description":"Industrial &amp; Medical Gas Analyzers Oxygen CO\u2082, &amp; H\u2082 Monitors","publisher":{"@id":"https:\/\/sso2.com\/#organization"},"alternateName":"SSO2","potentialAction":[{"@type":"SearchAction","target":{"@type":"EntryPoint","urlTemplate":"https:\/\/sso2.com\/?s={search_term_string}"},"query-input":{"@type":"PropertyValueSpecification","valueRequired":true,"valueName":"search_term_string"}}],"inLanguage":"es-AR"},{"@type":"Organization","@id":"https:\/\/sso2.com\/#organization","name":"Southland Sensing Ltd.","alternateName":"SSO2","url":"https:\/\/sso2.com\/","logo":{"@type":"ImageObject","inLanguage":"es-AR","@id":"https:\/\/sso2.com\/#\/schema\/logo\/image\/","url":"https:\/\/sso2.com\/wp-content\/uploads\/2025\/10\/sso2_300pixel.webp","contentUrl":"https:\/\/sso2.com\/wp-content\/uploads\/2025\/10\/sso2_300pixel.webp","width":300,"height":50,"caption":"Southland Sensing Ltd."},"image":{"@id":"https:\/\/sso2.com\/#\/schema\/logo\/image\/"},"sameAs":["https:\/\/www.linkedin.com\/company\/southland-sensing-ltd\/"],"description":"Southland Sensing Ltd. brings together superior performance, an improved user experience, and unmatched application expertise to deliver an accurate and reliable measurement solution. That\u2019s why multinationals, small companies and universities alike turn to us again and again.","email":"sales@sso2.com","telephone":"1-949-398-2879","legalName":"Southland Sensing Ltd.","foundingDate":"2013-01-01","numberOfEmployees":{"@type":"QuantitativeValue","minValue":"11","maxValue":"50"},"publishingPrinciples":"https:\/\/sso2.com\/contact-us\/","ownershipFundingInfo":"https:\/\/sso2.com\/about-us\/","actionableFeedbackPolicy":"https:\/\/sso2.com\/contact-us\/"}]},"product_price_currency":"USD","og_availability":"instock","product_availability":"instock","product_condition":"new"},"jetpack_sharing_enabled":true,"_links":{"self":[{"href":"https:\/\/sso2.com\/es\/wp-json\/wp\/v2\/product\/721","targetHints":{"allow":["GET"]}}],"collection":[{"href":"https:\/\/sso2.com\/es\/wp-json\/wp\/v2\/product"}],"about":[{"href":"https:\/\/sso2.com\/es\/wp-json\/wp\/v2\/types\/product"}],"replies":[{"embeddable":true,"href":"https:\/\/sso2.com\/es\/wp-json\/wp\/v2\/comments?post=721"}],"wp:featuredmedia":[{"embeddable":true,"href":"https:\/\/sso2.com\/es\/wp-json\/wp\/v2\/media\/784"}],"wp:attachment":[{"href":"https:\/\/sso2.com\/es\/wp-json\/wp\/v2\/media?parent=721"}],"wp:term":[{"taxonomy":"product_brand","embeddable":true,"href":"https:\/\/sso2.com\/es\/wp-json\/wp\/v2\/product_brand?post=721"},{"taxonomy":"product_cat","embeddable":true,"href":"https:\/\/sso2.com\/es\/wp-json\/wp\/v2\/product_cat?post=721"},{"taxonomy":"product_tag","embeddable":true,"href":"https:\/\/sso2.com\/es\/wp-json\/wp\/v2\/product_tag?post=721"}],"curies":[{"name":"wp","href":"https:\/\/api.w.org\/{rel}","templated":true}]}}