{"id":713,"date":"2019-04-18T07:57:12","date_gmt":"2019-04-18T07:57:12","guid":{"rendered":"http:\/\/sso2.com\/?post_type=product&#038;p=713"},"modified":"2025-11-19T12:40:27","modified_gmt":"2025-11-19T12:40:27","slug":"portable-trace-oxygen-analyzer-ce","status":"publish","type":"product","link":"https:\/\/sso2.com\/es\/product\/portable-trace-oxygen-analyzer-ce\/","title":{"rendered":"Analizador de ox\u00edgeno OMD-640 con sistema de muestreo"},"content":{"rendered":"<p>El analizador port\u00e1til de trazas de ox\u00edgeno OMD-640 combina una resistente carcasa de aluminio anodizado, un sistema integral de derivaci\u00f3n de muestras y un avanzado conjunto de funciones electr\u00f3nicas, incluida una interfaz MEN\u00da inteligente con nuestra tecnolog\u00eda de sensores electroqu\u00edmicos de ox\u00edgeno de precisi\u00f3n l\u00edder en el sector. El resultado es un dise\u00f1o altamente confiable y rentable con una interfaz de usuario f\u00e1cil de usar.<\/p>\n<ul>\n<li>Carcasa: aluminio anodizado; port\u00e1til<\/li>\n<li>Rangos disponibles: 0 \u2013 1\/10\/100\/1000 PPM y 0 \u2013 25%<\/li>\n<li>Sistema de muestra: integral con derivaci\u00f3n y control de flujo<\/li>\n<li>Resoluci\u00f3n: 0,001 PPM<\/li>\n<li>Alimentaci\u00f3n de entrada: 100-240 VCA con enchufe internacional<\/li>\n<li>Salida anal\u00f3gica: 0 \u2013 1 V CC<\/li>\n<li>Registro de datos: unidad flash USB extra\u00edble<\/li>\n<\/ul>\n<p>La interfaz MEN\u00da inteligente integrada permite al usuario configurar completamente el analizador a trav\u00e9s del sistema MEN\u00da incorporado. No es necesario utilizar una computadora port\u00e1til u otro dispositivo de control complicado para configurar el analizador en el campo. Otra caracter\u00edstica destacada del avanzado conjunto de componentes electr\u00f3nicos es la salida USB para el registro de datos. El registro de datos se puede realizar mediante una unidad flash USB extra\u00edble y los datos se pueden tomar en intervalos de 1 minuto. Una unidad flash de 8 GB puede almacenar datos durante m\u00e1s de 50 a\u00f1os.<\/p>\n<p>El analizador viene con un sistema de muestra integrado que incluye una carcasa del sensor accesible desde la parte delantera, una perilla de control de flujo, un indicador de flujo y una v\u00e1lvula de derivaci\u00f3n de 4 v\u00edas. La entrada de gas se realiza a trav\u00e9s de un racor de compresi\u00f3n de 1\/8\u2033. La v\u00e1lvula de derivaci\u00f3n de 4 v\u00edas permite al usuario purgar las l\u00edneas de gas antes de enviar el gas al sensor de ox\u00edgeno, lo que permite una medici\u00f3n del gas mucho m\u00e1s r\u00e1pida que con los analizadores de desconexi\u00f3n r\u00e1pida.<\/p>\n<p>El analizador est\u00e1 dise\u00f1ado como una unidad de tipo extractivo para extraer la muestra a trav\u00e9s de su sistema de muestreo integrado, que incluye una v\u00e1lvula de derivaci\u00f3n\/aislamiento, una v\u00e1lvula de aguja de flujo y un rot\u00e1metro\/caudal\u00edmetro visual.<\/p>\n<p>La c\u00e9lula est\u00e1ndar (TO2-133) no se ve afectada por otros gases de fondo como el hidr\u00f3geno, el helio o los hidrocarburos. La c\u00e9lula \u00e1cida opcional (TO2-233) funciona bien cuando hay gases \u00e1cidos como el CO2 o el gas natural.  Todos los sensores de ox\u00edgeno son fabricados internamente por Southland Sensing Ltd. bajo un estricto sistema de calidad ISO9001:2015 \/ ISO13485:2016.<\/p>\n<p>Los sensores son aut\u00f3nomos y requieren un mantenimiento m\u00ednimo: no es necesario limpiar los electrodos ni a\u00f1adir electrolito.<\/p>","protected":false},"excerpt":{"rendered":"<p>The OMD-640 portable trace oxygen analyzer combines a rugged anodized aluminum enclosure, integral bypass sample system and an advanced set of electronic features including a smart MENU interface with our industry leading precision electrochemical oxygen sensor technology.\u00a0 The result is a highly reliable and cost effective design with easy-to-use user interface. Enclosure: Anodized Aluminum; Portable [&hellip;]<\/p>\n","protected":false},"featured_media":3936,"comment_status":"open","ping_status":"closed","template":"","meta":[],"product_brand":[],"product_cat":[26],"product_tag":[],"class_list":{"0":"post-713","1":"product","2":"type-product","3":"status-publish","4":"has-post-thumbnail","6":"product_cat-industrial-oxygen-analyzers","8":"first","9":"instock","10":"shipping-taxable","11":"product-type-external"},"yoast_head":"<!-- This site is optimized with the Yoast SEO Premium plugin v27.2 (Yoast SEO v27.2) - https:\/\/yoast.com\/product\/yoast-seo-premium-wordpress\/ -->\n<title>OMD-640 Oxygen Analyzer w\/Sample System | O2 Probe<\/title>\n<meta name=\"description\" content=\"The OMD-640 is an oxygen analyzer with a complete sample system. Essential for accurate analysis in challenging deficient oxygen environments.\" \/>\n<meta name=\"robots\" content=\"index, follow, max-snippet:-1, max-image-preview:large, max-video-preview:-1\" \/>\n<link rel=\"canonical\" href=\"https:\/\/sso2.com\/es\/producto\/portable-trace-oxygen-analyzer-ce\/\" \/>\n<meta property=\"og:locale\" content=\"es_ES\" \/>\n<meta property=\"og:type\" content=\"article\" \/>\n<meta property=\"og:title\" content=\"OMD-640 Oxygen Analyzer w\/Sample System\" \/>\n<meta property=\"og:description\" content=\"The OMD-640 is an oxygen analyzer with a complete sample system. Essential for accurate analysis in challenging deficient oxygen environments.\" \/>\n<meta property=\"og:url\" content=\"https:\/\/sso2.com\/es\/producto\/portable-trace-oxygen-analyzer-ce\/\" \/>\n<meta property=\"og:site_name\" content=\"Southland Sensing Ltd.\" \/>\n<meta property=\"article:modified_time\" content=\"2025-11-19T12:40:27+00:00\" \/>\n<meta property=\"og:image\" content=\"https:\/\/sso2.com\/wp-content\/uploads\/2025\/07\/omd-640.png\" \/>\n\t<meta property=\"og:image:width\" content=\"550\" \/>\n\t<meta property=\"og:image:height\" content=\"640\" \/>\n\t<meta property=\"og:image:type\" content=\"image\/png\" \/>\n<meta name=\"twitter:card\" content=\"summary_large_image\" \/>\n<meta name=\"twitter:label1\" content=\"Price\" \/>\n\t<meta name=\"twitter:data1\" content=\"\" \/>\n\t<meta name=\"twitter:label2\" content=\"Availability\" \/>\n\t<meta name=\"twitter:data2\" content=\"In stock\" \/>\n<script type=\"application\/ld+json\" class=\"yoast-schema-graph\">{\"@context\":\"https:\/\/schema.org\",\"@graph\":[{\"@type\":\"WebPage\",\"@id\":\"https:\/\/sso2.com\/product\/portable-trace-oxygen-analyzer-ce\/\",\"url\":\"https:\/\/sso2.com\/product\/portable-trace-oxygen-analyzer-ce\/\",\"name\":\"OMD-640 Oxygen Analyzer w\/Sample System | O2 Probe\",\"isPartOf\":{\"@id\":\"https:\/\/sso2.com\/#website\"},\"primaryImageOfPage\":{\"@id\":\"https:\/\/sso2.com\/product\/portable-trace-oxygen-analyzer-ce\/#primaryimage\"},\"image\":{\"@id\":\"https:\/\/sso2.com\/product\/portable-trace-oxygen-analyzer-ce\/#primaryimage\"},\"thumbnailUrl\":\"https:\/\/i0.wp.com\/sso2.com\/wp-content\/uploads\/2025\/07\/omd-640.png?fit=550%2C640&ssl=1\",\"datePublished\":\"2019-04-18T07:57:12+00:00\",\"dateModified\":\"2025-11-19T12:40:27+00:00\",\"description\":\"The OMD-640 is an oxygen analyzer with a complete sample system. Essential for accurate analysis in challenging deficient oxygen environments.\",\"breadcrumb\":{\"@id\":\"https:\/\/sso2.com\/product\/portable-trace-oxygen-analyzer-ce\/#breadcrumb\"},\"inLanguage\":\"es-AR\",\"potentialAction\":[{\"@type\":\"ReadAction\",\"target\":[\"https:\/\/sso2.com\/product\/portable-trace-oxygen-analyzer-ce\/\"]}]},{\"@type\":\"ImageObject\",\"inLanguage\":\"es-AR\",\"@id\":\"https:\/\/sso2.com\/product\/portable-trace-oxygen-analyzer-ce\/#primaryimage\",\"url\":\"https:\/\/i0.wp.com\/sso2.com\/wp-content\/uploads\/2025\/07\/omd-640.png?fit=550%2C640&ssl=1\",\"contentUrl\":\"https:\/\/i0.wp.com\/sso2.com\/wp-content\/uploads\/2025\/07\/omd-640.png?fit=550%2C640&ssl=1\",\"width\":550,\"height\":640},{\"@type\":\"BreadcrumbList\",\"@id\":\"https:\/\/sso2.com\/product\/portable-trace-oxygen-analyzer-ce\/#breadcrumb\",\"itemListElement\":[{\"@type\":\"ListItem\",\"position\":1,\"name\":\"Home\",\"item\":\"https:\/\/sso2.com\/en\/\"},{\"@type\":\"ListItem\",\"position\":2,\"name\":\"Shop\",\"item\":\"https:\/\/sso2.com\/shop\/\"},{\"@type\":\"ListItem\",\"position\":3,\"name\":\"OMD-640 Oxygen Analyzer w\/Sample System\"}]},{\"@type\":\"WebSite\",\"@id\":\"https:\/\/sso2.com\/#website\",\"url\":\"https:\/\/sso2.com\/\",\"name\":\"Southland Sensing Ltd.\",\"description\":\"Industrial &amp; Medical Gas Analyzers Oxygen CO\u2082, &amp; H\u2082 Monitors\",\"publisher\":{\"@id\":\"https:\/\/sso2.com\/#organization\"},\"alternateName\":\"SSO2\",\"potentialAction\":[{\"@type\":\"SearchAction\",\"target\":{\"@type\":\"EntryPoint\",\"urlTemplate\":\"https:\/\/sso2.com\/?s={search_term_string}\"},\"query-input\":{\"@type\":\"PropertyValueSpecification\",\"valueRequired\":true,\"valueName\":\"search_term_string\"}}],\"inLanguage\":\"es-AR\"},{\"@type\":\"Organization\",\"@id\":\"https:\/\/sso2.com\/#organization\",\"name\":\"Southland Sensing Ltd.\",\"alternateName\":\"SSO2\",\"url\":\"https:\/\/sso2.com\/\",\"logo\":{\"@type\":\"ImageObject\",\"inLanguage\":\"es-AR\",\"@id\":\"https:\/\/sso2.com\/#\/schema\/logo\/image\/\",\"url\":\"https:\/\/sso2.com\/wp-content\/uploads\/2025\/10\/sso2_300pixel.webp\",\"contentUrl\":\"https:\/\/sso2.com\/wp-content\/uploads\/2025\/10\/sso2_300pixel.webp\",\"width\":300,\"height\":50,\"caption\":\"Southland Sensing Ltd.\"},\"image\":{\"@id\":\"https:\/\/sso2.com\/#\/schema\/logo\/image\/\"},\"sameAs\":[\"https:\/\/www.linkedin.com\/company\/southland-sensing-ltd\/\"],\"description\":\"Southland Sensing Ltd. brings together superior performance, an improved user experience, and unmatched application expertise to deliver an accurate and reliable measurement solution. That\u2019s why multinationals, small companies and universities alike turn to us again and again.\",\"email\":\"sales@sso2.com\",\"telephone\":\"1-949-398-2879\",\"legalName\":\"Southland Sensing Ltd.\",\"foundingDate\":\"2013-01-01\",\"numberOfEmployees\":{\"@type\":\"QuantitativeValue\",\"minValue\":\"11\",\"maxValue\":\"50\"},\"publishingPrinciples\":\"https:\/\/sso2.com\/contact-us\/\",\"ownershipFundingInfo\":\"https:\/\/sso2.com\/about-us\/\",\"actionableFeedbackPolicy\":\"https:\/\/sso2.com\/contact-us\/\"}]}<\/script>\n<meta property=\"product:price:currency\" content=\"USD\" \/>\n<meta property=\"og:availability\" content=\"instock\" \/>\n<meta property=\"product:availability\" content=\"instock\" \/>\n<meta property=\"product:condition\" content=\"new\" \/>\n<!-- \/ Yoast SEO Premium plugin. -->","yoast_head_json":{"title":"Analizador de ox\u00edgeno OMD-640 con sistema de muestreo | Sonda de O2","description":"El OMD-640 es un analizador de ox\u00edgeno con un sistema de muestreo completo. Esencial para un an\u00e1lisis preciso en entornos dif\u00edciles con deficiencia de ox\u00edgeno.","robots":{"index":"index","follow":"follow","max-snippet":"max-snippet:-1","max-image-preview":"max-image-preview:large","max-video-preview":"max-video-preview:-1"},"canonical":"https:\/\/sso2.com\/es\/producto\/portable-trace-oxygen-analyzer-ce\/","og_locale":"es_ES","og_type":"article","og_title":"OMD-640 Oxygen Analyzer w\/Sample System","og_description":"The OMD-640 is an oxygen analyzer with a complete sample system. Essential for accurate analysis in challenging deficient oxygen environments.","og_url":"https:\/\/sso2.com\/es\/producto\/portable-trace-oxygen-analyzer-ce\/","og_site_name":"Southland Sensing Ltd.","article_modified_time":"2025-11-19T12:40:27+00:00","og_image":[{"width":550,"height":640,"url":"https:\/\/sso2.com\/wp-content\/uploads\/2025\/07\/omd-640.png","type":"image\/png"}],"twitter_card":"summary_large_image","twitter_misc":{"Price":"","Availability":"In stock"},"schema":{"@context":"https:\/\/schema.org","@graph":[{"@type":"WebPage","@id":"https:\/\/sso2.com\/product\/portable-trace-oxygen-analyzer-ce\/","url":"https:\/\/sso2.com\/product\/portable-trace-oxygen-analyzer-ce\/","name":"Analizador de ox\u00edgeno OMD-640 con sistema de muestreo | Sonda de O2","isPartOf":{"@id":"https:\/\/sso2.com\/#website"},"primaryImageOfPage":{"@id":"https:\/\/sso2.com\/product\/portable-trace-oxygen-analyzer-ce\/#primaryimage"},"image":{"@id":"https:\/\/sso2.com\/product\/portable-trace-oxygen-analyzer-ce\/#primaryimage"},"thumbnailUrl":"https:\/\/i0.wp.com\/sso2.com\/wp-content\/uploads\/2025\/07\/omd-640.png?fit=550%2C640&ssl=1","datePublished":"2019-04-18T07:57:12+00:00","dateModified":"2025-11-19T12:40:27+00:00","description":"El OMD-640 es un analizador de ox\u00edgeno con un sistema de muestreo completo. Esencial para un an\u00e1lisis preciso en entornos dif\u00edciles con deficiencia de ox\u00edgeno.","breadcrumb":{"@id":"https:\/\/sso2.com\/product\/portable-trace-oxygen-analyzer-ce\/#breadcrumb"},"inLanguage":"es-AR","potentialAction":[{"@type":"ReadAction","target":["https:\/\/sso2.com\/product\/portable-trace-oxygen-analyzer-ce\/"]}]},{"@type":"ImageObject","inLanguage":"es-AR","@id":"https:\/\/sso2.com\/product\/portable-trace-oxygen-analyzer-ce\/#primaryimage","url":"https:\/\/i0.wp.com\/sso2.com\/wp-content\/uploads\/2025\/07\/omd-640.png?fit=550%2C640&ssl=1","contentUrl":"https:\/\/i0.wp.com\/sso2.com\/wp-content\/uploads\/2025\/07\/omd-640.png?fit=550%2C640&ssl=1","width":550,"height":640},{"@type":"BreadcrumbList","@id":"https:\/\/sso2.com\/product\/portable-trace-oxygen-analyzer-ce\/#breadcrumb","itemListElement":[{"@type":"ListItem","position":1,"name":"Home","item":"https:\/\/sso2.com\/en\/"},{"@type":"ListItem","position":2,"name":"Shop","item":"https:\/\/sso2.com\/shop\/"},{"@type":"ListItem","position":3,"name":"OMD-640 Oxygen Analyzer w\/Sample System"}]},{"@type":"WebSite","@id":"https:\/\/sso2.com\/#website","url":"https:\/\/sso2.com\/","name":"Southland Sensing Ltd.","description":"Industrial &amp; Medical Gas Analyzers Oxygen CO\u2082, &amp; H\u2082 Monitors","publisher":{"@id":"https:\/\/sso2.com\/#organization"},"alternateName":"SSO2","potentialAction":[{"@type":"SearchAction","target":{"@type":"EntryPoint","urlTemplate":"https:\/\/sso2.com\/?s={search_term_string}"},"query-input":{"@type":"PropertyValueSpecification","valueRequired":true,"valueName":"search_term_string"}}],"inLanguage":"es-AR"},{"@type":"Organization","@id":"https:\/\/sso2.com\/#organization","name":"Southland Sensing Ltd.","alternateName":"SSO2","url":"https:\/\/sso2.com\/","logo":{"@type":"ImageObject","inLanguage":"es-AR","@id":"https:\/\/sso2.com\/#\/schema\/logo\/image\/","url":"https:\/\/sso2.com\/wp-content\/uploads\/2025\/10\/sso2_300pixel.webp","contentUrl":"https:\/\/sso2.com\/wp-content\/uploads\/2025\/10\/sso2_300pixel.webp","width":300,"height":50,"caption":"Southland Sensing Ltd."},"image":{"@id":"https:\/\/sso2.com\/#\/schema\/logo\/image\/"},"sameAs":["https:\/\/www.linkedin.com\/company\/southland-sensing-ltd\/"],"description":"Southland Sensing Ltd. brings together superior performance, an improved user experience, and unmatched application expertise to deliver an accurate and reliable measurement solution. That\u2019s why multinationals, small companies and universities alike turn to us again and again.","email":"sales@sso2.com","telephone":"1-949-398-2879","legalName":"Southland Sensing Ltd.","foundingDate":"2013-01-01","numberOfEmployees":{"@type":"QuantitativeValue","minValue":"11","maxValue":"50"},"publishingPrinciples":"https:\/\/sso2.com\/contact-us\/","ownershipFundingInfo":"https:\/\/sso2.com\/about-us\/","actionableFeedbackPolicy":"https:\/\/sso2.com\/contact-us\/"}]},"product_price_currency":"USD","og_availability":"instock","product_availability":"instock","product_condition":"new"},"jetpack_sharing_enabled":true,"_links":{"self":[{"href":"https:\/\/sso2.com\/es\/wp-json\/wp\/v2\/product\/713","targetHints":{"allow":["GET"]}}],"collection":[{"href":"https:\/\/sso2.com\/es\/wp-json\/wp\/v2\/product"}],"about":[{"href":"https:\/\/sso2.com\/es\/wp-json\/wp\/v2\/types\/product"}],"replies":[{"embeddable":true,"href":"https:\/\/sso2.com\/es\/wp-json\/wp\/v2\/comments?post=713"}],"wp:featuredmedia":[{"embeddable":true,"href":"https:\/\/sso2.com\/es\/wp-json\/wp\/v2\/media\/3936"}],"wp:attachment":[{"href":"https:\/\/sso2.com\/es\/wp-json\/wp\/v2\/media?parent=713"}],"wp:term":[{"taxonomy":"product_brand","embeddable":true,"href":"https:\/\/sso2.com\/es\/wp-json\/wp\/v2\/product_brand?post=713"},{"taxonomy":"product_cat","embeddable":true,"href":"https:\/\/sso2.com\/es\/wp-json\/wp\/v2\/product_cat?post=713"},{"taxonomy":"product_tag","embeddable":true,"href":"https:\/\/sso2.com\/es\/wp-json\/wp\/v2\/product_tag?post=713"}],"curies":[{"name":"wp","href":"https:\/\/api.w.org\/{rel}","templated":true}]}}