{"id":631,"date":"2019-04-10T13:51:46","date_gmt":"2019-04-10T13:51:46","guid":{"rendered":"https:\/\/sso2.com\/?post_type=product&#038;p=631"},"modified":"2025-11-19T13:51:17","modified_gmt":"2025-11-19T13:51:17","slug":"to2-2x-ppm-oxygen-sensor-for-use-in-co2","status":"publish","type":"product","link":"https:\/\/sso2.com\/es\/product\/to2-2x-ppm-oxygen-sensor-for-use-in-co2\/","title":{"rendered":"TO2-2x PPM Oxygen Sensor (For use in CO2)"},"content":{"rendered":"<p>The TO2-2x PPM Oxygen Sensor provides high levels of accuracy, reliability and linearity throughout its measurement ranges. The oxygen sensor is based on the galvanic electrochemical fuel cell principal and is manufactured in house under a strict quality procedure.\u00a0 The sensors are self contained and minimal maintenance is required \u2013 no need to clean electrodes or add electrolyte.\u00a0 The precision sensors offer excellent performance, accuracy and stability while maximizing the expected life.<\/p>\n<p>The sensor is capable of measuring oxygen from 0.01 parts-per-million up to 25.0%.\u00a0 For maximum life and performance, we recommend to use it when monitoring oxygen from 0.2 ppm to 1000 ppm with an occasional upset or air calibration.<\/p>\n<p>The TO2-2x uses our acetic acid electrolyte.\u00a0 This sensor is designed for optimal performance in acid gas applications such as CO2 and Natural Gas.\u00a0 These sensors are limited on shelf life, we do not recommend storing for over 3 months.<\/p>\n<p>Las diferentes ventajas de rendimiento de los sensores SSO2 pueden atribuirse a peque\u00f1as modificaciones en las dimensiones, las conexiones y el empaquetado. Sin embargo, el principio de funcionamiento y los componentes b\u00e1sicos siguen siendo los mismos.<\/p>","protected":false},"excerpt":{"rendered":"<p>The TO2-2x PPM Oxygen Sensor provides high levels of accuracy, reliability and linearity throughout its measurement ranges. The oxygen sensor is based on the galvanic electrochemical fuel cell principal and is manufactured in house under a strict quality procedure.\u00a0 The sensors are self contained and minimal maintenance is required \u2013 no need to clean electrodes [&hellip;]<\/p>\n","protected":false},"featured_media":2925,"comment_status":"open","ping_status":"closed","template":"","meta":[],"product_brand":[],"product_cat":[23],"product_tag":[],"class_list":{"0":"post-631","1":"product","2":"type-product","3":"status-publish","4":"has-post-thumbnail","6":"product_cat-industrial-oxygen-sensors","8":"first","9":"instock","10":"shipping-taxable","11":"product-type-external"},"yoast_head":"<!-- This site is optimized with the Yoast SEO Premium plugin v27.2 (Yoast SEO v27.2) - https:\/\/yoast.com\/product\/yoast-seo-premium-wordpress\/ -->\n<title>TO2-2x PPM Oxygen Sensor | CO2 Analyzer Use<\/title>\n<meta name=\"description\" content=\"The TO2-2x is a PPM oxygen sensor for CO2 environments. Use it for accurate CO2 analyzer systems and deficient oxygen monitoring.\" \/>\n<meta name=\"robots\" content=\"index, follow, max-snippet:-1, max-image-preview:large, max-video-preview:-1\" \/>\n<link rel=\"canonical\" href=\"https:\/\/sso2.com\/es\/producto\/to2-2x-ppm-oxygen-sensor-for-use-in-co2\/\" \/>\n<meta property=\"og:locale\" content=\"es_ES\" \/>\n<meta property=\"og:type\" content=\"article\" \/>\n<meta property=\"og:title\" content=\"TO2-2x PPM Oxygen Sensor (For use in CO2)\" \/>\n<meta property=\"og:description\" content=\"The TO2-2x is a PPM oxygen sensor for CO2 environments. Use it for accurate CO2 analyzer systems and deficient oxygen monitoring.\" \/>\n<meta property=\"og:url\" content=\"https:\/\/sso2.com\/es\/producto\/to2-2x-ppm-oxygen-sensor-for-use-in-co2\/\" \/>\n<meta property=\"og:site_name\" content=\"Southland Sensing Ltd.\" \/>\n<meta property=\"article:modified_time\" content=\"2025-11-19T13:51:17+00:00\" \/>\n<meta property=\"og:image\" content=\"https:\/\/sso2.com\/wp-content\/uploads\/2019\/04\/to2-2x.jpg\" \/>\n\t<meta property=\"og:image:width\" content=\"1344\" \/>\n\t<meta property=\"og:image:height\" content=\"1098\" \/>\n\t<meta property=\"og:image:type\" content=\"image\/jpeg\" \/>\n<meta name=\"twitter:card\" content=\"summary_large_image\" \/>\n<meta name=\"twitter:label1\" content=\"Price\" \/>\n\t<meta name=\"twitter:data1\" content=\"\" \/>\n\t<meta name=\"twitter:label2\" content=\"Availability\" \/>\n\t<meta name=\"twitter:data2\" content=\"In stock\" \/>\n<script type=\"application\/ld+json\" class=\"yoast-schema-graph\">{\"@context\":\"https:\/\/schema.org\",\"@graph\":[{\"@type\":\"WebPage\",\"@id\":\"https:\/\/sso2.com\/product\/to2-2x-ppm-oxygen-sensor-for-use-in-co2\/\",\"url\":\"https:\/\/sso2.com\/product\/to2-2x-ppm-oxygen-sensor-for-use-in-co2\/\",\"name\":\"TO2-2x PPM Oxygen Sensor | CO2 Analyzer Use\",\"isPartOf\":{\"@id\":\"https:\/\/sso2.com\/#website\"},\"primaryImageOfPage\":{\"@id\":\"https:\/\/sso2.com\/product\/to2-2x-ppm-oxygen-sensor-for-use-in-co2\/#primaryimage\"},\"image\":{\"@id\":\"https:\/\/sso2.com\/product\/to2-2x-ppm-oxygen-sensor-for-use-in-co2\/#primaryimage\"},\"thumbnailUrl\":\"https:\/\/i0.wp.com\/sso2.com\/wp-content\/uploads\/2019\/04\/to2-2x.jpg?fit=1344%2C1098&ssl=1\",\"datePublished\":\"2019-04-10T13:51:46+00:00\",\"dateModified\":\"2025-11-19T13:51:17+00:00\",\"description\":\"The TO2-2x is a PPM oxygen sensor for CO2 environments. Use it for accurate CO2 analyzer systems and deficient oxygen monitoring.\",\"breadcrumb\":{\"@id\":\"https:\/\/sso2.com\/product\/to2-2x-ppm-oxygen-sensor-for-use-in-co2\/#breadcrumb\"},\"inLanguage\":\"es-AR\",\"potentialAction\":[{\"@type\":\"ReadAction\",\"target\":[\"https:\/\/sso2.com\/product\/to2-2x-ppm-oxygen-sensor-for-use-in-co2\/\"]}]},{\"@type\":\"ImageObject\",\"inLanguage\":\"es-AR\",\"@id\":\"https:\/\/sso2.com\/product\/to2-2x-ppm-oxygen-sensor-for-use-in-co2\/#primaryimage\",\"url\":\"https:\/\/i0.wp.com\/sso2.com\/wp-content\/uploads\/2019\/04\/to2-2x.jpg?fit=1344%2C1098&ssl=1\",\"contentUrl\":\"https:\/\/i0.wp.com\/sso2.com\/wp-content\/uploads\/2019\/04\/to2-2x.jpg?fit=1344%2C1098&ssl=1\",\"width\":1344,\"height\":1098},{\"@type\":\"BreadcrumbList\",\"@id\":\"https:\/\/sso2.com\/product\/to2-2x-ppm-oxygen-sensor-for-use-in-co2\/#breadcrumb\",\"itemListElement\":[{\"@type\":\"ListItem\",\"position\":1,\"name\":\"Home\",\"item\":\"https:\/\/sso2.com\/en\/\"},{\"@type\":\"ListItem\",\"position\":2,\"name\":\"Shop\",\"item\":\"https:\/\/sso2.com\/shop\/\"},{\"@type\":\"ListItem\",\"position\":3,\"name\":\"TO2-2x PPM Oxygen Sensor (For use in CO2)\"}]},{\"@type\":\"WebSite\",\"@id\":\"https:\/\/sso2.com\/#website\",\"url\":\"https:\/\/sso2.com\/\",\"name\":\"Southland Sensing Ltd.\",\"description\":\"Industrial &amp; Medical Gas Analyzers Oxygen CO\u2082, &amp; H\u2082 Monitors\",\"publisher\":{\"@id\":\"https:\/\/sso2.com\/#organization\"},\"alternateName\":\"SSO2\",\"potentialAction\":[{\"@type\":\"SearchAction\",\"target\":{\"@type\":\"EntryPoint\",\"urlTemplate\":\"https:\/\/sso2.com\/?s={search_term_string}\"},\"query-input\":{\"@type\":\"PropertyValueSpecification\",\"valueRequired\":true,\"valueName\":\"search_term_string\"}}],\"inLanguage\":\"es-AR\"},{\"@type\":\"Organization\",\"@id\":\"https:\/\/sso2.com\/#organization\",\"name\":\"Southland Sensing Ltd.\",\"alternateName\":\"SSO2\",\"url\":\"https:\/\/sso2.com\/\",\"logo\":{\"@type\":\"ImageObject\",\"inLanguage\":\"es-AR\",\"@id\":\"https:\/\/sso2.com\/#\/schema\/logo\/image\/\",\"url\":\"https:\/\/sso2.com\/wp-content\/uploads\/2025\/10\/sso2_300pixel.webp\",\"contentUrl\":\"https:\/\/sso2.com\/wp-content\/uploads\/2025\/10\/sso2_300pixel.webp\",\"width\":300,\"height\":50,\"caption\":\"Southland Sensing Ltd.\"},\"image\":{\"@id\":\"https:\/\/sso2.com\/#\/schema\/logo\/image\/\"},\"sameAs\":[\"https:\/\/www.linkedin.com\/company\/southland-sensing-ltd\/\"],\"description\":\"Southland Sensing Ltd. brings together superior performance, an improved user experience, and unmatched application expertise to deliver an accurate and reliable measurement solution. That\u2019s why multinationals, small companies and universities alike turn to us again and again.\",\"email\":\"sales@sso2.com\",\"telephone\":\"1-949-398-2879\",\"legalName\":\"Southland Sensing Ltd.\",\"foundingDate\":\"2013-01-01\",\"numberOfEmployees\":{\"@type\":\"QuantitativeValue\",\"minValue\":\"11\",\"maxValue\":\"50\"},\"publishingPrinciples\":\"https:\/\/sso2.com\/contact-us\/\",\"ownershipFundingInfo\":\"https:\/\/sso2.com\/about-us\/\",\"actionableFeedbackPolicy\":\"https:\/\/sso2.com\/contact-us\/\"}]}<\/script>\n<meta property=\"product:price:currency\" content=\"USD\" \/>\n<meta property=\"og:availability\" content=\"instock\" \/>\n<meta property=\"product:availability\" content=\"instock\" \/>\n<meta property=\"product:condition\" content=\"new\" \/>\n<!-- \/ Yoast SEO Premium plugin. -->","yoast_head_json":{"title":"Sensor de ox\u00edgeno TO2-2x PPM | Uso del analizador de CO2","description":"El TO2-2x es un sensor de ox\u00edgeno PPM para entornos de CO2. \u00daselo para sistemas de an\u00e1lisis de CO2 precisos y para la monitorizaci\u00f3n de niveles bajos de ox\u00edgeno.","robots":{"index":"index","follow":"follow","max-snippet":"max-snippet:-1","max-image-preview":"max-image-preview:large","max-video-preview":"max-video-preview:-1"},"canonical":"https:\/\/sso2.com\/es\/producto\/to2-2x-ppm-oxygen-sensor-for-use-in-co2\/","og_locale":"es_ES","og_type":"article","og_title":"TO2-2x PPM Oxygen Sensor (For use in CO2)","og_description":"The TO2-2x is a PPM oxygen sensor for CO2 environments. Use it for accurate CO2 analyzer systems and deficient oxygen monitoring.","og_url":"https:\/\/sso2.com\/es\/producto\/to2-2x-ppm-oxygen-sensor-for-use-in-co2\/","og_site_name":"Southland Sensing Ltd.","article_modified_time":"2025-11-19T13:51:17+00:00","og_image":[{"width":1344,"height":1098,"url":"https:\/\/sso2.com\/wp-content\/uploads\/2019\/04\/to2-2x.jpg","type":"image\/jpeg"}],"twitter_card":"summary_large_image","twitter_misc":{"Price":"","Availability":"In stock"},"schema":{"@context":"https:\/\/schema.org","@graph":[{"@type":"WebPage","@id":"https:\/\/sso2.com\/product\/to2-2x-ppm-oxygen-sensor-for-use-in-co2\/","url":"https:\/\/sso2.com\/product\/to2-2x-ppm-oxygen-sensor-for-use-in-co2\/","name":"Sensor de ox\u00edgeno TO2-2x PPM | Uso del analizador de CO2","isPartOf":{"@id":"https:\/\/sso2.com\/#website"},"primaryImageOfPage":{"@id":"https:\/\/sso2.com\/product\/to2-2x-ppm-oxygen-sensor-for-use-in-co2\/#primaryimage"},"image":{"@id":"https:\/\/sso2.com\/product\/to2-2x-ppm-oxygen-sensor-for-use-in-co2\/#primaryimage"},"thumbnailUrl":"https:\/\/i0.wp.com\/sso2.com\/wp-content\/uploads\/2019\/04\/to2-2x.jpg?fit=1344%2C1098&ssl=1","datePublished":"2019-04-10T13:51:46+00:00","dateModified":"2025-11-19T13:51:17+00:00","description":"El TO2-2x es un sensor de ox\u00edgeno PPM para entornos de CO2. \u00daselo para sistemas de an\u00e1lisis de CO2 precisos y para la monitorizaci\u00f3n de niveles bajos de ox\u00edgeno.","breadcrumb":{"@id":"https:\/\/sso2.com\/product\/to2-2x-ppm-oxygen-sensor-for-use-in-co2\/#breadcrumb"},"inLanguage":"es-AR","potentialAction":[{"@type":"ReadAction","target":["https:\/\/sso2.com\/product\/to2-2x-ppm-oxygen-sensor-for-use-in-co2\/"]}]},{"@type":"ImageObject","inLanguage":"es-AR","@id":"https:\/\/sso2.com\/product\/to2-2x-ppm-oxygen-sensor-for-use-in-co2\/#primaryimage","url":"https:\/\/i0.wp.com\/sso2.com\/wp-content\/uploads\/2019\/04\/to2-2x.jpg?fit=1344%2C1098&ssl=1","contentUrl":"https:\/\/i0.wp.com\/sso2.com\/wp-content\/uploads\/2019\/04\/to2-2x.jpg?fit=1344%2C1098&ssl=1","width":1344,"height":1098},{"@type":"BreadcrumbList","@id":"https:\/\/sso2.com\/product\/to2-2x-ppm-oxygen-sensor-for-use-in-co2\/#breadcrumb","itemListElement":[{"@type":"ListItem","position":1,"name":"Home","item":"https:\/\/sso2.com\/en\/"},{"@type":"ListItem","position":2,"name":"Shop","item":"https:\/\/sso2.com\/shop\/"},{"@type":"ListItem","position":3,"name":"TO2-2x PPM Oxygen Sensor (For use in CO2)"}]},{"@type":"WebSite","@id":"https:\/\/sso2.com\/#website","url":"https:\/\/sso2.com\/","name":"Southland Sensing Ltd.","description":"Industrial &amp; Medical Gas Analyzers Oxygen CO\u2082, &amp; H\u2082 Monitors","publisher":{"@id":"https:\/\/sso2.com\/#organization"},"alternateName":"SSO2","potentialAction":[{"@type":"SearchAction","target":{"@type":"EntryPoint","urlTemplate":"https:\/\/sso2.com\/?s={search_term_string}"},"query-input":{"@type":"PropertyValueSpecification","valueRequired":true,"valueName":"search_term_string"}}],"inLanguage":"es-AR"},{"@type":"Organization","@id":"https:\/\/sso2.com\/#organization","name":"Southland Sensing Ltd.","alternateName":"SSO2","url":"https:\/\/sso2.com\/","logo":{"@type":"ImageObject","inLanguage":"es-AR","@id":"https:\/\/sso2.com\/#\/schema\/logo\/image\/","url":"https:\/\/sso2.com\/wp-content\/uploads\/2025\/10\/sso2_300pixel.webp","contentUrl":"https:\/\/sso2.com\/wp-content\/uploads\/2025\/10\/sso2_300pixel.webp","width":300,"height":50,"caption":"Southland Sensing Ltd."},"image":{"@id":"https:\/\/sso2.com\/#\/schema\/logo\/image\/"},"sameAs":["https:\/\/www.linkedin.com\/company\/southland-sensing-ltd\/"],"description":"Southland Sensing Ltd. brings together superior performance, an improved user experience, and unmatched application expertise to deliver an accurate and reliable measurement solution. That\u2019s why multinationals, small companies and universities alike turn to us again and again.","email":"sales@sso2.com","telephone":"1-949-398-2879","legalName":"Southland Sensing Ltd.","foundingDate":"2013-01-01","numberOfEmployees":{"@type":"QuantitativeValue","minValue":"11","maxValue":"50"},"publishingPrinciples":"https:\/\/sso2.com\/contact-us\/","ownershipFundingInfo":"https:\/\/sso2.com\/about-us\/","actionableFeedbackPolicy":"https:\/\/sso2.com\/contact-us\/"}]},"product_price_currency":"USD","og_availability":"instock","product_availability":"instock","product_condition":"new"},"jetpack_sharing_enabled":true,"_links":{"self":[{"href":"https:\/\/sso2.com\/es\/wp-json\/wp\/v2\/product\/631","targetHints":{"allow":["GET"]}}],"collection":[{"href":"https:\/\/sso2.com\/es\/wp-json\/wp\/v2\/product"}],"about":[{"href":"https:\/\/sso2.com\/es\/wp-json\/wp\/v2\/types\/product"}],"replies":[{"embeddable":true,"href":"https:\/\/sso2.com\/es\/wp-json\/wp\/v2\/comments?post=631"}],"wp:featuredmedia":[{"embeddable":true,"href":"https:\/\/sso2.com\/es\/wp-json\/wp\/v2\/media\/2925"}],"wp:attachment":[{"href":"https:\/\/sso2.com\/es\/wp-json\/wp\/v2\/media?parent=631"}],"wp:term":[{"taxonomy":"product_brand","embeddable":true,"href":"https:\/\/sso2.com\/es\/wp-json\/wp\/v2\/product_brand?post=631"},{"taxonomy":"product_cat","embeddable":true,"href":"https:\/\/sso2.com\/es\/wp-json\/wp\/v2\/product_cat?post=631"},{"taxonomy":"product_tag","embeddable":true,"href":"https:\/\/sso2.com\/es\/wp-json\/wp\/v2\/product_tag?post=631"}],"curies":[{"name":"wp","href":"https:\/\/api.w.org\/{rel}","templated":true}]}}