{"id":3410,"date":"2025-03-27T19:59:28","date_gmt":"2025-03-27T19:59:28","guid":{"rendered":"https:\/\/sso2.com\/?post_type=product&#038;p=3410"},"modified":"2026-04-08T05:42:19","modified_gmt":"2026-04-08T05:42:19","slug":"omd-560","status":"publish","type":"product","link":"https:\/\/sso2.com\/es\/product\/omd-560\/","title":{"rendered":"OMD-560 Portable Trace Oxygen Analyzer"},"content":{"rendered":"<p>The OMD-560 Portable trace oxygen analyzer combine a rugged anodized aluminum enclosure and an advanced set of electronic features including a smart MENU interface with our industry leading precision electrochemical oxygen sensor technology.\u00a0 The result is a highly reliable and cost effective design with easy-to-use user interface.<\/p>\n<ul>\n<li>Carcasa: aluminio anodizado; port\u00e1til<\/li>\n<li>Ranges: 0 &#8211; 10\/100\/1000\/10000 PPM &amp; 0 &#8211; 25%<\/li>\n<li>Sample System: None; Quick Disconnect Fittings<\/li>\n<li>Resolution: 0.01 PPM<\/li>\n<li>Alimentaci\u00f3n de entrada: 100-240 VCA con enchufe internacional<\/li>\n<li>Salida anal\u00f3gica: 0 \u2013 1 V CC<\/li>\n<li>Registro de datos: unidad flash USB extra\u00edble<\/li>\n<\/ul>\n<p>La interfaz MEN\u00da inteligente integrada permite al usuario configurar completamente el analizador a trav\u00e9s del sistema MEN\u00da incorporado. No es necesario utilizar una computadora port\u00e1til u otro dispositivo de control complicado para configurar el analizador en el campo. Otra caracter\u00edstica destacada del avanzado conjunto de componentes electr\u00f3nicos es la salida USB para el registro de datos. El registro de datos se puede realizar mediante una unidad flash USB extra\u00edble y los datos se pueden tomar en intervalos de 1 minuto. Una unidad flash de 8 GB puede almacenar datos durante m\u00e1s de 50 a\u00f1os.<\/p>\n<p>The OMD-560 trace analyzer comes with a built-in isolation quick disconnect fittings.<\/p>\n<p>La c\u00e9lula est\u00e1ndar (TO2-133) no se ve afectada por otros gases de fondo como el hidr\u00f3geno, el helio o los hidrocarburos. La c\u00e9lula \u00e1cida opcional (TO2-233) funciona bien cuando hay gases \u00e1cidos como el CO2 o el gas natural.  Todos los sensores de ox\u00edgeno son fabricados internamente por Southland Sensing Ltd. bajo un estricto sistema de calidad ISO9001:2015 \/ ISO13485:2016.<\/p>\n<p>Los sensores son aut\u00f3nomos y requieren un mantenimiento m\u00ednimo: no es necesario limpiar los electrodos ni a\u00f1adir electrolito.<\/p>","protected":false},"excerpt":{"rendered":"<p>The OMD-560 Portable trace oxygen analyzer combine a rugged anodized aluminum enclosure and an advanced set of electronic features including a smart MENU interface with our industry leading precision electrochemical oxygen sensor technology.\u00a0 The result is a highly reliable and cost effective design with easy-to-use user interface. Enclosure: Anodized Aluminum; Portable Ranges: 0 &#8211; 10\/100\/1000\/10000 [&hellip;]<\/p>\n","protected":false},"featured_media":3411,"comment_status":"open","ping_status":"closed","template":"","meta":[],"product_brand":[],"product_cat":[26],"product_tag":[],"class_list":{"0":"post-3410","1":"product","2":"type-product","3":"status-publish","4":"has-post-thumbnail","6":"product_cat-industrial-oxygen-analyzers","8":"first","9":"instock","10":"shipping-taxable","11":"product-type-external"},"yoast_head":"<!-- This site is optimized with the Yoast SEO Premium plugin v27.4 (Yoast SEO v27.4) - https:\/\/yoast.com\/product\/yoast-seo-premium-wordpress\/ -->\n<title>OMD-560 Portable Trace Oxygen Analyzer for Precision<\/title>\n<meta name=\"description\" content=\"The OMD-560 Portable Trace Oxygen Analyzer delivers fast, accurate low-level oxygen measurement for industrial, lab, and safety monitoring applications.\" \/>\n<meta name=\"robots\" content=\"index, follow, max-snippet:-1, max-image-preview:large, max-video-preview:-1\" \/>\n<link rel=\"canonical\" href=\"https:\/\/sso2.com\/es\/producto\/omd-560\/\" \/>\n<meta property=\"og:locale\" content=\"es_ES\" \/>\n<meta property=\"og:type\" content=\"article\" \/>\n<meta property=\"og:title\" content=\"OMD-560 Portable Trace Oxygen Analyzer\" \/>\n<meta property=\"og:description\" content=\"The OMD-560 Portable Trace Oxygen Analyzer delivers fast, accurate low-level oxygen measurement for industrial, lab, and safety monitoring applications.\" \/>\n<meta property=\"og:url\" content=\"https:\/\/sso2.com\/es\/producto\/omd-560\/\" \/>\n<meta property=\"og:site_name\" content=\"Southland Sensing Ltd.\" \/>\n<meta property=\"article:modified_time\" content=\"2026-04-08T05:42:19+00:00\" \/>\n<meta property=\"og:image\" content=\"https:\/\/sso2.com\/wp-content\/uploads\/2025\/03\/omd-560-621x1024.png\" \/>\n\t<meta property=\"og:image:width\" content=\"621\" \/>\n\t<meta property=\"og:image:height\" content=\"1024\" \/>\n\t<meta property=\"og:image:type\" content=\"image\/png\" \/>\n<meta name=\"twitter:card\" content=\"summary_large_image\" \/>\n<meta name=\"twitter:label1\" content=\"Price\" \/>\n\t<meta name=\"twitter:data1\" content=\"\" \/>\n\t<meta name=\"twitter:label2\" content=\"Availability\" \/>\n\t<meta name=\"twitter:data2\" content=\"In stock\" \/>\n<script type=\"application\/ld+json\" class=\"yoast-schema-graph\">{\"@context\":\"https:\\\/\\\/schema.org\",\"@graph\":[{\"@type\":\"WebPage\",\"@id\":\"https:\\\/\\\/sso2.com\\\/product\\\/omd-560\\\/\",\"url\":\"https:\\\/\\\/sso2.com\\\/product\\\/omd-560\\\/\",\"name\":\"OMD-560 Portable Trace Oxygen Analyzer for Precision\",\"isPartOf\":{\"@id\":\"https:\\\/\\\/sso2.com\\\/#website\"},\"primaryImageOfPage\":{\"@id\":\"https:\\\/\\\/sso2.com\\\/product\\\/omd-560\\\/#primaryimage\"},\"image\":{\"@id\":\"https:\\\/\\\/sso2.com\\\/product\\\/omd-560\\\/#primaryimage\"},\"thumbnailUrl\":\"https:\\\/\\\/i0.wp.com\\\/sso2.com\\\/wp-content\\\/uploads\\\/2025\\\/03\\\/omd-560.png?fit=2316%2C3816&ssl=1\",\"datePublished\":\"2025-03-27T19:59:28+00:00\",\"dateModified\":\"2026-04-08T05:42:19+00:00\",\"description\":\"The OMD-560 Portable Trace Oxygen Analyzer delivers fast, accurate low-level oxygen measurement for industrial, lab, and safety monitoring applications.\",\"breadcrumb\":{\"@id\":\"https:\\\/\\\/sso2.com\\\/product\\\/omd-560\\\/#breadcrumb\"},\"inLanguage\":\"es-AR\",\"potentialAction\":[{\"@type\":\"ReadAction\",\"target\":[\"https:\\\/\\\/sso2.com\\\/product\\\/omd-560\\\/\"]}]},{\"@type\":\"ImageObject\",\"inLanguage\":\"es-AR\",\"@id\":\"https:\\\/\\\/sso2.com\\\/product\\\/omd-560\\\/#primaryimage\",\"url\":\"https:\\\/\\\/i0.wp.com\\\/sso2.com\\\/wp-content\\\/uploads\\\/2025\\\/03\\\/omd-560.png?fit=2316%2C3816&ssl=1\",\"contentUrl\":\"https:\\\/\\\/i0.wp.com\\\/sso2.com\\\/wp-content\\\/uploads\\\/2025\\\/03\\\/omd-560.png?fit=2316%2C3816&ssl=1\",\"width\":2316,\"height\":3816},{\"@type\":\"BreadcrumbList\",\"@id\":\"https:\\\/\\\/sso2.com\\\/product\\\/omd-560\\\/#breadcrumb\",\"itemListElement\":[{\"@type\":\"ListItem\",\"position\":1,\"name\":\"Home\",\"item\":\"https:\\\/\\\/sso2.com\\\/en\\\/\"},{\"@type\":\"ListItem\",\"position\":2,\"name\":\"Shop\",\"item\":\"https:\\\/\\\/sso2.com\\\/shop\\\/\"},{\"@type\":\"ListItem\",\"position\":3,\"name\":\"OMD-560 Portable Trace Oxygen Analyzer\"}]},{\"@type\":\"WebSite\",\"@id\":\"https:\\\/\\\/sso2.com\\\/#website\",\"url\":\"https:\\\/\\\/sso2.com\\\/\",\"name\":\"Southland Sensing Ltd.\",\"description\":\"Industrial &amp; Medical Gas Analyzers Oxygen CO\u2082, &amp; H\u2082 Monitors\",\"publisher\":{\"@id\":\"https:\\\/\\\/sso2.com\\\/#organization\"},\"alternateName\":\"SSO2\",\"potentialAction\":[{\"@type\":\"SearchAction\",\"target\":{\"@type\":\"EntryPoint\",\"urlTemplate\":\"https:\\\/\\\/sso2.com\\\/?s={search_term_string}\"},\"query-input\":{\"@type\":\"PropertyValueSpecification\",\"valueRequired\":true,\"valueName\":\"search_term_string\"}}],\"inLanguage\":\"es-AR\"},{\"@type\":\"Organization\",\"@id\":\"https:\\\/\\\/sso2.com\\\/#organization\",\"name\":\"Southland Sensing Ltd.\",\"alternateName\":\"SSO2\",\"url\":\"https:\\\/\\\/sso2.com\\\/\",\"logo\":{\"@type\":\"ImageObject\",\"inLanguage\":\"es-AR\",\"@id\":\"https:\\\/\\\/sso2.com\\\/#\\\/schema\\\/logo\\\/image\\\/\",\"url\":\"https:\\\/\\\/sso2.com\\\/wp-content\\\/uploads\\\/2025\\\/10\\\/sso2_300pixel.webp\",\"contentUrl\":\"https:\\\/\\\/sso2.com\\\/wp-content\\\/uploads\\\/2025\\\/10\\\/sso2_300pixel.webp\",\"width\":300,\"height\":50,\"caption\":\"Southland Sensing Ltd.\"},\"image\":{\"@id\":\"https:\\\/\\\/sso2.com\\\/#\\\/schema\\\/logo\\\/image\\\/\"},\"sameAs\":[\"https:\\\/\\\/www.linkedin.com\\\/company\\\/southland-sensing-ltd\\\/\"],\"description\":\"Southland Sensing Ltd. brings together superior performance, an improved user experience, and unmatched application expertise to deliver an accurate and reliable measurement solution. That\u2019s why multinationals, small companies and universities alike turn to us again and again.\",\"email\":\"sales@sso2.com\",\"telephone\":\"1-949-398-2879\",\"legalName\":\"Southland Sensing Ltd.\",\"foundingDate\":\"2013-01-01\",\"numberOfEmployees\":{\"@type\":\"QuantitativeValue\",\"minValue\":\"11\",\"maxValue\":\"50\"},\"publishingPrinciples\":\"https:\\\/\\\/sso2.com\\\/contact-us\\\/\",\"ownershipFundingInfo\":\"https:\\\/\\\/sso2.com\\\/about-us\\\/\",\"actionableFeedbackPolicy\":\"https:\\\/\\\/sso2.com\\\/contact-us\\\/\"}]}<\/script>\n<meta property=\"product:price:currency\" content=\"USD\" \/>\n<meta property=\"og:availability\" content=\"instock\" \/>\n<meta property=\"product:availability\" content=\"instock\" \/>\n<meta property=\"product:condition\" content=\"new\" \/>\n<!-- \/ Yoast SEO Premium plugin. -->","yoast_head_json":{"title":"Analizador port\u00e1til de trazas de ox\u00edgeno OMD-560, CE","description":"El analizador de ox\u00edgeno traza port\u00e1til OMD-580 ofrece una medici\u00f3n de ox\u00edgeno precisa, r\u00e1pida y confiable para aplicaciones industriales, de laboratorio y de monitoreo de seguridad.","robots":{"index":"index","follow":"follow","max-snippet":"max-snippet:-1","max-image-preview":"max-image-preview:large","max-video-preview":"max-video-preview:-1"},"canonical":"https:\/\/sso2.com\/es\/producto\/omd-560\/","og_locale":"es_ES","og_type":"article","og_title":"OMD-560 Portable Trace Oxygen Analyzer","og_description":"The OMD-560 Portable Trace Oxygen Analyzer delivers fast, accurate low-level oxygen measurement for industrial, lab, and safety monitoring applications.","og_url":"https:\/\/sso2.com\/es\/producto\/omd-560\/","og_site_name":"Southland Sensing Ltd.","article_modified_time":"2026-04-08T05:42:19+00:00","og_image":[{"width":621,"height":1024,"url":"https:\/\/sso2.com\/wp-content\/uploads\/2025\/03\/omd-560-621x1024.png","type":"image\/png"}],"twitter_card":"summary_large_image","twitter_misc":{"Price":"","Availability":"In stock"},"schema":{"@context":"https:\/\/schema.org","@graph":[{"@type":"WebPage","@id":"https:\/\/sso2.com\/product\/omd-560\/","url":"https:\/\/sso2.com\/product\/omd-560\/","name":"Analizador port\u00e1til de trazas de ox\u00edgeno OMD-560, CE","isPartOf":{"@id":"https:\/\/sso2.com\/#website"},"primaryImageOfPage":{"@id":"https:\/\/sso2.com\/product\/omd-560\/#primaryimage"},"image":{"@id":"https:\/\/sso2.com\/product\/omd-560\/#primaryimage"},"thumbnailUrl":"https:\/\/i0.wp.com\/sso2.com\/wp-content\/uploads\/2025\/03\/omd-560.png?fit=2316%2C3816&ssl=1","datePublished":"2025-03-27T19:59:28+00:00","dateModified":"2026-04-08T05:42:19+00:00","description":"El analizador de ox\u00edgeno traza port\u00e1til OMD-580 ofrece una medici\u00f3n de ox\u00edgeno precisa, r\u00e1pida y confiable para aplicaciones industriales, de laboratorio y de monitoreo de seguridad.","breadcrumb":{"@id":"https:\/\/sso2.com\/product\/omd-560\/#breadcrumb"},"inLanguage":"es-AR","potentialAction":[{"@type":"ReadAction","target":["https:\/\/sso2.com\/product\/omd-560\/"]}]},{"@type":"ImageObject","inLanguage":"es-AR","@id":"https:\/\/sso2.com\/product\/omd-560\/#primaryimage","url":"https:\/\/i0.wp.com\/sso2.com\/wp-content\/uploads\/2025\/03\/omd-560.png?fit=2316%2C3816&ssl=1","contentUrl":"https:\/\/i0.wp.com\/sso2.com\/wp-content\/uploads\/2025\/03\/omd-560.png?fit=2316%2C3816&ssl=1","width":2316,"height":3816},{"@type":"BreadcrumbList","@id":"https:\/\/sso2.com\/product\/omd-560\/#breadcrumb","itemListElement":[{"@type":"ListItem","position":1,"name":"Home","item":"https:\/\/sso2.com\/en\/"},{"@type":"ListItem","position":2,"name":"Shop","item":"https:\/\/sso2.com\/shop\/"},{"@type":"ListItem","position":3,"name":"OMD-560 Portable Trace Oxygen Analyzer"}]},{"@type":"WebSite","@id":"https:\/\/sso2.com\/#website","url":"https:\/\/sso2.com\/","name":"Southland Sensing Ltd.","description":"Industrial &amp; Medical Gas Analyzers Oxygen CO\u2082, &amp; H\u2082 Monitors","publisher":{"@id":"https:\/\/sso2.com\/#organization"},"alternateName":"SSO2","potentialAction":[{"@type":"SearchAction","target":{"@type":"EntryPoint","urlTemplate":"https:\/\/sso2.com\/?s={search_term_string}"},"query-input":{"@type":"PropertyValueSpecification","valueRequired":true,"valueName":"search_term_string"}}],"inLanguage":"es-AR"},{"@type":"Organization","@id":"https:\/\/sso2.com\/#organization","name":"Southland Sensing Ltd.","alternateName":"SSO2","url":"https:\/\/sso2.com\/","logo":{"@type":"ImageObject","inLanguage":"es-AR","@id":"https:\/\/sso2.com\/#\/schema\/logo\/image\/","url":"https:\/\/sso2.com\/wp-content\/uploads\/2025\/10\/sso2_300pixel.webp","contentUrl":"https:\/\/sso2.com\/wp-content\/uploads\/2025\/10\/sso2_300pixel.webp","width":300,"height":50,"caption":"Southland Sensing Ltd."},"image":{"@id":"https:\/\/sso2.com\/#\/schema\/logo\/image\/"},"sameAs":["https:\/\/www.linkedin.com\/company\/southland-sensing-ltd\/"],"description":"Southland Sensing Ltd. brings together superior performance, an improved user experience, and unmatched application expertise to deliver an accurate and reliable measurement solution. That\u2019s why multinationals, small companies and universities alike turn to us again and again.","email":"sales@sso2.com","telephone":"1-949-398-2879","legalName":"Southland Sensing Ltd.","foundingDate":"2013-01-01","numberOfEmployees":{"@type":"QuantitativeValue","minValue":"11","maxValue":"50"},"publishingPrinciples":"https:\/\/sso2.com\/contact-us\/","ownershipFundingInfo":"https:\/\/sso2.com\/about-us\/","actionableFeedbackPolicy":"https:\/\/sso2.com\/contact-us\/"}]},"product_price_currency":"USD","og_availability":"instock","product_availability":"instock","product_condition":"new"},"jetpack_sharing_enabled":true,"_links":{"self":[{"href":"https:\/\/sso2.com\/es\/wp-json\/wp\/v2\/product\/3410","targetHints":{"allow":["GET"]}}],"collection":[{"href":"https:\/\/sso2.com\/es\/wp-json\/wp\/v2\/product"}],"about":[{"href":"https:\/\/sso2.com\/es\/wp-json\/wp\/v2\/types\/product"}],"replies":[{"embeddable":true,"href":"https:\/\/sso2.com\/es\/wp-json\/wp\/v2\/comments?post=3410"}],"wp:featuredmedia":[{"embeddable":true,"href":"https:\/\/sso2.com\/es\/wp-json\/wp\/v2\/media\/3411"}],"wp:attachment":[{"href":"https:\/\/sso2.com\/es\/wp-json\/wp\/v2\/media?parent=3410"}],"wp:term":[{"taxonomy":"product_brand","embeddable":true,"href":"https:\/\/sso2.com\/es\/wp-json\/wp\/v2\/product_brand?post=3410"},{"taxonomy":"product_cat","embeddable":true,"href":"https:\/\/sso2.com\/es\/wp-json\/wp\/v2\/product_cat?post=3410"},{"taxonomy":"product_tag","embeddable":true,"href":"https:\/\/sso2.com\/es\/wp-json\/wp\/v2\/product_tag?post=3410"}],"curies":[{"name":"wp","href":"https:\/\/api.w.org\/{rel}","templated":true}]}}