{"id":80,"date":"2015-12-04T10:15:14","date_gmt":"2015-12-04T10:15:14","guid":{"rendered":"http:\/\/demos.artbees.net\/jupiter5\/factory\/?page_id=80"},"modified":"2025-12-19T17:43:42","modified_gmt":"2025-12-19T17:43:42","slug":"about-us","status":"publish","type":"page","link":"https:\/\/sso2.com\/es\/about-us\/","title":{"rendered":"Sobre nosotros"},"content":{"rendered":"<div data-elementor-type=\"wp-page\" data-elementor-id=\"80\" class=\"elementor elementor-80\" data-elementor-post-type=\"page\">\n\t\t\t\t\t\t<section class=\"elementor-section elementor-top-section elementor-element elementor-element-bf2a122 elementor-section-items-stretch elementor-section-height-min-height elementor-section-boxed elementor-section-height-default\" data-id=\"bf2a122\" data-element_type=\"section\" data-e-type=\"section\" data-settings=\"{&quot;background_background&quot;:&quot;classic&quot;}\">\n\t\t\t\t\t\t<div class=\"elementor-container elementor-column-gap-no\">\n\t\t\t\t\t<div class=\"elementor-column elementor-col-50 elementor-top-column elementor-element elementor-element-3bfd0024\" data-id=\"3bfd0024\" data-element_type=\"column\" data-e-type=\"column\">\n\t\t\t<div class=\"elementor-widget-wrap elementor-element-populated\">\n\t\t\t\t\t\t<section class=\"elementor-section elementor-inner-section elementor-element elementor-element-1869f66d elementor-section-boxed elementor-section-height-default elementor-section-height-default\" data-id=\"1869f66d\" data-element_type=\"section\" data-e-type=\"section\">\n\t\t\t\t\t\t<div class=\"elementor-container elementor-column-gap-no\">\n\t\t\t\t\t<div class=\"elementor-column elementor-col-100 elementor-inner-column elementor-element elementor-element-542a44da\" data-id=\"542a44da\" data-element_type=\"column\" data-e-type=\"column\">\n\t\t\t<div class=\"elementor-widget-wrap elementor-element-populated\">\n\t\t\t\t\t\t<div class=\"elementor-element elementor-element-7900f551 elementor-widget__width-auto elementor-widget elementor-widget-heading\" data-id=\"7900f551\" data-element_type=\"widget\" data-e-type=\"widget\" data-widget_type=\"heading.default\">\n\t\t\t\t<div class=\"elementor-widget-container\">\n\t\t\t\t\t<div class=\"elementor-heading-title elementor-size-default\"><a href=\"https:\/\/sso2.com\/es\/\">Inicio<\/a><\/div>\t\t\t\t<\/div>\n\t\t\t\t<\/div>\n\t\t\t\t<div class=\"elementor-element elementor-element-725ccf9b elementor-widget__width-initial elementor-view-default elementor-widget elementor-widget-icon\" data-id=\"725ccf9b\" data-element_type=\"widget\" data-e-type=\"widget\" data-widget_type=\"icon.default\">\n\t\t\t\t<div class=\"elementor-widget-container\">\n\t\t\t\t\t\t\t<div class=\"elementor-icon-wrapper\">\n\t\t\t<div class=\"elementor-icon\">\n\t\t\t<svg aria-hidden=\"true\" class=\"e-font-icon-svg e-fas-slash\" viewbox=\"0 0 640 512\" xmlns=\"http:\/\/www.w3.org\/2000\/svg\"><path d=\"M594.53 508.63L6.18 53.9c-6.97-5.42-8.23-15.47-2.81-22.45L23.01 6.18C28.43-.8 38.49-2.06 45.47 3.37L633.82 458.1c6.97 5.42 8.23 15.47 2.81 22.45l-19.64 25.27c-5.42 6.98-15.48 8.23-22.46 2.81z\"><\/path><\/svg>\t\t\t<\/div>\n\t\t<\/div>\n\t\t\t\t\t\t<\/div>\n\t\t\t\t<\/div>\n\t\t\t\t<div class=\"elementor-element elementor-element-62ae1647 elementor-widget__width-auto elementor-widget elementor-widget-heading\" data-id=\"62ae1647\" data-element_type=\"widget\" data-e-type=\"widget\" data-widget_type=\"heading.default\">\n\t\t\t\t<div class=\"elementor-widget-container\">\n\t\t\t\t\t<div class=\"elementor-heading-title elementor-size-default\"><a href=\"#\">Sobre nosotros<\/a><\/div>\t\t\t\t<\/div>\n\t\t\t\t<\/div>\n\t\t\t\t\t<\/div>\n\t\t<\/div>\n\t\t\t\t\t<\/div>\n\t\t<\/section>\n\t\t\t\t<section class=\"elementor-section elementor-inner-section elementor-element elementor-element-3c63b770 elementor-reverse-tablet elementor-reverse-mobile elementor-section-boxed elementor-section-height-default elementor-section-height-default\" data-id=\"3c63b770\" data-element_type=\"section\" data-e-type=\"section\">\n\t\t\t\t\t\t<div class=\"elementor-container elementor-column-gap-no\">\n\t\t\t\t\t<div class=\"elementor-column elementor-col-100 elementor-inner-column elementor-element elementor-element-71ccff7b\" data-id=\"71ccff7b\" data-element_type=\"column\" data-e-type=\"column\">\n\t\t\t<div class=\"elementor-widget-wrap elementor-element-populated\">\n\t\t\t\t\t\t<div class=\"elementor-element elementor-element-34b08e37 elementor-widget elementor-widget-heading\" data-id=\"34b08e37\" data-element_type=\"widget\" data-e-type=\"widget\" data-widget_type=\"heading.default\">\n\t\t\t\t<div class=\"elementor-widget-container\">\n\t\t\t\t\t<h1 class=\"elementor-heading-title elementor-size-default\">Sobre nosotros<\/h1>\t\t\t\t<\/div>\n\t\t\t\t<\/div>\n\t\t\t\t\t<\/div>\n\t\t<\/div>\n\t\t\t\t\t<\/div>\n\t\t<\/section>\n\t\t\t\t\t<\/div>\n\t\t<\/div>\n\t\t\t\t<div class=\"elementor-column elementor-col-50 elementor-top-column elementor-element elementor-element-1b162610\" data-id=\"1b162610\" data-element_type=\"column\" data-e-type=\"column\">\n\t\t\t<div class=\"elementor-widget-wrap elementor-element-populated\">\n\t\t\t\t\t\t<div class=\"elementor-element elementor-element-73b63caf animated-fast elementor-invisible elementor-widget elementor-widget-image\" data-id=\"73b63caf\" data-element_type=\"widget\" data-e-type=\"widget\" data-settings=\"{&quot;_animation&quot;:&quot;fadeInLeft&quot;,&quot;_animation_mobile&quot;:&quot;none&quot;}\" data-widget_type=\"image.default\">\n\t\t\t\t<div class=\"elementor-widget-container\">\n\t\t\t\t\t\t\t\t\t\t\t\t\t\t\t<img decoding=\"async\" width=\"1140\" height=\"630\" src=\"https:\/\/i0.wp.com\/sso2.com\/wp-content\/uploads\/2014\/08\/portolio-001.jpg?fit=1140%2C630&amp;ssl=1\" class=\"attachment-full size-full wp-image-294\" alt=\"\" srcset=\"https:\/\/i0.wp.com\/sso2.com\/wp-content\/uploads\/2014\/08\/portolio-001.jpg?w=1140&amp;ssl=1 1140w, https:\/\/i0.wp.com\/sso2.com\/wp-content\/uploads\/2014\/08\/portolio-001.jpg?resize=600%2C332&amp;ssl=1 600w, https:\/\/i0.wp.com\/sso2.com\/wp-content\/uploads\/2014\/08\/portolio-001.jpg?resize=300%2C166&amp;ssl=1 300w, https:\/\/i0.wp.com\/sso2.com\/wp-content\/uploads\/2014\/08\/portolio-001.jpg?resize=768%2C424&amp;ssl=1 768w, https:\/\/i0.wp.com\/sso2.com\/wp-content\/uploads\/2014\/08\/portolio-001.jpg?resize=1024%2C566&amp;ssl=1 1024w\" sizes=\"(max-width: 800px) 100vw, 800px\" \/>\t\t\t\t\t\t\t\t\t\t\t\t\t\t\t<\/div>\n\t\t\t\t<\/div>\n\t\t\t\t\t<\/div>\n\t\t<\/div>\n\t\t\t\t\t<\/div>\n\t\t<\/section>\n\t\t<div class=\"elementor-element elementor-element-1858b244 e-flex e-con-boxed e-con e-parent\" data-id=\"1858b244\" data-element_type=\"container\" data-e-type=\"container\">\n\t\t\t\t\t<div class=\"e-con-inner\">\n\t\t\t\t<div class=\"elementor-element elementor-element-2909a5b elementor-widget elementor-widget-heading\" data-id=\"2909a5b\" data-element_type=\"widget\" data-e-type=\"widget\" data-widget_type=\"heading.default\">\n\t\t\t\t<div class=\"elementor-widget-container\">\n\t\t\t\t\t<h2 class=\"elementor-heading-title elementor-size-default\">Qui\u00e9nes somos<\/h2>\t\t\t\t<\/div>\n\t\t\t\t<\/div>\n\t\t\t\t<div class=\"elementor-element elementor-element-588c51b9 elementor-widget elementor-widget-text-editor\" data-id=\"588c51b9\" data-element_type=\"widget\" data-e-type=\"widget\" data-widget_type=\"text-editor.default\">\n\t\t\t\t<div class=\"elementor-widget-container\">\n\t\t\t\t\t\t\t\t\t<p style=\"text-align: left;\">En <strong data-start=\"851\" data-end=\"859\">SSO\u2082<\/strong>Somos especialistas en el desarrollo de tecnolog\u00eda avanzada para el monitoreo de ox\u00edgeno, di\u00f3xido de carbono y sulfuro de hidr\u00f3geno. Fundados con la visi\u00f3n de crear entornos m\u00e1s seguros y procesos de fabricaci\u00f3n m\u00e1s eficientes, ofrecemos alta precisi\u00f3n. <strong data-start=\"1041\" data-end=\"1059\">sensores de ox\u00edgeno<\/strong>, <strong data-start=\"1061\" data-end=\"1077\">O\u2082 analyzers<\/strong>, <strong data-start=\"1061\" data-end=\"1077\">CO\u2082 analyzers<\/strong>, <strong data-start=\"1061\" data-end=\"1077\">H\u2082S analyzers<\/strong>y soluciones de seguridad integrales para una amplia gama de industrias, desde plantas qu\u00edmicas y campos de gas natural hasta fabricaci\u00f3n de semiconductores e investigaci\u00f3n de invernaderos.<\/p>\t\t\t\t\t\t\t\t<\/div>\n\t\t\t\t<\/div>\n\t\t\t\t\t<\/div>\n\t\t\t\t<\/div>\n\t\t<div class=\"elementor-element elementor-element-564854c e-flex e-con-boxed e-con e-parent\" data-id=\"564854c\" data-element_type=\"container\" data-e-type=\"container\">\n\t\t\t\t\t<div class=\"e-con-inner\">\n\t\t\t\t<div class=\"elementor-element elementor-element-a7c2458 elementor-widget elementor-widget-text-editor\" data-id=\"a7c2458\" data-element_type=\"widget\" data-e-type=\"widget\" data-widget_type=\"text-editor.default\">\n\t\t\t\t<div class=\"elementor-widget-container\">\n\t\t\t\t\t\t\t\t\t<p><img decoding=\"async\" data-recalc-dims=\"1\" class=\"lightbox-false alignleft\" title=\"img_278_1\" src=\"https:\/\/i0.wp.com\/sso2.com\/wp-content\/uploads\/2025\/11\/4405_Building.webp?resize=267%2C185&#038;ssl=1\" alt=\"img_278_1\" width=\"267\" height=\"185\" \/><\/p><p>Southland Sensing Ltd. dise\u00f1a, fabrica y ensambla sensores avanzados e instrumentos anal\u00edticos innovadores para una base de clientes en todo el mundo.<\/p><p><span style=\"letter-spacing: 0.1px;\">Southland Sensing ofrece soluciones innovadoras a algunas de las principales empresas del mundo. Nuestra tecnolog\u00eda de sensores de precisi\u00f3n, junto con un servicio al cliente y soporte de aplicaciones inigualables, proporciona ventajas significativas para ayudar a nuestros clientes a mejorar la calidad, reducir los costos de mantenimiento y cumplir con los requisitos locales de medio ambiente y seguridad.<\/span><\/p><p><span style=\"letter-spacing: 0.1px;\">En Southland Sensing nos enorgullecemos del dise\u00f1o innovador y la calidad superior de nuestros sensores y plataformas de an\u00e1lisis. Nuestro objetivo es brindarle la tecnolog\u00eda m\u00e1s avanzada, el m\u00e1ximo rendimiento posible y el mejor servicio y soporte que usted desea.<\/span><\/p><p><span style=\"letter-spacing: 0.1px;\">Adem\u00e1s de una gama de productos de an\u00e1lisis de gases preconfigurados, Southland Sensing tambi\u00e9n tiene la capacidad de personalizar sensores, electr\u00f3nica y empaques.<\/span><\/p><p><img decoding=\"async\" data-recalc-dims=\"1\" class=\"lightbox-false alignright\" title=\"img_278_2\" src=\"https:\/\/i0.wp.com\/sso2.com\/wp-content\/uploads\/2019\/03\/img_278_2.jpg?resize=267%2C185&#038;ssl=1\" alt=\"img_278_2\" width=\"267\" height=\"185\" \/><\/p><p>Desde nuestro lanzamiento inicial en 2013, hemos introducido algunas tecnolog\u00edas innovadoras, y hoy seguimos enfocados en el avance continuo de productos de an\u00e1lisis, medici\u00f3n y control.<\/p><p><span style=\"letter-spacing: 0.1px;\">Southland Sensing ofrece soporte t\u00e9cnico y de producto individualizado, l\u00edder en la industria, junto con una red de socios de distribuci\u00f3n nacionales e internacionales. Esto se traduce en una experiencia de compra fluida con entrega r\u00e1pida.<\/span><\/p><p><span style=\"letter-spacing: 0.1px;\">Todos los productos se dise\u00f1an, prueban y ensamblan en nuestras instalaciones en California, EE. UU.<\/span><\/p>\t\t\t\t\t\t\t\t<\/div>\n\t\t\t\t<\/div>\n\t\t\t\t\t<\/div>\n\t\t\t\t<\/div>\n\t\t\t\t<\/div>","protected":false},"excerpt":{"rendered":"<p>Home Who We Are At SSO\u2082, we\u2019re specialists in developing advanced technology for oxygen, carbon dioxide and hydrogen sulfide monitoring. Founded with a vision to make environments safer and manufacturing processes more efficient, we provide high-precision oxygen sensors, O\u2082 analyzers, CO\u2082 analyzers, H\u2082S analyzers, and comprehensive safety solutions for a wide range of industries \u2014 [&hellip;]<\/p>\n","protected":false},"author":6,"featured_media":0,"parent":0,"menu_order":0,"comment_status":"closed","ping_status":"closed","template":"elementor_header_footer","meta":{"footnotes":""},"class_list":["post-80","page","type-page","status-publish","hentry"],"yoast_head":"<!-- This site is optimized with the Yoast SEO Premium plugin v27.2 (Yoast SEO v27.2) - https:\/\/yoast.com\/product\/yoast-seo-premium-wordpress\/ -->\n<title>About SSO2 | Global Leader in Gas Analyzers &amp; Oxygen Sensors<\/title>\n<meta name=\"description\" content=\"Learn about SSO2\u2019s mission, innovation, and global expertise in manufacturing high-quality gas analyzers and oxygen sensors for multiple industries.\" \/>\n<meta name=\"robots\" content=\"index, follow, max-snippet:-1, max-image-preview:large, max-video-preview:-1\" \/>\n<link rel=\"canonical\" href=\"https:\/\/sso2.com\/es\/about-us\/\" \/>\n<meta property=\"og:locale\" content=\"es_ES\" \/>\n<meta property=\"og:type\" content=\"article\" \/>\n<meta property=\"og:title\" content=\"About Us\" \/>\n<meta property=\"og:description\" content=\"Learn about SSO2\u2019s mission, innovation, and global expertise in manufacturing high-quality gas analyzers and oxygen sensors for multiple industries.\" \/>\n<meta property=\"og:url\" content=\"https:\/\/sso2.com\/es\/about-us\/\" \/>\n<meta property=\"og:site_name\" content=\"Southland Sensing Ltd.\" \/>\n<meta property=\"article:modified_time\" content=\"2025-12-19T17:43:42+00:00\" \/>\n<meta property=\"og:image\" content=\"https:\/\/sso2.com\/wp-content\/uploads\/2014\/08\/portolio-001.jpg\" \/>\n<meta name=\"twitter:card\" content=\"summary_large_image\" \/>\n<meta name=\"twitter:label1\" content=\"Tiempo de lectura\" \/>\n\t<meta name=\"twitter:data1\" content=\"2 minutos\" \/>\n<script type=\"application\/ld+json\" class=\"yoast-schema-graph\">{\"@context\":\"https:\/\/schema.org\",\"@graph\":[{\"@type\":\"WebPage\",\"@id\":\"https:\/\/sso2.com\/about-us\/\",\"url\":\"https:\/\/sso2.com\/about-us\/\",\"name\":\"About SSO2 | Global Leader in Gas Analyzers & Oxygen Sensors\",\"isPartOf\":{\"@id\":\"https:\/\/sso2.com\/#website\"},\"primaryImageOfPage\":{\"@id\":\"https:\/\/sso2.com\/about-us\/#primaryimage\"},\"image\":{\"@id\":\"https:\/\/sso2.com\/about-us\/#primaryimage\"},\"thumbnailUrl\":\"https:\/\/sso2.com\/wp-content\/uploads\/2014\/08\/portolio-001.jpg\",\"datePublished\":\"2015-12-04T10:15:14+00:00\",\"dateModified\":\"2025-12-19T17:43:42+00:00\",\"description\":\"Learn about SSO2\u2019s mission, innovation, and global expertise in manufacturing high-quality gas analyzers and oxygen sensors for multiple industries.\",\"breadcrumb\":{\"@id\":\"https:\/\/sso2.com\/about-us\/#breadcrumb\"},\"inLanguage\":\"es-AR\",\"potentialAction\":[{\"@type\":\"ReadAction\",\"target\":[\"https:\/\/sso2.com\/about-us\/\"]}]},{\"@type\":\"ImageObject\",\"inLanguage\":\"es-AR\",\"@id\":\"https:\/\/sso2.com\/about-us\/#primaryimage\",\"url\":\"https:\/\/sso2.com\/wp-content\/uploads\/2014\/08\/portolio-001.jpg\",\"contentUrl\":\"https:\/\/sso2.com\/wp-content\/uploads\/2014\/08\/portolio-001.jpg\"},{\"@type\":\"BreadcrumbList\",\"@id\":\"https:\/\/sso2.com\/about-us\/#breadcrumb\",\"itemListElement\":[{\"@type\":\"ListItem\",\"position\":1,\"name\":\"Home\",\"item\":\"https:\/\/sso2.com\/en\/\"},{\"@type\":\"ListItem\",\"position\":2,\"name\":\"About Us\"}]},{\"@type\":\"WebSite\",\"@id\":\"https:\/\/sso2.com\/#website\",\"url\":\"https:\/\/sso2.com\/\",\"name\":\"Southland Sensing Ltd.\",\"description\":\"Industrial &amp; Medical Gas Analyzers Oxygen CO\u2082, &amp; H\u2082 Monitors\",\"publisher\":{\"@id\":\"https:\/\/sso2.com\/#organization\"},\"alternateName\":\"SSO2\",\"potentialAction\":[{\"@type\":\"SearchAction\",\"target\":{\"@type\":\"EntryPoint\",\"urlTemplate\":\"https:\/\/sso2.com\/?s={search_term_string}\"},\"query-input\":{\"@type\":\"PropertyValueSpecification\",\"valueRequired\":true,\"valueName\":\"search_term_string\"}}],\"inLanguage\":\"es-AR\"},{\"@type\":\"Organization\",\"@id\":\"https:\/\/sso2.com\/#organization\",\"name\":\"Southland Sensing Ltd.\",\"alternateName\":\"SSO2\",\"url\":\"https:\/\/sso2.com\/\",\"logo\":{\"@type\":\"ImageObject\",\"inLanguage\":\"es-AR\",\"@id\":\"https:\/\/sso2.com\/#\/schema\/logo\/image\/\",\"url\":\"https:\/\/sso2.com\/wp-content\/uploads\/2025\/10\/sso2_300pixel.webp\",\"contentUrl\":\"https:\/\/sso2.com\/wp-content\/uploads\/2025\/10\/sso2_300pixel.webp\",\"width\":300,\"height\":50,\"caption\":\"Southland Sensing Ltd.\"},\"image\":{\"@id\":\"https:\/\/sso2.com\/#\/schema\/logo\/image\/\"},\"sameAs\":[\"https:\/\/www.linkedin.com\/company\/southland-sensing-ltd\/\"],\"description\":\"Southland Sensing Ltd. brings together superior performance, an improved user experience, and unmatched application expertise to deliver an accurate and reliable measurement solution. That\u2019s why multinationals, small companies and universities alike turn to us again and again.\",\"email\":\"sales@sso2.com\",\"telephone\":\"1-949-398-2879\",\"legalName\":\"Southland Sensing Ltd.\",\"foundingDate\":\"2013-01-01\",\"numberOfEmployees\":{\"@type\":\"QuantitativeValue\",\"minValue\":\"11\",\"maxValue\":\"50\"},\"publishingPrinciples\":\"https:\/\/sso2.com\/contact-us\/\",\"ownershipFundingInfo\":\"https:\/\/sso2.com\/about-us\/\",\"actionableFeedbackPolicy\":\"https:\/\/sso2.com\/contact-us\/\"}]}<\/script>\n<!-- \/ Yoast SEO Premium plugin. -->","yoast_head_json":{"title":"Acerca de SSO2 | L\u00edder mundial en analizadores de gases y sensores de ox\u00edgeno","description":"Conozca la misi\u00f3n, la innovaci\u00f3n y la experiencia global de SSO2 en la fabricaci\u00f3n de analizadores de gases y sensores de ox\u00edgeno de alta calidad para m\u00faltiples industrias.","robots":{"index":"index","follow":"follow","max-snippet":"max-snippet:-1","max-image-preview":"max-image-preview:large","max-video-preview":"max-video-preview:-1"},"canonical":"https:\/\/sso2.com\/es\/about-us\/","og_locale":"es_ES","og_type":"article","og_title":"About Us","og_description":"Learn about SSO2\u2019s mission, innovation, and global expertise in manufacturing high-quality gas analyzers and oxygen sensors for multiple industries.","og_url":"https:\/\/sso2.com\/es\/about-us\/","og_site_name":"Southland Sensing Ltd.","article_modified_time":"2025-12-19T17:43:42+00:00","og_image":[{"url":"https:\/\/sso2.com\/wp-content\/uploads\/2014\/08\/portolio-001.jpg","type":"","width":"","height":""}],"twitter_card":"summary_large_image","twitter_misc":{"Tiempo de lectura":"2 minutos"},"schema":{"@context":"https:\/\/schema.org","@graph":[{"@type":"WebPage","@id":"https:\/\/sso2.com\/about-us\/","url":"https:\/\/sso2.com\/about-us\/","name":"Acerca de SSO2 | L\u00edder mundial en analizadores de gases y sensores de ox\u00edgeno","isPartOf":{"@id":"https:\/\/sso2.com\/#website"},"primaryImageOfPage":{"@id":"https:\/\/sso2.com\/about-us\/#primaryimage"},"image":{"@id":"https:\/\/sso2.com\/about-us\/#primaryimage"},"thumbnailUrl":"https:\/\/sso2.com\/wp-content\/uploads\/2014\/08\/portolio-001.jpg","datePublished":"2015-12-04T10:15:14+00:00","dateModified":"2025-12-19T17:43:42+00:00","description":"Conozca la misi\u00f3n, la innovaci\u00f3n y la experiencia global de SSO2 en la fabricaci\u00f3n de analizadores de gases y sensores de ox\u00edgeno de alta calidad para m\u00faltiples industrias.","breadcrumb":{"@id":"https:\/\/sso2.com\/about-us\/#breadcrumb"},"inLanguage":"es-AR","potentialAction":[{"@type":"ReadAction","target":["https:\/\/sso2.com\/about-us\/"]}]},{"@type":"ImageObject","inLanguage":"es-AR","@id":"https:\/\/sso2.com\/about-us\/#primaryimage","url":"https:\/\/sso2.com\/wp-content\/uploads\/2014\/08\/portolio-001.jpg","contentUrl":"https:\/\/sso2.com\/wp-content\/uploads\/2014\/08\/portolio-001.jpg"},{"@type":"BreadcrumbList","@id":"https:\/\/sso2.com\/about-us\/#breadcrumb","itemListElement":[{"@type":"ListItem","position":1,"name":"Home","item":"https:\/\/sso2.com\/en\/"},{"@type":"ListItem","position":2,"name":"About Us"}]},{"@type":"WebSite","@id":"https:\/\/sso2.com\/#website","url":"https:\/\/sso2.com\/","name":"Southland Sensing Ltd.","description":"Industrial &amp; Medical Gas Analyzers Oxygen CO\u2082, &amp; H\u2082 Monitors","publisher":{"@id":"https:\/\/sso2.com\/#organization"},"alternateName":"SSO2","potentialAction":[{"@type":"SearchAction","target":{"@type":"EntryPoint","urlTemplate":"https:\/\/sso2.com\/?s={search_term_string}"},"query-input":{"@type":"PropertyValueSpecification","valueRequired":true,"valueName":"search_term_string"}}],"inLanguage":"es-AR"},{"@type":"Organization","@id":"https:\/\/sso2.com\/#organization","name":"Southland Sensing Ltd.","alternateName":"SSO2","url":"https:\/\/sso2.com\/","logo":{"@type":"ImageObject","inLanguage":"es-AR","@id":"https:\/\/sso2.com\/#\/schema\/logo\/image\/","url":"https:\/\/sso2.com\/wp-content\/uploads\/2025\/10\/sso2_300pixel.webp","contentUrl":"https:\/\/sso2.com\/wp-content\/uploads\/2025\/10\/sso2_300pixel.webp","width":300,"height":50,"caption":"Southland Sensing Ltd."},"image":{"@id":"https:\/\/sso2.com\/#\/schema\/logo\/image\/"},"sameAs":["https:\/\/www.linkedin.com\/company\/southland-sensing-ltd\/"],"description":"Southland Sensing Ltd. brings together superior performance, an improved user experience, and unmatched application expertise to deliver an accurate and reliable measurement solution. That\u2019s why multinationals, small companies and universities alike turn to us again and again.","email":"sales@sso2.com","telephone":"1-949-398-2879","legalName":"Southland Sensing Ltd.","foundingDate":"2013-01-01","numberOfEmployees":{"@type":"QuantitativeValue","minValue":"11","maxValue":"50"},"publishingPrinciples":"https:\/\/sso2.com\/contact-us\/","ownershipFundingInfo":"https:\/\/sso2.com\/about-us\/","actionableFeedbackPolicy":"https:\/\/sso2.com\/contact-us\/"}]}},"jetpack_sharing_enabled":true,"jetpack_shortlink":"https:\/\/wp.me\/PaSzwI-1i","_links":{"self":[{"href":"https:\/\/sso2.com\/es\/wp-json\/wp\/v2\/pages\/80","targetHints":{"allow":["GET"]}}],"collection":[{"href":"https:\/\/sso2.com\/es\/wp-json\/wp\/v2\/pages"}],"about":[{"href":"https:\/\/sso2.com\/es\/wp-json\/wp\/v2\/types\/page"}],"author":[{"embeddable":true,"href":"https:\/\/sso2.com\/es\/wp-json\/wp\/v2\/users\/6"}],"replies":[{"embeddable":true,"href":"https:\/\/sso2.com\/es\/wp-json\/wp\/v2\/comments?post=80"}],"version-history":[{"count":0,"href":"https:\/\/sso2.com\/es\/wp-json\/wp\/v2\/pages\/80\/revisions"}],"wp:attachment":[{"href":"https:\/\/sso2.com\/es\/wp-json\/wp\/v2\/media?parent=80"}],"curies":[{"name":"wp","href":"https:\/\/api.w.org\/{rel}","templated":true}]}}