{"id":420,"date":"2019-03-27T10:12:40","date_gmt":"2019-03-27T10:12:40","guid":{"rendered":"https:\/\/sso2.com\/?page_id=420"},"modified":"2025-11-19T18:06:27","modified_gmt":"2025-11-19T18:06:27","slug":"glossary","status":"publish","type":"page","link":"https:\/\/sso2.com\/es\/glossary\/","title":{"rendered":"Glosario"},"content":{"rendered":"<div data-elementor-type=\"wp-page\" data-elementor-id=\"420\" class=\"elementor elementor-420\" data-elementor-post-type=\"page\">\n\t\t\t\t\t\t<section class=\"elementor-section elementor-top-section elementor-element elementor-element-3abdac2 elementor-section-items-stretch elementor-section-height-min-height elementor-section-boxed elementor-section-height-default\" data-id=\"3abdac2\" data-element_type=\"section\" data-e-type=\"section\" data-settings=\"{&quot;background_background&quot;:&quot;classic&quot;}\">\n\t\t\t\t\t\t<div class=\"elementor-container elementor-column-gap-no\">\n\t\t\t\t\t<div class=\"elementor-column elementor-col-50 elementor-top-column elementor-element elementor-element-403a7161\" data-id=\"403a7161\" data-element_type=\"column\" data-e-type=\"column\">\n\t\t\t<div class=\"elementor-widget-wrap elementor-element-populated\">\n\t\t\t\t\t\t<section class=\"elementor-section elementor-inner-section elementor-element elementor-element-5af4c2c4 elementor-section-boxed elementor-section-height-default elementor-section-height-default\" data-id=\"5af4c2c4\" data-element_type=\"section\" data-e-type=\"section\">\n\t\t\t\t\t\t<div class=\"elementor-container elementor-column-gap-no\">\n\t\t\t\t\t<div class=\"elementor-column elementor-col-100 elementor-inner-column elementor-element elementor-element-1c2a3534\" data-id=\"1c2a3534\" data-element_type=\"column\" data-e-type=\"column\">\n\t\t\t<div class=\"elementor-widget-wrap elementor-element-populated\">\n\t\t\t\t\t\t<div class=\"elementor-element elementor-element-771c8cac elementor-widget__width-auto elementor-widget elementor-widget-heading\" data-id=\"771c8cac\" data-element_type=\"widget\" data-e-type=\"widget\" data-widget_type=\"heading.default\">\n\t\t\t\t<div class=\"elementor-widget-container\">\n\t\t\t\t\t<div class=\"elementor-heading-title elementor-size-default\"><a href=\"https:\/\/sso2.com\/es\/\">Inicio<\/a><\/div>\t\t\t\t<\/div>\n\t\t\t\t<\/div>\n\t\t\t\t<div class=\"elementor-element elementor-element-60ac19da elementor-widget__width-initial elementor-view-default elementor-widget elementor-widget-icon\" data-id=\"60ac19da\" data-element_type=\"widget\" data-e-type=\"widget\" data-widget_type=\"icon.default\">\n\t\t\t\t<div class=\"elementor-widget-container\">\n\t\t\t\t\t\t\t<div class=\"elementor-icon-wrapper\">\n\t\t\t<div class=\"elementor-icon\">\n\t\t\t<svg aria-hidden=\"true\" class=\"e-font-icon-svg e-fas-slash\" viewbox=\"0 0 640 512\" xmlns=\"http:\/\/www.w3.org\/2000\/svg\"><path d=\"M594.53 508.63L6.18 53.9c-6.97-5.42-8.23-15.47-2.81-22.45L23.01 6.18C28.43-.8 38.49-2.06 45.47 3.37L633.82 458.1c6.97 5.42 8.23 15.47 2.81 22.45l-19.64 25.27c-5.42 6.98-15.48 8.23-22.46 2.81z\"><\/path><\/svg>\t\t\t<\/div>\n\t\t<\/div>\n\t\t\t\t\t\t<\/div>\n\t\t\t\t<\/div>\n\t\t\t\t<div class=\"elementor-element elementor-element-7d8f5089 elementor-widget__width-auto elementor-widget elementor-widget-heading\" data-id=\"7d8f5089\" data-element_type=\"widget\" data-e-type=\"widget\" data-widget_type=\"heading.default\">\n\t\t\t\t<div class=\"elementor-widget-container\">\n\t\t\t\t\t<div class=\"elementor-heading-title elementor-size-default\"><a href=\"#\">Glosario<\/a><\/div>\t\t\t\t<\/div>\n\t\t\t\t<\/div>\n\t\t\t\t\t<\/div>\n\t\t<\/div>\n\t\t\t\t\t<\/div>\n\t\t<\/section>\n\t\t\t\t<section class=\"elementor-section elementor-inner-section elementor-element elementor-element-6cac600e elementor-reverse-tablet elementor-reverse-mobile elementor-section-boxed elementor-section-height-default elementor-section-height-default\" data-id=\"6cac600e\" data-element_type=\"section\" data-e-type=\"section\">\n\t\t\t\t\t\t<div class=\"elementor-container elementor-column-gap-no\">\n\t\t\t\t\t<div class=\"elementor-column elementor-col-100 elementor-inner-column elementor-element elementor-element-2b2a8bda\" data-id=\"2b2a8bda\" data-element_type=\"column\" data-e-type=\"column\">\n\t\t\t<div class=\"elementor-widget-wrap elementor-element-populated\">\n\t\t\t\t\t\t<div class=\"elementor-element elementor-element-566b0202 elementor-widget elementor-widget-heading\" data-id=\"566b0202\" data-element_type=\"widget\" data-e-type=\"widget\" data-widget_type=\"heading.default\">\n\t\t\t\t<div class=\"elementor-widget-container\">\n\t\t\t\t\t<h1 class=\"elementor-heading-title elementor-size-default\">Glosario<\/h1>\t\t\t\t<\/div>\n\t\t\t\t<\/div>\n\t\t\t\t\t<\/div>\n\t\t<\/div>\n\t\t\t\t\t<\/div>\n\t\t<\/section>\n\t\t\t\t\t<\/div>\n\t\t<\/div>\n\t\t\t\t<div class=\"elementor-column elementor-col-50 elementor-top-column elementor-element elementor-element-40b74e64\" data-id=\"40b74e64\" data-element_type=\"column\" data-e-type=\"column\">\n\t\t\t<div class=\"elementor-widget-wrap elementor-element-populated\">\n\t\t\t\t\t\t<div class=\"elementor-element elementor-element-40caedb7 animated-fast elementor-invisible elementor-widget elementor-widget-image\" data-id=\"40caedb7\" data-element_type=\"widget\" data-e-type=\"widget\" data-settings=\"{&quot;_animation&quot;:&quot;fadeInLeft&quot;,&quot;_animation_mobile&quot;:&quot;none&quot;}\" data-widget_type=\"image.default\">\n\t\t\t\t<div class=\"elementor-widget-container\">\n\t\t\t\t\t\t\t\t\t\t\t\t\t\t\t<img decoding=\"async\" width=\"2560\" height=\"1707\" src=\"https:\/\/i0.wp.com\/sso2.com\/wp-content\/uploads\/2021\/02\/oil_gas_processing_facility-scaled.jpg?fit=2560%2C1707&amp;ssl=1\" class=\"attachment-full size-full wp-image-1310\" alt=\"\" srcset=\"https:\/\/i0.wp.com\/sso2.com\/wp-content\/uploads\/2021\/02\/oil_gas_processing_facility-scaled.jpg?w=2560&amp;ssl=1 2560w, https:\/\/i0.wp.com\/sso2.com\/wp-content\/uploads\/2021\/02\/oil_gas_processing_facility-scaled.jpg?resize=300%2C200&amp;ssl=1 300w, https:\/\/i0.wp.com\/sso2.com\/wp-content\/uploads\/2021\/02\/oil_gas_processing_facility-scaled.jpg?resize=1024%2C683&amp;ssl=1 1024w, https:\/\/i0.wp.com\/sso2.com\/wp-content\/uploads\/2021\/02\/oil_gas_processing_facility-scaled.jpg?resize=768%2C512&amp;ssl=1 768w, https:\/\/i0.wp.com\/sso2.com\/wp-content\/uploads\/2021\/02\/oil_gas_processing_facility-scaled.jpg?resize=600%2C400&amp;ssl=1 600w, https:\/\/i0.wp.com\/sso2.com\/wp-content\/uploads\/2021\/02\/oil_gas_processing_facility-scaled.jpg?w=1600&amp;ssl=1 1600w, https:\/\/i0.wp.com\/sso2.com\/wp-content\/uploads\/2021\/02\/oil_gas_processing_facility-scaled.jpg?w=2400&amp;ssl=1 2400w\" sizes=\"(max-width: 800px) 100vw, 800px\" \/>\t\t\t\t\t\t\t\t\t\t\t\t\t\t\t<\/div>\n\t\t\t\t<\/div>\n\t\t\t\t\t<\/div>\n\t\t<\/div>\n\t\t\t\t\t<\/div>\n\t\t<\/section>\n\t\t<div class=\"elementor-element elementor-element-11dde119 e-flex e-con-boxed e-con e-parent\" data-id=\"11dde119\" data-element_type=\"container\" data-e-type=\"container\">\n\t\t\t\t\t<div class=\"e-con-inner\">\n\t\t\t\t<div class=\"elementor-element elementor-element-78bfcb59 elementor-widget elementor-widget-text-editor\" data-id=\"78bfcb59\" data-element_type=\"widget\" data-e-type=\"widget\" data-widget_type=\"text-editor.default\">\n\t\t\t\t<div class=\"elementor-widget-container\">\n\t\t\t\t\t\t\t\t\t<p>Tambi\u00e9n conocido como vocabulario o definici\u00f3n de t\u00e9rminos, hemos recopilado algunos t\u00e9rminos comunes que aparecen en referencia a nuestros sensores de O\u2082 de precisi\u00f3n. Si encuentra un t\u00e9rmino que no conoce, cont\u00e1ctenos.<\/p><p>\n<table id=\"tablepress-35\" class=\"tablepress tablepress-id-35\">\n<thead>\n<tr class=\"row-1\">\n\t<th class=\"column-1\">T\u00e9rmino<\/th><th class=\"column-2\">Definici\u00f3n <\/th>\n<\/tr>\n<\/thead>\n<tbody class=\"row-striping row-hover\">\n<tr class=\"row-2\">\n\t<td class=\"column-1\"><b>Precisi\u00f3n<\/b><\/td><td class=\"column-2\">La calidad de la cercan\u00eda a un valor especificado bajo condiciones establecidas. Generalmente se expresa como incertidumbre: la desviaci\u00f3n m\u00e1xima esperada entre una lectura o salida y el valor real medido.<\/td>\n<\/tr>\n<tr class=\"row-3\">\n\t<td class=\"column-1\"><b>Aire ambiente<\/b><\/td><td class=\"column-2\">A menudo se utiliza como t\u00e9rmino al referirse a la calibraci\u00f3n de analizadores de ox\u00edgeno. El aire ambiente consiste en un 20,9 % de ox\u00edgeno, que puede usarse como un valor de gas SPAN conocido.<\/td>\n<\/tr>\n<tr class=\"row-4\">\n\t<td class=\"column-1\"><b>Temperatura ambiente<\/b><\/td><td class=\"column-2\">La temperatura m\u00ednima \/ m\u00e1xima del aire que rodea el dispositivo o equipo. Un par\u00e1metro cr\u00edtico al especificar un analizador.<\/td>\n<\/tr>\n<tr class=\"row-5\">\n\t<td class=\"column-1\"><b>Anal\u00f3gico<\/b><\/td><td class=\"column-2\">Un par\u00e1metro que var\u00eda de manera continua, en lugar de incremental o en pasos discretos.<\/td>\n<\/tr>\n<tr class=\"row-6\">\n\t<td class=\"column-1\"><b>Calibrar<\/b><\/td><td class=\"column-2\">Para determinar la indicaci\u00f3n o salida de un dispositivo con respecto a un est\u00e1ndar. <br \/>\n<br \/>\nDel 0 al 9, un medio d\u00edgito mostrar\u00e1 0 o 1 y desbordar\u00e1 a 2, un 3\/4 d\u00edgito mostrar\u00e1 hasta 3 y desbordar\u00e1 a 4. Un medidor con un rango de visualizaci\u00f3n de \u00b13999 cuentas es un medidor de 3\u00be d\u00edgitos.<\/td>\n<\/tr>\n<tr class=\"row-7\">\n\t<td class=\"column-1\"><b>EMI \/ RFI<\/b><\/td><td class=\"column-2\">Interferencia electromagn\u00e9tica \/ Interferencia de radiofrecuencia <\/td>\n<\/tr>\n<tr class=\"row-8\">\n\t<td class=\"column-1\"><b>Escala ampliada<\/b><\/td><td class=\"column-2\">Una disposici\u00f3n que ampl\u00eda una porci\u00f3n espec\u00edfica de un rango total para ocupar una porci\u00f3n mayor de la longitud de escala completa de lo que normalmente lo har\u00eda.<\/td>\n<\/tr>\n<tr class=\"row-9\">\n\t<td class=\"column-1\"><b>A prueba de explosiones<\/b><\/td><td class=\"column-2\">An enclosure capable of withstanding an explosion of a specified gas or vapor which may occur within it and of preventing the ignition of a specified gas or vapor surrounding the enclosures by sparks, flashes, heat or explosion of the gas vapor within.<\/td>\n<\/tr>\n<tr class=\"row-10\">\n\t<td class=\"column-1\"><b>Formulario \/ Forma<\/b><\/td><td class=\"column-2\">Un m\u00e9todo para especificar la configuraci\u00f3n de contactos de rel\u00e9: Form A SPST-NO unipolar, un tiro, normalmente abierto Form B SPST-NC unipolar, un tiro, normalmente cerrado Form C SPDT unipolar, doble tiro Cambio CO igual que SPDT<\/td>\n<\/tr>\n<tr class=\"row-11\">\n\t<td class=\"column-1\"><b>Valor de escala completa<\/b><\/td><td class=\"column-2\">La suma aritm\u00e9tica de los dos valores de escala final (puede no aplicarse a algunos medidores especializados, como factor de potencia). Cuando cero no est\u00e1 en la escala, el valor de escala completa es el valor de escala final superior. Ejemplos: Escala Valor de escala completa 0\u201310 ppm, 0\u2013100 ppm, 0\u2013500 ppm, 0\u20131000 ppm, 0\u20132500 ppm, 0\u201310000 ppm, 0\u20131 %, 0\u20135 %, 0\u201310 %, 0\u201325 %<\/td>\n<\/tr>\n<tr class=\"row-12\">\n\t<td class=\"column-1\"><b>Tierra<\/b><\/td><td class=\"column-2\">Punto de referencia para un sistema el\u00e9ctrico. A menudo se usa para indicar una conexi\u00f3n a tierra o el lado negativo de una fuente de CC.<\/td>\n<\/tr>\n<tr class=\"row-13\">\n\t<td class=\"column-1\"><b>Error de linealidad<\/b><\/td><td class=\"column-2\">Una medida de la desviaci\u00f3n de una respuesta lineal en la relaci\u00f3n entre dos cantidades, donde el cambio en una cantidad es directamente proporcional al cambio en la otra. Generalmente se expresa como un porcentaje m\u00e1ximo.<\/td>\n<\/tr>\n<tr class=\"row-14\">\n\t<td class=\"column-1\"><b>Caja NEMA 4X \/ IP66 (resistente al polvo y al agua)<\/b><\/td><td class=\"column-2\">Un est\u00e1ndar de clasificaci\u00f3n que define el uso previsto y el grado de protecci\u00f3n ambiental. Normalmente asociado con analizadores que se instalar\u00e1n al aire libre.<\/td>\n<\/tr>\n<tr class=\"row-15\">\n\t<td class=\"column-1\"><b>ppm (partes por mill\u00f3n)<\/b><\/td><td class=\"column-2\">Un formato conveniente para expresar n\u00fameros muy peque\u00f1os, como los coeficientes de temperatura. 100 ppm es 0,01 %. PPM tambi\u00e9n se escribe como \u201ctraza\u201d, como en ox\u00edgeno traza.<\/td>\n<\/tr>\n<tr class=\"row-16\">\n\t<td class=\"column-1\"><b>PSIA (PSI absoluto)<\/b><\/td><td class=\"column-2\">Una lectura de presi\u00f3n usando el vac\u00edo como referencia.<\/td>\n<\/tr>\n<tr class=\"row-17\">\n\t<td class=\"column-1\"><b>PSIG (PSI manom\u00e9trico)<\/b><\/td><td class=\"column-2\">Una lectura de presi\u00f3n que utiliza la presi\u00f3n del aire ambiente como referencia.<\/td>\n<\/tr>\n<tr class=\"row-18\">\n\t<td class=\"column-1\"><b>Rango<\/b><\/td><td class=\"column-2\">El rango de valores sobre el cual un medidor funcionar\u00e1 sin entrar en condici\u00f3n de sobrecarga, p. ej. 0\u2013100 ppm<\/td>\n<\/tr>\n<tr class=\"row-19\">\n\t<td class=\"column-1\"><b>Repetibilidad<\/b><\/td><td class=\"column-2\">La capacidad de un instrumento para registrar la misma lectura en mediciones sucesivas de la misma entrada.<\/td>\n<\/tr>\n<tr class=\"row-20\">\n\t<td class=\"column-1\"><b>RESOLUTION<\/b><\/td><td class=\"column-2\">El grado en que se pueden discriminar valores casi iguales de una cantidad. En medidores digitales, el valor representado por un cambio de un d\u00edgito en el d\u00edgito menos significativo.<\/td>\n<\/tr>\n<tr class=\"row-21\">\n\t<td class=\"column-1\"><b>Sensibilidad<\/b><\/td><td class=\"column-2\">El cambio m\u00ednimo en la entrada al que un dispositivo puede responder.<\/td>\n<\/tr>\n<tr class=\"row-22\">\n\t<td class=\"column-1\"><b>Escudo<\/b><\/td><td class=\"column-2\">Un recubrimiento conductor de protecci\u00f3n que proporciona un camino de menor resistencia a tierra para interferencias externas.<\/td>\n<\/tr>\n<tr class=\"row-23\">\n\t<td class=\"column-1\"><b>Ajuste de calibraci\u00f3n de rango<\/b><\/td><td class=\"column-2\">La capacidad de ajustar la ganancia de un instrumento para que el valor mostrado en la pantalla.<\/td>\n<\/tr>\n<tr class=\"row-24\">\n\t<td class=\"column-1\"><b>Tiempo de respuesta T90<\/b><\/td><td class=\"column-2\">El tiempo requerido para que un sensor responda al 90 % de su cambio total como resultado de una entrada escalonada.<\/td>\n<\/tr>\n<tr class=\"row-25\">\n\t<td class=\"column-1\"><b>Transmisor de dos hilos<\/b><\/td><td class=\"column-2\">Una configuraci\u00f3n de instrumento en la que la salida de se\u00f1al y la entrada de alimentaci\u00f3n comparten dos cables; la energ\u00eda se transmite por un cable y se devuelve a un sistema PLC o DCS mediante una se\u00f1al de 4\u201320 mA por el otro cable. En la mayor\u00eda de los casos, esta se\u00f1al no est\u00e1 aislada.<\/td>\n<\/tr>\n<tr class=\"row-26\">\n\t<td class=\"column-1\"><b>Ajuste de calibraci\u00f3n de rango<\/b><\/td><td class=\"column-2\">La capacidad de ajustar un instrumento de modo que la salida cero o la indicaci\u00f3n cero correspondan a una se\u00f1al de entrada espec\u00edfica, como 0 V o 4 mA.<\/td>\n<\/tr>\n<\/tbody>\n<\/table>\n<!-- #tablepress-35 from cache --><\/p>\t\t\t\t\t\t\t\t<\/div>\n\t\t\t\t<\/div>\n\t\t\t\t\t<\/div>\n\t\t\t\t<\/div>\n\t\t\t\t<\/div>","protected":false},"excerpt":{"rendered":"<p>Home Also referred to as a vocabulary or definition of terms, we have put together some common terms that come up in reference to our precision O2 sensors.\u00a0 If you run across a term you are not familiar with, contact us.<\/p>","protected":false},"author":6,"featured_media":0,"parent":0,"menu_order":0,"comment_status":"closed","ping_status":"closed","template":"elementor_header_footer","meta":{"footnotes":""},"class_list":["post-420","page","type-page","status-publish","hentry"],"yoast_head":"<!-- This site is optimized with the Yoast SEO Premium plugin v27.2 (Yoast SEO v27.2) - https:\/\/yoast.com\/product\/yoast-seo-premium-wordpress\/ -->\n<title>Glossary of Oxygen &amp; Industrial Gas Terms | SSO2<\/title>\n<meta name=\"description\" content=\"Comprehensive glossary of oxygen sensors, O\u2082 analyzers, and industrial gas terminology to help you understand key concepts and equipment for safe operations.\" \/>\n<meta name=\"robots\" content=\"index, follow, max-snippet:-1, max-image-preview:large, max-video-preview:-1\" \/>\n<link rel=\"canonical\" href=\"https:\/\/sso2.com\/es\/glossary\/\" \/>\n<meta property=\"og:locale\" content=\"es_ES\" \/>\n<meta property=\"og:type\" content=\"article\" \/>\n<meta property=\"og:title\" content=\"Glossary\" \/>\n<meta property=\"og:description\" content=\"Comprehensive glossary of oxygen sensors, O\u2082 analyzers, and industrial gas terminology to help you understand key concepts and equipment for safe operations.\" \/>\n<meta property=\"og:url\" content=\"https:\/\/sso2.com\/es\/glossary\/\" \/>\n<meta property=\"og:site_name\" content=\"Southland Sensing Ltd.\" \/>\n<meta property=\"article:modified_time\" content=\"2025-11-19T18:06:27+00:00\" \/>\n<meta property=\"og:image\" content=\"https:\/\/sso2.com\/wp-content\/uploads\/2021\/02\/oil_gas_processing_facility-scaled.jpg\" \/>\n<meta name=\"twitter:card\" content=\"summary_large_image\" \/>\n<meta name=\"twitter:label1\" content=\"Tiempo de lectura\" \/>\n\t<meta name=\"twitter:data1\" content=\"1 minuto\" \/>\n<script type=\"application\/ld+json\" class=\"yoast-schema-graph\">{\"@context\":\"https:\/\/schema.org\",\"@graph\":[{\"@type\":\"WebPage\",\"@id\":\"https:\/\/sso2.com\/glossary\/\",\"url\":\"https:\/\/sso2.com\/glossary\/\",\"name\":\"Glossary of Oxygen & Industrial Gas Terms | SSO2\",\"isPartOf\":{\"@id\":\"https:\/\/sso2.com\/#website\"},\"primaryImageOfPage\":{\"@id\":\"https:\/\/sso2.com\/glossary\/#primaryimage\"},\"image\":{\"@id\":\"https:\/\/sso2.com\/glossary\/#primaryimage\"},\"thumbnailUrl\":\"https:\/\/sso2.com\/wp-content\/uploads\/2021\/02\/oil_gas_processing_facility-scaled.jpg\",\"datePublished\":\"2019-03-27T10:12:40+00:00\",\"dateModified\":\"2025-11-19T18:06:27+00:00\",\"description\":\"Comprehensive glossary of oxygen sensors, O\u2082 analyzers, and industrial gas terminology to help you understand key concepts and equipment for safe operations.\",\"breadcrumb\":{\"@id\":\"https:\/\/sso2.com\/glossary\/#breadcrumb\"},\"inLanguage\":\"es-AR\",\"potentialAction\":[{\"@type\":\"ReadAction\",\"target\":[\"https:\/\/sso2.com\/glossary\/\"]}]},{\"@type\":\"ImageObject\",\"inLanguage\":\"es-AR\",\"@id\":\"https:\/\/sso2.com\/glossary\/#primaryimage\",\"url\":\"https:\/\/sso2.com\/wp-content\/uploads\/2021\/02\/oil_gas_processing_facility-scaled.jpg\",\"contentUrl\":\"https:\/\/sso2.com\/wp-content\/uploads\/2021\/02\/oil_gas_processing_facility-scaled.jpg\"},{\"@type\":\"BreadcrumbList\",\"@id\":\"https:\/\/sso2.com\/glossary\/#breadcrumb\",\"itemListElement\":[{\"@type\":\"ListItem\",\"position\":1,\"name\":\"Home\",\"item\":\"https:\/\/sso2.com\/en\/\"},{\"@type\":\"ListItem\",\"position\":2,\"name\":\"Glossary\"}]},{\"@type\":\"WebSite\",\"@id\":\"https:\/\/sso2.com\/#website\",\"url\":\"https:\/\/sso2.com\/\",\"name\":\"Southland Sensing Ltd.\",\"description\":\"Industrial &amp; Medical Gas Analyzers Oxygen CO\u2082, &amp; H\u2082 Monitors\",\"publisher\":{\"@id\":\"https:\/\/sso2.com\/#organization\"},\"alternateName\":\"SSO2\",\"potentialAction\":[{\"@type\":\"SearchAction\",\"target\":{\"@type\":\"EntryPoint\",\"urlTemplate\":\"https:\/\/sso2.com\/?s={search_term_string}\"},\"query-input\":{\"@type\":\"PropertyValueSpecification\",\"valueRequired\":true,\"valueName\":\"search_term_string\"}}],\"inLanguage\":\"es-AR\"},{\"@type\":\"Organization\",\"@id\":\"https:\/\/sso2.com\/#organization\",\"name\":\"Southland Sensing Ltd.\",\"alternateName\":\"SSO2\",\"url\":\"https:\/\/sso2.com\/\",\"logo\":{\"@type\":\"ImageObject\",\"inLanguage\":\"es-AR\",\"@id\":\"https:\/\/sso2.com\/#\/schema\/logo\/image\/\",\"url\":\"https:\/\/sso2.com\/wp-content\/uploads\/2025\/10\/sso2_300pixel.webp\",\"contentUrl\":\"https:\/\/sso2.com\/wp-content\/uploads\/2025\/10\/sso2_300pixel.webp\",\"width\":300,\"height\":50,\"caption\":\"Southland Sensing Ltd.\"},\"image\":{\"@id\":\"https:\/\/sso2.com\/#\/schema\/logo\/image\/\"},\"sameAs\":[\"https:\/\/www.linkedin.com\/company\/southland-sensing-ltd\/\"],\"description\":\"Southland Sensing Ltd. brings together superior performance, an improved user experience, and unmatched application expertise to deliver an accurate and reliable measurement solution. That\u2019s why multinationals, small companies and universities alike turn to us again and again.\",\"email\":\"sales@sso2.com\",\"telephone\":\"1-949-398-2879\",\"legalName\":\"Southland Sensing Ltd.\",\"foundingDate\":\"2013-01-01\",\"numberOfEmployees\":{\"@type\":\"QuantitativeValue\",\"minValue\":\"11\",\"maxValue\":\"50\"},\"publishingPrinciples\":\"https:\/\/sso2.com\/contact-us\/\",\"ownershipFundingInfo\":\"https:\/\/sso2.com\/about-us\/\",\"actionableFeedbackPolicy\":\"https:\/\/sso2.com\/contact-us\/\"}]}<\/script>\n<!-- \/ Yoast SEO Premium plugin. -->","yoast_head_json":{"title":"Glosario de t\u00e9rminos sobre ox\u00edgeno y gases industriales | SSO2","description":"Glosario completo de sensores de ox\u00edgeno, analizadores de O\u2082 y terminolog\u00eda de gases industriales para ayudarlo a comprender conceptos y equipos clave para operaciones seguras.","robots":{"index":"index","follow":"follow","max-snippet":"max-snippet:-1","max-image-preview":"max-image-preview:large","max-video-preview":"max-video-preview:-1"},"canonical":"https:\/\/sso2.com\/es\/glossary\/","og_locale":"es_ES","og_type":"article","og_title":"Glossary","og_description":"Comprehensive glossary of oxygen sensors, O\u2082 analyzers, and industrial gas terminology to help you understand key concepts and equipment for safe operations.","og_url":"https:\/\/sso2.com\/es\/glossary\/","og_site_name":"Southland Sensing Ltd.","article_modified_time":"2025-11-19T18:06:27+00:00","og_image":[{"url":"https:\/\/sso2.com\/wp-content\/uploads\/2021\/02\/oil_gas_processing_facility-scaled.jpg","type":"","width":"","height":""}],"twitter_card":"summary_large_image","twitter_misc":{"Tiempo de lectura":"1 minuto"},"schema":{"@context":"https:\/\/schema.org","@graph":[{"@type":"WebPage","@id":"https:\/\/sso2.com\/glossary\/","url":"https:\/\/sso2.com\/glossary\/","name":"Glosario de t\u00e9rminos sobre ox\u00edgeno y gases industriales | SSO2","isPartOf":{"@id":"https:\/\/sso2.com\/#website"},"primaryImageOfPage":{"@id":"https:\/\/sso2.com\/glossary\/#primaryimage"},"image":{"@id":"https:\/\/sso2.com\/glossary\/#primaryimage"},"thumbnailUrl":"https:\/\/sso2.com\/wp-content\/uploads\/2021\/02\/oil_gas_processing_facility-scaled.jpg","datePublished":"2019-03-27T10:12:40+00:00","dateModified":"2025-11-19T18:06:27+00:00","description":"Glosario completo de sensores de ox\u00edgeno, analizadores de O\u2082 y terminolog\u00eda de gases industriales para ayudarlo a comprender conceptos y equipos clave para operaciones seguras.","breadcrumb":{"@id":"https:\/\/sso2.com\/glossary\/#breadcrumb"},"inLanguage":"es-AR","potentialAction":[{"@type":"ReadAction","target":["https:\/\/sso2.com\/glossary\/"]}]},{"@type":"ImageObject","inLanguage":"es-AR","@id":"https:\/\/sso2.com\/glossary\/#primaryimage","url":"https:\/\/sso2.com\/wp-content\/uploads\/2021\/02\/oil_gas_processing_facility-scaled.jpg","contentUrl":"https:\/\/sso2.com\/wp-content\/uploads\/2021\/02\/oil_gas_processing_facility-scaled.jpg"},{"@type":"BreadcrumbList","@id":"https:\/\/sso2.com\/glossary\/#breadcrumb","itemListElement":[{"@type":"ListItem","position":1,"name":"Home","item":"https:\/\/sso2.com\/en\/"},{"@type":"ListItem","position":2,"name":"Glossary"}]},{"@type":"WebSite","@id":"https:\/\/sso2.com\/#website","url":"https:\/\/sso2.com\/","name":"Southland Sensing Ltd.","description":"Industrial &amp; Medical Gas Analyzers Oxygen CO\u2082, &amp; H\u2082 Monitors","publisher":{"@id":"https:\/\/sso2.com\/#organization"},"alternateName":"SSO2","potentialAction":[{"@type":"SearchAction","target":{"@type":"EntryPoint","urlTemplate":"https:\/\/sso2.com\/?s={search_term_string}"},"query-input":{"@type":"PropertyValueSpecification","valueRequired":true,"valueName":"search_term_string"}}],"inLanguage":"es-AR"},{"@type":"Organization","@id":"https:\/\/sso2.com\/#organization","name":"Southland Sensing Ltd.","alternateName":"SSO2","url":"https:\/\/sso2.com\/","logo":{"@type":"ImageObject","inLanguage":"es-AR","@id":"https:\/\/sso2.com\/#\/schema\/logo\/image\/","url":"https:\/\/sso2.com\/wp-content\/uploads\/2025\/10\/sso2_300pixel.webp","contentUrl":"https:\/\/sso2.com\/wp-content\/uploads\/2025\/10\/sso2_300pixel.webp","width":300,"height":50,"caption":"Southland Sensing Ltd."},"image":{"@id":"https:\/\/sso2.com\/#\/schema\/logo\/image\/"},"sameAs":["https:\/\/www.linkedin.com\/company\/southland-sensing-ltd\/"],"description":"Southland Sensing Ltd. brings together superior performance, an improved user experience, and unmatched application expertise to deliver an accurate and reliable measurement solution. That\u2019s why multinationals, small companies and universities alike turn to us again and again.","email":"sales@sso2.com","telephone":"1-949-398-2879","legalName":"Southland Sensing Ltd.","foundingDate":"2013-01-01","numberOfEmployees":{"@type":"QuantitativeValue","minValue":"11","maxValue":"50"},"publishingPrinciples":"https:\/\/sso2.com\/contact-us\/","ownershipFundingInfo":"https:\/\/sso2.com\/about-us\/","actionableFeedbackPolicy":"https:\/\/sso2.com\/contact-us\/"}]}},"jetpack_sharing_enabled":true,"jetpack_shortlink":"https:\/\/wp.me\/PaSzwI-6M","_links":{"self":[{"href":"https:\/\/sso2.com\/es\/wp-json\/wp\/v2\/pages\/420","targetHints":{"allow":["GET"]}}],"collection":[{"href":"https:\/\/sso2.com\/es\/wp-json\/wp\/v2\/pages"}],"about":[{"href":"https:\/\/sso2.com\/es\/wp-json\/wp\/v2\/types\/page"}],"author":[{"embeddable":true,"href":"https:\/\/sso2.com\/es\/wp-json\/wp\/v2\/users\/6"}],"replies":[{"embeddable":true,"href":"https:\/\/sso2.com\/es\/wp-json\/wp\/v2\/comments?post=420"}],"version-history":[{"count":0,"href":"https:\/\/sso2.com\/es\/wp-json\/wp\/v2\/pages\/420\/revisions"}],"wp:attachment":[{"href":"https:\/\/sso2.com\/es\/wp-json\/wp\/v2\/media?parent=420"}],"curies":[{"name":"wp","href":"https:\/\/api.w.org\/{rel}","templated":true}]}}