{"id":1162,"date":"2021-02-09T23:28:17","date_gmt":"2021-02-09T23:28:17","guid":{"rendered":"https:\/\/sso2.com\/?page_id=1162"},"modified":"2025-11-29T13:56:45","modified_gmt":"2025-11-29T13:56:45","slug":"psa-and-vpsa-processing","status":"publish","type":"page","link":"https:\/\/sso2.com\/es\/application-notes\/psa-and-vpsa-processing\/","title":{"rendered":"Procesamiento de PSA y VPSA"},"content":{"rendered":"<div data-elementor-type=\"wp-page\" data-elementor-id=\"1162\" class=\"elementor elementor-1162\" data-elementor-post-type=\"page\">\n\t\t\t\t<div class=\"elementor-element elementor-element-4bfa18e8 e-flex e-con-boxed e-con e-parent\" data-id=\"4bfa18e8\" data-element_type=\"container\" data-e-type=\"container\">\n\t\t\t\t\t<div class=\"e-con-inner\">\n\t\t\t\t<div class=\"elementor-element elementor-element-26e6f0fc elementor-widget elementor-widget-text-editor\" data-id=\"26e6f0fc\" data-element_type=\"widget\" data-e-type=\"widget\" data-widget_type=\"text-editor.default\">\n\t\t\t\t<div class=\"elementor-widget-container\">\n\t\t\t\t\t\t\t\t\t<p>Tener acceso a ox\u00edgeno y nitr\u00f3geno de alta pureza es importante para muchas industrias. A menudo, una opci\u00f3n econ\u00f3mica para que las plantas m\u00e1s peque\u00f1as obtengan este gas es generarlo a partir del aire que nos rodea in situ utilizando un generador de adsorci\u00f3n por cambio de presi\u00f3n (PSA). Los generadores PSA pueden variar desde peque\u00f1os paquetes que caben en un pat\u00edn hasta instalaciones excepcionalmente grandes. Se pueden utilizar para generar ox\u00edgeno o nitr\u00f3geno gaseoso.<\/p><p>Los generadores PSA aprovechan el hecho de que, bajo alta presi\u00f3n, ciertos gases tienden a adsorberse, o adherirse, a determinados materiales. Por ejemplo: para generar ox\u00edgeno, se comprime el aire y se hace pasar por zeolita, que adsorbe el nitr\u00f3geno y deja un aire m\u00e1s saturado de ox\u00edgeno. Cuando la zeolita est\u00e1 completamente saturada, se reduce la presi\u00f3n para desorber, o separar, el nitr\u00f3geno de la zeolita para que pueda ventilarse. Para generar nitr\u00f3geno, se utiliza un tamiz de carb\u00f3n en lugar de zeolita. Los generadores PSA al vac\u00edo (VPSA) funcionan de manera inherentemente similar, pero utilizan sopladores de vac\u00edo para reducir la presi\u00f3n de desorci\u00f3n y mejorar la cantidad de gas residual expulsado.<\/p><p>La detecci\u00f3n de ox\u00edgeno es fundamental para el funcionamiento de los generadores (V)PSA, ya que es necesario saber si el gas que se produce tiene la calidad deseada. Ofrecemos sensores electroqu\u00edmicos fiables y de \u00faltima generaci\u00f3n que pueden medir hasta partes por mill\u00f3n o un bajo porcentaje de ox\u00edgeno para la generaci\u00f3n de nitr\u00f3geno, o hasta 100% de ox\u00edgeno para la generaci\u00f3n de O2 puro. Nuestros analizadores van desde el montaje en rack de 19 pulgadas <a href=\"https:\/\/sso2.com\/es\/producto\/omd-675\/\">OMD-675<\/a> y <a href=\"https:\/\/sso2.com\/es\/producto\/omd-775\/\">OMD-775<\/a>, al compacto <a href=\"https:\/\/sso2.com\/es\/producto\/compact-in-line-oxygen-transmitter-ce\/\">OMD-507<\/a> para adaptarse a todas las etapas de generaci\u00f3n de gas y a todos los tama\u00f1os de generadores PSA.<\/p>\t\t\t\t\t\t\t\t<\/div>\n\t\t\t\t<\/div>\n\t\t\t\t\t<\/div>\n\t\t\t\t<\/div>\n\t\t\t\t<\/div>","protected":false},"excerpt":{"rendered":"<p>Having access to high purity oxygen and nitrogen is important for many industries. Often an economical choice for smaller plants to get this gas is to generate it from the air around us on-site using a pressure swing adsorption (PSA) generator. \u00a0PSA generators can vary from small packages that can fit on a skid, all [&hellip;]<\/p>\n","protected":false},"author":6,"featured_media":0,"parent":388,"menu_order":0,"comment_status":"closed","ping_status":"closed","template":"","meta":{"footnotes":""},"class_list":["post-1162","page","type-page","status-publish","hentry"],"yoast_head":"<!-- This site is optimized with the Yoast SEO Premium plugin v27.2 (Yoast SEO v27.2) - https:\/\/yoast.com\/product\/yoast-seo-premium-wordpress\/ -->\n<title>PSA &amp; VPSA Processing | Oxygen &amp; O\u2082 Monitoring Systems<\/title>\n<meta name=\"description\" content=\"Optimize PSA and VPSA gas separation processes with advanced oxygen sensors, O\u2082 analyzers, and depletion\/deficiency monitors for safe and efficient operation.\" \/>\n<meta name=\"robots\" content=\"index, follow, max-snippet:-1, max-image-preview:large, max-video-preview:-1\" \/>\n<link rel=\"canonical\" href=\"https:\/\/sso2.com\/es\/application-notes\/psa-and-vpsa-processing\/\" \/>\n<meta property=\"og:locale\" content=\"es_ES\" \/>\n<meta property=\"og:type\" content=\"article\" \/>\n<meta property=\"og:title\" content=\"PSA and VPSA Processing\" \/>\n<meta property=\"og:description\" content=\"Optimize PSA and VPSA gas separation processes with advanced oxygen sensors, O\u2082 analyzers, and depletion\/deficiency monitors for safe and efficient operation.\" \/>\n<meta property=\"og:url\" content=\"https:\/\/sso2.com\/es\/application-notes\/psa-and-vpsa-processing\/\" \/>\n<meta property=\"og:site_name\" content=\"Southland Sensing Ltd.\" \/>\n<meta property=\"article:modified_time\" content=\"2025-11-29T13:56:45+00:00\" \/>\n<meta property=\"og:image\" content=\"https:\/\/i0.wp.com\/sso2.com\/wp-content\/uploads\/2025\/02\/omd-21.png?fit=1290%2C1158&ssl=1\" \/>\n\t<meta property=\"og:image:width\" content=\"1290\" \/>\n\t<meta property=\"og:image:height\" content=\"1158\" \/>\n\t<meta property=\"og:image:type\" content=\"image\/png\" \/>\n<meta name=\"twitter:card\" content=\"summary_large_image\" \/>\n<meta name=\"twitter:label1\" content=\"Tiempo de lectura\" \/>\n\t<meta name=\"twitter:data1\" content=\"2 minutos\" \/>\n<script type=\"application\/ld+json\" class=\"yoast-schema-graph\">{\"@context\":\"https:\/\/schema.org\",\"@graph\":[{\"@type\":\"WebPage\",\"@id\":\"https:\/\/sso2.com\/application-notes\/psa-and-vpsa-processing\/\",\"url\":\"https:\/\/sso2.com\/application-notes\/psa-and-vpsa-processing\/\",\"name\":\"PSA & VPSA Processing | Oxygen & O\u2082 Monitoring Systems\",\"isPartOf\":{\"@id\":\"https:\/\/sso2.com\/#website\"},\"datePublished\":\"2021-02-09T23:28:17+00:00\",\"dateModified\":\"2025-11-29T13:56:45+00:00\",\"description\":\"Optimize PSA and VPSA gas separation processes with advanced oxygen sensors, O\u2082 analyzers, and depletion\/deficiency monitors for safe and efficient operation.\",\"breadcrumb\":{\"@id\":\"https:\/\/sso2.com\/application-notes\/psa-and-vpsa-processing\/#breadcrumb\"},\"inLanguage\":\"es-AR\",\"potentialAction\":[{\"@type\":\"ReadAction\",\"target\":[\"https:\/\/sso2.com\/application-notes\/psa-and-vpsa-processing\/\"]}]},{\"@type\":\"BreadcrumbList\",\"@id\":\"https:\/\/sso2.com\/application-notes\/psa-and-vpsa-processing\/#breadcrumb\",\"itemListElement\":[{\"@type\":\"ListItem\",\"position\":1,\"name\":\"Home\",\"item\":\"https:\/\/sso2.com\/en\/\"},{\"@type\":\"ListItem\",\"position\":2,\"name\":\"Application Notes\",\"item\":\"https:\/\/sso2.com\/application-notes\/\"},{\"@type\":\"ListItem\",\"position\":3,\"name\":\"PSA and VPSA Processing\"}]},{\"@type\":\"WebSite\",\"@id\":\"https:\/\/sso2.com\/#website\",\"url\":\"https:\/\/sso2.com\/\",\"name\":\"Southland Sensing Ltd.\",\"description\":\"Industrial &amp; Medical Gas Analyzers Oxygen CO\u2082, &amp; H\u2082 Monitors\",\"publisher\":{\"@id\":\"https:\/\/sso2.com\/#organization\"},\"alternateName\":\"SSO2\",\"potentialAction\":[{\"@type\":\"SearchAction\",\"target\":{\"@type\":\"EntryPoint\",\"urlTemplate\":\"https:\/\/sso2.com\/?s={search_term_string}\"},\"query-input\":{\"@type\":\"PropertyValueSpecification\",\"valueRequired\":true,\"valueName\":\"search_term_string\"}}],\"inLanguage\":\"es-AR\"},{\"@type\":\"Organization\",\"@id\":\"https:\/\/sso2.com\/#organization\",\"name\":\"Southland Sensing Ltd.\",\"alternateName\":\"SSO2\",\"url\":\"https:\/\/sso2.com\/\",\"logo\":{\"@type\":\"ImageObject\",\"inLanguage\":\"es-AR\",\"@id\":\"https:\/\/sso2.com\/#\/schema\/logo\/image\/\",\"url\":\"https:\/\/sso2.com\/wp-content\/uploads\/2025\/10\/sso2_300pixel.webp\",\"contentUrl\":\"https:\/\/sso2.com\/wp-content\/uploads\/2025\/10\/sso2_300pixel.webp\",\"width\":300,\"height\":50,\"caption\":\"Southland Sensing Ltd.\"},\"image\":{\"@id\":\"https:\/\/sso2.com\/#\/schema\/logo\/image\/\"},\"sameAs\":[\"https:\/\/www.linkedin.com\/company\/southland-sensing-ltd\/\"],\"description\":\"Southland Sensing Ltd. brings together superior performance, an improved user experience, and unmatched application expertise to deliver an accurate and reliable measurement solution. That\u2019s why multinationals, small companies and universities alike turn to us again and again.\",\"email\":\"sales@sso2.com\",\"telephone\":\"1-949-398-2879\",\"legalName\":\"Southland Sensing Ltd.\",\"foundingDate\":\"2013-01-01\",\"numberOfEmployees\":{\"@type\":\"QuantitativeValue\",\"minValue\":\"11\",\"maxValue\":\"50\"},\"publishingPrinciples\":\"https:\/\/sso2.com\/contact-us\/\",\"ownershipFundingInfo\":\"https:\/\/sso2.com\/about-us\/\",\"actionableFeedbackPolicy\":\"https:\/\/sso2.com\/contact-us\/\"}]}<\/script>\n<!-- \/ Yoast SEO Premium plugin. -->","yoast_head_json":{"title":"PSA & VPSA Processing | Oxygen & O\u2082 Monitoring Systems","description":"Optimize PSA and VPSA gas separation processes with advanced oxygen sensors, O\u2082 analyzers, and depletion\/deficiency monitors for safe and efficient operation.","robots":{"index":"index","follow":"follow","max-snippet":"max-snippet:-1","max-image-preview":"max-image-preview:large","max-video-preview":"max-video-preview:-1"},"canonical":"https:\/\/sso2.com\/es\/application-notes\/psa-and-vpsa-processing\/","og_locale":"es_ES","og_type":"article","og_title":"PSA and VPSA Processing","og_description":"Optimize PSA and VPSA gas separation processes with advanced oxygen sensors, O\u2082 analyzers, and depletion\/deficiency monitors for safe and efficient operation.","og_url":"https:\/\/sso2.com\/es\/application-notes\/psa-and-vpsa-processing\/","og_site_name":"Southland Sensing Ltd.","article_modified_time":"2025-11-29T13:56:45+00:00","og_image":[{"width":1290,"height":1158,"url":"https:\/\/i0.wp.com\/sso2.com\/wp-content\/uploads\/2025\/02\/omd-21.png?fit=1290%2C1158&ssl=1","type":"image\/png"}],"twitter_card":"summary_large_image","twitter_misc":{"Tiempo de lectura":"2 minutos"},"schema":{"@context":"https:\/\/schema.org","@graph":[{"@type":"WebPage","@id":"https:\/\/sso2.com\/application-notes\/psa-and-vpsa-processing\/","url":"https:\/\/sso2.com\/application-notes\/psa-and-vpsa-processing\/","name":"PSA & VPSA Processing | Oxygen & O\u2082 Monitoring Systems","isPartOf":{"@id":"https:\/\/sso2.com\/#website"},"datePublished":"2021-02-09T23:28:17+00:00","dateModified":"2025-11-29T13:56:45+00:00","description":"Optimize PSA and VPSA gas separation processes with advanced oxygen sensors, O\u2082 analyzers, and depletion\/deficiency monitors for safe and efficient operation.","breadcrumb":{"@id":"https:\/\/sso2.com\/application-notes\/psa-and-vpsa-processing\/#breadcrumb"},"inLanguage":"es-AR","potentialAction":[{"@type":"ReadAction","target":["https:\/\/sso2.com\/application-notes\/psa-and-vpsa-processing\/"]}]},{"@type":"BreadcrumbList","@id":"https:\/\/sso2.com\/application-notes\/psa-and-vpsa-processing\/#breadcrumb","itemListElement":[{"@type":"ListItem","position":1,"name":"Home","item":"https:\/\/sso2.com\/en\/"},{"@type":"ListItem","position":2,"name":"Application Notes","item":"https:\/\/sso2.com\/application-notes\/"},{"@type":"ListItem","position":3,"name":"PSA and VPSA Processing"}]},{"@type":"WebSite","@id":"https:\/\/sso2.com\/#website","url":"https:\/\/sso2.com\/","name":"Southland Sensing Ltd.","description":"Industrial &amp; Medical Gas Analyzers Oxygen CO\u2082, &amp; H\u2082 Monitors","publisher":{"@id":"https:\/\/sso2.com\/#organization"},"alternateName":"SSO2","potentialAction":[{"@type":"SearchAction","target":{"@type":"EntryPoint","urlTemplate":"https:\/\/sso2.com\/?s={search_term_string}"},"query-input":{"@type":"PropertyValueSpecification","valueRequired":true,"valueName":"search_term_string"}}],"inLanguage":"es-AR"},{"@type":"Organization","@id":"https:\/\/sso2.com\/#organization","name":"Southland Sensing Ltd.","alternateName":"SSO2","url":"https:\/\/sso2.com\/","logo":{"@type":"ImageObject","inLanguage":"es-AR","@id":"https:\/\/sso2.com\/#\/schema\/logo\/image\/","url":"https:\/\/sso2.com\/wp-content\/uploads\/2025\/10\/sso2_300pixel.webp","contentUrl":"https:\/\/sso2.com\/wp-content\/uploads\/2025\/10\/sso2_300pixel.webp","width":300,"height":50,"caption":"Southland Sensing Ltd."},"image":{"@id":"https:\/\/sso2.com\/#\/schema\/logo\/image\/"},"sameAs":["https:\/\/www.linkedin.com\/company\/southland-sensing-ltd\/"],"description":"Southland Sensing Ltd. brings together superior performance, an improved user experience, and unmatched application expertise to deliver an accurate and reliable measurement solution. That\u2019s why multinationals, small companies and universities alike turn to us again and again.","email":"sales@sso2.com","telephone":"1-949-398-2879","legalName":"Southland Sensing Ltd.","foundingDate":"2013-01-01","numberOfEmployees":{"@type":"QuantitativeValue","minValue":"11","maxValue":"50"},"publishingPrinciples":"https:\/\/sso2.com\/contact-us\/","ownershipFundingInfo":"https:\/\/sso2.com\/about-us\/","actionableFeedbackPolicy":"https:\/\/sso2.com\/contact-us\/"}]}},"jetpack_sharing_enabled":true,"jetpack_shortlink":"https:\/\/wp.me\/PaSzwI-iK","_links":{"self":[{"href":"https:\/\/sso2.com\/es\/wp-json\/wp\/v2\/pages\/1162","targetHints":{"allow":["GET"]}}],"collection":[{"href":"https:\/\/sso2.com\/es\/wp-json\/wp\/v2\/pages"}],"about":[{"href":"https:\/\/sso2.com\/es\/wp-json\/wp\/v2\/types\/page"}],"author":[{"embeddable":true,"href":"https:\/\/sso2.com\/es\/wp-json\/wp\/v2\/users\/6"}],"replies":[{"embeddable":true,"href":"https:\/\/sso2.com\/es\/wp-json\/wp\/v2\/comments?post=1162"}],"version-history":[{"count":0,"href":"https:\/\/sso2.com\/es\/wp-json\/wp\/v2\/pages\/1162\/revisions"}],"up":[{"embeddable":true,"href":"https:\/\/sso2.com\/es\/wp-json\/wp\/v2\/pages\/388"}],"wp:attachment":[{"href":"https:\/\/sso2.com\/es\/wp-json\/wp\/v2\/media?parent=1162"}],"curies":[{"name":"wp","href":"https:\/\/api.w.org\/{rel}","templated":true}]}}