{"id":893,"date":"2019-06-06T16:24:37","date_gmt":"2019-06-06T16:24:37","guid":{"rendered":"https:\/\/demo.activebizsolutions.com\/?post_type=product&#038;p=893"},"modified":"2025-11-19T12:25:30","modified_gmt":"2025-11-19T12:25:30","slug":"hazardous-area-online-process-hydrogen-sulfide-analyzer","status":"publish","type":"product","link":"https:\/\/sso2.com\/de\/product\/hazardous-area-online-process-hydrogen-sulfide-analyzer\/","title":{"rendered":"H2S-625 H2S-Analysator f\u00fcr gef\u00e4hrliche Bereiche"},"content":{"rendered":"<p>Der H2S-625 Online-Schwefelwasserstoff-Analysator f\u00fcr explosionsgef\u00e4hrdete Bereiche ist f\u00fcr einen kontinuierlichen Betrieb mit sehr geringem Wartungsbedarf ausgelegt.  Der Analysator verf\u00fcgt \u00fcber eine ATEX- und IECEx-Zertifizierung f\u00fcr den Einsatz in Ex db ib IIB+H2 T4 Gb-Bereichen. Das Ger\u00e4t kombiniert eine Reihe fortschrittlicher elektronischer Funktionen, einschlie\u00dflich einer intelligenten MENU-Schnittstelle, mit unserer branchenf\u00fchrenden elektrochemischen Pr\u00e4zisionssensortechnologie. Das Ergebnis ist ein \u00e4u\u00dferst zuverl\u00e4ssiges und kosteneffektives Design mit einer einfach zu bedienenden Benutzeroberfl\u00e4che.<\/p>\n<ul>\n<li>Geh\u00e4usetyp: Wandmontage; Mastmontage<\/li>\n<li>Standard-Bereiche: 0 - 10\/50\/100\/200 PPM<\/li>\n<li>Optionale Bereiche: 0 - 100\/500\/1000\/2000 PPM<\/li>\n<li>Optionale Bereiche: 0 - 1000\/2000\/5000\/10000 PPM<\/li>\n<li>Reichweitenmodus: Auto-Range oder Manuelle Reichweite<\/li>\n<li>Aufl\u00f6sung: 0,01 PPM, 0,1 PPM oder 1 PPM<\/li>\n<li>Eingangsleistung: 100 - 240 VAC oder 12 - 24 VDC<\/li>\n<li>Analoger Ausgang: 4 - 20mA oder 1 - 5V DC<\/li>\n<li>Kommunikation: Bidirektionaler MODBUS RS485 RTU<\/li>\n<li>Alarme: 2 vollst\u00e4ndig einstellbare Form-C-Relaiskontakte<\/li>\n<\/ul>\n<p>Die eingebaute intelligente MENU-Schnittstelle erm\u00f6glicht es dem Benutzer, den Analysator \u00fcber das integrierte MENU-System vollst\u00e4ndig zu konfigurieren, ohne dass ein komplizierter Laptop oder ein anderes Steuerger\u00e4t zur Einrichtung des Analysators vor Ort erforderlich ist.<\/p>\n<p>Der Analysator ist als extraktives Ger\u00e4t konzipiert, das die Probe durch sein integriertes Probensystem zieht, das ein 3-Wege-Proben-\/Kalibrierventil und einen visuellen Rotameter\/Durchflussmesser mit Durchflussregelventil umfasst.  Der Analysator ist so konzipiert, dass kein Sauerstoff im Messgas vorhanden sein muss, um eine gute und genaue H2S-Messung zu erhalten.<\/p>\n<p>Der H2S-Sensor basiert auf dem Prinzip der galvanischen elektrochemischen Brennstoffzelle.  Die Sensoren sind in sich geschlossen und erfordern nur minimale Wartung - es m\u00fcssen keine Elektroden gereinigt oder Elektrolyte hinzugef\u00fcgt werden.  Die Pr\u00e4zisionssensoren bieten eine hervorragende Leistung, Genauigkeit und Stabilit\u00e4t und maximieren gleichzeitig die erwartete Lebensdauer.  Der H2S-1x verf\u00fcgt \u00fcber vier Messbereiche: 0 - 10 ppm, 0 - 50 ppm, 0 - 100 ppm und 0 - 200 ppm.  Der H2S-2x hat 0 - 100 ppm, 0 - 500 ppm, 0 - 1000 ppm und 0 - 2000 ppm. Das H2S-3x hat 0 - 1000 ppm, 0 - 2000 ppm, 0 - 5000 ppm und 0 - 10000 ppm.<\/p>\n<p>Die Sensoren sind in sich geschlossen und erfordern nur minimale Wartung - es m\u00fcssen keine Elektroden gereinigt oder Elektrolyte hinzugef\u00fcgt werden.<\/p>\n<p>Zu den Haupteinsatzgebieten dieses Analysators geh\u00f6ren Erdgas-, Deponie- und Biogasanwendungen.<\/p>","protected":false},"excerpt":{"rendered":"<p>The H2S-625 Hazardous Area Online Hydrogen Sulfide Analyzer is designed to continuously with very little maintenance requirement.\u00a0 The analyzer comes with ATEX and IECEx certification for use in Ex db ib IIB+H2 T4 Gb areas. The unit combines an advanced set of electronic features including a smart MENU interface with our industry leading precision electrochemical [&hellip;]<\/p>\n","protected":false},"featured_media":1914,"comment_status":"open","ping_status":"closed","template":"","meta":[],"product_brand":[],"product_cat":[29],"product_tag":[],"class_list":{"0":"post-893","1":"product","2":"type-product","3":"status-publish","4":"has-post-thumbnail","6":"product_cat-industrial-h2s-analyzers","8":"first","9":"instock","10":"shipping-taxable","11":"product-type-external"},"yoast_head":"<!-- This site is optimized with the Yoast SEO Premium plugin v27.4 (Yoast SEO v27.4) - https:\/\/yoast.com\/product\/yoast-seo-premium-wordpress\/ -->\n<title>H2S-625 Hazardous Area H2S Analyzer | Gas Detector<\/title>\n<meta name=\"description\" content=\"The H2S-625 is a hazardous area H2S analyzer. Ensure safety with reliable gas detection in potentially oxygen deficient atmosphere environments.\" \/>\n<meta name=\"robots\" content=\"index, follow, max-snippet:-1, max-image-preview:large, max-video-preview:-1\" \/>\n<link rel=\"canonical\" href=\"https:\/\/sso2.com\/de\/produkt\/hazardous-area-online-process-hydrogen-sulfide-analyzer\/\" \/>\n<meta property=\"og:locale\" content=\"de_DE\" \/>\n<meta property=\"og:type\" content=\"article\" \/>\n<meta property=\"og:title\" content=\"H2S-625 Hazardous Area H2S Analyzer\" \/>\n<meta property=\"og:description\" content=\"The H2S-625 is a hazardous area H2S analyzer. Ensure safety with reliable gas detection in potentially oxygen deficient atmosphere environments.\" \/>\n<meta property=\"og:url\" content=\"https:\/\/sso2.com\/de\/produkt\/hazardous-area-online-process-hydrogen-sulfide-analyzer\/\" \/>\n<meta property=\"og:site_name\" content=\"Southland Sensing Ltd.\" \/>\n<meta property=\"article:modified_time\" content=\"2025-11-19T12:25:30+00:00\" \/>\n<meta property=\"og:image\" content=\"https:\/\/sso2.com\/wp-content\/uploads\/2022\/06\/h2s-625.png\" \/>\n\t<meta property=\"og:image:width\" content=\"966\" \/>\n\t<meta property=\"og:image:height\" content=\"940\" \/>\n\t<meta property=\"og:image:type\" content=\"image\/png\" \/>\n<meta name=\"twitter:card\" content=\"summary_large_image\" \/>\n<meta name=\"twitter:label1\" content=\"Preis\" \/>\n\t<meta name=\"twitter:data1\" content=\"\" \/>\n\t<meta name=\"twitter:label2\" content=\"Verf\u00fcgbarkeit\" \/>\n\t<meta name=\"twitter:data2\" content=\"Auf Lager\" \/>\n<script type=\"application\/ld+json\" class=\"yoast-schema-graph\">{\"@context\":\"https:\\\/\\\/schema.org\",\"@graph\":[{\"@type\":\"WebPage\",\"@id\":\"https:\\\/\\\/sso2.com\\\/product\\\/hazardous-area-online-process-hydrogen-sulfide-analyzer\\\/\",\"url\":\"https:\\\/\\\/sso2.com\\\/product\\\/hazardous-area-online-process-hydrogen-sulfide-analyzer\\\/\",\"name\":\"H2S-625 Hazardous Area H2S Analyzer | Gas Detector\",\"isPartOf\":{\"@id\":\"https:\\\/\\\/sso2.com\\\/#website\"},\"primaryImageOfPage\":{\"@id\":\"https:\\\/\\\/sso2.com\\\/product\\\/hazardous-area-online-process-hydrogen-sulfide-analyzer\\\/#primaryimage\"},\"image\":{\"@id\":\"https:\\\/\\\/sso2.com\\\/product\\\/hazardous-area-online-process-hydrogen-sulfide-analyzer\\\/#primaryimage\"},\"thumbnailUrl\":\"https:\\\/\\\/i0.wp.com\\\/sso2.com\\\/wp-content\\\/uploads\\\/2022\\\/06\\\/h2s-625.png?fit=966%2C940&ssl=1\",\"datePublished\":\"2019-06-06T16:24:37+00:00\",\"dateModified\":\"2025-11-19T12:25:30+00:00\",\"description\":\"The H2S-625 is a hazardous area H2S analyzer. Ensure safety with reliable gas detection in potentially oxygen deficient atmosphere environments.\",\"breadcrumb\":{\"@id\":\"https:\\\/\\\/sso2.com\\\/product\\\/hazardous-area-online-process-hydrogen-sulfide-analyzer\\\/#breadcrumb\"},\"inLanguage\":\"de\",\"potentialAction\":[{\"@type\":\"ReadAction\",\"target\":[\"https:\\\/\\\/sso2.com\\\/product\\\/hazardous-area-online-process-hydrogen-sulfide-analyzer\\\/\"]}]},{\"@type\":\"ImageObject\",\"inLanguage\":\"de\",\"@id\":\"https:\\\/\\\/sso2.com\\\/product\\\/hazardous-area-online-process-hydrogen-sulfide-analyzer\\\/#primaryimage\",\"url\":\"https:\\\/\\\/i0.wp.com\\\/sso2.com\\\/wp-content\\\/uploads\\\/2022\\\/06\\\/h2s-625.png?fit=966%2C940&ssl=1\",\"contentUrl\":\"https:\\\/\\\/i0.wp.com\\\/sso2.com\\\/wp-content\\\/uploads\\\/2022\\\/06\\\/h2s-625.png?fit=966%2C940&ssl=1\",\"width\":966,\"height\":940},{\"@type\":\"BreadcrumbList\",\"@id\":\"https:\\\/\\\/sso2.com\\\/product\\\/hazardous-area-online-process-hydrogen-sulfide-analyzer\\\/#breadcrumb\",\"itemListElement\":[{\"@type\":\"ListItem\",\"position\":1,\"name\":\"Home\",\"item\":\"https:\\\/\\\/sso2.com\\\/en\\\/\"},{\"@type\":\"ListItem\",\"position\":2,\"name\":\"Shop\",\"item\":\"https:\\\/\\\/sso2.com\\\/shop\\\/\"},{\"@type\":\"ListItem\",\"position\":3,\"name\":\"H2S-625 Hazardous Area H2S Analyzer\"}]},{\"@type\":\"WebSite\",\"@id\":\"https:\\\/\\\/sso2.com\\\/#website\",\"url\":\"https:\\\/\\\/sso2.com\\\/\",\"name\":\"Southland Sensing Ltd.\",\"description\":\"Industrial &amp; Medical Gas Analyzers Oxygen CO\u2082, &amp; H\u2082 Monitors\",\"publisher\":{\"@id\":\"https:\\\/\\\/sso2.com\\\/#organization\"},\"alternateName\":\"SSO2\",\"potentialAction\":[{\"@type\":\"SearchAction\",\"target\":{\"@type\":\"EntryPoint\",\"urlTemplate\":\"https:\\\/\\\/sso2.com\\\/?s={search_term_string}\"},\"query-input\":{\"@type\":\"PropertyValueSpecification\",\"valueRequired\":true,\"valueName\":\"search_term_string\"}}],\"inLanguage\":\"de\"},{\"@type\":\"Organization\",\"@id\":\"https:\\\/\\\/sso2.com\\\/#organization\",\"name\":\"Southland Sensing Ltd.\",\"alternateName\":\"SSO2\",\"url\":\"https:\\\/\\\/sso2.com\\\/\",\"logo\":{\"@type\":\"ImageObject\",\"inLanguage\":\"de\",\"@id\":\"https:\\\/\\\/sso2.com\\\/#\\\/schema\\\/logo\\\/image\\\/\",\"url\":\"https:\\\/\\\/sso2.com\\\/wp-content\\\/uploads\\\/2025\\\/10\\\/sso2_300pixel.webp\",\"contentUrl\":\"https:\\\/\\\/sso2.com\\\/wp-content\\\/uploads\\\/2025\\\/10\\\/sso2_300pixel.webp\",\"width\":300,\"height\":50,\"caption\":\"Southland Sensing Ltd.\"},\"image\":{\"@id\":\"https:\\\/\\\/sso2.com\\\/#\\\/schema\\\/logo\\\/image\\\/\"},\"sameAs\":[\"https:\\\/\\\/www.linkedin.com\\\/company\\\/southland-sensing-ltd\\\/\"],\"description\":\"Southland Sensing Ltd. brings together superior performance, an improved user experience, and unmatched application expertise to deliver an accurate and reliable measurement solution. That\u2019s why multinationals, small companies and universities alike turn to us again and again.\",\"email\":\"sales@sso2.com\",\"telephone\":\"1-949-398-2879\",\"legalName\":\"Southland Sensing Ltd.\",\"foundingDate\":\"2013-01-01\",\"numberOfEmployees\":{\"@type\":\"QuantitativeValue\",\"minValue\":\"11\",\"maxValue\":\"50\"},\"publishingPrinciples\":\"https:\\\/\\\/sso2.com\\\/contact-us\\\/\",\"ownershipFundingInfo\":\"https:\\\/\\\/sso2.com\\\/about-us\\\/\",\"actionableFeedbackPolicy\":\"https:\\\/\\\/sso2.com\\\/contact-us\\\/\"}]}<\/script>\n<meta property=\"product:price:currency\" content=\"USD\" \/>\n<meta property=\"og:availability\" content=\"instock\" \/>\n<meta property=\"product:availability\" content=\"instock\" \/>\n<meta property=\"product:condition\" content=\"new\" \/>\n<!-- \/ Yoast SEO Premium plugin. -->","yoast_head_json":{"title":"H2S-625 H2S-Analysator f\u00fcr explosionsgef\u00e4hrdete Bereiche | Gasdetektor","description":"Der H2S-625 ist ein H2S-Analysator f\u00fcr explosionsgef\u00e4hrdete Bereiche. Gew\u00e4hrleisten Sie Sicherheit durch zuverl\u00e4ssige Gasmessung in potenziell sauerstoffarmen Atmosph\u00e4ren.","robots":{"index":"index","follow":"follow","max-snippet":"max-snippet:-1","max-image-preview":"max-image-preview:large","max-video-preview":"max-video-preview:-1"},"canonical":"https:\/\/sso2.com\/de\/produkt\/hazardous-area-online-process-hydrogen-sulfide-analyzer\/","og_locale":"de_DE","og_type":"article","og_title":"H2S-625 Hazardous Area H2S Analyzer","og_description":"The H2S-625 is a hazardous area H2S analyzer. Ensure safety with reliable gas detection in potentially oxygen deficient atmosphere environments.","og_url":"https:\/\/sso2.com\/de\/produkt\/hazardous-area-online-process-hydrogen-sulfide-analyzer\/","og_site_name":"Southland Sensing Ltd.","article_modified_time":"2025-11-19T12:25:30+00:00","og_image":[{"width":966,"height":940,"url":"https:\/\/sso2.com\/wp-content\/uploads\/2022\/06\/h2s-625.png","type":"image\/png"}],"twitter_card":"summary_large_image","twitter_misc":{"Preis":"","Verf\u00fcgbarkeit":"Auf Lager"},"schema":{"@context":"https:\/\/schema.org","@graph":[{"@type":"WebPage","@id":"https:\/\/sso2.com\/product\/hazardous-area-online-process-hydrogen-sulfide-analyzer\/","url":"https:\/\/sso2.com\/product\/hazardous-area-online-process-hydrogen-sulfide-analyzer\/","name":"H2S-625 H2S-Analysator f\u00fcr explosionsgef\u00e4hrdete Bereiche | Gasdetektor","isPartOf":{"@id":"https:\/\/sso2.com\/#website"},"primaryImageOfPage":{"@id":"https:\/\/sso2.com\/product\/hazardous-area-online-process-hydrogen-sulfide-analyzer\/#primaryimage"},"image":{"@id":"https:\/\/sso2.com\/product\/hazardous-area-online-process-hydrogen-sulfide-analyzer\/#primaryimage"},"thumbnailUrl":"https:\/\/i0.wp.com\/sso2.com\/wp-content\/uploads\/2022\/06\/h2s-625.png?fit=966%2C940&ssl=1","datePublished":"2019-06-06T16:24:37+00:00","dateModified":"2025-11-19T12:25:30+00:00","description":"Der H2S-625 ist ein H2S-Analysator f\u00fcr explosionsgef\u00e4hrdete Bereiche. Gew\u00e4hrleisten Sie Sicherheit durch zuverl\u00e4ssige Gasmessung in potenziell sauerstoffarmen Atmosph\u00e4ren.","breadcrumb":{"@id":"https:\/\/sso2.com\/product\/hazardous-area-online-process-hydrogen-sulfide-analyzer\/#breadcrumb"},"inLanguage":"de","potentialAction":[{"@type":"ReadAction","target":["https:\/\/sso2.com\/product\/hazardous-area-online-process-hydrogen-sulfide-analyzer\/"]}]},{"@type":"ImageObject","inLanguage":"de","@id":"https:\/\/sso2.com\/product\/hazardous-area-online-process-hydrogen-sulfide-analyzer\/#primaryimage","url":"https:\/\/i0.wp.com\/sso2.com\/wp-content\/uploads\/2022\/06\/h2s-625.png?fit=966%2C940&ssl=1","contentUrl":"https:\/\/i0.wp.com\/sso2.com\/wp-content\/uploads\/2022\/06\/h2s-625.png?fit=966%2C940&ssl=1","width":966,"height":940},{"@type":"BreadcrumbList","@id":"https:\/\/sso2.com\/product\/hazardous-area-online-process-hydrogen-sulfide-analyzer\/#breadcrumb","itemListElement":[{"@type":"ListItem","position":1,"name":"Home","item":"https:\/\/sso2.com\/en\/"},{"@type":"ListItem","position":2,"name":"Shop","item":"https:\/\/sso2.com\/shop\/"},{"@type":"ListItem","position":3,"name":"H2S-625 Hazardous Area H2S Analyzer"}]},{"@type":"WebSite","@id":"https:\/\/sso2.com\/#website","url":"https:\/\/sso2.com\/","name":"Southland Sensing Ltd.","description":"Industrial &amp; Medical Gas Analyzers Oxygen CO\u2082, &amp; H\u2082 Monitors","publisher":{"@id":"https:\/\/sso2.com\/#organization"},"alternateName":"SSO2","potentialAction":[{"@type":"SearchAction","target":{"@type":"EntryPoint","urlTemplate":"https:\/\/sso2.com\/?s={search_term_string}"},"query-input":{"@type":"PropertyValueSpecification","valueRequired":true,"valueName":"search_term_string"}}],"inLanguage":"de"},{"@type":"Organization","@id":"https:\/\/sso2.com\/#organization","name":"Southland Sensing Ltd.","alternateName":"SSO2","url":"https:\/\/sso2.com\/","logo":{"@type":"ImageObject","inLanguage":"de","@id":"https:\/\/sso2.com\/#\/schema\/logo\/image\/","url":"https:\/\/sso2.com\/wp-content\/uploads\/2025\/10\/sso2_300pixel.webp","contentUrl":"https:\/\/sso2.com\/wp-content\/uploads\/2025\/10\/sso2_300pixel.webp","width":300,"height":50,"caption":"Southland Sensing Ltd."},"image":{"@id":"https:\/\/sso2.com\/#\/schema\/logo\/image\/"},"sameAs":["https:\/\/www.linkedin.com\/company\/southland-sensing-ltd\/"],"description":"Southland Sensing Ltd. brings together superior performance, an improved user experience, and unmatched application expertise to deliver an accurate and reliable measurement solution. That\u2019s why multinationals, small companies and universities alike turn to us again and again.","email":"sales@sso2.com","telephone":"1-949-398-2879","legalName":"Southland Sensing Ltd.","foundingDate":"2013-01-01","numberOfEmployees":{"@type":"QuantitativeValue","minValue":"11","maxValue":"50"},"publishingPrinciples":"https:\/\/sso2.com\/contact-us\/","ownershipFundingInfo":"https:\/\/sso2.com\/about-us\/","actionableFeedbackPolicy":"https:\/\/sso2.com\/contact-us\/"}]},"product_price_currency":"USD","og_availability":"instock","product_availability":"instock","product_condition":"new"},"jetpack_sharing_enabled":true,"_links":{"self":[{"href":"https:\/\/sso2.com\/de\/wp-json\/wp\/v2\/product\/893","targetHints":{"allow":["GET"]}}],"collection":[{"href":"https:\/\/sso2.com\/de\/wp-json\/wp\/v2\/product"}],"about":[{"href":"https:\/\/sso2.com\/de\/wp-json\/wp\/v2\/types\/product"}],"replies":[{"embeddable":true,"href":"https:\/\/sso2.com\/de\/wp-json\/wp\/v2\/comments?post=893"}],"wp:featuredmedia":[{"embeddable":true,"href":"https:\/\/sso2.com\/de\/wp-json\/wp\/v2\/media\/1914"}],"wp:attachment":[{"href":"https:\/\/sso2.com\/de\/wp-json\/wp\/v2\/media?parent=893"}],"wp:term":[{"taxonomy":"product_brand","embeddable":true,"href":"https:\/\/sso2.com\/de\/wp-json\/wp\/v2\/product_brand?post=893"},{"taxonomy":"product_cat","embeddable":true,"href":"https:\/\/sso2.com\/de\/wp-json\/wp\/v2\/product_cat?post=893"},{"taxonomy":"product_tag","embeddable":true,"href":"https:\/\/sso2.com\/de\/wp-json\/wp\/v2\/product_tag?post=893"}],"curies":[{"name":"wp","href":"https:\/\/api.w.org\/{rel}","templated":true}]}}