{"id":728,"date":"2019-04-18T08:32:55","date_gmt":"2019-04-18T08:32:55","guid":{"rendered":"http:\/\/sso2.com\/?post_type=product&#038;p=728"},"modified":"2025-11-19T12:28:45","modified_gmt":"2025-11-19T12:28:45","slug":"oem-oxygen-transmitter-kit-circuit-board-sensor-sensor-housing","status":"publish","type":"product","link":"https:\/\/sso2.com\/de\/product\/oem-oxygen-transmitter-kit-circuit-board-sensor-sensor-housing\/","title":{"rendered":"Sauerstoff-Transmitter-Bausatz der Serie EMD"},"content":{"rendered":"<p>Der Sauerstofftransmitter EMD-485D\/485M\/482D ist in erster Linie f\u00fcr OEM-Benutzer gedacht, die dieses Ger\u00e4t in ein gr\u00f6\u00dferes System wie ein Inert-Glovebox-System oder einen Stickstoff-\/Sauerstoffgenerator integrieren m\u00f6chten.  Der Sauerstoffanalysator-Bausatz ist f\u00fcr Trace- oder Percent-Anwendungen konfigurierbar und wird mit einer Platine, einem Sensor und einem abgesetzten Sensorgeh\u00e4use mit 72\u2033-Kabel geliefert.<\/p>\n<p>Der Analysator ist werkseitig auf einen der folgenden Bereiche eingestellt: 0 - 10 ppm, 0 - 100 ppm, 0 - 1000 ppm, 0 - 1 %, 0 - 5%, 0 - 10%, 0 - 25%, 0 - 100%.  Ein zweiter Bereich wird \u00fcber einen Kippschalter geladen, um die Kalibrierung mit Umgebungsluft zu erm\u00f6glichen.  Die lokale Anzeige zeigt immer den aktuellen Sauerstoffwert an, der einzelne Bereich dient der Verriegelung des Analogausgangs.<\/p>\n<p>Das EMD-482D ist als 2-Draht-Schleifenstromversorgung mit einem nicht isolierten 4-20mA-Ausgang konfiguriert.  Das EMD-485D ist als 6-Leiter 12 - 24VDC mit nicht-isolierten 4 - 20mA, 0 - 10VDC und 0 - 1VDC konfiguriert.  Das EMD-485M ist als 6-Leiter 12 - 24VDC mit nicht-isolierten 4 - 20mA, 0 - 10VDC, 0 - 1VDC &amp; bidirektionalem MODBUS RS485 ASCII.<\/p>\n<p>Der Sauerstoffsensor basiert auf dem Prinzip der galvanischen elektrochemischen Brennstoffzelle und wird unter strengen Qualit\u00e4tskontrollen im eigenen Haus hergestellt.  Die Sensoren sind in sich geschlossen und erfordern nur minimale Wartung - es m\u00fcssen keine Elektroden gereinigt oder Elektrolyte hinzugef\u00fcgt werden.  Die Pr\u00e4zisionssensoren bieten eine hervorragende Leistung, Genauigkeit und Stabilit\u00e4t und maximieren gleichzeitig die erwartete Lebensdauer.<\/p>\n<p>Die Konfigurationsoptionen f\u00fcr das Sensorgeh\u00e4use umfassen ein 72-Zoll-Kabel und k\u00f6nnen als KF-40 (inertes Handschuhfach, NW40F) mit direkter Montage oder als Durchflusssensorgeh\u00e4use mit 6 mm, 1\/8\u2033 oder 1\/4\u2033-Kompressionsrohrverschraubungen konfiguriert werden<\/p>","protected":false},"excerpt":{"rendered":"<p>The EMD-485D\/485M\/482D oxygen transmitter is designed primarily for OEM users who are looking to integrate this unit into a larger system such as an Inert Glovebox System or Nitrogen \/ Oxygen generator.\u00a0 The oxygen analyzer kit is configurable for Trace or Percent applications and comes with a circuit board, sensor and remote sensor housing with [&hellip;]<\/p>\n","protected":false},"featured_media":717,"comment_status":"open","ping_status":"closed","template":"","meta":[],"product_brand":[],"product_cat":[26],"product_tag":[],"class_list":{"0":"post-728","1":"product","2":"type-product","3":"status-publish","4":"has-post-thumbnail","6":"product_cat-industrial-oxygen-analyzers","8":"first","9":"instock","10":"shipping-taxable","11":"product-type-external"},"yoast_head":"<!-- This site is optimized with the Yoast SEO Premium plugin v27.2 (Yoast SEO v27.2) - https:\/\/yoast.com\/product\/yoast-seo-premium-wordpress\/ -->\n<title>EMD Series Oxygen Transmitter Kit | O2 Sensor &amp; Probe<\/title>\n<meta name=\"description\" content=\"EMD Series Oxygen Transmitter Kit. Includes a high-performance oxygen sensor and probe for accurate, continuous O2 monitoring.\" \/>\n<meta name=\"robots\" content=\"index, follow, max-snippet:-1, max-image-preview:large, max-video-preview:-1\" \/>\n<link rel=\"canonical\" href=\"https:\/\/sso2.com\/de\/produkt\/oem-oxygen-transmitter-kit-circuit-board-sensor-sensor-housing\/\" \/>\n<meta property=\"og:locale\" content=\"de_DE\" \/>\n<meta property=\"og:type\" content=\"article\" \/>\n<meta property=\"og:title\" content=\"EMD Series Oxygen Transmitter Kit\" \/>\n<meta property=\"og:description\" content=\"EMD Series Oxygen Transmitter Kit. Includes a high-performance oxygen sensor and probe for accurate, continuous O2 monitoring.\" \/>\n<meta property=\"og:url\" content=\"https:\/\/sso2.com\/de\/produkt\/oem-oxygen-transmitter-kit-circuit-board-sensor-sensor-housing\/\" \/>\n<meta property=\"og:site_name\" content=\"Southland Sensing Ltd.\" \/>\n<meta property=\"article:modified_time\" content=\"2025-11-19T12:28:45+00:00\" \/>\n<meta property=\"og:image\" content=\"https:\/\/sso2.com\/wp-content\/uploads\/2019\/04\/oem-oxygen-transmitter-kit-circuit-board-sensor-sensor-housing-min.jpg\" \/>\n\t<meta property=\"og:image:width\" content=\"703\" \/>\n\t<meta property=\"og:image:height\" content=\"527\" \/>\n\t<meta property=\"og:image:type\" content=\"image\/jpeg\" \/>\n<meta name=\"twitter:card\" content=\"summary_large_image\" \/>\n<meta name=\"twitter:label1\" content=\"Preis\" \/>\n\t<meta name=\"twitter:data1\" content=\"\" \/>\n\t<meta name=\"twitter:label2\" content=\"Verf\u00fcgbarkeit\" \/>\n\t<meta name=\"twitter:data2\" content=\"Auf Lager\" \/>\n<script type=\"application\/ld+json\" class=\"yoast-schema-graph\">{\"@context\":\"https:\/\/schema.org\",\"@graph\":[{\"@type\":\"WebPage\",\"@id\":\"https:\/\/sso2.com\/product\/oem-oxygen-transmitter-kit-circuit-board-sensor-sensor-housing\/\",\"url\":\"https:\/\/sso2.com\/product\/oem-oxygen-transmitter-kit-circuit-board-sensor-sensor-housing\/\",\"name\":\"EMD Series Oxygen Transmitter Kit | O2 Sensor & Probe\",\"isPartOf\":{\"@id\":\"https:\/\/sso2.com\/#website\"},\"primaryImageOfPage\":{\"@id\":\"https:\/\/sso2.com\/product\/oem-oxygen-transmitter-kit-circuit-board-sensor-sensor-housing\/#primaryimage\"},\"image\":{\"@id\":\"https:\/\/sso2.com\/product\/oem-oxygen-transmitter-kit-circuit-board-sensor-sensor-housing\/#primaryimage\"},\"thumbnailUrl\":\"https:\/\/i0.wp.com\/sso2.com\/wp-content\/uploads\/2019\/04\/oem-oxygen-transmitter-kit-circuit-board-sensor-sensor-housing-min.jpg?fit=703%2C527&ssl=1\",\"datePublished\":\"2019-04-18T08:32:55+00:00\",\"dateModified\":\"2025-11-19T12:28:45+00:00\",\"description\":\"EMD Series Oxygen Transmitter Kit. Includes a high-performance oxygen sensor and probe for accurate, continuous O2 monitoring.\",\"breadcrumb\":{\"@id\":\"https:\/\/sso2.com\/product\/oem-oxygen-transmitter-kit-circuit-board-sensor-sensor-housing\/#breadcrumb\"},\"inLanguage\":\"de\",\"potentialAction\":[{\"@type\":\"ReadAction\",\"target\":[\"https:\/\/sso2.com\/product\/oem-oxygen-transmitter-kit-circuit-board-sensor-sensor-housing\/\"]}]},{\"@type\":\"ImageObject\",\"inLanguage\":\"de\",\"@id\":\"https:\/\/sso2.com\/product\/oem-oxygen-transmitter-kit-circuit-board-sensor-sensor-housing\/#primaryimage\",\"url\":\"https:\/\/i0.wp.com\/sso2.com\/wp-content\/uploads\/2019\/04\/oem-oxygen-transmitter-kit-circuit-board-sensor-sensor-housing-min.jpg?fit=703%2C527&ssl=1\",\"contentUrl\":\"https:\/\/i0.wp.com\/sso2.com\/wp-content\/uploads\/2019\/04\/oem-oxygen-transmitter-kit-circuit-board-sensor-sensor-housing-min.jpg?fit=703%2C527&ssl=1\",\"width\":703,\"height\":527},{\"@type\":\"BreadcrumbList\",\"@id\":\"https:\/\/sso2.com\/product\/oem-oxygen-transmitter-kit-circuit-board-sensor-sensor-housing\/#breadcrumb\",\"itemListElement\":[{\"@type\":\"ListItem\",\"position\":1,\"name\":\"Home\",\"item\":\"https:\/\/sso2.com\/en\/\"},{\"@type\":\"ListItem\",\"position\":2,\"name\":\"Shop\",\"item\":\"https:\/\/sso2.com\/shop\/\"},{\"@type\":\"ListItem\",\"position\":3,\"name\":\"EMD Series Oxygen Transmitter Kit\"}]},{\"@type\":\"WebSite\",\"@id\":\"https:\/\/sso2.com\/#website\",\"url\":\"https:\/\/sso2.com\/\",\"name\":\"Southland Sensing Ltd.\",\"description\":\"Industrial &amp; Medical Gas Analyzers Oxygen CO\u2082, &amp; H\u2082 Monitors\",\"publisher\":{\"@id\":\"https:\/\/sso2.com\/#organization\"},\"alternateName\":\"SSO2\",\"potentialAction\":[{\"@type\":\"SearchAction\",\"target\":{\"@type\":\"EntryPoint\",\"urlTemplate\":\"https:\/\/sso2.com\/?s={search_term_string}\"},\"query-input\":{\"@type\":\"PropertyValueSpecification\",\"valueRequired\":true,\"valueName\":\"search_term_string\"}}],\"inLanguage\":\"de\"},{\"@type\":\"Organization\",\"@id\":\"https:\/\/sso2.com\/#organization\",\"name\":\"Southland Sensing Ltd.\",\"alternateName\":\"SSO2\",\"url\":\"https:\/\/sso2.com\/\",\"logo\":{\"@type\":\"ImageObject\",\"inLanguage\":\"de\",\"@id\":\"https:\/\/sso2.com\/#\/schema\/logo\/image\/\",\"url\":\"https:\/\/sso2.com\/wp-content\/uploads\/2025\/10\/sso2_300pixel.webp\",\"contentUrl\":\"https:\/\/sso2.com\/wp-content\/uploads\/2025\/10\/sso2_300pixel.webp\",\"width\":300,\"height\":50,\"caption\":\"Southland Sensing Ltd.\"},\"image\":{\"@id\":\"https:\/\/sso2.com\/#\/schema\/logo\/image\/\"},\"sameAs\":[\"https:\/\/www.linkedin.com\/company\/southland-sensing-ltd\/\"],\"description\":\"Southland Sensing Ltd. brings together superior performance, an improved user experience, and unmatched application expertise to deliver an accurate and reliable measurement solution. That\u2019s why multinationals, small companies and universities alike turn to us again and again.\",\"email\":\"sales@sso2.com\",\"telephone\":\"1-949-398-2879\",\"legalName\":\"Southland Sensing Ltd.\",\"foundingDate\":\"2013-01-01\",\"numberOfEmployees\":{\"@type\":\"QuantitativeValue\",\"minValue\":\"11\",\"maxValue\":\"50\"},\"publishingPrinciples\":\"https:\/\/sso2.com\/contact-us\/\",\"ownershipFundingInfo\":\"https:\/\/sso2.com\/about-us\/\",\"actionableFeedbackPolicy\":\"https:\/\/sso2.com\/contact-us\/\"}]}<\/script>\n<meta property=\"product:price:currency\" content=\"USD\" \/>\n<meta property=\"og:availability\" content=\"instock\" \/>\n<meta property=\"product:availability\" content=\"instock\" \/>\n<meta property=\"product:condition\" content=\"new\" \/>\n<!-- \/ Yoast SEO Premium plugin. -->","yoast_head_json":{"title":"EMD-Serie Sauerstofftransmitter-Set | O2-Sensor &amp; Sonde","description":"EMD-Serie Sauerstofftransmitter-Kit. Enth\u00e4lt einen Hochleistungs-Sauerstoffsensor und eine Sonde f\u00fcr eine genaue, kontinuierliche O2-\u00dcberwachung.","robots":{"index":"index","follow":"follow","max-snippet":"max-snippet:-1","max-image-preview":"max-image-preview:large","max-video-preview":"max-video-preview:-1"},"canonical":"https:\/\/sso2.com\/de\/produkt\/oem-oxygen-transmitter-kit-circuit-board-sensor-sensor-housing\/","og_locale":"de_DE","og_type":"article","og_title":"EMD Series Oxygen Transmitter Kit","og_description":"EMD Series Oxygen Transmitter Kit. Includes a high-performance oxygen sensor and probe for accurate, continuous O2 monitoring.","og_url":"https:\/\/sso2.com\/de\/produkt\/oem-oxygen-transmitter-kit-circuit-board-sensor-sensor-housing\/","og_site_name":"Southland Sensing Ltd.","article_modified_time":"2025-11-19T12:28:45+00:00","og_image":[{"width":703,"height":527,"url":"https:\/\/sso2.com\/wp-content\/uploads\/2019\/04\/oem-oxygen-transmitter-kit-circuit-board-sensor-sensor-housing-min.jpg","type":"image\/jpeg"}],"twitter_card":"summary_large_image","twitter_misc":{"Preis":"","Verf\u00fcgbarkeit":"Auf Lager"},"schema":{"@context":"https:\/\/schema.org","@graph":[{"@type":"WebPage","@id":"https:\/\/sso2.com\/product\/oem-oxygen-transmitter-kit-circuit-board-sensor-sensor-housing\/","url":"https:\/\/sso2.com\/product\/oem-oxygen-transmitter-kit-circuit-board-sensor-sensor-housing\/","name":"EMD-Serie Sauerstofftransmitter-Set | O2-Sensor &amp; Sonde","isPartOf":{"@id":"https:\/\/sso2.com\/#website"},"primaryImageOfPage":{"@id":"https:\/\/sso2.com\/product\/oem-oxygen-transmitter-kit-circuit-board-sensor-sensor-housing\/#primaryimage"},"image":{"@id":"https:\/\/sso2.com\/product\/oem-oxygen-transmitter-kit-circuit-board-sensor-sensor-housing\/#primaryimage"},"thumbnailUrl":"https:\/\/i0.wp.com\/sso2.com\/wp-content\/uploads\/2019\/04\/oem-oxygen-transmitter-kit-circuit-board-sensor-sensor-housing-min.jpg?fit=703%2C527&ssl=1","datePublished":"2019-04-18T08:32:55+00:00","dateModified":"2025-11-19T12:28:45+00:00","description":"EMD-Serie Sauerstofftransmitter-Kit. Enth\u00e4lt einen Hochleistungs-Sauerstoffsensor und eine Sonde f\u00fcr eine genaue, kontinuierliche O2-\u00dcberwachung.","breadcrumb":{"@id":"https:\/\/sso2.com\/product\/oem-oxygen-transmitter-kit-circuit-board-sensor-sensor-housing\/#breadcrumb"},"inLanguage":"de","potentialAction":[{"@type":"ReadAction","target":["https:\/\/sso2.com\/product\/oem-oxygen-transmitter-kit-circuit-board-sensor-sensor-housing\/"]}]},{"@type":"ImageObject","inLanguage":"de","@id":"https:\/\/sso2.com\/product\/oem-oxygen-transmitter-kit-circuit-board-sensor-sensor-housing\/#primaryimage","url":"https:\/\/i0.wp.com\/sso2.com\/wp-content\/uploads\/2019\/04\/oem-oxygen-transmitter-kit-circuit-board-sensor-sensor-housing-min.jpg?fit=703%2C527&ssl=1","contentUrl":"https:\/\/i0.wp.com\/sso2.com\/wp-content\/uploads\/2019\/04\/oem-oxygen-transmitter-kit-circuit-board-sensor-sensor-housing-min.jpg?fit=703%2C527&ssl=1","width":703,"height":527},{"@type":"BreadcrumbList","@id":"https:\/\/sso2.com\/product\/oem-oxygen-transmitter-kit-circuit-board-sensor-sensor-housing\/#breadcrumb","itemListElement":[{"@type":"ListItem","position":1,"name":"Home","item":"https:\/\/sso2.com\/en\/"},{"@type":"ListItem","position":2,"name":"Shop","item":"https:\/\/sso2.com\/shop\/"},{"@type":"ListItem","position":3,"name":"EMD Series Oxygen Transmitter Kit"}]},{"@type":"WebSite","@id":"https:\/\/sso2.com\/#website","url":"https:\/\/sso2.com\/","name":"Southland Sensing Ltd.","description":"Industrial &amp; Medical Gas Analyzers Oxygen CO\u2082, &amp; H\u2082 Monitors","publisher":{"@id":"https:\/\/sso2.com\/#organization"},"alternateName":"SSO2","potentialAction":[{"@type":"SearchAction","target":{"@type":"EntryPoint","urlTemplate":"https:\/\/sso2.com\/?s={search_term_string}"},"query-input":{"@type":"PropertyValueSpecification","valueRequired":true,"valueName":"search_term_string"}}],"inLanguage":"de"},{"@type":"Organization","@id":"https:\/\/sso2.com\/#organization","name":"Southland Sensing Ltd.","alternateName":"SSO2","url":"https:\/\/sso2.com\/","logo":{"@type":"ImageObject","inLanguage":"de","@id":"https:\/\/sso2.com\/#\/schema\/logo\/image\/","url":"https:\/\/sso2.com\/wp-content\/uploads\/2025\/10\/sso2_300pixel.webp","contentUrl":"https:\/\/sso2.com\/wp-content\/uploads\/2025\/10\/sso2_300pixel.webp","width":300,"height":50,"caption":"Southland Sensing Ltd."},"image":{"@id":"https:\/\/sso2.com\/#\/schema\/logo\/image\/"},"sameAs":["https:\/\/www.linkedin.com\/company\/southland-sensing-ltd\/"],"description":"Southland Sensing Ltd. brings together superior performance, an improved user experience, and unmatched application expertise to deliver an accurate and reliable measurement solution. That\u2019s why multinationals, small companies and universities alike turn to us again and again.","email":"sales@sso2.com","telephone":"1-949-398-2879","legalName":"Southland Sensing Ltd.","foundingDate":"2013-01-01","numberOfEmployees":{"@type":"QuantitativeValue","minValue":"11","maxValue":"50"},"publishingPrinciples":"https:\/\/sso2.com\/contact-us\/","ownershipFundingInfo":"https:\/\/sso2.com\/about-us\/","actionableFeedbackPolicy":"https:\/\/sso2.com\/contact-us\/"}]},"product_price_currency":"USD","og_availability":"instock","product_availability":"instock","product_condition":"new"},"jetpack_sharing_enabled":true,"_links":{"self":[{"href":"https:\/\/sso2.com\/de\/wp-json\/wp\/v2\/product\/728","targetHints":{"allow":["GET"]}}],"collection":[{"href":"https:\/\/sso2.com\/de\/wp-json\/wp\/v2\/product"}],"about":[{"href":"https:\/\/sso2.com\/de\/wp-json\/wp\/v2\/types\/product"}],"replies":[{"embeddable":true,"href":"https:\/\/sso2.com\/de\/wp-json\/wp\/v2\/comments?post=728"}],"wp:featuredmedia":[{"embeddable":true,"href":"https:\/\/sso2.com\/de\/wp-json\/wp\/v2\/media\/717"}],"wp:attachment":[{"href":"https:\/\/sso2.com\/de\/wp-json\/wp\/v2\/media?parent=728"}],"wp:term":[{"taxonomy":"product_brand","embeddable":true,"href":"https:\/\/sso2.com\/de\/wp-json\/wp\/v2\/product_brand?post=728"},{"taxonomy":"product_cat","embeddable":true,"href":"https:\/\/sso2.com\/de\/wp-json\/wp\/v2\/product_cat?post=728"},{"taxonomy":"product_tag","embeddable":true,"href":"https:\/\/sso2.com\/de\/wp-json\/wp\/v2\/product_tag?post=728"}],"curies":[{"name":"wp","href":"https:\/\/api.w.org\/{rel}","templated":true}]}}