{"id":727,"date":"2019-04-18T08:30:25","date_gmt":"2019-04-18T08:30:25","guid":{"rendered":"http:\/\/sso2.com\/?post_type=product&#038;p=727"},"modified":"2025-11-19T12:30:42","modified_gmt":"2025-11-19T12:30:42","slug":"compact-in-line-oxygen-transmitter-ce","status":"publish","type":"product","link":"https:\/\/sso2.com\/de\/product\/compact-in-line-oxygen-transmitter-ce\/","title":{"rendered":"OMD-507 Kompakt-Sauerstoffanalysator"},"content":{"rendered":"<p>Der Online-Sauerstoffanalysator OMD-507 ist f\u00fcr die Messung von Sauerstoff im Bereich von 0,01 Teilen pro Million bis zu 100% ausgelegt.  Das Ger\u00e4t kombiniert eine Reihe fortschrittlicher elektronischer Funktionen, einschlie\u00dflich einer intelligenten MENU-Schnittstelle, mit unserer branchenf\u00fchrenden elektrochemischen Pr\u00e4zisionssauerstoffsensortechnologie. Das Ergebnis ist ein \u00e4u\u00dferst zuverl\u00e4ssiges und kosteneffizientes Design mit einer einfach zu bedienenden Benutzeroberfl\u00e4che.<\/p>\n<ul>\n<li>Geh\u00e4usetyp: Allgemeiner Zweck<\/li>\n<li>Material des Geh\u00e4uses: Robustes eloxiertes Aluminium<\/li>\n<li>Standard-Bereiche: 0 - 10\/100\/1000\/10000 PPM &amp; 25%<\/li>\n<li>Optionale Bereiche: 0 - 1\/5\/10\/25 &amp; 100 %<\/li>\n<li>Aufl\u00f6sung: 0,01 PPM oder 0,01 %<\/li>\n<li>Eingangsleistung: 2-Draht-Schleife, 3-Draht, 6-Draht<\/li>\n<\/ul>\n<p>Die eingebaute intelligente MENU-Schnittstelle erm\u00f6glicht dem Benutzer die vollst\u00e4ndige Konfiguration des Analysators \u00fcber das integrierte MENU-System.  Es ist kein komplizierter Laptop oder ein anderes Steuerger\u00e4t erforderlich, um den Analysator vor Ort einzurichten.  Zu den elektronischen Funktionen geh\u00f6ren ein 4-20mA-Ausgang (optional isoliert 4-20mA mit 3-Leiter-Konfiguration), ein 0-10VDC, 0-10VDC Analogausgang mit 6-Leiter-Konfiguration (optional bidirektionaler Modbus RS485 ASCII mit 6-Leiter-Konfiguration).<\/p>\n<p>Der OMD-507 bietet 3 verschiedene Eingangsversorgungsoptionen f\u00fcr die meisten industriellen Installationen.  2-Draht-Schleifenstrom mit nicht isoliertem 4-20mA-Ausgang, 3-Draht-Strom mit isoliertem 4-20mA-Ausgang und 6-Draht 12-24VDC mit nicht isoliertem 4-20mA, 0-10VDC und 0-1VDC.<\/p>\n<p>Der Sauerstoffsensor basiert auf dem Prinzip der galvanischen elektrochemischen Brennstoffzelle und wird unter strengen Qualit\u00e4tskontrollen im eigenen Haus hergestellt.  Die Sensoren sind in sich geschlossen und erfordern nur minimale Wartung - es m\u00fcssen keine Elektroden gereinigt oder Elektrolyte hinzugef\u00fcgt werden.  Die Pr\u00e4zisionssensoren bieten eine hervorragende Leistung, Genauigkeit und Stabilit\u00e4t und maximieren gleichzeitig die erwartete Lebensdauer.<\/p>\n<p>Das Analyseger\u00e4t verf\u00fcgt \u00fcber mehrere Messbereiche von 0 - 10 PPM bis zu 0 - 100%. Er kann \u00fcber das integrierte Men\u00fc und den entsprechenden Sensor f\u00fcr die Analyse von Spuren- (PPM), Prozent- oder Reinheitssauerstoff konfiguriert werden. Es sind auch Sensoren f\u00fcr saure\/CO2-Hintergrundgasanwendungen erh\u00e4ltlich.<\/p>\n<p>Zu den Konfigurationsoptionen f\u00fcr das Sensorgeh\u00e4use geh\u00f6ren KF-40 (inertes Handschuhfach, NW40F) mit Direktanschluss oder Durchfluss-Sensorgeh\u00e4use mit 6 mm, 1\/8\u2033 oder 1\/4\u2033 Klemmringverschraubungen<\/p>","protected":false},"excerpt":{"rendered":"<p>The OMD-507 online oxygen analyzer is designed to measure oxygen from 0.01 parts-per-million up to 100%.\u00a0 The unit combines an advanced set of electronic features including a smart MENU interface with our industry leading precision electrochemical oxygen sensor technology. The result is a highly reliable and cost effective design with easy-to-use user interface. Enclosure Type: [&hellip;]<\/p>\n","protected":false},"featured_media":3098,"comment_status":"open","ping_status":"closed","template":"","meta":[],"product_brand":[],"product_cat":[22],"product_tag":[],"class_list":{"0":"post-727","1":"product","2":"type-product","3":"status-publish","4":"has-post-thumbnail","6":"product_cat-uncategorized","8":"first","9":"instock","10":"shipping-taxable","11":"product-type-external"},"yoast_head":"<!-- This site is optimized with the Yoast SEO Premium plugin v27.2 (Yoast SEO v27.2) - https:\/\/yoast.com\/product\/yoast-seo-premium-wordpress\/ -->\n<title>OMD-507 Compact Oxygen Analyzer | Portable O2 Meter<\/title>\n<meta name=\"description\" content=\"The OMD-507 is a compact oxygen analyzer. Get portable, reliable O2 sensing and analysis for gas purity or deficient oxygen applications.\" \/>\n<meta name=\"robots\" content=\"index, follow, max-snippet:-1, max-image-preview:large, max-video-preview:-1\" \/>\n<link rel=\"canonical\" href=\"https:\/\/sso2.com\/de\/produkt\/compact-in-line-oxygen-transmitter-ce\/\" \/>\n<meta property=\"og:locale\" content=\"de_DE\" \/>\n<meta property=\"og:type\" content=\"article\" \/>\n<meta property=\"og:title\" content=\"OMD-507 Compact Oxygen Analyzer\" \/>\n<meta property=\"og:description\" content=\"The OMD-507 is a compact oxygen analyzer. Get portable, reliable O2 sensing and analysis for gas purity or deficient oxygen applications.\" \/>\n<meta property=\"og:url\" content=\"https:\/\/sso2.com\/de\/produkt\/compact-in-line-oxygen-transmitter-ce\/\" \/>\n<meta property=\"og:site_name\" content=\"Southland Sensing Ltd.\" \/>\n<meta property=\"article:modified_time\" content=\"2025-11-19T12:30:42+00:00\" \/>\n<meta property=\"og:image\" content=\"https:\/\/sso2.com\/wp-content\/uploads\/2025\/02\/omd-507-1.png\" \/>\n\t<meta property=\"og:image:width\" content=\"790\" \/>\n\t<meta property=\"og:image:height\" content=\"1050\" \/>\n\t<meta property=\"og:image:type\" content=\"image\/png\" \/>\n<meta name=\"twitter:card\" content=\"summary_large_image\" \/>\n<meta name=\"twitter:label1\" content=\"Preis\" \/>\n\t<meta name=\"twitter:data1\" content=\"\" \/>\n\t<meta name=\"twitter:label2\" content=\"Verf\u00fcgbarkeit\" \/>\n\t<meta name=\"twitter:data2\" content=\"Auf Lager\" \/>\n<script type=\"application\/ld+json\" class=\"yoast-schema-graph\">{\"@context\":\"https:\/\/schema.org\",\"@graph\":[{\"@type\":\"WebPage\",\"@id\":\"https:\/\/sso2.com\/product\/compact-in-line-oxygen-transmitter-ce\/\",\"url\":\"https:\/\/sso2.com\/product\/compact-in-line-oxygen-transmitter-ce\/\",\"name\":\"OMD-507 Compact Oxygen Analyzer | Portable O2 Meter\",\"isPartOf\":{\"@id\":\"https:\/\/sso2.com\/#website\"},\"primaryImageOfPage\":{\"@id\":\"https:\/\/sso2.com\/product\/compact-in-line-oxygen-transmitter-ce\/#primaryimage\"},\"image\":{\"@id\":\"https:\/\/sso2.com\/product\/compact-in-line-oxygen-transmitter-ce\/#primaryimage\"},\"thumbnailUrl\":\"https:\/\/i0.wp.com\/sso2.com\/wp-content\/uploads\/2025\/02\/omd-507-1.png?fit=790%2C1050&ssl=1\",\"datePublished\":\"2019-04-18T08:30:25+00:00\",\"dateModified\":\"2025-11-19T12:30:42+00:00\",\"description\":\"The OMD-507 is a compact oxygen analyzer. Get portable, reliable O2 sensing and analysis for gas purity or deficient oxygen applications.\",\"breadcrumb\":{\"@id\":\"https:\/\/sso2.com\/product\/compact-in-line-oxygen-transmitter-ce\/#breadcrumb\"},\"inLanguage\":\"de\",\"potentialAction\":[{\"@type\":\"ReadAction\",\"target\":[\"https:\/\/sso2.com\/product\/compact-in-line-oxygen-transmitter-ce\/\"]}]},{\"@type\":\"ImageObject\",\"inLanguage\":\"de\",\"@id\":\"https:\/\/sso2.com\/product\/compact-in-line-oxygen-transmitter-ce\/#primaryimage\",\"url\":\"https:\/\/i0.wp.com\/sso2.com\/wp-content\/uploads\/2025\/02\/omd-507-1.png?fit=790%2C1050&ssl=1\",\"contentUrl\":\"https:\/\/i0.wp.com\/sso2.com\/wp-content\/uploads\/2025\/02\/omd-507-1.png?fit=790%2C1050&ssl=1\",\"width\":790,\"height\":1050},{\"@type\":\"BreadcrumbList\",\"@id\":\"https:\/\/sso2.com\/product\/compact-in-line-oxygen-transmitter-ce\/#breadcrumb\",\"itemListElement\":[{\"@type\":\"ListItem\",\"position\":1,\"name\":\"Home\",\"item\":\"https:\/\/sso2.com\/en\/\"},{\"@type\":\"ListItem\",\"position\":2,\"name\":\"Shop\",\"item\":\"https:\/\/sso2.com\/shop\/\"},{\"@type\":\"ListItem\",\"position\":3,\"name\":\"OMD-507 Compact Oxygen Analyzer\"}]},{\"@type\":\"WebSite\",\"@id\":\"https:\/\/sso2.com\/#website\",\"url\":\"https:\/\/sso2.com\/\",\"name\":\"Southland Sensing Ltd.\",\"description\":\"Industrial &amp; Medical Gas Analyzers Oxygen CO\u2082, &amp; H\u2082 Monitors\",\"publisher\":{\"@id\":\"https:\/\/sso2.com\/#organization\"},\"alternateName\":\"SSO2\",\"potentialAction\":[{\"@type\":\"SearchAction\",\"target\":{\"@type\":\"EntryPoint\",\"urlTemplate\":\"https:\/\/sso2.com\/?s={search_term_string}\"},\"query-input\":{\"@type\":\"PropertyValueSpecification\",\"valueRequired\":true,\"valueName\":\"search_term_string\"}}],\"inLanguage\":\"de\"},{\"@type\":\"Organization\",\"@id\":\"https:\/\/sso2.com\/#organization\",\"name\":\"Southland Sensing Ltd.\",\"alternateName\":\"SSO2\",\"url\":\"https:\/\/sso2.com\/\",\"logo\":{\"@type\":\"ImageObject\",\"inLanguage\":\"de\",\"@id\":\"https:\/\/sso2.com\/#\/schema\/logo\/image\/\",\"url\":\"https:\/\/sso2.com\/wp-content\/uploads\/2025\/10\/sso2_300pixel.webp\",\"contentUrl\":\"https:\/\/sso2.com\/wp-content\/uploads\/2025\/10\/sso2_300pixel.webp\",\"width\":300,\"height\":50,\"caption\":\"Southland Sensing Ltd.\"},\"image\":{\"@id\":\"https:\/\/sso2.com\/#\/schema\/logo\/image\/\"},\"sameAs\":[\"https:\/\/www.linkedin.com\/company\/southland-sensing-ltd\/\"],\"description\":\"Southland Sensing Ltd. brings together superior performance, an improved user experience, and unmatched application expertise to deliver an accurate and reliable measurement solution. That\u2019s why multinationals, small companies and universities alike turn to us again and again.\",\"email\":\"sales@sso2.com\",\"telephone\":\"1-949-398-2879\",\"legalName\":\"Southland Sensing Ltd.\",\"foundingDate\":\"2013-01-01\",\"numberOfEmployees\":{\"@type\":\"QuantitativeValue\",\"minValue\":\"11\",\"maxValue\":\"50\"},\"publishingPrinciples\":\"https:\/\/sso2.com\/contact-us\/\",\"ownershipFundingInfo\":\"https:\/\/sso2.com\/about-us\/\",\"actionableFeedbackPolicy\":\"https:\/\/sso2.com\/contact-us\/\"}]}<\/script>\n<meta property=\"product:price:currency\" content=\"USD\" \/>\n<meta property=\"og:availability\" content=\"instock\" \/>\n<meta property=\"product:availability\" content=\"instock\" \/>\n<meta property=\"product:condition\" content=\"new\" \/>\n<!-- \/ Yoast SEO Premium plugin. -->","yoast_head_json":{"title":"OMD-507 Kompakter Sauerstoffanalysator | Tragbares O2-Messger\u00e4t","description":"Der OMD-507 ist ein kompakter Sauerstoffanalysator. Er bietet tragbare, zuverl\u00e4ssige O\u2082-Mess- und Analysem\u00f6glichkeiten f\u00fcr Anwendungen zur Bestimmung der Gasreinheit oder bei Sauerstoffmangel.","robots":{"index":"index","follow":"follow","max-snippet":"max-snippet:-1","max-image-preview":"max-image-preview:large","max-video-preview":"max-video-preview:-1"},"canonical":"https:\/\/sso2.com\/de\/produkt\/compact-in-line-oxygen-transmitter-ce\/","og_locale":"de_DE","og_type":"article","og_title":"OMD-507 Compact Oxygen Analyzer","og_description":"The OMD-507 is a compact oxygen analyzer. Get portable, reliable O2 sensing and analysis for gas purity or deficient oxygen applications.","og_url":"https:\/\/sso2.com\/de\/produkt\/compact-in-line-oxygen-transmitter-ce\/","og_site_name":"Southland Sensing Ltd.","article_modified_time":"2025-11-19T12:30:42+00:00","og_image":[{"width":790,"height":1050,"url":"https:\/\/sso2.com\/wp-content\/uploads\/2025\/02\/omd-507-1.png","type":"image\/png"}],"twitter_card":"summary_large_image","twitter_misc":{"Preis":"","Verf\u00fcgbarkeit":"Auf Lager"},"schema":{"@context":"https:\/\/schema.org","@graph":[{"@type":"WebPage","@id":"https:\/\/sso2.com\/product\/compact-in-line-oxygen-transmitter-ce\/","url":"https:\/\/sso2.com\/product\/compact-in-line-oxygen-transmitter-ce\/","name":"OMD-507 Kompakter Sauerstoffanalysator | Tragbares O2-Messger\u00e4t","isPartOf":{"@id":"https:\/\/sso2.com\/#website"},"primaryImageOfPage":{"@id":"https:\/\/sso2.com\/product\/compact-in-line-oxygen-transmitter-ce\/#primaryimage"},"image":{"@id":"https:\/\/sso2.com\/product\/compact-in-line-oxygen-transmitter-ce\/#primaryimage"},"thumbnailUrl":"https:\/\/i0.wp.com\/sso2.com\/wp-content\/uploads\/2025\/02\/omd-507-1.png?fit=790%2C1050&ssl=1","datePublished":"2019-04-18T08:30:25+00:00","dateModified":"2025-11-19T12:30:42+00:00","description":"Der OMD-507 ist ein kompakter Sauerstoffanalysator. Er bietet tragbare, zuverl\u00e4ssige O\u2082-Mess- und Analysem\u00f6glichkeiten f\u00fcr Anwendungen zur Bestimmung der Gasreinheit oder bei Sauerstoffmangel.","breadcrumb":{"@id":"https:\/\/sso2.com\/product\/compact-in-line-oxygen-transmitter-ce\/#breadcrumb"},"inLanguage":"de","potentialAction":[{"@type":"ReadAction","target":["https:\/\/sso2.com\/product\/compact-in-line-oxygen-transmitter-ce\/"]}]},{"@type":"ImageObject","inLanguage":"de","@id":"https:\/\/sso2.com\/product\/compact-in-line-oxygen-transmitter-ce\/#primaryimage","url":"https:\/\/i0.wp.com\/sso2.com\/wp-content\/uploads\/2025\/02\/omd-507-1.png?fit=790%2C1050&ssl=1","contentUrl":"https:\/\/i0.wp.com\/sso2.com\/wp-content\/uploads\/2025\/02\/omd-507-1.png?fit=790%2C1050&ssl=1","width":790,"height":1050},{"@type":"BreadcrumbList","@id":"https:\/\/sso2.com\/product\/compact-in-line-oxygen-transmitter-ce\/#breadcrumb","itemListElement":[{"@type":"ListItem","position":1,"name":"Home","item":"https:\/\/sso2.com\/en\/"},{"@type":"ListItem","position":2,"name":"Shop","item":"https:\/\/sso2.com\/shop\/"},{"@type":"ListItem","position":3,"name":"OMD-507 Compact Oxygen Analyzer"}]},{"@type":"WebSite","@id":"https:\/\/sso2.com\/#website","url":"https:\/\/sso2.com\/","name":"Southland Sensing Ltd.","description":"Industrial &amp; Medical Gas Analyzers Oxygen CO\u2082, &amp; H\u2082 Monitors","publisher":{"@id":"https:\/\/sso2.com\/#organization"},"alternateName":"SSO2","potentialAction":[{"@type":"SearchAction","target":{"@type":"EntryPoint","urlTemplate":"https:\/\/sso2.com\/?s={search_term_string}"},"query-input":{"@type":"PropertyValueSpecification","valueRequired":true,"valueName":"search_term_string"}}],"inLanguage":"de"},{"@type":"Organization","@id":"https:\/\/sso2.com\/#organization","name":"Southland Sensing Ltd.","alternateName":"SSO2","url":"https:\/\/sso2.com\/","logo":{"@type":"ImageObject","inLanguage":"de","@id":"https:\/\/sso2.com\/#\/schema\/logo\/image\/","url":"https:\/\/sso2.com\/wp-content\/uploads\/2025\/10\/sso2_300pixel.webp","contentUrl":"https:\/\/sso2.com\/wp-content\/uploads\/2025\/10\/sso2_300pixel.webp","width":300,"height":50,"caption":"Southland Sensing Ltd."},"image":{"@id":"https:\/\/sso2.com\/#\/schema\/logo\/image\/"},"sameAs":["https:\/\/www.linkedin.com\/company\/southland-sensing-ltd\/"],"description":"Southland Sensing Ltd. brings together superior performance, an improved user experience, and unmatched application expertise to deliver an accurate and reliable measurement solution. That\u2019s why multinationals, small companies and universities alike turn to us again and again.","email":"sales@sso2.com","telephone":"1-949-398-2879","legalName":"Southland Sensing Ltd.","foundingDate":"2013-01-01","numberOfEmployees":{"@type":"QuantitativeValue","minValue":"11","maxValue":"50"},"publishingPrinciples":"https:\/\/sso2.com\/contact-us\/","ownershipFundingInfo":"https:\/\/sso2.com\/about-us\/","actionableFeedbackPolicy":"https:\/\/sso2.com\/contact-us\/"}]},"product_price_currency":"USD","og_availability":"instock","product_availability":"instock","product_condition":"new"},"jetpack_sharing_enabled":true,"_links":{"self":[{"href":"https:\/\/sso2.com\/de\/wp-json\/wp\/v2\/product\/727","targetHints":{"allow":["GET"]}}],"collection":[{"href":"https:\/\/sso2.com\/de\/wp-json\/wp\/v2\/product"}],"about":[{"href":"https:\/\/sso2.com\/de\/wp-json\/wp\/v2\/types\/product"}],"replies":[{"embeddable":true,"href":"https:\/\/sso2.com\/de\/wp-json\/wp\/v2\/comments?post=727"}],"wp:featuredmedia":[{"embeddable":true,"href":"https:\/\/sso2.com\/de\/wp-json\/wp\/v2\/media\/3098"}],"wp:attachment":[{"href":"https:\/\/sso2.com\/de\/wp-json\/wp\/v2\/media?parent=727"}],"wp:term":[{"taxonomy":"product_brand","embeddable":true,"href":"https:\/\/sso2.com\/de\/wp-json\/wp\/v2\/product_brand?post=727"},{"taxonomy":"product_cat","embeddable":true,"href":"https:\/\/sso2.com\/de\/wp-json\/wp\/v2\/product_cat?post=727"},{"taxonomy":"product_tag","embeddable":true,"href":"https:\/\/sso2.com\/de\/wp-json\/wp\/v2\/product_tag?post=727"}],"curies":[{"name":"wp","href":"https:\/\/api.w.org\/{rel}","templated":true}]}}