{"id":3410,"date":"2025-03-27T19:59:28","date_gmt":"2025-03-27T19:59:28","guid":{"rendered":"https:\/\/sso2.com\/?post_type=product&#038;p=3410"},"modified":"2026-04-08T05:42:19","modified_gmt":"2026-04-08T05:42:19","slug":"omd-560","status":"publish","type":"product","link":"https:\/\/sso2.com\/de\/product\/omd-560\/","title":{"rendered":"OMD-560 Portable Trace Oxygen Analyzer"},"content":{"rendered":"<p>The OMD-560 Portable trace oxygen analyzer combine a rugged anodized aluminum enclosure and an advanced set of electronic features including a smart MENU interface with our industry leading precision electrochemical oxygen sensor technology.\u00a0 The result is a highly reliable and cost effective design with easy-to-use user interface.<\/p>\n<ul>\n<li>Enclosure: Anodized Aluminum; Portable<\/li>\n<li>Ranges: 0 &#8211; 10\/100\/1000\/10000 PPM &amp; 0 &#8211; 25%<\/li>\n<li>Sample System: None; Quick Disconnect Fittings<\/li>\n<li>Resolution: 0.01 PPM<\/li>\n<li>Input Power: 100 &#8211; 240 VAC w\/ International Plug<\/li>\n<li>Analog Output: 0 &#8211; 1V DC<\/li>\n<li>Data Logging: Removeable USB Flash Drive<\/li>\n<\/ul>\n<p>The built in smart MENU interface allow the user to fully configure the analyzer through the onboard MENU system.\u00a0 No need for a complicated laptop or other control device to setup the analyzer in the field.\u00a0 Another\u00a0highlight of the advanced set of electronics includes a USB output for data logging.\u00a0 Data logging can be done via a removable USB flash drive and data can be taken in 1 minute intervals.\u00a0 An 8 GB flash drive can store data for 50+ years.<\/p>\n<p>The OMD-560 trace analyzer comes with a built-in isolation quick disconnect fittings.<\/p>\n<p>The standard cell (TO2-133) is unaffected by other background gases such as hydrogen, helium, or hydrocarbons. The optional acidic cell (TO2-233) works well when acid gases such as CO2 or Natural Gas are present.\u00a0 All oxygen sensors are manufactured in house by Southland Sensing Ltd. under a strict ISO9001:2015 \/ ISO13485:2016 quality system.<\/p>\n<p>The sensors are self-contained and minimal maintenance is required &#8211; no need to clean electrodes or add electrolyte.<\/p>","protected":false},"excerpt":{"rendered":"<p>The OMD-560 Portable trace oxygen analyzer combine a rugged anodized aluminum enclosure and an advanced set of electronic features including a smart MENU interface with our industry leading precision electrochemical oxygen sensor technology.\u00a0 The result is a highly reliable and cost effective design with easy-to-use user interface. Enclosure: Anodized Aluminum; Portable Ranges: 0 &#8211; 10\/100\/1000\/10000 [&hellip;]<\/p>\n","protected":false},"featured_media":3411,"comment_status":"open","ping_status":"closed","template":"","meta":[],"product_brand":[],"product_cat":[26],"product_tag":[],"class_list":{"0":"post-3410","1":"product","2":"type-product","3":"status-publish","4":"has-post-thumbnail","6":"product_cat-industrial-oxygen-analyzers","8":"first","9":"instock","10":"shipping-taxable","11":"product-type-external"},"yoast_head":"<!-- This site is optimized with the Yoast SEO Premium plugin v27.2 (Yoast SEO v27.2) - https:\/\/yoast.com\/product\/yoast-seo-premium-wordpress\/ -->\n<title>OMD-560 Portable Trace Oxygen Analyzer for Precision<\/title>\n<meta name=\"description\" content=\"The OMD-560 Portable Trace Oxygen Analyzer delivers fast, accurate low-level oxygen measurement for industrial, lab, and safety monitoring applications.\" \/>\n<meta name=\"robots\" content=\"index, follow, max-snippet:-1, max-image-preview:large, max-video-preview:-1\" \/>\n<link rel=\"canonical\" href=\"https:\/\/sso2.com\/de\/produkt\/omd-560\/\" \/>\n<meta property=\"og:locale\" content=\"de_DE\" \/>\n<meta property=\"og:type\" content=\"article\" \/>\n<meta property=\"og:title\" content=\"OMD-560 Portable Trace Oxygen Analyzer\" \/>\n<meta property=\"og:description\" content=\"The OMD-560 Portable Trace Oxygen Analyzer delivers fast, accurate low-level oxygen measurement for industrial, lab, and safety monitoring applications.\" \/>\n<meta property=\"og:url\" content=\"https:\/\/sso2.com\/de\/produkt\/omd-560\/\" \/>\n<meta property=\"og:site_name\" content=\"Southland Sensing Ltd.\" \/>\n<meta property=\"article:modified_time\" content=\"2026-04-08T05:42:19+00:00\" \/>\n<meta property=\"og:image\" content=\"https:\/\/sso2.com\/wp-content\/uploads\/2025\/03\/omd-560-621x1024.png\" \/>\n\t<meta property=\"og:image:width\" content=\"621\" \/>\n\t<meta property=\"og:image:height\" content=\"1024\" \/>\n\t<meta property=\"og:image:type\" content=\"image\/png\" \/>\n<meta name=\"twitter:card\" content=\"summary_large_image\" \/>\n<meta name=\"twitter:label1\" content=\"Preis\" \/>\n\t<meta name=\"twitter:data1\" content=\"\" \/>\n\t<meta name=\"twitter:label2\" content=\"Verf\u00fcgbarkeit\" \/>\n\t<meta name=\"twitter:data2\" content=\"Auf Lager\" \/>\n<script type=\"application\/ld+json\" class=\"yoast-schema-graph\">{\"@context\":\"https:\/\/schema.org\",\"@graph\":[{\"@type\":\"WebPage\",\"@id\":\"https:\/\/sso2.com\/product\/omd-560\/\",\"url\":\"https:\/\/sso2.com\/product\/omd-560\/\",\"name\":\"OMD-560 Portable Trace Oxygen Analyzer for Precision\",\"isPartOf\":{\"@id\":\"https:\/\/sso2.com\/#website\"},\"primaryImageOfPage\":{\"@id\":\"https:\/\/sso2.com\/product\/omd-560\/#primaryimage\"},\"image\":{\"@id\":\"https:\/\/sso2.com\/product\/omd-560\/#primaryimage\"},\"thumbnailUrl\":\"https:\/\/i0.wp.com\/sso2.com\/wp-content\/uploads\/2025\/03\/omd-560.png?fit=2316%2C3816&ssl=1\",\"datePublished\":\"2025-03-27T19:59:28+00:00\",\"dateModified\":\"2026-04-08T05:42:19+00:00\",\"description\":\"The OMD-560 Portable Trace Oxygen Analyzer delivers fast, accurate low-level oxygen measurement for industrial, lab, and safety monitoring applications.\",\"breadcrumb\":{\"@id\":\"https:\/\/sso2.com\/product\/omd-560\/#breadcrumb\"},\"inLanguage\":\"de\",\"potentialAction\":[{\"@type\":\"ReadAction\",\"target\":[\"https:\/\/sso2.com\/product\/omd-560\/\"]}]},{\"@type\":\"ImageObject\",\"inLanguage\":\"de\",\"@id\":\"https:\/\/sso2.com\/product\/omd-560\/#primaryimage\",\"url\":\"https:\/\/i0.wp.com\/sso2.com\/wp-content\/uploads\/2025\/03\/omd-560.png?fit=2316%2C3816&ssl=1\",\"contentUrl\":\"https:\/\/i0.wp.com\/sso2.com\/wp-content\/uploads\/2025\/03\/omd-560.png?fit=2316%2C3816&ssl=1\",\"width\":2316,\"height\":3816},{\"@type\":\"BreadcrumbList\",\"@id\":\"https:\/\/sso2.com\/product\/omd-560\/#breadcrumb\",\"itemListElement\":[{\"@type\":\"ListItem\",\"position\":1,\"name\":\"Home\",\"item\":\"https:\/\/sso2.com\/en\/\"},{\"@type\":\"ListItem\",\"position\":2,\"name\":\"Shop\",\"item\":\"https:\/\/sso2.com\/shop\/\"},{\"@type\":\"ListItem\",\"position\":3,\"name\":\"OMD-560 Portable Trace Oxygen Analyzer\"}]},{\"@type\":\"WebSite\",\"@id\":\"https:\/\/sso2.com\/#website\",\"url\":\"https:\/\/sso2.com\/\",\"name\":\"Southland Sensing Ltd.\",\"description\":\"Industrial &amp; Medical Gas Analyzers Oxygen CO\u2082, &amp; H\u2082 Monitors\",\"publisher\":{\"@id\":\"https:\/\/sso2.com\/#organization\"},\"alternateName\":\"SSO2\",\"potentialAction\":[{\"@type\":\"SearchAction\",\"target\":{\"@type\":\"EntryPoint\",\"urlTemplate\":\"https:\/\/sso2.com\/?s={search_term_string}\"},\"query-input\":{\"@type\":\"PropertyValueSpecification\",\"valueRequired\":true,\"valueName\":\"search_term_string\"}}],\"inLanguage\":\"de\"},{\"@type\":\"Organization\",\"@id\":\"https:\/\/sso2.com\/#organization\",\"name\":\"Southland Sensing Ltd.\",\"alternateName\":\"SSO2\",\"url\":\"https:\/\/sso2.com\/\",\"logo\":{\"@type\":\"ImageObject\",\"inLanguage\":\"de\",\"@id\":\"https:\/\/sso2.com\/#\/schema\/logo\/image\/\",\"url\":\"https:\/\/sso2.com\/wp-content\/uploads\/2025\/10\/sso2_300pixel.webp\",\"contentUrl\":\"https:\/\/sso2.com\/wp-content\/uploads\/2025\/10\/sso2_300pixel.webp\",\"width\":300,\"height\":50,\"caption\":\"Southland Sensing Ltd.\"},\"image\":{\"@id\":\"https:\/\/sso2.com\/#\/schema\/logo\/image\/\"},\"sameAs\":[\"https:\/\/www.linkedin.com\/company\/southland-sensing-ltd\/\"],\"description\":\"Southland Sensing Ltd. brings together superior performance, an improved user experience, and unmatched application expertise to deliver an accurate and reliable measurement solution. That\u2019s why multinationals, small companies and universities alike turn to us again and again.\",\"email\":\"sales@sso2.com\",\"telephone\":\"1-949-398-2879\",\"legalName\":\"Southland Sensing Ltd.\",\"foundingDate\":\"2013-01-01\",\"numberOfEmployees\":{\"@type\":\"QuantitativeValue\",\"minValue\":\"11\",\"maxValue\":\"50\"},\"publishingPrinciples\":\"https:\/\/sso2.com\/contact-us\/\",\"ownershipFundingInfo\":\"https:\/\/sso2.com\/about-us\/\",\"actionableFeedbackPolicy\":\"https:\/\/sso2.com\/contact-us\/\"}]}<\/script>\n<meta property=\"product:price:currency\" content=\"USD\" \/>\n<meta property=\"og:availability\" content=\"instock\" \/>\n<meta property=\"product:availability\" content=\"instock\" \/>\n<meta property=\"product:condition\" content=\"new\" \/>\n<!-- \/ Yoast SEO Premium plugin. -->","yoast_head_json":{"title":"OMD-560 Tragbarer Spurensauerstoff-Analysator, CE","description":"Der tragbare Spuren-Sauerstoffanalysator OMD-580 bietet pr\u00e4zise, \u200b\u200bschnelle und zuverl\u00e4ssige Sauerstoffmessungen f\u00fcr industrielle Anwendungen, Laboranwendungen und Sicherheits\u00fcberwachung.","robots":{"index":"index","follow":"follow","max-snippet":"max-snippet:-1","max-image-preview":"max-image-preview:large","max-video-preview":"max-video-preview:-1"},"canonical":"https:\/\/sso2.com\/de\/produkt\/omd-560\/","og_locale":"de_DE","og_type":"article","og_title":"OMD-560 Portable Trace Oxygen Analyzer","og_description":"The OMD-560 Portable Trace Oxygen Analyzer delivers fast, accurate low-level oxygen measurement for industrial, lab, and safety monitoring applications.","og_url":"https:\/\/sso2.com\/de\/produkt\/omd-560\/","og_site_name":"Southland Sensing Ltd.","article_modified_time":"2026-04-08T05:42:19+00:00","og_image":[{"width":621,"height":1024,"url":"https:\/\/sso2.com\/wp-content\/uploads\/2025\/03\/omd-560-621x1024.png","type":"image\/png"}],"twitter_card":"summary_large_image","twitter_misc":{"Preis":"","Verf\u00fcgbarkeit":"Auf Lager"},"schema":{"@context":"https:\/\/schema.org","@graph":[{"@type":"WebPage","@id":"https:\/\/sso2.com\/product\/omd-560\/","url":"https:\/\/sso2.com\/product\/omd-560\/","name":"OMD-560 Tragbarer Spurensauerstoff-Analysator, CE","isPartOf":{"@id":"https:\/\/sso2.com\/#website"},"primaryImageOfPage":{"@id":"https:\/\/sso2.com\/product\/omd-560\/#primaryimage"},"image":{"@id":"https:\/\/sso2.com\/product\/omd-560\/#primaryimage"},"thumbnailUrl":"https:\/\/i0.wp.com\/sso2.com\/wp-content\/uploads\/2025\/03\/omd-560.png?fit=2316%2C3816&ssl=1","datePublished":"2025-03-27T19:59:28+00:00","dateModified":"2026-04-08T05:42:19+00:00","description":"Der tragbare Spuren-Sauerstoffanalysator OMD-580 bietet pr\u00e4zise, \u200b\u200bschnelle und zuverl\u00e4ssige Sauerstoffmessungen f\u00fcr industrielle Anwendungen, Laboranwendungen und Sicherheits\u00fcberwachung.","breadcrumb":{"@id":"https:\/\/sso2.com\/product\/omd-560\/#breadcrumb"},"inLanguage":"de","potentialAction":[{"@type":"ReadAction","target":["https:\/\/sso2.com\/product\/omd-560\/"]}]},{"@type":"ImageObject","inLanguage":"de","@id":"https:\/\/sso2.com\/product\/omd-560\/#primaryimage","url":"https:\/\/i0.wp.com\/sso2.com\/wp-content\/uploads\/2025\/03\/omd-560.png?fit=2316%2C3816&ssl=1","contentUrl":"https:\/\/i0.wp.com\/sso2.com\/wp-content\/uploads\/2025\/03\/omd-560.png?fit=2316%2C3816&ssl=1","width":2316,"height":3816},{"@type":"BreadcrumbList","@id":"https:\/\/sso2.com\/product\/omd-560\/#breadcrumb","itemListElement":[{"@type":"ListItem","position":1,"name":"Home","item":"https:\/\/sso2.com\/en\/"},{"@type":"ListItem","position":2,"name":"Shop","item":"https:\/\/sso2.com\/shop\/"},{"@type":"ListItem","position":3,"name":"OMD-560 Portable Trace Oxygen Analyzer"}]},{"@type":"WebSite","@id":"https:\/\/sso2.com\/#website","url":"https:\/\/sso2.com\/","name":"Southland Sensing Ltd.","description":"Industrial &amp; Medical Gas Analyzers Oxygen CO\u2082, &amp; H\u2082 Monitors","publisher":{"@id":"https:\/\/sso2.com\/#organization"},"alternateName":"SSO2","potentialAction":[{"@type":"SearchAction","target":{"@type":"EntryPoint","urlTemplate":"https:\/\/sso2.com\/?s={search_term_string}"},"query-input":{"@type":"PropertyValueSpecification","valueRequired":true,"valueName":"search_term_string"}}],"inLanguage":"de"},{"@type":"Organization","@id":"https:\/\/sso2.com\/#organization","name":"Southland Sensing Ltd.","alternateName":"SSO2","url":"https:\/\/sso2.com\/","logo":{"@type":"ImageObject","inLanguage":"de","@id":"https:\/\/sso2.com\/#\/schema\/logo\/image\/","url":"https:\/\/sso2.com\/wp-content\/uploads\/2025\/10\/sso2_300pixel.webp","contentUrl":"https:\/\/sso2.com\/wp-content\/uploads\/2025\/10\/sso2_300pixel.webp","width":300,"height":50,"caption":"Southland Sensing Ltd."},"image":{"@id":"https:\/\/sso2.com\/#\/schema\/logo\/image\/"},"sameAs":["https:\/\/www.linkedin.com\/company\/southland-sensing-ltd\/"],"description":"Southland Sensing Ltd. brings together superior performance, an improved user experience, and unmatched application expertise to deliver an accurate and reliable measurement solution. That\u2019s why multinationals, small companies and universities alike turn to us again and again.","email":"sales@sso2.com","telephone":"1-949-398-2879","legalName":"Southland Sensing Ltd.","foundingDate":"2013-01-01","numberOfEmployees":{"@type":"QuantitativeValue","minValue":"11","maxValue":"50"},"publishingPrinciples":"https:\/\/sso2.com\/contact-us\/","ownershipFundingInfo":"https:\/\/sso2.com\/about-us\/","actionableFeedbackPolicy":"https:\/\/sso2.com\/contact-us\/"}]},"product_price_currency":"USD","og_availability":"instock","product_availability":"instock","product_condition":"new"},"jetpack_sharing_enabled":true,"_links":{"self":[{"href":"https:\/\/sso2.com\/de\/wp-json\/wp\/v2\/product\/3410","targetHints":{"allow":["GET"]}}],"collection":[{"href":"https:\/\/sso2.com\/de\/wp-json\/wp\/v2\/product"}],"about":[{"href":"https:\/\/sso2.com\/de\/wp-json\/wp\/v2\/types\/product"}],"replies":[{"embeddable":true,"href":"https:\/\/sso2.com\/de\/wp-json\/wp\/v2\/comments?post=3410"}],"wp:featuredmedia":[{"embeddable":true,"href":"https:\/\/sso2.com\/de\/wp-json\/wp\/v2\/media\/3411"}],"wp:attachment":[{"href":"https:\/\/sso2.com\/de\/wp-json\/wp\/v2\/media?parent=3410"}],"wp:term":[{"taxonomy":"product_brand","embeddable":true,"href":"https:\/\/sso2.com\/de\/wp-json\/wp\/v2\/product_brand?post=3410"},{"taxonomy":"product_cat","embeddable":true,"href":"https:\/\/sso2.com\/de\/wp-json\/wp\/v2\/product_cat?post=3410"},{"taxonomy":"product_tag","embeddable":true,"href":"https:\/\/sso2.com\/de\/wp-json\/wp\/v2\/product_tag?post=3410"}],"curies":[{"name":"wp","href":"https:\/\/api.w.org\/{rel}","templated":true}]}}