{"id":2964,"date":"2025-01-28T23:19:42","date_gmt":"2025-01-28T23:19:42","guid":{"rendered":"https:\/\/sso2.com\/?post_type=product&#038;p=2964"},"modified":"2025-11-19T10:56:06","modified_gmt":"2025-11-19T10:56:06","slug":"to2-it-xl-ppm-oxygen-sensor","status":"publish","type":"product","link":"https:\/\/sso2.com\/de\/product\/to2-it-xl-ppm-oxygen-sensor\/","title":{"rendered":"TO2-IT-XL PPM Oxygen Sensor"},"content":{"rendered":"<p>The TO2-IT-XL PPM Oxygen Sensor provides high levels of accuracy, reliability and linearity throughout its measurement ranges. The oxygen sensor is based on the galvanic electrochemical fuel cell principal and is manufactured in house under a strict quality procedure.\u00a0 The sensors are self contained and minimal maintenance is required \u2013 no need to clean electrodes or add electrolyte.\u00a0 The precision sensors offer excellent performance, accuracy and stability while maximizing the expected life.<\/p>\n<p>The sensor is capable of measuring oxygen from 0.01 parts-per-million up to 25.0%.\u00a0 For maximum life and performance, we recommend to use it when monitoring oxygen from 0.2 ppm to 1000 ppm with an occasional upset or air calibration.<\/p>\n<p>The TO2-IT-XL uses our standard KOH electrolyte.\u00a0 This sensor is designed for optimal performance in inert gases such as Nitrogen, Argon, Helium, Hydrogen, etc.<\/p>\n<p>Die unterschiedlichen Leistungsvorteile der SSO2-Sensoren lassen sich auf geringf\u00fcgige \u00c4nderungen bei den Abmessungen, Anschl\u00fcssen und der Verpackung zur\u00fcckf\u00fchren. Das Funktionsprinzip und die Grundkomponenten bleiben jedoch gleich.<\/p>","protected":false},"excerpt":{"rendered":"<p>The TO2-IT-XL PPM Oxygen Sensor provides high levels of accuracy, reliability and linearity throughout its measurement ranges. The oxygen sensor is based on the galvanic electrochemical fuel cell principal and is manufactured in house under a strict quality procedure.\u00a0 The sensors are self contained and minimal maintenance is required \u2013 no need to clean electrodes [&hellip;]<\/p>\n","protected":false},"featured_media":2965,"comment_status":"open","ping_status":"closed","template":"","meta":[],"product_brand":[],"product_cat":[23],"product_tag":[],"class_list":{"0":"post-2964","1":"product","2":"type-product","3":"status-publish","4":"has-post-thumbnail","6":"product_cat-industrial-oxygen-sensors","8":"first","9":"instock","10":"shipping-taxable","11":"product-type-external"},"yoast_head":"<!-- This site is optimized with the Yoast SEO Premium plugin v27.4 (Yoast SEO v27.4) - https:\/\/yoast.com\/product\/yoast-seo-premium-wordpress\/ -->\n<title>TO2-IT-XL PPM Oxygen Sensor for Accurate Measurement<\/title>\n<meta name=\"description\" content=\"The TO2-IT-XL PPM Oxygen Sensor delivers precise low-level oxygen detection, offering stability and reliability for industrial, and safety applications.\" \/>\n<meta name=\"robots\" content=\"index, follow, max-snippet:-1, max-image-preview:large, max-video-preview:-1\" \/>\n<link rel=\"canonical\" href=\"https:\/\/sso2.com\/de\/produkt\/to2-it-xl-ppm-oxygen-sensor\/\" \/>\n<meta property=\"og:locale\" content=\"de_DE\" \/>\n<meta property=\"og:type\" content=\"article\" \/>\n<meta property=\"og:title\" content=\"TO2-IT-XL PPM Oxygen Sensor\" \/>\n<meta property=\"og:description\" content=\"The TO2-IT-XL PPM Oxygen Sensor delivers precise low-level oxygen detection, offering stability and reliability for industrial, and safety applications.\" \/>\n<meta property=\"og:url\" content=\"https:\/\/sso2.com\/de\/produkt\/to2-it-xl-ppm-oxygen-sensor\/\" \/>\n<meta property=\"og:site_name\" content=\"Southland Sensing Ltd.\" \/>\n<meta property=\"article:modified_time\" content=\"2025-11-19T10:56:06+00:00\" \/>\n<meta property=\"og:image\" content=\"https:\/\/sso2.com\/wp-content\/uploads\/2025\/01\/to2-it-xl.jpg\" \/>\n\t<meta property=\"og:image:width\" content=\"1272\" \/>\n\t<meta property=\"og:image:height\" content=\"1494\" \/>\n\t<meta property=\"og:image:type\" content=\"image\/jpeg\" \/>\n<meta name=\"twitter:card\" content=\"summary_large_image\" \/>\n<meta name=\"twitter:label1\" content=\"Preis\" \/>\n\t<meta name=\"twitter:data1\" content=\"\" \/>\n\t<meta name=\"twitter:label2\" content=\"Verf\u00fcgbarkeit\" \/>\n\t<meta name=\"twitter:data2\" content=\"Auf Lager\" \/>\n<script type=\"application\/ld+json\" class=\"yoast-schema-graph\">{\"@context\":\"https:\\\/\\\/schema.org\",\"@graph\":[{\"@type\":\"WebPage\",\"@id\":\"https:\\\/\\\/sso2.com\\\/product\\\/to2-it-xl-ppm-oxygen-sensor\\\/\",\"url\":\"https:\\\/\\\/sso2.com\\\/product\\\/to2-it-xl-ppm-oxygen-sensor\\\/\",\"name\":\"TO2-IT-XL PPM Oxygen Sensor for Accurate Measurement\",\"isPartOf\":{\"@id\":\"https:\\\/\\\/sso2.com\\\/#website\"},\"primaryImageOfPage\":{\"@id\":\"https:\\\/\\\/sso2.com\\\/product\\\/to2-it-xl-ppm-oxygen-sensor\\\/#primaryimage\"},\"image\":{\"@id\":\"https:\\\/\\\/sso2.com\\\/product\\\/to2-it-xl-ppm-oxygen-sensor\\\/#primaryimage\"},\"thumbnailUrl\":\"https:\\\/\\\/i0.wp.com\\\/sso2.com\\\/wp-content\\\/uploads\\\/2025\\\/01\\\/to2-it-xl.jpg?fit=1272%2C1494&ssl=1\",\"datePublished\":\"2025-01-28T23:19:42+00:00\",\"dateModified\":\"2025-11-19T10:56:06+00:00\",\"description\":\"The TO2-IT-XL PPM Oxygen Sensor delivers precise low-level oxygen detection, offering stability and reliability for industrial, and safety applications.\",\"breadcrumb\":{\"@id\":\"https:\\\/\\\/sso2.com\\\/product\\\/to2-it-xl-ppm-oxygen-sensor\\\/#breadcrumb\"},\"inLanguage\":\"de\",\"potentialAction\":[{\"@type\":\"ReadAction\",\"target\":[\"https:\\\/\\\/sso2.com\\\/product\\\/to2-it-xl-ppm-oxygen-sensor\\\/\"]}]},{\"@type\":\"ImageObject\",\"inLanguage\":\"de\",\"@id\":\"https:\\\/\\\/sso2.com\\\/product\\\/to2-it-xl-ppm-oxygen-sensor\\\/#primaryimage\",\"url\":\"https:\\\/\\\/i0.wp.com\\\/sso2.com\\\/wp-content\\\/uploads\\\/2025\\\/01\\\/to2-it-xl.jpg?fit=1272%2C1494&ssl=1\",\"contentUrl\":\"https:\\\/\\\/i0.wp.com\\\/sso2.com\\\/wp-content\\\/uploads\\\/2025\\\/01\\\/to2-it-xl.jpg?fit=1272%2C1494&ssl=1\",\"width\":1272,\"height\":1494},{\"@type\":\"BreadcrumbList\",\"@id\":\"https:\\\/\\\/sso2.com\\\/product\\\/to2-it-xl-ppm-oxygen-sensor\\\/#breadcrumb\",\"itemListElement\":[{\"@type\":\"ListItem\",\"position\":1,\"name\":\"Home\",\"item\":\"https:\\\/\\\/sso2.com\\\/en\\\/\"},{\"@type\":\"ListItem\",\"position\":2,\"name\":\"Shop\",\"item\":\"https:\\\/\\\/sso2.com\\\/shop\\\/\"},{\"@type\":\"ListItem\",\"position\":3,\"name\":\"TO2-IT-XL PPM Oxygen Sensor\"}]},{\"@type\":\"WebSite\",\"@id\":\"https:\\\/\\\/sso2.com\\\/#website\",\"url\":\"https:\\\/\\\/sso2.com\\\/\",\"name\":\"Southland Sensing Ltd.\",\"description\":\"Industrial &amp; Medical Gas Analyzers Oxygen CO\u2082, &amp; H\u2082 Monitors\",\"publisher\":{\"@id\":\"https:\\\/\\\/sso2.com\\\/#organization\"},\"alternateName\":\"SSO2\",\"potentialAction\":[{\"@type\":\"SearchAction\",\"target\":{\"@type\":\"EntryPoint\",\"urlTemplate\":\"https:\\\/\\\/sso2.com\\\/?s={search_term_string}\"},\"query-input\":{\"@type\":\"PropertyValueSpecification\",\"valueRequired\":true,\"valueName\":\"search_term_string\"}}],\"inLanguage\":\"de\"},{\"@type\":\"Organization\",\"@id\":\"https:\\\/\\\/sso2.com\\\/#organization\",\"name\":\"Southland Sensing Ltd.\",\"alternateName\":\"SSO2\",\"url\":\"https:\\\/\\\/sso2.com\\\/\",\"logo\":{\"@type\":\"ImageObject\",\"inLanguage\":\"de\",\"@id\":\"https:\\\/\\\/sso2.com\\\/#\\\/schema\\\/logo\\\/image\\\/\",\"url\":\"https:\\\/\\\/sso2.com\\\/wp-content\\\/uploads\\\/2025\\\/10\\\/sso2_300pixel.webp\",\"contentUrl\":\"https:\\\/\\\/sso2.com\\\/wp-content\\\/uploads\\\/2025\\\/10\\\/sso2_300pixel.webp\",\"width\":300,\"height\":50,\"caption\":\"Southland Sensing Ltd.\"},\"image\":{\"@id\":\"https:\\\/\\\/sso2.com\\\/#\\\/schema\\\/logo\\\/image\\\/\"},\"sameAs\":[\"https:\\\/\\\/www.linkedin.com\\\/company\\\/southland-sensing-ltd\\\/\"],\"description\":\"Southland Sensing Ltd. brings together superior performance, an improved user experience, and unmatched application expertise to deliver an accurate and reliable measurement solution. That\u2019s why multinationals, small companies and universities alike turn to us again and again.\",\"email\":\"sales@sso2.com\",\"telephone\":\"1-949-398-2879\",\"legalName\":\"Southland Sensing Ltd.\",\"foundingDate\":\"2013-01-01\",\"numberOfEmployees\":{\"@type\":\"QuantitativeValue\",\"minValue\":\"11\",\"maxValue\":\"50\"},\"publishingPrinciples\":\"https:\\\/\\\/sso2.com\\\/contact-us\\\/\",\"ownershipFundingInfo\":\"https:\\\/\\\/sso2.com\\\/about-us\\\/\",\"actionableFeedbackPolicy\":\"https:\\\/\\\/sso2.com\\\/contact-us\\\/\"}]}<\/script>\n<meta property=\"product:price:currency\" content=\"USD\" \/>\n<meta property=\"og:availability\" content=\"instock\" \/>\n<meta property=\"product:availability\" content=\"instock\" \/>\n<meta property=\"product:condition\" content=\"new\" \/>\n<!-- \/ Yoast SEO Premium plugin. -->","yoast_head_json":{"title":"TO2-IT-XL PPM-Sauerstoffsensor f\u00fcr pr\u00e4zise Messung","description":"Der TO2-IT-XL PPM-Sauerstoffsensor erm\u00f6glicht eine pr\u00e4zise Sauerstoffmessung im niedrigen Konzentrationsbereich und bietet Stabilit\u00e4t und Zuverl\u00e4ssigkeit f\u00fcr industrielle Anwendungen und Sicherheitsanwendungen.","robots":{"index":"index","follow":"follow","max-snippet":"max-snippet:-1","max-image-preview":"max-image-preview:large","max-video-preview":"max-video-preview:-1"},"canonical":"https:\/\/sso2.com\/de\/produkt\/to2-it-xl-ppm-oxygen-sensor\/","og_locale":"de_DE","og_type":"article","og_title":"TO2-IT-XL PPM Oxygen Sensor","og_description":"The TO2-IT-XL PPM Oxygen Sensor delivers precise low-level oxygen detection, offering stability and reliability for industrial, and safety applications.","og_url":"https:\/\/sso2.com\/de\/produkt\/to2-it-xl-ppm-oxygen-sensor\/","og_site_name":"Southland Sensing Ltd.","article_modified_time":"2025-11-19T10:56:06+00:00","og_image":[{"width":1272,"height":1494,"url":"https:\/\/sso2.com\/wp-content\/uploads\/2025\/01\/to2-it-xl.jpg","type":"image\/jpeg"}],"twitter_card":"summary_large_image","twitter_misc":{"Preis":"","Verf\u00fcgbarkeit":"Auf Lager"},"schema":{"@context":"https:\/\/schema.org","@graph":[{"@type":"WebPage","@id":"https:\/\/sso2.com\/product\/to2-it-xl-ppm-oxygen-sensor\/","url":"https:\/\/sso2.com\/product\/to2-it-xl-ppm-oxygen-sensor\/","name":"TO2-IT-XL PPM-Sauerstoffsensor f\u00fcr pr\u00e4zise Messung","isPartOf":{"@id":"https:\/\/sso2.com\/#website"},"primaryImageOfPage":{"@id":"https:\/\/sso2.com\/product\/to2-it-xl-ppm-oxygen-sensor\/#primaryimage"},"image":{"@id":"https:\/\/sso2.com\/product\/to2-it-xl-ppm-oxygen-sensor\/#primaryimage"},"thumbnailUrl":"https:\/\/i0.wp.com\/sso2.com\/wp-content\/uploads\/2025\/01\/to2-it-xl.jpg?fit=1272%2C1494&ssl=1","datePublished":"2025-01-28T23:19:42+00:00","dateModified":"2025-11-19T10:56:06+00:00","description":"Der TO2-IT-XL PPM-Sauerstoffsensor erm\u00f6glicht eine pr\u00e4zise Sauerstoffmessung im niedrigen Konzentrationsbereich und bietet Stabilit\u00e4t und Zuverl\u00e4ssigkeit f\u00fcr industrielle Anwendungen und Sicherheitsanwendungen.","breadcrumb":{"@id":"https:\/\/sso2.com\/product\/to2-it-xl-ppm-oxygen-sensor\/#breadcrumb"},"inLanguage":"de","potentialAction":[{"@type":"ReadAction","target":["https:\/\/sso2.com\/product\/to2-it-xl-ppm-oxygen-sensor\/"]}]},{"@type":"ImageObject","inLanguage":"de","@id":"https:\/\/sso2.com\/product\/to2-it-xl-ppm-oxygen-sensor\/#primaryimage","url":"https:\/\/i0.wp.com\/sso2.com\/wp-content\/uploads\/2025\/01\/to2-it-xl.jpg?fit=1272%2C1494&ssl=1","contentUrl":"https:\/\/i0.wp.com\/sso2.com\/wp-content\/uploads\/2025\/01\/to2-it-xl.jpg?fit=1272%2C1494&ssl=1","width":1272,"height":1494},{"@type":"BreadcrumbList","@id":"https:\/\/sso2.com\/product\/to2-it-xl-ppm-oxygen-sensor\/#breadcrumb","itemListElement":[{"@type":"ListItem","position":1,"name":"Home","item":"https:\/\/sso2.com\/en\/"},{"@type":"ListItem","position":2,"name":"Shop","item":"https:\/\/sso2.com\/shop\/"},{"@type":"ListItem","position":3,"name":"TO2-IT-XL PPM Oxygen Sensor"}]},{"@type":"WebSite","@id":"https:\/\/sso2.com\/#website","url":"https:\/\/sso2.com\/","name":"Southland Sensing Ltd.","description":"Industrial &amp; Medical Gas Analyzers Oxygen CO\u2082, &amp; H\u2082 Monitors","publisher":{"@id":"https:\/\/sso2.com\/#organization"},"alternateName":"SSO2","potentialAction":[{"@type":"SearchAction","target":{"@type":"EntryPoint","urlTemplate":"https:\/\/sso2.com\/?s={search_term_string}"},"query-input":{"@type":"PropertyValueSpecification","valueRequired":true,"valueName":"search_term_string"}}],"inLanguage":"de"},{"@type":"Organization","@id":"https:\/\/sso2.com\/#organization","name":"Southland Sensing Ltd.","alternateName":"SSO2","url":"https:\/\/sso2.com\/","logo":{"@type":"ImageObject","inLanguage":"de","@id":"https:\/\/sso2.com\/#\/schema\/logo\/image\/","url":"https:\/\/sso2.com\/wp-content\/uploads\/2025\/10\/sso2_300pixel.webp","contentUrl":"https:\/\/sso2.com\/wp-content\/uploads\/2025\/10\/sso2_300pixel.webp","width":300,"height":50,"caption":"Southland Sensing Ltd."},"image":{"@id":"https:\/\/sso2.com\/#\/schema\/logo\/image\/"},"sameAs":["https:\/\/www.linkedin.com\/company\/southland-sensing-ltd\/"],"description":"Southland Sensing Ltd. brings together superior performance, an improved user experience, and unmatched application expertise to deliver an accurate and reliable measurement solution. That\u2019s why multinationals, small companies and universities alike turn to us again and again.","email":"sales@sso2.com","telephone":"1-949-398-2879","legalName":"Southland Sensing Ltd.","foundingDate":"2013-01-01","numberOfEmployees":{"@type":"QuantitativeValue","minValue":"11","maxValue":"50"},"publishingPrinciples":"https:\/\/sso2.com\/contact-us\/","ownershipFundingInfo":"https:\/\/sso2.com\/about-us\/","actionableFeedbackPolicy":"https:\/\/sso2.com\/contact-us\/"}]},"product_price_currency":"USD","og_availability":"instock","product_availability":"instock","product_condition":"new"},"jetpack_sharing_enabled":true,"_links":{"self":[{"href":"https:\/\/sso2.com\/de\/wp-json\/wp\/v2\/product\/2964","targetHints":{"allow":["GET"]}}],"collection":[{"href":"https:\/\/sso2.com\/de\/wp-json\/wp\/v2\/product"}],"about":[{"href":"https:\/\/sso2.com\/de\/wp-json\/wp\/v2\/types\/product"}],"replies":[{"embeddable":true,"href":"https:\/\/sso2.com\/de\/wp-json\/wp\/v2\/comments?post=2964"}],"wp:featuredmedia":[{"embeddable":true,"href":"https:\/\/sso2.com\/de\/wp-json\/wp\/v2\/media\/2965"}],"wp:attachment":[{"href":"https:\/\/sso2.com\/de\/wp-json\/wp\/v2\/media?parent=2964"}],"wp:term":[{"taxonomy":"product_brand","embeddable":true,"href":"https:\/\/sso2.com\/de\/wp-json\/wp\/v2\/product_brand?post=2964"},{"taxonomy":"product_cat","embeddable":true,"href":"https:\/\/sso2.com\/de\/wp-json\/wp\/v2\/product_cat?post=2964"},{"taxonomy":"product_tag","embeddable":true,"href":"https:\/\/sso2.com\/de\/wp-json\/wp\/v2\/product_tag?post=2964"}],"curies":[{"name":"wp","href":"https:\/\/api.w.org\/{rel}","templated":true}]}}