{"id":420,"date":"2019-03-27T10:12:40","date_gmt":"2019-03-27T10:12:40","guid":{"rendered":"https:\/\/sso2.com\/?page_id=420"},"modified":"2025-11-19T18:06:27","modified_gmt":"2025-11-19T18:06:27","slug":"glossary","status":"publish","type":"page","link":"https:\/\/sso2.com\/de\/glossary\/","title":{"rendered":"Glossar"},"content":{"rendered":"<div data-elementor-type=\"wp-page\" data-elementor-id=\"420\" class=\"elementor elementor-420\" data-elementor-post-type=\"page\">\n\t\t\t\t\t\t<section class=\"elementor-section elementor-top-section elementor-element elementor-element-3abdac2 elementor-section-items-stretch elementor-section-height-min-height elementor-section-boxed elementor-section-height-default\" data-id=\"3abdac2\" data-element_type=\"section\" data-e-type=\"section\" data-settings=\"{&quot;background_background&quot;:&quot;classic&quot;}\">\n\t\t\t\t\t\t<div class=\"elementor-container elementor-column-gap-no\">\n\t\t\t\t\t<div class=\"elementor-column elementor-col-50 elementor-top-column elementor-element elementor-element-403a7161\" data-id=\"403a7161\" data-element_type=\"column\" data-e-type=\"column\">\n\t\t\t<div class=\"elementor-widget-wrap elementor-element-populated\">\n\t\t\t\t\t\t<section class=\"elementor-section elementor-inner-section elementor-element elementor-element-5af4c2c4 elementor-section-boxed elementor-section-height-default elementor-section-height-default\" data-id=\"5af4c2c4\" data-element_type=\"section\" data-e-type=\"section\">\n\t\t\t\t\t\t<div class=\"elementor-container elementor-column-gap-no\">\n\t\t\t\t\t<div class=\"elementor-column elementor-col-100 elementor-inner-column elementor-element elementor-element-1c2a3534\" data-id=\"1c2a3534\" data-element_type=\"column\" data-e-type=\"column\">\n\t\t\t<div class=\"elementor-widget-wrap elementor-element-populated\">\n\t\t\t\t\t\t<div class=\"elementor-element elementor-element-771c8cac elementor-widget__width-auto elementor-widget elementor-widget-heading\" data-id=\"771c8cac\" data-element_type=\"widget\" data-e-type=\"widget\" data-widget_type=\"heading.default\">\n\t\t\t\t<div class=\"elementor-widget-container\">\n\t\t\t\t\t<div class=\"elementor-heading-title elementor-size-default\"><a href=\"https:\/\/sso2.com\/de\/\">Startseite<\/a><\/div>\t\t\t\t<\/div>\n\t\t\t\t<\/div>\n\t\t\t\t<div class=\"elementor-element elementor-element-60ac19da elementor-widget__width-initial elementor-view-default elementor-widget elementor-widget-icon\" data-id=\"60ac19da\" data-element_type=\"widget\" data-e-type=\"widget\" data-widget_type=\"icon.default\">\n\t\t\t\t<div class=\"elementor-widget-container\">\n\t\t\t\t\t\t\t<div class=\"elementor-icon-wrapper\">\n\t\t\t<div class=\"elementor-icon\">\n\t\t\t<svg aria-hidden=\"true\" class=\"e-font-icon-svg e-fas-slash\" viewbox=\"0 0 640 512\" xmlns=\"http:\/\/www.w3.org\/2000\/svg\"><path d=\"M594.53 508.63L6.18 53.9c-6.97-5.42-8.23-15.47-2.81-22.45L23.01 6.18C28.43-.8 38.49-2.06 45.47 3.37L633.82 458.1c6.97 5.42 8.23 15.47 2.81 22.45l-19.64 25.27c-5.42 6.98-15.48 8.23-22.46 2.81z\"><\/path><\/svg>\t\t\t<\/div>\n\t\t<\/div>\n\t\t\t\t\t\t<\/div>\n\t\t\t\t<\/div>\n\t\t\t\t<div class=\"elementor-element elementor-element-7d8f5089 elementor-widget__width-auto elementor-widget elementor-widget-heading\" data-id=\"7d8f5089\" data-element_type=\"widget\" data-e-type=\"widget\" data-widget_type=\"heading.default\">\n\t\t\t\t<div class=\"elementor-widget-container\">\n\t\t\t\t\t<div class=\"elementor-heading-title elementor-size-default\"><a href=\"#\">Glossar<\/a><\/div>\t\t\t\t<\/div>\n\t\t\t\t<\/div>\n\t\t\t\t\t<\/div>\n\t\t<\/div>\n\t\t\t\t\t<\/div>\n\t\t<\/section>\n\t\t\t\t<section class=\"elementor-section elementor-inner-section elementor-element elementor-element-6cac600e elementor-reverse-tablet elementor-reverse-mobile elementor-section-boxed elementor-section-height-default elementor-section-height-default\" data-id=\"6cac600e\" data-element_type=\"section\" data-e-type=\"section\">\n\t\t\t\t\t\t<div class=\"elementor-container elementor-column-gap-no\">\n\t\t\t\t\t<div class=\"elementor-column elementor-col-100 elementor-inner-column elementor-element elementor-element-2b2a8bda\" data-id=\"2b2a8bda\" data-element_type=\"column\" data-e-type=\"column\">\n\t\t\t<div class=\"elementor-widget-wrap elementor-element-populated\">\n\t\t\t\t\t\t<div class=\"elementor-element elementor-element-566b0202 elementor-widget elementor-widget-heading\" data-id=\"566b0202\" data-element_type=\"widget\" data-e-type=\"widget\" data-widget_type=\"heading.default\">\n\t\t\t\t<div class=\"elementor-widget-container\">\n\t\t\t\t\t<h1 class=\"elementor-heading-title elementor-size-default\">Glossar<\/h1>\t\t\t\t<\/div>\n\t\t\t\t<\/div>\n\t\t\t\t\t<\/div>\n\t\t<\/div>\n\t\t\t\t\t<\/div>\n\t\t<\/section>\n\t\t\t\t\t<\/div>\n\t\t<\/div>\n\t\t\t\t<div class=\"elementor-column elementor-col-50 elementor-top-column elementor-element elementor-element-40b74e64\" data-id=\"40b74e64\" data-element_type=\"column\" data-e-type=\"column\">\n\t\t\t<div class=\"elementor-widget-wrap elementor-element-populated\">\n\t\t\t\t\t\t<div class=\"elementor-element elementor-element-40caedb7 animated-fast elementor-invisible elementor-widget elementor-widget-image\" data-id=\"40caedb7\" data-element_type=\"widget\" data-e-type=\"widget\" data-settings=\"{&quot;_animation&quot;:&quot;fadeInLeft&quot;,&quot;_animation_mobile&quot;:&quot;none&quot;}\" data-widget_type=\"image.default\">\n\t\t\t\t<div class=\"elementor-widget-container\">\n\t\t\t\t\t\t\t\t\t\t\t\t\t\t\t<img decoding=\"async\" width=\"2560\" height=\"1707\" src=\"https:\/\/i0.wp.com\/sso2.com\/wp-content\/uploads\/2021\/02\/oil_gas_processing_facility-scaled.jpg?fit=2560%2C1707&amp;ssl=1\" class=\"attachment-full size-full wp-image-1310\" alt=\"\" srcset=\"https:\/\/i0.wp.com\/sso2.com\/wp-content\/uploads\/2021\/02\/oil_gas_processing_facility-scaled.jpg?w=2560&amp;ssl=1 2560w, https:\/\/i0.wp.com\/sso2.com\/wp-content\/uploads\/2021\/02\/oil_gas_processing_facility-scaled.jpg?resize=300%2C200&amp;ssl=1 300w, https:\/\/i0.wp.com\/sso2.com\/wp-content\/uploads\/2021\/02\/oil_gas_processing_facility-scaled.jpg?resize=1024%2C683&amp;ssl=1 1024w, https:\/\/i0.wp.com\/sso2.com\/wp-content\/uploads\/2021\/02\/oil_gas_processing_facility-scaled.jpg?resize=768%2C512&amp;ssl=1 768w, https:\/\/i0.wp.com\/sso2.com\/wp-content\/uploads\/2021\/02\/oil_gas_processing_facility-scaled.jpg?resize=600%2C400&amp;ssl=1 600w, https:\/\/i0.wp.com\/sso2.com\/wp-content\/uploads\/2021\/02\/oil_gas_processing_facility-scaled.jpg?w=1600&amp;ssl=1 1600w, https:\/\/i0.wp.com\/sso2.com\/wp-content\/uploads\/2021\/02\/oil_gas_processing_facility-scaled.jpg?w=2400&amp;ssl=1 2400w\" sizes=\"(max-width: 800px) 100vw, 800px\" \/>\t\t\t\t\t\t\t\t\t\t\t\t\t\t\t<\/div>\n\t\t\t\t<\/div>\n\t\t\t\t\t<\/div>\n\t\t<\/div>\n\t\t\t\t\t<\/div>\n\t\t<\/section>\n\t\t<div class=\"elementor-element elementor-element-11dde119 e-flex e-con-boxed e-con e-parent\" data-id=\"11dde119\" data-element_type=\"container\" data-e-type=\"container\">\n\t\t\t\t\t<div class=\"e-con-inner\">\n\t\t\t\t<div class=\"elementor-element elementor-element-78bfcb59 elementor-widget elementor-widget-text-editor\" data-id=\"78bfcb59\" data-element_type=\"widget\" data-e-type=\"widget\" data-widget_type=\"text-editor.default\">\n\t\t\t\t<div class=\"elementor-widget-container\">\n\t\t\t\t\t\t\t\t\t<p>Wir haben einige g\u00e4ngige Begriffe, die im Zusammenhang mit unseren Pr\u00e4zisions-O2-Sensoren auftauchen, in einem Vokabular oder einer Begriffsdefinition zusammengestellt.  Wenn Sie auf einen Begriff sto\u00dfen, mit dem Sie nicht vertraut sind, kontaktieren Sie uns.<\/p><p>\n<table id=\"tablepress-35\" class=\"tablepress tablepress-id-35\">\n<thead>\n<tr class=\"row-1\">\n\t<th class=\"column-1\">Begriff<\/th><th class=\"column-2\">Definition <\/th>\n<\/tr>\n<\/thead>\n<tbody class=\"row-striping row-hover\">\n<tr class=\"row-2\">\n\t<td class=\"column-1\"><b>ACCURACY<\/b><\/td><td class=\"column-2\">Die Qualit\u00e4t der Ann\u00e4herung an einen bestimmten Wert unter bestimmten Bedingungen. In der Regel als Unsicherheit ausgedr\u00fcckt - die maximal zu erwartende Abweichung zwischen einem Messwert oder einer Ausgabe und dem tats\u00e4chlich gemessenen Wert.<\/td>\n<\/tr>\n<tr class=\"row-3\">\n\t<td class=\"column-1\"><b>UMGEBUNGSLUFT<\/b><\/td><td class=\"column-2\">Wird oft als Begriff verwendet, wenn es um die Kalibrierung von Sauerstoffanalysatoren geht.  Die Umgebungsluft besteht aus 20,9% Sauerstoff, der als bekannter SPAN-Gaswert verwendet werden kann.<\/td>\n<\/tr>\n<tr class=\"row-4\">\n\t<td class=\"column-1\"><b>UMGEBUNGSTEMPERATUR<\/b><\/td><td class=\"column-2\">Die Mindest-\/H\u00f6chsttemperatur der Luft, die das Ger\u00e4t oder die Ausr\u00fcstung umgibt.  Ein kritischer Parameter bei der Spezifikation eines Analyseger\u00e4ts.<\/td>\n<\/tr>\n<tr class=\"row-5\">\n\t<td class=\"column-1\"><b>ANALOG<\/b><\/td><td class=\"column-2\">Ein Parameter, der nicht inkrementell oder in diskreten Schritten, sondern kontinuierlich variiert.<\/td>\n<\/tr>\n<tr class=\"row-6\">\n\t<td class=\"column-1\"><b>KALIBRIEREN<\/b><\/td><td class=\"column-2\">Bestimmung der Anzeige oder Leistung eines Ger\u00e4ts in Bezug auf eine Norm. <br \/>\n<br \/>\n0 bis 9, eine 1\/2 Stelle zeigt eine 0 oder 1 und eine Bereichs\u00fcberschreitung bei 2, eine 3\/4 Stelle zeigt bis 3 und eine Bereichs\u00fcberschreitung bei 4. Ein Z\u00e4hler mit einer Anzeigespanne von \u00b13999 Z\u00e4hlungen ist ein 33\/4-stelliger Z\u00e4hler.<\/td>\n<\/tr>\n<tr class=\"row-7\">\n\t<td class=\"column-1\"><b>EMI \/ RFI<\/b><\/td><td class=\"column-2\">Elektromagnetische Interferenz \/ Radiofrequenz-Interferenz. <\/td>\n<\/tr>\n<tr class=\"row-8\">\n\t<td class=\"column-1\"><b>ERWEITERTE GR\u00d6SSE<\/b><\/td><td class=\"column-2\">Eine Anordnung, die einen bestimmten Teil eines Gesamtbereichs so erweitert, dass er einen gr\u00f6\u00dferen Teil der Gesamtl\u00e4nge einnimmt, als es normalerweise der Fall w\u00e4re.<\/td>\n<\/tr>\n<tr class=\"row-9\">\n\t<td class=\"column-1\"><b>EXPLOSIONSSICHER<\/b><\/td><td class=\"column-2\">Ein Geh\u00e4use, das in der Lage ist, einer Explosion eines bestimmten Gases oder Dampfes, die in seinem Inneren auftreten kann, standzuhalten und die Entz\u00fcndung eines bestimmten Gases oder Dampfes, der das Geh\u00e4use umgibt, durch Funken, Blitze, Hitze oder Explosion des Gasdampfes im Inneren zu verhindern.<\/td>\n<\/tr>\n<tr class=\"row-10\">\n\t<td class=\"column-1\"><b>FORMEL<\/b><\/td><td class=\"column-2\">Eine Methode zur Angabe der Relaiskontaktkonfiguration: Form A SPST-NO einpolig, einseitig \u00f6ffnend, Schlie\u00dfer Form B SPST-NC einpolig, einseitig \u00f6ffnend, \u00d6ffner Form C SPDT einpolig, zweipolig Change-Over CO wie SPDT<\/td>\n<\/tr>\n<tr class=\"row-11\">\n\t<td class=\"column-1\"><b>SKALENENDWERT<\/b><\/td><td class=\"column-2\">Die arithmetische Summe der beiden Skalenendwerte (gilt m\u00f6glicherweise nicht f\u00fcr einige spezielle Z\u00e4hler, wie z. B. den Leistungsfaktor). Wenn der Nullpunkt nicht auf der Skala liegt, ist der Skalenendwert der h\u00f6here Endwert. Beispiele: Skalenendwert 0-10 ppm, 0 - 100ppm, 0 - 500ppm, 0 - 1000ppm, 0 - 2500ppm, 0 - 10000ppm, 0 - 1%, 0 - 5%, 0 - 10%, 0 - 25%<\/td>\n<\/tr>\n<tr class=\"row-12\">\n\t<td class=\"column-1\"><b>BODEN<\/b><\/td><td class=\"column-2\">Referenzpunkt f\u00fcr ein elektrisches System. Wird oft verwendet, um eine Erdverbindung oder die negative Seite einer Gleichstromversorgung anzugeben.<\/td>\n<\/tr>\n<tr class=\"row-13\">\n\t<td class=\"column-1\"><b>LINEARIT\u00c4TSFEHLER<\/b><\/td><td class=\"column-2\">Ein Ma\u00df f\u00fcr die Abweichung von einer geradlinigen Reaktion in der Beziehung zwischen zwei Gr\u00f6\u00dfen, bei der die \u00c4nderung der einen Gr\u00f6\u00dfe direkt proportional zu einer \u00c4nderung der anderen Gr\u00f6\u00dfe ist. Wird normalerweise als maximaler Prozentsatz ausgedr\u00fcckt.<\/td>\n<\/tr>\n<tr class=\"row-14\">\n\t<td class=\"column-1\"><b>NEMA 4X \/ IP66-GEH\u00c4USE<\/b><\/td><td class=\"column-2\">Ein Bewertungsstandard, der den Verwendungszweck und den Grad des Umweltschutzes definiert.  Wird normalerweise mit Analyseger\u00e4ten in Verbindung gebracht, die im Freien installiert werden sollen.<\/td>\n<\/tr>\n<tr class=\"row-15\">\n\t<td class=\"column-1\"><b>PPM (TEILE PRO MILLION)<\/b><\/td><td class=\"column-2\">Ein praktisches Format, um sehr kleine Zahlen auszudr\u00fccken, wie z. B. Temperaturkoeffizienten. 100ppm sind 0,01%. PPM wird auch als \u201cSpur\u201d geschrieben, wie in Spurensauerstoff.<\/td>\n<\/tr>\n<tr class=\"row-16\">\n\t<td class=\"column-1\"><b>PSIA (PSI absolut)<\/b><\/td><td class=\"column-2\">Eine Druckmessung mit Vakuum als Referenz.<\/td>\n<\/tr>\n<tr class=\"row-17\">\n\t<td class=\"column-1\"><b>PSIG (PSI-Anzeige)<\/b><\/td><td class=\"column-2\">Ein Druckwert, der den Umgebungsluftdruck als Referenz verwendet.<\/td>\n<\/tr>\n<tr class=\"row-18\">\n\t<td class=\"column-1\"><b>BEREICH<\/b><\/td><td class=\"column-2\">Die Spanne der Werte, \u00fcber die ein Messger\u00e4t ohne \u00dcberlastung funktioniert, z. B. 0-100ppm<\/td>\n<\/tr>\n<tr class=\"row-19\">\n\t<td class=\"column-1\"><b>WIEDERHOLBARKEIT<\/b><\/td><td class=\"column-2\">Die F\u00e4higkeit eines Instruments, bei aufeinanderfolgenden Messungen desselben Eingangs denselben Messwert zu registrieren.<\/td>\n<\/tr>\n<tr class=\"row-20\">\n\t<td class=\"column-1\"><b>ENTSCHLIESSUNG<\/b><\/td><td class=\"column-2\">Der Grad, in dem nahezu gleiche Werte einer Gr\u00f6\u00dfe unterschieden werden k\u00f6nnen. Bei digitalen Z\u00e4hlern der Wert, der durch eine einstellige \u00c4nderung der niederwertigsten Ziffer dargestellt wird.<\/td>\n<\/tr>\n<tr class=\"row-21\">\n\t<td class=\"column-1\"><b>SENSIBILIT\u00c4T<\/b><\/td><td class=\"column-2\">Die minimale \u00c4nderung der Eingabe, auf die ein Ger\u00e4t reagieren kann.<\/td>\n<\/tr>\n<tr class=\"row-22\">\n\t<td class=\"column-1\"><b>SHIELD<\/b><\/td><td class=\"column-2\">Eine sch\u00fctzende, leitende Abdeckung, die externen St\u00f6rungen einen Weg mit dem geringsten Widerstand zur Erde bietet.<\/td>\n<\/tr>\n<tr class=\"row-23\">\n\t<td class=\"column-1\"><b>KALIBRIERUNGSEINSTELLUNG<\/b><\/td><td class=\"column-2\">Die M\u00f6glichkeit, die Verst\u00e4rkung eines Instruments so einzustellen, dass der Anzeigewert angezeigt wird.<\/td>\n<\/tr>\n<tr class=\"row-24\">\n\t<td class=\"column-1\"><b>T90 REAKTIONSZEIT<\/b><\/td><td class=\"column-2\">Die Zeit, die ein Sensor ben\u00f6tigt, um auf 90% seiner Gesamt\u00e4nderung infolge eines Eingangssprungs zu reagieren.<\/td>\n<\/tr>\n<tr class=\"row-25\">\n\t<td class=\"column-1\"><b>ZWEIDRAHTSENDER<\/b><\/td><td class=\"column-2\">Eine Ger\u00e4tekonfiguration, bei der sich der Signalausgang und der Stromeingang zwei Dr\u00e4hte teilen. Der Strom wird \u00fcber einen Draht \u00fcbertragen und \u00fcber ein 4-20-mA-Signal auf dem anderen Draht an ein SPS- oder DCS-System zur\u00fcckgegeben.  In den meisten F\u00e4llen ist dieses Signal nicht isoliert.<\/td>\n<\/tr>\n<tr class=\"row-26\">\n\t<td class=\"column-1\"><b>NULLABGLEICH<\/b><\/td><td class=\"column-2\">Die M\u00f6glichkeit, ein Instrument so einzustellen, dass der Null-Ausgang oder die Null-Anzeige einem bestimmten Eingangssignal entspricht, z. B. 0 V oder 4 mA.<\/td>\n<\/tr>\n<\/tbody>\n<\/table>\n<!-- #tablepress-35 from cache --><\/p>\t\t\t\t\t\t\t\t<\/div>\n\t\t\t\t<\/div>\n\t\t\t\t\t<\/div>\n\t\t\t\t<\/div>\n\t\t\t\t<\/div>","protected":false},"excerpt":{"rendered":"<p>Home Also referred to as a vocabulary or definition of terms, we have put together some common terms that come up in reference to our precision O2 sensors.\u00a0 If you run across a term you are not familiar with, contact us.<\/p>","protected":false},"author":6,"featured_media":0,"parent":0,"menu_order":0,"comment_status":"closed","ping_status":"closed","template":"elementor_header_footer","meta":{"footnotes":""},"class_list":["post-420","page","type-page","status-publish","hentry"],"yoast_head":"<!-- This site is optimized with the Yoast SEO Premium plugin v27.2 (Yoast SEO v27.2) - https:\/\/yoast.com\/product\/yoast-seo-premium-wordpress\/ -->\n<title>Glossary of Oxygen &amp; Industrial Gas Terms | SSO2<\/title>\n<meta name=\"description\" content=\"Comprehensive glossary of oxygen sensors, O\u2082 analyzers, and industrial gas terminology to help you understand key concepts and equipment for safe operations.\" \/>\n<meta name=\"robots\" content=\"index, follow, max-snippet:-1, max-image-preview:large, max-video-preview:-1\" \/>\n<link rel=\"canonical\" href=\"https:\/\/sso2.com\/de\/glossary\/\" \/>\n<meta property=\"og:locale\" content=\"de_DE\" \/>\n<meta property=\"og:type\" content=\"article\" \/>\n<meta property=\"og:title\" content=\"Glossary\" \/>\n<meta property=\"og:description\" content=\"Comprehensive glossary of oxygen sensors, O\u2082 analyzers, and industrial gas terminology to help you understand key concepts and equipment for safe operations.\" \/>\n<meta property=\"og:url\" content=\"https:\/\/sso2.com\/de\/glossary\/\" \/>\n<meta property=\"og:site_name\" content=\"Southland Sensing Ltd.\" \/>\n<meta property=\"article:modified_time\" content=\"2025-11-19T18:06:27+00:00\" \/>\n<meta property=\"og:image\" content=\"https:\/\/sso2.com\/wp-content\/uploads\/2021\/02\/oil_gas_processing_facility-scaled.jpg\" \/>\n<meta name=\"twitter:card\" content=\"summary_large_image\" \/>\n<meta name=\"twitter:label1\" content=\"Gesch\u00e4tzte Lesezeit\" \/>\n\t<meta name=\"twitter:data1\" content=\"1\u00a0Minute\" \/>\n<script type=\"application\/ld+json\" class=\"yoast-schema-graph\">{\"@context\":\"https:\/\/schema.org\",\"@graph\":[{\"@type\":\"WebPage\",\"@id\":\"https:\/\/sso2.com\/glossary\/\",\"url\":\"https:\/\/sso2.com\/glossary\/\",\"name\":\"Glossary of Oxygen & Industrial Gas Terms | SSO2\",\"isPartOf\":{\"@id\":\"https:\/\/sso2.com\/#website\"},\"primaryImageOfPage\":{\"@id\":\"https:\/\/sso2.com\/glossary\/#primaryimage\"},\"image\":{\"@id\":\"https:\/\/sso2.com\/glossary\/#primaryimage\"},\"thumbnailUrl\":\"https:\/\/sso2.com\/wp-content\/uploads\/2021\/02\/oil_gas_processing_facility-scaled.jpg\",\"datePublished\":\"2019-03-27T10:12:40+00:00\",\"dateModified\":\"2025-11-19T18:06:27+00:00\",\"description\":\"Comprehensive glossary of oxygen sensors, O\u2082 analyzers, and industrial gas terminology to help you understand key concepts and equipment for safe operations.\",\"breadcrumb\":{\"@id\":\"https:\/\/sso2.com\/glossary\/#breadcrumb\"},\"inLanguage\":\"de\",\"potentialAction\":[{\"@type\":\"ReadAction\",\"target\":[\"https:\/\/sso2.com\/glossary\/\"]}]},{\"@type\":\"ImageObject\",\"inLanguage\":\"de\",\"@id\":\"https:\/\/sso2.com\/glossary\/#primaryimage\",\"url\":\"https:\/\/sso2.com\/wp-content\/uploads\/2021\/02\/oil_gas_processing_facility-scaled.jpg\",\"contentUrl\":\"https:\/\/sso2.com\/wp-content\/uploads\/2021\/02\/oil_gas_processing_facility-scaled.jpg\"},{\"@type\":\"BreadcrumbList\",\"@id\":\"https:\/\/sso2.com\/glossary\/#breadcrumb\",\"itemListElement\":[{\"@type\":\"ListItem\",\"position\":1,\"name\":\"Home\",\"item\":\"https:\/\/sso2.com\/en\/\"},{\"@type\":\"ListItem\",\"position\":2,\"name\":\"Glossary\"}]},{\"@type\":\"WebSite\",\"@id\":\"https:\/\/sso2.com\/#website\",\"url\":\"https:\/\/sso2.com\/\",\"name\":\"Southland Sensing Ltd.\",\"description\":\"Industrial &amp; Medical Gas Analyzers Oxygen CO\u2082, &amp; H\u2082 Monitors\",\"publisher\":{\"@id\":\"https:\/\/sso2.com\/#organization\"},\"alternateName\":\"SSO2\",\"potentialAction\":[{\"@type\":\"SearchAction\",\"target\":{\"@type\":\"EntryPoint\",\"urlTemplate\":\"https:\/\/sso2.com\/?s={search_term_string}\"},\"query-input\":{\"@type\":\"PropertyValueSpecification\",\"valueRequired\":true,\"valueName\":\"search_term_string\"}}],\"inLanguage\":\"de\"},{\"@type\":\"Organization\",\"@id\":\"https:\/\/sso2.com\/#organization\",\"name\":\"Southland Sensing Ltd.\",\"alternateName\":\"SSO2\",\"url\":\"https:\/\/sso2.com\/\",\"logo\":{\"@type\":\"ImageObject\",\"inLanguage\":\"de\",\"@id\":\"https:\/\/sso2.com\/#\/schema\/logo\/image\/\",\"url\":\"https:\/\/sso2.com\/wp-content\/uploads\/2025\/10\/sso2_300pixel.webp\",\"contentUrl\":\"https:\/\/sso2.com\/wp-content\/uploads\/2025\/10\/sso2_300pixel.webp\",\"width\":300,\"height\":50,\"caption\":\"Southland Sensing Ltd.\"},\"image\":{\"@id\":\"https:\/\/sso2.com\/#\/schema\/logo\/image\/\"},\"sameAs\":[\"https:\/\/www.linkedin.com\/company\/southland-sensing-ltd\/\"],\"description\":\"Southland Sensing Ltd. brings together superior performance, an improved user experience, and unmatched application expertise to deliver an accurate and reliable measurement solution. That\u2019s why multinationals, small companies and universities alike turn to us again and again.\",\"email\":\"sales@sso2.com\",\"telephone\":\"1-949-398-2879\",\"legalName\":\"Southland Sensing Ltd.\",\"foundingDate\":\"2013-01-01\",\"numberOfEmployees\":{\"@type\":\"QuantitativeValue\",\"minValue\":\"11\",\"maxValue\":\"50\"},\"publishingPrinciples\":\"https:\/\/sso2.com\/contact-us\/\",\"ownershipFundingInfo\":\"https:\/\/sso2.com\/about-us\/\",\"actionableFeedbackPolicy\":\"https:\/\/sso2.com\/contact-us\/\"}]}<\/script>\n<!-- \/ Yoast SEO Premium plugin. -->","yoast_head_json":{"title":"Glossar der Sauerstoff- und Industriegasbegriffe | SSO2","description":"Ein umfassendes Glossar zu Sauerstoffsensoren, O\u2082-Analysatoren und industrieller Gasterminologie hilft Ihnen, wichtige Konzepte und Ger\u00e4te f\u00fcr einen sicheren Betrieb zu verstehen.","robots":{"index":"index","follow":"follow","max-snippet":"max-snippet:-1","max-image-preview":"max-image-preview:large","max-video-preview":"max-video-preview:-1"},"canonical":"https:\/\/sso2.com\/de\/glossary\/","og_locale":"de_DE","og_type":"article","og_title":"Glossary","og_description":"Comprehensive glossary of oxygen sensors, O\u2082 analyzers, and industrial gas terminology to help you understand key concepts and equipment for safe operations.","og_url":"https:\/\/sso2.com\/de\/glossary\/","og_site_name":"Southland Sensing Ltd.","article_modified_time":"2025-11-19T18:06:27+00:00","og_image":[{"url":"https:\/\/sso2.com\/wp-content\/uploads\/2021\/02\/oil_gas_processing_facility-scaled.jpg","type":"","width":"","height":""}],"twitter_card":"summary_large_image","twitter_misc":{"Gesch\u00e4tzte Lesezeit":"1\u00a0Minute"},"schema":{"@context":"https:\/\/schema.org","@graph":[{"@type":"WebPage","@id":"https:\/\/sso2.com\/glossary\/","url":"https:\/\/sso2.com\/glossary\/","name":"Glossar der Sauerstoff- und Industriegasbegriffe | SSO2","isPartOf":{"@id":"https:\/\/sso2.com\/#website"},"primaryImageOfPage":{"@id":"https:\/\/sso2.com\/glossary\/#primaryimage"},"image":{"@id":"https:\/\/sso2.com\/glossary\/#primaryimage"},"thumbnailUrl":"https:\/\/sso2.com\/wp-content\/uploads\/2021\/02\/oil_gas_processing_facility-scaled.jpg","datePublished":"2019-03-27T10:12:40+00:00","dateModified":"2025-11-19T18:06:27+00:00","description":"Ein umfassendes Glossar zu Sauerstoffsensoren, O\u2082-Analysatoren und industrieller Gasterminologie hilft Ihnen, wichtige Konzepte und Ger\u00e4te f\u00fcr einen sicheren Betrieb zu verstehen.","breadcrumb":{"@id":"https:\/\/sso2.com\/glossary\/#breadcrumb"},"inLanguage":"de","potentialAction":[{"@type":"ReadAction","target":["https:\/\/sso2.com\/glossary\/"]}]},{"@type":"ImageObject","inLanguage":"de","@id":"https:\/\/sso2.com\/glossary\/#primaryimage","url":"https:\/\/sso2.com\/wp-content\/uploads\/2021\/02\/oil_gas_processing_facility-scaled.jpg","contentUrl":"https:\/\/sso2.com\/wp-content\/uploads\/2021\/02\/oil_gas_processing_facility-scaled.jpg"},{"@type":"BreadcrumbList","@id":"https:\/\/sso2.com\/glossary\/#breadcrumb","itemListElement":[{"@type":"ListItem","position":1,"name":"Home","item":"https:\/\/sso2.com\/en\/"},{"@type":"ListItem","position":2,"name":"Glossary"}]},{"@type":"WebSite","@id":"https:\/\/sso2.com\/#website","url":"https:\/\/sso2.com\/","name":"Southland Sensing Ltd.","description":"Industrial &amp; Medical Gas Analyzers Oxygen CO\u2082, &amp; H\u2082 Monitors","publisher":{"@id":"https:\/\/sso2.com\/#organization"},"alternateName":"SSO2","potentialAction":[{"@type":"SearchAction","target":{"@type":"EntryPoint","urlTemplate":"https:\/\/sso2.com\/?s={search_term_string}"},"query-input":{"@type":"PropertyValueSpecification","valueRequired":true,"valueName":"search_term_string"}}],"inLanguage":"de"},{"@type":"Organization","@id":"https:\/\/sso2.com\/#organization","name":"Southland Sensing Ltd.","alternateName":"SSO2","url":"https:\/\/sso2.com\/","logo":{"@type":"ImageObject","inLanguage":"de","@id":"https:\/\/sso2.com\/#\/schema\/logo\/image\/","url":"https:\/\/sso2.com\/wp-content\/uploads\/2025\/10\/sso2_300pixel.webp","contentUrl":"https:\/\/sso2.com\/wp-content\/uploads\/2025\/10\/sso2_300pixel.webp","width":300,"height":50,"caption":"Southland Sensing Ltd."},"image":{"@id":"https:\/\/sso2.com\/#\/schema\/logo\/image\/"},"sameAs":["https:\/\/www.linkedin.com\/company\/southland-sensing-ltd\/"],"description":"Southland Sensing Ltd. brings together superior performance, an improved user experience, and unmatched application expertise to deliver an accurate and reliable measurement solution. That\u2019s why multinationals, small companies and universities alike turn to us again and again.","email":"sales@sso2.com","telephone":"1-949-398-2879","legalName":"Southland Sensing Ltd.","foundingDate":"2013-01-01","numberOfEmployees":{"@type":"QuantitativeValue","minValue":"11","maxValue":"50"},"publishingPrinciples":"https:\/\/sso2.com\/contact-us\/","ownershipFundingInfo":"https:\/\/sso2.com\/about-us\/","actionableFeedbackPolicy":"https:\/\/sso2.com\/contact-us\/"}]}},"jetpack_sharing_enabled":true,"jetpack_shortlink":"https:\/\/wp.me\/PaSzwI-6M","_links":{"self":[{"href":"https:\/\/sso2.com\/de\/wp-json\/wp\/v2\/pages\/420","targetHints":{"allow":["GET"]}}],"collection":[{"href":"https:\/\/sso2.com\/de\/wp-json\/wp\/v2\/pages"}],"about":[{"href":"https:\/\/sso2.com\/de\/wp-json\/wp\/v2\/types\/page"}],"author":[{"embeddable":true,"href":"https:\/\/sso2.com\/de\/wp-json\/wp\/v2\/users\/6"}],"replies":[{"embeddable":true,"href":"https:\/\/sso2.com\/de\/wp-json\/wp\/v2\/comments?post=420"}],"version-history":[{"count":0,"href":"https:\/\/sso2.com\/de\/wp-json\/wp\/v2\/pages\/420\/revisions"}],"wp:attachment":[{"href":"https:\/\/sso2.com\/de\/wp-json\/wp\/v2\/media?parent=420"}],"curies":[{"name":"wp","href":"https:\/\/api.w.org\/{rel}","templated":true}]}}