{"id":3575,"date":"2025-04-18T21:17:30","date_gmt":"2025-04-18T21:17:30","guid":{"rendered":"https:\/\/sso2.com\/?page_id=3575"},"modified":"2025-10-10T18:33:07","modified_gmt":"2025-10-10T18:33:07","slug":"global-partners","status":"publish","type":"page","link":"https:\/\/sso2.com\/de\/global-partners\/","title":{"rendered":"Globale Partner"},"content":{"rendered":"<!-- Added by Post\/Page Specific Custom Code plugin, thank you for using! -->\n<style>h1 {\r\ncolor: #fff !important;\r\n}<\/style>\n<div id=\"story_7f3c8b7ddc2c7f1ac4c332bf5748c8c2\" class=\"up-d-story-item\" data-v-20412e4c=\"\" data-v-b8e6d520=\"\">\n<div class=\"up-d-story\" data-v-20412e4c=\"\" data-test=\"story-container\" data-ev-sublocation=\"chat_room\">\n<div data-v-20412e4c=\"\">\n<div class=\"story-inner\" data-v-20412e4c=\"\">\n<div class=\"story-section\" tabindex=\"0\" data-v-20412e4c=\"\">\n<div class=\"story-message\" data-v-20412e4c=\"\">\n<div class=\"up-d-message\" data-v-bb26955e=\"\" data-v-20412e4c=\"\">\n<p>Unser Ziel ist es, Ihre Erfahrungen mit unseren Produkten au\u00dfergew\u00f6hnlich zu machen. Wir stehen hinter unseren Sensoren, Analysatoren und Zubeh\u00f6rteilen, auch lange nach dem ersten Kauf. Unser globales Partnernetzwerk von Distributoren und Wiederverk\u00e4ufern erm\u00f6glicht eine nahtlose Zusammenarbeit mit uns, da sie \u00fcber fundierte Produktkenntnisse und lokales Fachwissen verf\u00fcgen und unsere Produkte direkt zu Ihnen nach Hause bringen k\u00f6nnen.<\/p>\n<p style=\"text-align: center;\"><strong><a href=\"https:\/\/sso2.com\/de\/asia\/\">ASIEN<\/a>\u00a0 \u00a0 \u00a0 \u00a0 \u00a0 \u00a0 \u00a0 \u00a0 <a href=\"https:\/\/sso2.com\/de\/europe\/\">EUROPA<\/a>\u00a0 \u00a0 \u00a0 \u00a0 \u00a0 \u00a0 \u00a0 \u00a0 <a href=\"https:\/\/sso2.com\/de\/latin-america\/\">LATEINAMERIKA<\/a>\u00a0 \u00a0 \u00a0 \u00a0 \u00a0 \u00a0 \u00a0 \u00a0 <a href=\"https:\/\/sso2.com\/de\/middle-east-and-africa\/\">NAHER OSTEN &amp; AFRIKA<\/a>\u00a0 \u00a0 \u00a0 \u00a0 \u00a0 \u00a0 \u00a0 \u00a0<a href=\"https:\/\/sso2.com\/de\/oceania\/\">OCEANIA<\/a>\u00a0 \u00a0 \u00a0 \u00a0 \u00a0 \u00a0 \u00a0 \u00a0 <a href=\"https:\/\/sso2.com\/de\/north-america\/\">NORDAMERIKA<\/a><\/strong><\/p>\n<\/div>\n<\/div>\n<div id=\"story_699725a23834eace16330875fb0c8853\" class=\"up-d-story-item top\" data-v-20412e4c=\"\" data-v-b8e6d520=\"\">\n<div class=\"up-d-story\" data-v-20412e4c=\"\" data-test=\"story-container\" data-ev-sublocation=\"chat_room\">\n<div data-v-20412e4c=\"\">\n<div class=\"story-inner top\" data-v-20412e4c=\"\">\n<div class=\"avatar-section\" data-v-20412e4c=\"\">\n<div id=\"user_story_699725a23834eace16330875fb0c8853_avatar\" class=\"up-d-avatar story-avatar\" data-v-1dc1a62e=\"\" data-v-20412e4c=\"\">\n<div class=\"avatar-content person medium-small\" data-v-1dc1a62e=\"\"><div class=\"map_wrapper\" id=\"map_wrapper_3592\">\n<div class=\"map_box\" style=\"max-width:2000px\">\n<div class=\"map_aspect_ratio\" style=\"padding-top:56%\" data-padding-top=\"56%\" data-padding-top-mobile=\"0%\">\n<div class=\"map_container\">\n<div class=\"map_render map_loading\" id=\"map_3592\"><\/div>\n<\/div>\n<\/div>\n<\/div>\n<\/div><\/div>\n<\/div>\n<\/div>\n<\/div>\n<\/div>\n<\/div>\n<\/div>\n<\/div>\n<\/div>\n<\/div>\n<\/div>\n<\/div>","protected":false},"excerpt":{"rendered":"<p>Our goal is to make your experience with our products exceptional. We stand behind our sensors, analyzers and accessories long after the initial purchase has been made. Our global partner network of distributors and resellers helps deliver seamless cooperation with us through their in-depth product knowledge, local area expertise and ability to bring our products [&hellip;]<\/p>\n","protected":false},"author":6,"featured_media":0,"parent":0,"menu_order":0,"comment_status":"closed","ping_status":"closed","template":"","meta":{"footnotes":""},"class_list":["post-3575","page","type-page","status-publish","hentry"],"yoast_head":"<!-- This site is optimized with the Yoast SEO Premium plugin v27.2 (Yoast SEO v27.2) - https:\/\/yoast.com\/product\/yoast-seo-premium-wordpress\/ -->\n<title>Global Partners | SSO2 Worldwide Distributors &amp; Collaborators<\/title>\n<meta name=\"description\" content=\"Discover SSO2\u2019s network of global partners and distributors supporting industrial and medical gas analysis solutions worldwide.\" \/>\n<meta name=\"robots\" content=\"index, follow, max-snippet:-1, max-image-preview:large, max-video-preview:-1\" \/>\n<link rel=\"canonical\" href=\"https:\/\/sso2.com\/de\/global-partners\/\" \/>\n<meta property=\"og:locale\" content=\"de_DE\" \/>\n<meta property=\"og:type\" content=\"article\" \/>\n<meta property=\"og:title\" content=\"Global Partners\" \/>\n<meta property=\"og:description\" content=\"Discover SSO2\u2019s network of global partners and distributors supporting industrial and medical gas analysis solutions worldwide.\" \/>\n<meta property=\"og:url\" content=\"https:\/\/sso2.com\/de\/global-partners\/\" \/>\n<meta property=\"og:site_name\" content=\"Southland Sensing Ltd.\" \/>\n<meta property=\"article:modified_time\" content=\"2025-10-10T18:33:07+00:00\" \/>\n<meta property=\"og:image\" content=\"https:\/\/i0.wp.com\/sso2.com\/wp-content\/uploads\/2025\/02\/omd-21.png?fit=1290%2C1158&ssl=1\" \/>\n\t<meta property=\"og:image:width\" content=\"1290\" \/>\n\t<meta property=\"og:image:height\" content=\"1158\" \/>\n\t<meta property=\"og:image:type\" content=\"image\/png\" \/>\n<meta name=\"twitter:card\" content=\"summary_large_image\" \/>\n<meta name=\"twitter:label1\" content=\"Gesch\u00e4tzte Lesezeit\" \/>\n\t<meta name=\"twitter:data1\" content=\"1\u00a0Minute\" \/>\n<script type=\"application\/ld+json\" class=\"yoast-schema-graph\">{\"@context\":\"https:\/\/schema.org\",\"@graph\":[{\"@type\":\"WebPage\",\"@id\":\"https:\/\/sso2.com\/global-partners\/\",\"url\":\"https:\/\/sso2.com\/global-partners\/\",\"name\":\"Global Partners | SSO2 Worldwide Distributors & Collaborators\",\"isPartOf\":{\"@id\":\"https:\/\/sso2.com\/#website\"},\"datePublished\":\"2025-04-18T21:17:30+00:00\",\"dateModified\":\"2025-10-10T18:33:07+00:00\",\"description\":\"Discover SSO2\u2019s network of global partners and distributors supporting industrial and medical gas analysis solutions worldwide.\",\"breadcrumb\":{\"@id\":\"https:\/\/sso2.com\/global-partners\/#breadcrumb\"},\"inLanguage\":\"de\",\"potentialAction\":[{\"@type\":\"ReadAction\",\"target\":[\"https:\/\/sso2.com\/global-partners\/\"]}]},{\"@type\":\"BreadcrumbList\",\"@id\":\"https:\/\/sso2.com\/global-partners\/#breadcrumb\",\"itemListElement\":[{\"@type\":\"ListItem\",\"position\":1,\"name\":\"Home\",\"item\":\"https:\/\/sso2.com\/en\/\"},{\"@type\":\"ListItem\",\"position\":2,\"name\":\"Global Partners\"}]},{\"@type\":\"WebSite\",\"@id\":\"https:\/\/sso2.com\/#website\",\"url\":\"https:\/\/sso2.com\/\",\"name\":\"Southland Sensing Ltd.\",\"description\":\"Industrial &amp; Medical Gas Analyzers Oxygen CO\u2082, &amp; H\u2082 Monitors\",\"publisher\":{\"@id\":\"https:\/\/sso2.com\/#organization\"},\"alternateName\":\"SSO2\",\"potentialAction\":[{\"@type\":\"SearchAction\",\"target\":{\"@type\":\"EntryPoint\",\"urlTemplate\":\"https:\/\/sso2.com\/?s={search_term_string}\"},\"query-input\":{\"@type\":\"PropertyValueSpecification\",\"valueRequired\":true,\"valueName\":\"search_term_string\"}}],\"inLanguage\":\"de\"},{\"@type\":\"Organization\",\"@id\":\"https:\/\/sso2.com\/#organization\",\"name\":\"Southland Sensing Ltd.\",\"alternateName\":\"SSO2\",\"url\":\"https:\/\/sso2.com\/\",\"logo\":{\"@type\":\"ImageObject\",\"inLanguage\":\"de\",\"@id\":\"https:\/\/sso2.com\/#\/schema\/logo\/image\/\",\"url\":\"https:\/\/sso2.com\/wp-content\/uploads\/2025\/10\/sso2_300pixel.webp\",\"contentUrl\":\"https:\/\/sso2.com\/wp-content\/uploads\/2025\/10\/sso2_300pixel.webp\",\"width\":300,\"height\":50,\"caption\":\"Southland Sensing Ltd.\"},\"image\":{\"@id\":\"https:\/\/sso2.com\/#\/schema\/logo\/image\/\"},\"sameAs\":[\"https:\/\/www.linkedin.com\/company\/southland-sensing-ltd\/\"],\"description\":\"Southland Sensing Ltd. brings together superior performance, an improved user experience, and unmatched application expertise to deliver an accurate and reliable measurement solution. That\u2019s why multinationals, small companies and universities alike turn to us again and again.\",\"email\":\"sales@sso2.com\",\"telephone\":\"1-949-398-2879\",\"legalName\":\"Southland Sensing Ltd.\",\"foundingDate\":\"2013-01-01\",\"numberOfEmployees\":{\"@type\":\"QuantitativeValue\",\"minValue\":\"11\",\"maxValue\":\"50\"},\"publishingPrinciples\":\"https:\/\/sso2.com\/contact-us\/\",\"ownershipFundingInfo\":\"https:\/\/sso2.com\/about-us\/\",\"actionableFeedbackPolicy\":\"https:\/\/sso2.com\/contact-us\/\"}]}<\/script>\n<!-- \/ Yoast SEO Premium plugin. -->","yoast_head_json":{"title":"Globale Partner | SSO2-Vertriebspartner und Kooperationspartner weltweit","description":"Entdecken Sie das globale Partner- und Vertriebsnetz von SSO2, das industrielle und medizinische Gasanalysel\u00f6sungen weltweit unterst\u00fctzt.","robots":{"index":"index","follow":"follow","max-snippet":"max-snippet:-1","max-image-preview":"max-image-preview:large","max-video-preview":"max-video-preview:-1"},"canonical":"https:\/\/sso2.com\/de\/global-partners\/","og_locale":"de_DE","og_type":"article","og_title":"Global Partners","og_description":"Discover SSO2\u2019s network of global partners and distributors supporting industrial and medical gas analysis solutions worldwide.","og_url":"https:\/\/sso2.com\/de\/global-partners\/","og_site_name":"Southland Sensing Ltd.","article_modified_time":"2025-10-10T18:33:07+00:00","og_image":[{"width":1290,"height":1158,"url":"https:\/\/i0.wp.com\/sso2.com\/wp-content\/uploads\/2025\/02\/omd-21.png?fit=1290%2C1158&ssl=1","type":"image\/png"}],"twitter_card":"summary_large_image","twitter_misc":{"Gesch\u00e4tzte Lesezeit":"1\u00a0Minute"},"schema":{"@context":"https:\/\/schema.org","@graph":[{"@type":"WebPage","@id":"https:\/\/sso2.com\/global-partners\/","url":"https:\/\/sso2.com\/global-partners\/","name":"Globale Partner | SSO2-Vertriebspartner und Kooperationspartner weltweit","isPartOf":{"@id":"https:\/\/sso2.com\/#website"},"datePublished":"2025-04-18T21:17:30+00:00","dateModified":"2025-10-10T18:33:07+00:00","description":"Entdecken Sie das globale Partner- und Vertriebsnetz von SSO2, das industrielle und medizinische Gasanalysel\u00f6sungen weltweit unterst\u00fctzt.","breadcrumb":{"@id":"https:\/\/sso2.com\/global-partners\/#breadcrumb"},"inLanguage":"de","potentialAction":[{"@type":"ReadAction","target":["https:\/\/sso2.com\/global-partners\/"]}]},{"@type":"BreadcrumbList","@id":"https:\/\/sso2.com\/global-partners\/#breadcrumb","itemListElement":[{"@type":"ListItem","position":1,"name":"Home","item":"https:\/\/sso2.com\/en\/"},{"@type":"ListItem","position":2,"name":"Global Partners"}]},{"@type":"WebSite","@id":"https:\/\/sso2.com\/#website","url":"https:\/\/sso2.com\/","name":"Southland Sensing Ltd.","description":"Industrial &amp; Medical Gas Analyzers Oxygen CO\u2082, &amp; H\u2082 Monitors","publisher":{"@id":"https:\/\/sso2.com\/#organization"},"alternateName":"SSO2","potentialAction":[{"@type":"SearchAction","target":{"@type":"EntryPoint","urlTemplate":"https:\/\/sso2.com\/?s={search_term_string}"},"query-input":{"@type":"PropertyValueSpecification","valueRequired":true,"valueName":"search_term_string"}}],"inLanguage":"de"},{"@type":"Organization","@id":"https:\/\/sso2.com\/#organization","name":"Southland Sensing Ltd.","alternateName":"SSO2","url":"https:\/\/sso2.com\/","logo":{"@type":"ImageObject","inLanguage":"de","@id":"https:\/\/sso2.com\/#\/schema\/logo\/image\/","url":"https:\/\/sso2.com\/wp-content\/uploads\/2025\/10\/sso2_300pixel.webp","contentUrl":"https:\/\/sso2.com\/wp-content\/uploads\/2025\/10\/sso2_300pixel.webp","width":300,"height":50,"caption":"Southland Sensing Ltd."},"image":{"@id":"https:\/\/sso2.com\/#\/schema\/logo\/image\/"},"sameAs":["https:\/\/www.linkedin.com\/company\/southland-sensing-ltd\/"],"description":"Southland Sensing Ltd. brings together superior performance, an improved user experience, and unmatched application expertise to deliver an accurate and reliable measurement solution. That\u2019s why multinationals, small companies and universities alike turn to us again and again.","email":"sales@sso2.com","telephone":"1-949-398-2879","legalName":"Southland Sensing Ltd.","foundingDate":"2013-01-01","numberOfEmployees":{"@type":"QuantitativeValue","minValue":"11","maxValue":"50"},"publishingPrinciples":"https:\/\/sso2.com\/contact-us\/","ownershipFundingInfo":"https:\/\/sso2.com\/about-us\/","actionableFeedbackPolicy":"https:\/\/sso2.com\/contact-us\/"}]}},"jetpack_sharing_enabled":true,"jetpack_shortlink":"https:\/\/wp.me\/PaSzwI-VF","_links":{"self":[{"href":"https:\/\/sso2.com\/de\/wp-json\/wp\/v2\/pages\/3575","targetHints":{"allow":["GET"]}}],"collection":[{"href":"https:\/\/sso2.com\/de\/wp-json\/wp\/v2\/pages"}],"about":[{"href":"https:\/\/sso2.com\/de\/wp-json\/wp\/v2\/types\/page"}],"author":[{"embeddable":true,"href":"https:\/\/sso2.com\/de\/wp-json\/wp\/v2\/users\/6"}],"replies":[{"embeddable":true,"href":"https:\/\/sso2.com\/de\/wp-json\/wp\/v2\/comments?post=3575"}],"version-history":[{"count":0,"href":"https:\/\/sso2.com\/de\/wp-json\/wp\/v2\/pages\/3575\/revisions"}],"wp:attachment":[{"href":"https:\/\/sso2.com\/de\/wp-json\/wp\/v2\/media?parent=3575"}],"curies":[{"name":"wp","href":"https:\/\/api.w.org\/{rel}","templated":true}]}}